{"id":7452,"date":"2021-12-03T07:24:26","date_gmt":"2021-12-03T07:24:26","guid":{"rendered":"https:\/\/www.inventec.dehon.com\/%e6%b3%95%e5%be%8b%e4%bf%a1%e6%81%af%e5%92%8c%e9%9a%90%e7%a7%81%e5%a3%b0%e6%98%8e\/"},"modified":"2022-01-07T12:39:23","modified_gmt":"2022-01-07T12:39:23","slug":"%e6%b3%95%e5%be%8b%e4%bf%a1%e6%81%af%e5%92%8c%e9%9a%90%e7%a7%81%e5%a3%b0%e6%98%8e","status":"publish","type":"page","link":"https:\/\/www.inventec.dehon.com\/zh-hans\/%e6%b3%95%e5%be%8b%e4%bf%a1%e6%81%af%e5%92%8c%e9%9a%90%e7%a7%81%e5%a3%b0%e6%98%8e\/","title":{"rendered":"\u6cd5\u5f8b\u4fe1\u606f\u548c\u9690\u79c1\u58f0\u660e"},"content":{"rendered":"<p><strong>\u60a8\u5f53\u524d\u6d4f\u89c8\u7684\u7f51\u7ad9\u662f\u4ee5\u4e0b\u516c\u53f8\u7684\u8d22\u4ea7\uff1a <\/strong><br \/>\nINVENTEC PERFORMANCE CHEMICALS SAS &#8211; 26 Rue des Coulons 94 360 Bry sur marne, France<br \/>\n\u8d44\u672c\u793e\u4f1a\uff1a600 000 \u20ac<br \/>\n\u8b66\u62a5\u5668\u7f16\u53f7\uff1a964 500 706 Creteil<br \/>\n\u8054\u7cfb\u90ae\u7bb1\uff1adpo@dehon.com<br \/>\n\u793e\u533a\u5185\u589e\u503c\u7a0e\u53f7 \u6cd5\u56fd 84 964 500 706<\/p>\n<p><span style=\"text-decoration: underline;\">\u5176\u4ed6\u7f51\u7ad9\u7684\u94fe\u63a5<\/span><br \/>\n\u5728\u82f1\u4e1a\u8fbe\u7f51\u7ad9\u4e0a\u4f5c\u4e3a\u94fe\u63a5\u63d0\u4f9b\u7684\u7f51\u7ad9\u662f\u7531\u82f1\u4e1a\u8fbe\u65e0\u6cd5\u63a7\u5236\u7684\u516c\u53f8\u6216\u4e2a\u4eba\u521b\u5efa\u7684\u3002 \u56e0\u6b64\uff0c\u8fd9\u4e9b\u7f51\u7ad9\u53ef\u80fd\u4f1a\u5728\u8bbf\u95ee\u82f1\u4e1a\u8fbe\u7f51\u7ad9\u7684\u4eba\u7684\u8ba1\u7b97\u673a\u4e0a\u653e\u7f6e\u81ea\u5df1\u7684 cookie\uff0c\u5e76\u53ef\u80fd\u6536\u96c6\uff08\u6216\u7d22\u53d6\uff09\u4e2a\u4eba\u6570\u636e\u3002 \u82f1\u4e1a\u8fbe\u516c\u53f8\u4e0d\u5bf9\u8fd9\u4e9b\u7f51\u7ad9\u7684\u5185\u5bb9\u548c\u7528\u6237\u53ef\u80fd\u8fdb\u884c\u7684\u4f7f\u7528\u8d1f\u8d23\u3002 \u77e5\u8bc6\u4ea7\u6743 \u8bbf\u95ee\u6211\u4eec\u7684\u7f51\u7ad9\u8d4b\u4e88\u60a8\u4f7f\u7528\u672c\u7f51\u7ad9\u7684\u79c1\u4eba\u548c\u975e\u6392\u4ed6\u6027\u6743\u5229\u3002 \u672c\u7f51\u7ad9\u4e0a\u53d1\u5e03\u7684\u6240\u6709\u5143\u7d20\uff0c\u5305\u62ec\u6587\u672c\u3001\u7167\u7247\u3001\u56fe\u5f62\u3001\u5fbd\u6807\u3001\u5546\u6807\u2026\u2026\u5747\u6784\u6210\u77e5\u8bc6\u4ea7\u6743\u6cd5\u542b\u4e49\u5185\u7684\u4f5c\u54c1\u3002 \u56e0\u6b64\uff0c\u4efb\u4f55\u672a\u7ecf\u4f5c\u8005\u6216\u5176\u7ee7\u627f\u4eba\u540c\u610f\u800c\u8fdb\u884c\u7684\u5168\u90e8\u6216\u90e8\u5206\u9648\u8ff0\u6216\u590d\u5236\u90fd\u662f\u975e\u6cd5\u7684\u3002<\/p>\n<p>\u6258\u7ba1 : \u5728\u7ebf SAS<br \/>\nSoci\u00e9t\u00e9 par Actions Simplifi\u00e9e au capital de 214 410,50 \u6b27\u5143<br \/>\n\u8b66\u62a5\u5668\uff1a433 115 904 RCS \u5df4\u9ece &#8211; N\u00b0 TVA\uff1aFR 35 433115904<br \/>\nSi\u00e8ge social : 8 rue de la Ville l&#8217;Ev\u00eaque, 75008 Paris, France<\/p>\n<p>&nbsp;<\/p>\n<h3>\u9690\u79c1\u653f\u7b56<\/h3>\n<h5>1. \u4fdd\u62a4\u4e2a\u4eba\u8d44\u6599\u7684\u91cd\u8981\u6027<\/h5>\n<p>INVENTEC PERFORMANCE CHEMICALS SAS\uff08\u6210\u7acb\u4e8e 26 rue des Coulons \u2013 94 360 Bry Sur Marne \u5e76\u5728 Cr\u00e9teil \u8d38\u6613\u767b\u8bb0\u5904\u6ce8\u518c\u7f16\u53f7\u4e3a 964 500 706\uff09\u81f4\u529b\u4e8e\u5c0a\u91cd\u60a8\u7684\u9690\u79c1\u3002 \u56e0\u6b64\uff0c\u672c\u6587\u4ef6\u65e8\u5728\u544a\u77e5\u60a8\u6211\u4eec\u5728\u6536\u96c6\u3001\u4f7f\u7528\u548c\u5171\u4eab\u4e2a\u4eba\u6570\u636e\uff08\u6570\u636e\uff09\u65b9\u9762\u7684\u505a\u6cd5\u3002 \u5982\u679c\u60a8\u5bf9\u6211\u4eec\u7684\u653f\u7b56\u6709\u4efb\u4f55\u7591\u95ee\uff0c\u4e5f\u53ef\u4ee5\u901a\u8fc7\u4e0a\u8ff0\u90ae\u5bc4\u5730\u5740\u6216\u4ee5\u4e0b\u7535\u5b50\u90ae\u4ef6\u5730\u5740\u4e0e\u6211\u4eec\u8054\u7cfb\uff1adpo@dehon.com\u3002<\/p>\n<h5>2. \u5904\u7406\u7684\u6570\u636e<\/h5>\n<p>\u5728\u6211\u4eec\u7684\u6d3b\u52a8\u8fc7\u7a0b\u4e2d\uff0c\u6839\u636e\u6211\u4eec\u53ef\u80fd\u5411\u60a8\u63d0\u4f9b\u7684\u670d\u52a1\u7684\u6027\u8d28\uff0c\u6211\u4eec\u53ef\u80fd\u4f1a\u5904\u7406\u4e0e\u60a8\u6709\u5173\u7684\u4ee5\u4e0b\u6570\u636e\uff1a\u540d\u5b57\u548c\u59d3\u6c0f\uff1b\u5728\u516c\u53f8\u62c5\u4efb\u7684\u804c\u4f4d\uff1b\u516c\u53f8\u540d\u79f0\uff1b\u60a8\u7684\u7535\u5b50\u90ae\u4ef6\u5730\u5740;\u4e1a\u52a1\u7535\u8bdd\u53f7\u7801\uff1b\u8425\u4e1a\u5730\u5740\uff1b\u57ce\u5e02;\u90ae\u653f\u7f16\u7801\uff1b\u56fd\u5bb6\u4ee5\u53ca\u60a8\u53ef\u80fd\u81ea\u613f\u63d0\u4f9b\u7ed9\u6211\u4eec\u7684\u4efb\u4f55\u4fe1\u606f\u3002<\/p>\n<h5>3. \u5904\u7406\u8fd9\u4e9b\u6570\u636e\u7684\u76ee\u7684<\/h5>\n<p>\u6211\u4eec\u51fa\u4e8e\u4ee5\u4e0b\u76ee\u7684\u5904\u7406\u60a8\u7684\u6570\u636e\uff1a<\/p>\n<ul>\n<li>\u5206\u6790\u5e76\u4e0d\u65ad\u6539\u8fdb\u6211\u4eec\u7684\u670d\u52a1\u548c\u4f18\u60e0\uff1b<\/li>\n<li>\u5f00\u5c55\u4e0e\u6211\u4eec\u7684\u5ba2\u6237\u548c\u8ba2\u5355\u7ba1\u7406\u76f8\u5173\u7684\u4e1a\u52a1\uff1b<\/li>\n<li>\u4e0e\u60a8\u6c9f\u901a\u4ee5\u5411\u60a8\u63d0\u4f9b\u6709\u5173\u6211\u4eec\u4ea7\u54c1\u548c\u670d\u52a1\u7684\u4fe1\u606f\uff1b<\/li>\n<li>\u8bc4\u4f30\u7528\u6237\u5bf9\u6211\u4eec\u7f51\u7ad9\u6216\u670d\u52a1\u7684\u6ee1\u610f\u5ea6\uff1b<\/li>\n<li>\u5236\u5b9a\u8d38\u6613\u7edf\u8ba1\u6570\u636e\uff1b<\/li>\n<li>\u7ba1\u7406\u548c\u4fdd\u62a4\u6211\u4eec\u7684\u6d3b\u52a8\u548c\u7f51\u7ad9\uff1b<\/li>\n<li>\u7ba1\u7406\u548c\u7ba1\u7406\u6211\u4eec\u7684\u6d3b\u52a8\uff1b<\/li>\n<li>\u7ba1\u7406\u548c\u7ef4\u62a4\u6211\u4eec\u7684\u6570\u636e\u5e93\uff1b<\/li>\n<li>\u9075\u5b88\u5e76\u8bc4\u4f30\u76d1\u7ba1\u5408\u89c4\u6027\u3002 \u9664\u4e86\u5df2\u83b7\u5f97\u60a8\u540c\u610f\u7684\u60c5\u51b5\u5916\uff0c\u51fa\u4e8e\u4e0a\u8ff0\u5404\u79cd\u76ee\u7684\u5904\u7406\u60a8\u7684\u6570\u636e\u4e5f\u662f\u5fc5\u8981\u7684\uff1a\n<ul>\n<li>\u4ee5\u786e\u4fdd\u5408\u540c\u7684\u6267\u884c\uff0c<\/li>\n<li>\u9075\u5b88\u6cd5\u5f8b\u4e49\u52a1\uff0c<\/li>\n<li>\u51fa\u4e8e\u5408\u6cd5\u5546\u4e1a\u5229\u76ca\u7684\u76ee\u7684\uff08\u7279\u522b\u662f\u5f00\u53d1\u65b0\u670d\u52a1\u548c\u4f18\u60e0\u3001\u6539\u5584\u5ba2\u6237\u670d\u52a1\u3001\u4e0e\u6211\u4eec\u7684\u5ba2\u6237\u548c\u5408\u4f5c\u4f19\u4f34\u6c9f\u901a\u3001\u4fdd\u62a4\u6211\u4eec\u7684\u8d27\u7269\u548c\u4eba\u5458&#8230;&#8230;\uff09\u3002<\/li>\n<\/ul>\n<\/li>\n<\/ul>\n<h5>4. \u60a8\u7684\u6743\u5229<\/h5>\n<p>\u6839\u636e\u60a8\u7684\u8981\u6c42\uff0c\u6211\u4eec\u5c06\u63d0\u4f9b\u60a8\u7684\u6240\u6709\u6570\u636e\u548c\u6240\u6709\u6cd5\u5f8b\u8981\u6c42\u7684\u4fe1\u606f\u7684\u526f\u672c\u3002 \u5982\u679c\u6536\u96c6\u60a8\u7684\u6570\u636e\u662f\u57fa\u4e8e\u60a8\u7684\u540c\u610f\uff0c\u60a8\u53ef\u4ee5\u968f\u65f6\u64a4\u56de\u6b64\u540c\u610f\u3002 \u4f60\u4e5f\u53ef\u4ee5\u95ee\uff1a<\/p>\n<ul>\n<li>\u5982\u679c\u60a8\u7684\u6570\u636e\u88ab\u8bc1\u660e\u4e0d\u51c6\u786e\u3001\u4e0d\u5b8c\u6574\u6216\u8fc7\u65f6\uff0c\u5219\u66f4\u6b63\u60a8\u7684\u6570\u636e\uff1b<\/li>\n<li>\u5728\u67d0\u4e9b\u60c5\u51b5\u4e0b\u5220\u9664\u60a8\u7684\u6570\u636e\u3002 \u8bf7\u6ce8\u610f\uff0c\u6211\u4eec\u53ef\u80fd\u4f1a\u53cd\u5bf9\uff0c\u7279\u522b\u662f\u5728\u5408\u6cd5\u5229\u76ca\u7684\u60c5\u51b5\u4e0b\u6216\u4e3a\u4e86\u5c65\u884c\u6cd5\u5f8b\u4e49\u52a1\uff1b<\/li>\n<li>\u9650\u5236\u5bf9\u60a8\u7684\u6570\u636e\u7684\u5904\u7406\uff0c\u7279\u522b\u662f\u5728\u5bf9\u6570\u636e\u7684\u51c6\u786e\u6027\u6709\u4e89\u8bae\u6216\u975e\u6cd5\u4f7f\u7528\u7684\u60c5\u51b5\u4e0b\u3002<\/li>\n<\/ul>\n<p>\u60a8\u53ef\u4ee5\u59cb\u7ec8\u53cd\u5bf9\u51fa\u4e8e\u5546\u4e1a\u52d8\u63a2\u76ee\u7684\u5904\u7406\u60a8\u7684\u6570\u636e\uff0c\u5e76\u4e14\u5728\u6b63\u5f53\u7406\u7531\u7684\u60c5\u51b5\u4e0b\uff0c\u53cd\u5bf9\u4efb\u4f55\u5904\u7406\uff0c\u800c\u65e0\u9700\u8bc1\u660e\u5176\u6b63\u5f53\u6027\u3002<\/p>\n<p>\u60a8\u53ef\u4ee5\u901a\u8fc7\u7b80\u5355\u5730\u5411\u4e0a\u8ff0\u5730\u5740\u53d1\u9001\u7535\u5b50\u90ae\u4ef6\u6765\u884c\u4f7f\u60a8\u7684\u6743\u5229\uff0c\u5176\u4e2d\u5fc5\u987b\u5305\u62ec\u60a8\u7684\u8eab\u4efd\u8bc1\u660e\u6587\u4ef6\u7684\u6e05\u6670\u526f\u672c\uff0c\u5e76\u4e14\u4e3a\u4e86\u884c\u4f7f\u60a8\u7684\u53cd\u5bf9\u6743\uff0c\u8fd8\u5fc5\u987b\u8bf4\u660e\u53cd\u5bf9\u7684\u539f\u56e0\u3002 \u5982\u679c\u8fdd\u53cd\u9002\u7528\u7684\u4e2a\u4eba\u6570\u636e\u4fdd\u62a4\u6cd5\u89c4\uff0c\u5c24\u5176\u662f\u6b27\u76df\u901a\u7528\u6570\u636e\u4fdd\u62a4\u6761\u4f8b\u7b2c 2016\/679 \u53f7\uff0c\u60a8\u4e5f\u6709\u6743\u5411\u5f53\u5730\u6570\u636e\u4fdd\u62a4\u673a\u6784\u6295\u8bc9\u3002<\/p>\n<h5>5. \u4fdd\u5bc6\u3001\u56fd\u9645\u8f6c\u79fb\u548c\u5b89\u5168<\/h5>\n<p>\u6211\u4eec\u5b9e\u65bd\u6280\u672f\u548c\u7ec4\u7ec7\u63aa\u65bd\u4ee5\u786e\u4fdd\u5904\u7406\u60a8\u7684\u4e2a\u4eba\u4fe1\u606f\u7684\u5b89\u5168\u6027\u53ca\u5176\u673a\u5bc6\u6027\u3002<\/p>\n<p>\u672a\u7ecf\u60a8\u7684\u540c\u610f\uff0c\u60a8\u7684\u6570\u636e\u4e0d\u4f1a\u4f20\u8f93\u7ed9\u4efb\u4f55\u7b2c\u4e09\u65b9\uff0c\u6211\u4eec\u7684\u5904\u7406\u8005\u548c\u5176\u4ed6 DEHON \u96c6\u56e2\u5b9e\u4f53\u9664\u5916\u3002 \u5904\u7406\u8005\u5c06\u4ec5\u5728\u4e0e\u540e\u8005\u7b7e\u8ba2\u7684\u5408\u540c\u6846\u67b6\u5185\u6309\u7167\u6211\u4eec\u7684\u6307\u793a\u5e76\u4ee3\u8868\u6211\u4eec\u884c\u4e8b\u3002<\/p>\n<p>\u4f46\u662f\uff0c\u6211\u4eec\u4fdd\u7559\u5e94\u884c\u653f\u6216\u53f8\u6cd5\u5f53\u5c40\u7684\u8981\u6c42\u6216\u5728\u6211\u4eec\u771f\u8bda\u5730\u8ba4\u4e3a\u6b64\u7c7b\u62ab\u9732\u662f\u9075\u5b88\u4efb\u4f55\u9002\u7528\u6cd5\u5f8b\u6216\u6cd5\u89c4\u6240\u5fc5\u9700\u7684\u60c5\u51b5\u4e0b\u62ab\u9732\u60a8\u7684\u6570\u636e\u7684\u6743\u5229\u3002<\/p>\n<p>\u5982\u679c\u6211\u4eec\u5c06\u60a8\u7684\u90e8\u5206\u6570\u636e\u4f20\u8f93\u5230\u6b27\u76df\u4ee5\u5916\uff0c\u6211\u4eec\u4f1a\u786e\u4fdd\u6309\u7167\u9002\u7528\u6cd5\u89c4\uff08\u5177\u6709\u5145\u5206\u51b3\u7b56\u7684\u56fd\u5bb6\u3001SCC&#8230;\uff09\u8fdb\u884c\u6b64\u7c7b\u4f20\u8f93\uff0c\u5e76\u4fdd\u8bc1\u60a8\u7684\u9690\u79c1\u5f97\u5230\u8db3\u591f\u7a0b\u5ea6\u7684\u4fdd\u62a4\u4ee5\u53ca\u6839\u636e GDPR \u7684\u4e2a\u4eba\u57fa\u672c\u6743\u5229\u3002<\/p>\n<h5>6. \u4fdd\u8d28\u671f<\/h5>\n<p>\u60a8\u7684\u4e2a\u4eba\u6570\u636e\u7684\u5b58\u50a8\u671f\u9650\u4f1a\u6709\u6240\u4e0d\u540c\uff0c\u5e76\u7531\u4ee5\u4e0b\u6807\u51c6\u51b3\u5b9a\uff1a<\/p>\n<ul>\n<li>\u6211\u4eec\u4f7f\u7528\u5b83\u4eec\u7684\u76ee\u7684 &#8211; \u6211\u4eec\u5c06\u4fdd\u7559\u6570\u636e\u7528\u4e8e\u8be5\u76ee\u7684\u6240\u9700\u7684\u65f6\u95f4\uff1b<\/li>\n<li>\u6cd5\u5f8b\u4e49\u52a1 &#8211; \u6cd5\u5f8b\u6216\u6cd5\u89c4\u53ef\u80fd\u4f1a\u89c4\u5b9a\u5b58\u50a8\u60a8\u7684\u4e2a\u4eba\u6570\u636e\u7684\u6700\u77ed\u671f\u9650\u3002<\/li>\n<\/ul>\n","protected":false},"excerpt":{"rendered":"<p>\u60a8\u5f53\u524d\u6d4f\u89c8\u7684\u7f51\u7ad9\u662f\u4ee5\u4e0b\u516c\u53f8\u7684\u8d22\u4ea7\uff1a INVENTEC PERFORMANCE CHEMICALS SAS &#038;#<\/p>\n","protected":false},"author":2,"featured_media":0,"parent":0,"menu_order":0,"comment_status":"closed","ping_status":"closed","template":"","meta":{"_acf_changed":false,"inline_featured_image":false,"footnotes":""},"class_list":["post-7452","page","type-page","status-publish","hentry"],"acf":[],"_links":{"self":[{"href":"https:\/\/www.inventec.dehon.com\/zh-hans\/wp-json\/wp\/v2\/pages\/7452","targetHints":{"allow":["GET"]}}],"collection":[{"href":"https:\/\/www.inventec.dehon.com\/zh-hans\/wp-json\/wp\/v2\/pages"}],"about":[{"href":"https:\/\/www.inventec.dehon.com\/zh-hans\/wp-json\/wp\/v2\/types\/page"}],"author":[{"embeddable":true,"href":"https:\/\/www.inventec.dehon.com\/zh-hans\/wp-json\/wp\/v2\/users\/2"}],"replies":[{"embeddable":true,"href":"https:\/\/www.inventec.dehon.com\/zh-hans\/wp-json\/wp\/v2\/comments?post=7452"}],"version-history":[{"count":0,"href":"https:\/\/www.inventec.dehon.com\/zh-hans\/wp-json\/wp\/v2\/pages\/7452\/revisions"}],"wp:attachment":[{"href":"https:\/\/www.inventec.dehon.com\/zh-hans\/wp-json\/wp\/v2\/media?parent=7452"}],"curies":[{"name":"wp","href":"https:\/\/api.w.org\/{rel}","templated":true}]}}