{"id":9994,"date":"2021-05-12T14:17:11","date_gmt":"2021-05-12T14:17:11","guid":{"rendered":"https:\/\/www.inventec.dehon.com\/product\/topklean-el-20a\/"},"modified":"2026-01-29T15:10:40","modified_gmt":"2026-01-29T14:10:40","slug":"topklean-el-20a","status":"publish","type":"product","link":"https:\/\/www.inventec.dehon.com\/fr\/product\/topklean-el-20a\/","title":{"rendered":"TOPKLEAN EL 20A"},"content":{"rendered":"<p><img decoding=\"async\" src=\"https:\/\/www.inventec.dehon.com\/wp-content\/uploads\/2021\/03\/TOPKLEAN-canister-yellow-1-600x600.jpg\" alt=\"TOPKLEAN EL 20A\" class=\"responsive-img\" align=\"right\" style=\"border-radius:10px; margin-bottom:10px; margin-top:-10px; margin-left:15px; width:300px\" \/><\/p>\n<h2 style=\"color: #9bc947; margin-bottom: 15px;\">Liquide de nettoyage co-solvant<\/h2>\n<ul>\n<li>\u00c9limination des r\u00e9sidus de flux<\/li>\n<li>Proc\u00e9d\u00e9 co-solvant<\/li>\n<li>Produit historique<\/li>\n<\/ul>\n<h5>TOPKLEAN EL 20A<\/h5>\n<p>Est un produit traditionnel utilis\u00e9 depuis plus de 15 ans par de nombreux acteurs de l&rsquo;industrie \u00e9lectronique et semi-conducteur pour nettoyer les r\u00e9sidus de flux de soudure apr\u00e8s refusion. Chez INVENTEC, nous nous mettons constamment au d\u00e9fi de rendre un produit, m\u00eame excellent, encore meilleur. Aujourd&rsquo;hui, nous recommandons le <a href=\"https:\/\/www.inventec.dehon.com\/fr\/product\/topklean-el-80\/\"><strong>TOPKLEAN EL 80<\/strong><\/a>, qui offre non seulement des performances encore meilleures, mais excelle \u00e9galement d&rsquo;un point de vue durabilit\u00e9.<\/p>\n<p>Il est utilis\u00e9 en proc\u00e9d\u00e9 co-solvant pour offrir un nettoyage rapide et durable avec une efficacit\u00e9 de nettoyage tr\u00e8s \u00e9lev\u00e9e . Dans ce proc\u00e9d\u00e9, <strong>TOPKLEAN EL 20A<\/strong> est parfaitement rinc\u00e9 avec les solvants de notre <strong>gamme PROMOSOLV<\/strong>.<\/p>\n<p>Le proc\u00e9d\u00e9 co-solvant a chang\u00e9 la donne depuis plus de 15 ans. Il a \u00e9t\u00e9 d\u00e9velopp\u00e9 pour remplacer les solvants \u00e0 fort impact HSE par une solution plus durable tout en offrant des performances de nettoyage tout aussi efficaces. Il se distingue particuli\u00e8rement lorsqu&rsquo;il s&rsquo;agit de composants \u00e0 faible \u00e9cartement. En revanche, un syst\u00e8me de nettoyage \u00e0 base d&rsquo;eau comporte le risque que le produit ne soit pas compl\u00e9tement \u00e9limin\u00e9 en raison de la tension de surface nettement plus \u00e9lev\u00e9e de l&rsquo;eau.<\/p>\n<p><!-- SP\u00c9CIFICATIONS Section --><\/p>\n<div style=\"font-weight:bold; text-transform:uppercase; border-bottom:2px solid #9DBB2F; padding-bottom:6px; margin-bottom:10px;\">\n  SP\u00c9CIFICATIONS\n<\/div>\n<table width=\"100%\" cellpadding=\"0\" cellspacing=\"0\" style=\"border-collapse:collapse; width:100%; max-width:100%;\">\n<tr>\n<th align=\"left\" style=\"background:#7A7A7A; color:#fff; padding:8px 12px; border:1px solid #BDBDBD;\">SP\u00c9CIFICATIONS<\/th>\n<th align=\"left\" style=\"background:#7A7A7A; color:#fff; padding:8px 12px; border:1px solid #BDBDBD;\">VALEURS<\/th>\n<th align=\"left\" style=\"background:#7A7A7A; color:#fff; padding:8px 12px; border:1px solid #BDBDBD;\">M\u00c9THODES<\/th>\n<\/tr>\n<tr>\n<td style=\"padding:8px 12px; border:1px solid #BDBDBD;\">Aspect<\/td>\n<td style=\"padding:8px 12px; border:1px solid #BDBDBD;\">Transparent, incolore<\/td>\n<td style=\"padding:8px 12px; border:1px solid #BDBDBD;\">Visuelle<\/td>\n<\/tr>\n<tr style=\"background:#E6E6E6;\">\n<td style=\"padding:8px 12px; border:1px solid #BDBDBD;\">Masse volumique (g\/ml \u00e0 20\u00b0C)<\/td>\n<td style=\"padding:8px 12px; border:1px solid #BDBDBD;\">0.790 \u00b1 0.010<\/td>\n<td style=\"padding:8px 12px; border:1px solid #BDBDBD;\">BRY MO 028<\/td>\n<\/tr>\n<\/table>\n<p><!-- CARACT\u00c9RISTIQUES Section --><\/p>\n<div style=\"font-weight:bold; text-transform:uppercase; border-bottom:2px solid #9DBB2F; padding-bottom:6px; margin:30px 0 10px 0;\">\n  CARACT\u00c9RISTIQUES\n<\/div>\n<table width=\"100%\" cellpadding=\"0\" cellspacing=\"0\" style=\"border-collapse:collapse; width:100%; max-width:100%;\">\n<tr>\n<th align=\"left\" style=\"background:#7A7A7A; color:#fff; padding:8px 12px; border:1px solid #BDBDBD;\">CARACT\u00c9RISTIQUES<\/th>\n<th align=\"left\" style=\"background:#7A7A7A; color:#fff; padding:8px 12px; border:1px solid #BDBDBD;\">VALEURS<\/th>\n<th align=\"left\" style=\"background:#7A7A7A; color:#fff; padding:8px 12px; border:1px solid #BDBDBD;\">M\u00c9THODES<\/th>\n<\/tr>\n<tr>\n<td style=\"padding:8px 12px; border:1px solid #BDBDBD;\">Point d&rsquo;\u00e9bullition (\u00b0C\/\u00b0F)<\/td>\n<td style=\"padding:8px 12px; border:1px solid #BDBDBD;\">&gt;170\u00b0C \/ &gt;338\u00b0F<\/td>\n<td style=\"padding:8px 12px; border:1px solid #BDBDBD;\">ASTM D1078<\/td>\n<\/tr>\n<tr style=\"background:#E6E6E6;\">\n<td style=\"padding:8px 12px; border:1px solid #BDBDBD;\">Point \u00e9clair (PMCC)<\/td>\n<td style=\"padding:8px 12px; border:1px solid #BDBDBD;\">65\u00b0C \/ 149\u00b0F<\/td>\n<td style=\"padding:8px 12px; border:1px solid #BDBDBD;\">ASTM D93<\/td>\n<\/tr>\n<tr>\n<td style=\"padding:8px 12px; border:1px solid #BDBDBD;\">Tension de surface (dynes\/cm \u00e0 20\u00b0C)<\/td>\n<td style=\"padding:8px 12px; border:1px solid #BDBDBD;\">41<\/td>\n<td style=\"padding:8px 12px; border:1px solid #BDBDBD;\">ASTM D971<\/td>\n<\/tr>\n<tr style=\"background:#E6E6E6;\">\n<td style=\"padding:8px 12px; border:1px solid #BDBDBD;\">Miscibilit\u00e9 dans l&rsquo;eau<\/td>\n<td style=\"padding:8px 12px; border:1px solid #BDBDBD;\">Non miscible<\/td>\n<td style=\"padding:8px 12px; border:1px solid #BDBDBD;\">Interne<\/td>\n<\/tr>\n<tr>\n<td style=\"padding:8px 12px; border:1px solid #BDBDBD;\">Pr\u00e9sence de compos\u00e9s aromatiques (% poids)<\/td>\n<td style=\"padding:8px 12px; border:1px solid #BDBDBD;\">&lt;0.01%<\/td>\n<td style=\"padding:8px 12px; border:1px solid #BDBDBD;\">SMS 2728<\/td>\n<\/tr>\n<\/table>\n","protected":false},"excerpt":{"rendered":"<ul>\n<li>\u00c9limination des r\u00e9sidus de flux<\/li>\n<li>Proc\u00e9d\u00e9 co-solvant<\/li>\n<li>Produit historique<\/li>\n<\/ul>\n<p><a href=\"https:\/\/www.inventec.dehon.com\/wp-content\/uploads\/2023\/07\/GW-Score-47.png\"><img decoding=\"async\" class=\"alignnone size-full wp-image-15530\" src=\"https:\/\/www.inventec.dehon.com\/wp-content\/uploads\/2023\/07\/GW-Score-47.png\" alt=\"\" width=\"278\" height=\"236\" \/><\/a><\/p>\n","protected":false},"featured_media":21571,"comment_status":"closed","ping_status":"closed","template":"","meta":{"_acf_changed":false,"inline_featured_image":false},"product_brand":[],"product_cat":[953,2818],"product_tag":[2687,4281,4285,2103,2686,4184,4313,500,2038,2685],"class_list":{"0":"post-9994","1":"product","2":"type-product","3":"status-publish","4":"has-post-thumbnail","6":"industries-confort-assistanc-a-la-conduite-adas","7":"industries-equipement-medical-scanners","8":"product_cat-nettoyage","9":"product_cat-nettoyage-pcb-defluxage-electronique-et-semiconducteur","10":"product_tag-20a-fr","11":"product_tag-co-solvant","12":"product_tag-defluxage-fr","13":"product_tag-el-fr","14":"product_tag-el-20a-fr","15":"product_tag-liquides-de-nettoyage-solvants-fr","16":"product_tag-residus-de-flux","17":"product_tag-solvant","18":"product_tag-topklean-fr","19":"product_tag-topklean-el-20a-fr","20":"pa_application-defluxage","21":"pa_brand-topklean-fr-2","22":"pa_processes-co-solvant","23":"pa_product-category-liquides-de-nettoyage-solvants","25":"first","26":"instock","27":"shipping-taxable","28":"product-type-simple"},"acf":[],"_links":{"self":[{"href":"https:\/\/www.inventec.dehon.com\/fr\/wp-json\/wp\/v2\/product\/9994","targetHints":{"allow":["GET"]}}],"collection":[{"href":"https:\/\/www.inventec.dehon.com\/fr\/wp-json\/wp\/v2\/product"}],"about":[{"href":"https:\/\/www.inventec.dehon.com\/fr\/wp-json\/wp\/v2\/types\/product"}],"replies":[{"embeddable":true,"href":"https:\/\/www.inventec.dehon.com\/fr\/wp-json\/wp\/v2\/comments?post=9994"}],"wp:featuredmedia":[{"embeddable":true,"href":"https:\/\/www.inventec.dehon.com\/fr\/wp-json\/wp\/v2\/media\/21571"}],"wp:attachment":[{"href":"https:\/\/www.inventec.dehon.com\/fr\/wp-json\/wp\/v2\/media?parent=9994"}],"wp:term":[{"taxonomy":"product_brand","embeddable":true,"href":"https:\/\/www.inventec.dehon.com\/fr\/wp-json\/wp\/v2\/product_brand?post=9994"},{"taxonomy":"product_cat","embeddable":true,"href":"https:\/\/www.inventec.dehon.com\/fr\/wp-json\/wp\/v2\/product_cat?post=9994"},{"taxonomy":"product_tag","embeddable":true,"href":"https:\/\/www.inventec.dehon.com\/fr\/wp-json\/wp\/v2\/product_tag?post=9994"}],"curies":[{"name":"wp","href":"https:\/\/api.w.org\/{rel}","templated":true}]}}