{"id":9990,"date":"2021-05-14T10:03:17","date_gmt":"2021-05-14T10:03:17","guid":{"rendered":"https:\/\/www.inventec.dehon.com\/product\/topklean-el-20d\/"},"modified":"2026-01-29T15:00:10","modified_gmt":"2026-01-29T14:00:10","slug":"topklean-el-20d","status":"publish","type":"product","link":"https:\/\/www.inventec.dehon.com\/fr\/product\/topklean-el-20d\/","title":{"rendered":"TOPKLEAN EL 20D"},"content":{"rendered":"<p><img decoding=\"async\" src=\"https:\/\/www.inventec.dehon.com\/wp-content\/uploads\/2021\/03\/TOPKLEAN-canister-yellow-1-600x600.jpg\" alt=\"TOPKLEAN EL 20D\" class=\"responsive-img\" align=\"right\" style=\"border-radius:10px; margin-bottom:10px; margin-top:-10px; margin-left:15px; width:300px\" \/><\/p>\n<h2 style=\"color:#9bc947; margin-bottom:15px\">\u00c9limination des r\u00e9sidus de flux dans le processus sous vide<\/h2>\n<ul>\n<li>\u00c9limination des r\u00e9sidus de flux<\/li>\n<li>Proc\u00e9d\u00e9 de solvant sous vide<\/li>\n<li>Thermiquement et chimiquement stable en utilisation<\/li>\n<\/ul>\n<h5>TOPKLEAN EL 20D<\/h5>\n<p>Est sp\u00e9cialement con\u00e7u pour \u00e9liminer les r\u00e9sidus de flux dans les proc\u00e9d\u00e9s sous vide. Il offre une solution de solvant respectueuse de l&rsquo;environnement sans compromettre les performances de nettoyage. Sa capacit\u00e9 \u00e0 solubiliser les compos\u00e9s organiques lui permet d&rsquo;\u00e9liminer les r\u00e9sidus de flux sur les circuits imprim\u00e9s apr\u00e8s brasage. Le Topklean EL 20D est compatible avec la plupart des mat\u00e9riaux (m\u00e9taux, verres, c\u00e9ramiques et plastiques) utilis\u00e9s dans l&rsquo;assemblage \u00e9lectronique.<\/p>\n<p>Le <strong>TOPKLEAN EL 20D<\/strong> est qualifi\u00e9 et utilis\u00e9 par plusieurs acteurs de l&rsquo;industrie \u00e9lectronique et est conforme \u00e0 la directive ROHS.<\/p>\n<p><!-- SP\u00c9CIFICATIONS Section --><\/p>\n<div style=\"font-weight:bold; text-transform:uppercase; border-bottom:2px solid #9DBB2F; padding-bottom:6px; margin-bottom:10px;\">\n  SP\u00c9CIFICATIONS\n<\/div>\n<table width=\"100%\" cellpadding=\"0\" cellspacing=\"0\" style=\"border-collapse:collapse; width:100%; max-width:100%;\">\n<tr>\n<th align=\"left\" style=\"background:#7A7A7A; color:#fff; padding:8px 12px; border:1px solid #BDBDBD;\">SP\u00c9CIFICATIONS<\/th>\n<th align=\"left\" style=\"background:#7A7A7A; color:#fff; padding:8px 12px; border:1px solid #BDBDBD;\">VALEURS<\/th>\n<th align=\"left\" style=\"background:#7A7A7A; color:#fff; padding:8px 12px; border:1px solid #BDBDBD;\">M\u00c9THODES<\/th>\n<\/tr>\n<tr>\n<td style=\"padding:8px 12px; border:1px solid #BDBDBD;\">Aspect<\/td>\n<td style=\"padding:8px 12px; border:1px solid #BDBDBD;\">Transparent, incolore<\/td>\n<td style=\"padding:8px 12px; border:1px solid #BDBDBD;\">Visuelle<\/td>\n<\/tr>\n<tr style=\"background:#E6E6E6;\">\n<td style=\"padding:8px 12px; border:1px solid #BDBDBD;\">Masse volumique \u00e0 20\u00b0C (g\/ml)<\/td>\n<td style=\"padding:8px 12px; border:1px solid #BDBDBD;\">0,879 \u00b1 0,010<\/td>\n<td style=\"padding:8px 12px; border:1px solid #BDBDBD;\">BRY MO 028<\/td>\n<\/tr>\n<tr>\n<td style=\"padding:8px 12px; border:1px solid #BDBDBD;\">Indice d&rsquo;acidit\u00e9 (mgKOH\/g)<\/td>\n<td style=\"padding:8px 12px; border:1px solid #BDBDBD;\">&lt;0,01<\/td>\n<td style=\"padding:8px 12px; border:1px solid #BDBDBD;\">BRY MO 034<\/td>\n<\/tr>\n<\/table>\n<p><!-- CARACT\u00c9RISTIQUES Section --><\/p>\n<div style=\"font-weight:bold; text-transform:uppercase; border-bottom:2px solid #9DBB2F; padding-bottom:6px; margin:30px 0 10px 0;\">\n  CARACT\u00c9RISTIQUES\n<\/div>\n<table width=\"100%\" cellpadding=\"0\" cellspacing=\"0\" style=\"border-collapse:collapse; width:100%; max-width:100%;\">\n<tr>\n<th align=\"left\" style=\"background:#7A7A7A; color:#fff; padding:8px 12px; border:1px solid #BDBDBD;\">CARACT\u00c9RISTIQUES<\/th>\n<th align=\"left\" style=\"background:#7A7A7A; color:#fff; padding:8px 12px; border:1px solid #BDBDBD;\">VALEURS<\/th>\n<th align=\"left\" style=\"background:#7A7A7A; color:#fff; padding:8px 12px; border:1px solid #BDBDBD;\">M\u00c9THODES<\/th>\n<\/tr>\n<tr>\n<td style=\"padding:8px 12px; border:1px solid #BDBDBD;\">Point d&rsquo;\u00e9bullition (\u00b0C \/ \u00b0F)<\/td>\n<td style=\"padding:8px 12px; border:1px solid #BDBDBD;\">170\u2013180\u00b0C \/ 338\u2013356\u00b0F<\/td>\n<td style=\"padding:8px 12px; border:1px solid #BDBDBD;\">ASTM D1078<\/td>\n<\/tr>\n<tr style=\"background:#E6E6E6;\">\n<td style=\"padding:8px 12px; border:1px solid #BDBDBD;\">Point \u00e9clair (PMCC)<\/td>\n<td style=\"padding:8px 12px; border:1px solid #BDBDBD;\">&gt;64\u00b0C \/ &gt;147\u00b0F<\/td>\n<td style=\"padding:8px 12px; border:1px solid #BDBDBD;\">ASTM D93<\/td>\n<\/tr>\n<tr>\n<td style=\"padding:8px 12px; border:1px solid #BDBDBD;\">Viscosit\u00e9 \u00e0 25\u00b0C (mm\u00b2\/s)<\/td>\n<td style=\"padding:8px 12px; border:1px solid #BDBDBD;\">1,6<\/td>\n<td style=\"padding:8px 12px; border:1px solid #BDBDBD;\">ASTM D445<\/td>\n<\/tr>\n<tr style=\"background:#E6E6E6;\">\n<td style=\"padding:8px 12px; border:1px solid #BDBDBD;\">Tension de surface \u00e0 20\u00b0C (dynes\/cm)<\/td>\n<td style=\"padding:8px 12px; border:1px solid #BDBDBD;\">23<\/td>\n<td style=\"padding:8px 12px; border:1px solid #BDBDBD;\">ASTM D971<\/td>\n<\/tr>\n<tr>\n<td style=\"padding:8px 12px; border:1px solid #BDBDBD;\">Taux d&rsquo;\u00e9vaporation relatif (nBuAc = 1)<\/td>\n<td style=\"padding:8px 12px; border:1px solid #BDBDBD;\">0,04<\/td>\n<td style=\"padding:8px 12px; border:1px solid #BDBDBD;\">ASTM D3539<\/td>\n<\/tr>\n<tr style=\"background:#E6E6E6;\">\n<td style=\"padding:8px 12px; border:1px solid #BDBDBD;\">Rigidit\u00e9 di\u00e9lectrique (KV\/cm)<\/td>\n<td style=\"padding:8px 12px; border:1px solid #BDBDBD;\">200<\/td>\n<td style=\"padding:8px 12px; border:1px solid #BDBDBD;\">DIN \/ VDE 0370\/5<\/td>\n<\/tr>\n<tr>\n<td style=\"padding:8px 12px; border:1px solid #BDBDBD;\">Miscibilit\u00e9 dans l&rsquo;eau<\/td>\n<td style=\"padding:8px 12px; border:1px solid #BDBDBD;\">L\u00e9g\u00e8rement miscible<\/td>\n<td style=\"padding:8px 12px; border:1px solid #BDBDBD;\">Interne<\/td>\n<\/tr>\n<tr style=\"background:#E6E6E6;\">\n<td style=\"padding:8px 12px; border:1px solid #BDBDBD;\">Pression de vapeur \u00e0 20\u00b0C \/ 50\u00b0C<\/td>\n<td style=\"padding:8px 12px; border:1px solid #BDBDBD;\">1 \/ 6<\/td>\n<td style=\"padding:8px 12px; border:1px solid #BDBDBD;\">Interne<\/td>\n<\/tr>\n<tr>\n<td style=\"padding:8px 12px; border:1px solid #BDBDBD;\">Chaleur latente de vaporisation (kJ\/kg \u00e0 bp)<\/td>\n<td style=\"padding:8px 12px; border:1px solid #BDBDBD;\">320<\/td>\n<td style=\"padding:8px 12px; border:1px solid #BDBDBD;\">Calcul\u00e9<\/td>\n<\/tr>\n<tr style=\"background:#E6E6E6;\">\n<td style=\"padding:8px 12px; border:1px solid #BDBDBD;\">Chaleur sp\u00e9cifique (kJ\/kg\u00b7K) \u00e0 20\u00b0C<\/td>\n<td style=\"padding:8px 12px; border:1px solid #BDBDBD;\">2.0 \/ 2.1<\/td>\n<td style=\"padding:8px 12px; border:1px solid #BDBDBD;\">Calcul\u00e9<\/td>\n<\/tr>\n<tr>\n<td style=\"padding:8px 12px; border:1px solid #BDBDBD;\">Conductivit\u00e9 thermique \u00e0 20\u00b0C (W\/m\u00b7K)<\/td>\n<td style=\"padding:8px 12px; border:1px solid #BDBDBD;\">0,13<\/td>\n<td style=\"padding:8px 12px; border:1px solid #BDBDBD;\">Calcul\u00e9<\/td>\n<\/tr>\n<tr style=\"background:#E6E6E6;\">\n<td style=\"padding:8px 12px; border:1px solid #BDBDBD;\">COV (g\/L)<\/td>\n<td style=\"padding:8px 12px; border:1px solid #BDBDBD;\">880<\/td>\n<td style=\"padding:8px 12px; border:1px solid #BDBDBD;\">\u2014<\/td>\n<\/tr>\n<\/table>\n","protected":false},"excerpt":{"rendered":"<ul>\n<li>\u00c9limination des r\u00e9sidus de flux<\/li>\n<li>Proc\u00e9d\u00e9 de solvant sous vide<\/li>\n<li>Thermiquement et chimiquement stable en utilisation<\/li>\n<\/ul>\n<p><a href=\"https:\/\/www.inventec.dehon.com\/wp-content\/uploads\/2023\/06\/GW-Score-34.png\"><img decoding=\"async\" class=\"alignnone wp-image-15018\" src=\"https:\/\/www.inventec.dehon.com\/wp-content\/uploads\/2023\/06\/GW-Score-34.png\" alt=\"\" width=\"40\" height=\"34\" \/><\/a><\/p>\n","protected":false},"featured_media":24449,"comment_status":"closed","ping_status":"closed","template":"","meta":{"_acf_changed":false,"inline_featured_image":false},"product_brand":[],"product_cat":[953,2818],"product_tag":[2154,4285,2103,2232,4297,4301,4184,4313,4433,500,4473,2038,2231],"class_list":{"0":"post-9990","1":"product","2":"type-product","3":"status-publish","4":"has-post-thumbnail","6":"industries-confort-assistanc-a-la-conduite-adas","7":"industries-equipement-medical-scanners","8":"industries-systemes-electroniques-et-electriques","9":"product_cat-nettoyage","10":"product_cat-nettoyage-pcb-defluxage-electronique-et-semiconducteur","11":"product_tag-20d-fr","12":"product_tag-defluxage-fr","13":"product_tag-el-fr","14":"product_tag-el-20d-fr","15":"product_tag-electronique","16":"product_tag-industrie-electronique","17":"product_tag-liquides-de-nettoyage-solvants-fr","18":"product_tag-residus-de-flux","19":"product_tag-rohs","20":"product_tag-solvant","21":"product_tag-sous-vide","22":"product_tag-topklean-fr","23":"product_tag-topklean-el-20d-fr","24":"pa_application-defluxage","25":"pa_brand-topklean-fr-2","26":"pa_processes-vide","27":"pa_product-category-liquides-de-nettoyage-solvants","29":"first","30":"instock","31":"shipping-taxable","32":"product-type-simple"},"acf":[],"_links":{"self":[{"href":"https:\/\/www.inventec.dehon.com\/fr\/wp-json\/wp\/v2\/product\/9990","targetHints":{"allow":["GET"]}}],"collection":[{"href":"https:\/\/www.inventec.dehon.com\/fr\/wp-json\/wp\/v2\/product"}],"about":[{"href":"https:\/\/www.inventec.dehon.com\/fr\/wp-json\/wp\/v2\/types\/product"}],"replies":[{"embeddable":true,"href":"https:\/\/www.inventec.dehon.com\/fr\/wp-json\/wp\/v2\/comments?post=9990"}],"wp:featuredmedia":[{"embeddable":true,"href":"https:\/\/www.inventec.dehon.com\/fr\/wp-json\/wp\/v2\/media\/24449"}],"wp:attachment":[{"href":"https:\/\/www.inventec.dehon.com\/fr\/wp-json\/wp\/v2\/media?parent=9990"}],"wp:term":[{"taxonomy":"product_brand","embeddable":true,"href":"https:\/\/www.inventec.dehon.com\/fr\/wp-json\/wp\/v2\/product_brand?post=9990"},{"taxonomy":"product_cat","embeddable":true,"href":"https:\/\/www.inventec.dehon.com\/fr\/wp-json\/wp\/v2\/product_cat?post=9990"},{"taxonomy":"product_tag","embeddable":true,"href":"https:\/\/www.inventec.dehon.com\/fr\/wp-json\/wp\/v2\/product_tag?post=9990"}],"curies":[{"name":"wp","href":"https:\/\/api.w.org\/{rel}","templated":true}]}}