{"id":9980,"date":"2021-05-14T13:04:07","date_gmt":"2021-05-14T13:04:07","guid":{"rendered":"https:\/\/www.inventec.dehon.com\/product\/quicksolv-def70\/"},"modified":"2026-01-29T11:25:13","modified_gmt":"2026-01-29T10:25:13","slug":"quicksolv-def-70","status":"publish","type":"product","link":"https:\/\/www.inventec.dehon.com\/fr\/product\/quicksolv-def-70\/","title":{"rendered":"QUICKSOLV DEF 70"},"content":{"rendered":"<p><img decoding=\"async\" src=\"https:\/\/www.inventec.dehon.com\/wp-content\/uploads\/2021\/05\/QUICKSOLV-Aerosol-colorless-600x600.png\" alt=\"QUICKSOLV DEF 70\" class=\"responsive-img\" align=\"right\" style=\"border-radius:10px; margin-bottom:10px; margin-top:-10px; margin-left:15px; width:300px\" \/><\/p>\n<h2 style=\"color:#9bc947; margin-bottom:15px\">Le nettoyant tout-en-un le plus s\u00fbr<\/h2>\n<ul>\n<li>Nettoyant multi-usages pour le d\u00e9graissage et le d\u00e9fluxage<\/li>\n<li>Nettoyage manuel en conditionnement a\u00e9rosol<\/li>\n<li>Ininflammable<\/li>\n<\/ul>\n<h5>QUICKSOLV DEF 70<\/h5>\n<p>Est un nettoyant industriel multi-usages pour le nettoyage manuel des huiles, graisses, r\u00e9sidus organiques et r\u00e9sidus de flux de soudure. Gr\u00e2ce \u00e0 sa faible tension de surface et \u00e0 ses substances r\u00e9actives, il permet de solubiliser la plupart des polluants organiques. Son \u00e9vaporation rapide permet de r\u00e9duire consid\u00e9rablement le temps de nettoyage.<\/p>\n<p>Le <strong>QUICKSOLV DEF 70<\/strong> est un produit ininflammable qui remplace les solvants inflammables tels que l&rsquo;essence, l&rsquo;isopropanol, l&rsquo;ac\u00e9tone ou tout autre a\u00e9rosol de nettoyage inflammable. Il est formul\u00e9 en tenant compte de la s\u00e9curit\u00e9, de la sant\u00e9 des op\u00e9rateurs et de l&rsquo;environnement.<\/p>\n<p>Il peut \u00eatre utilis\u00e9 pour de nombreuses applications :<\/p>\n<ul>\n<li>Entretien des pi\u00e8ces m\u00e9caniques<\/li>\n<li>D\u00e9graissage de pi\u00e8ces m\u00e9talliques produites en petites quantit\u00e9s dans l&rsquo;industrie microm\u00e9canique et m\u00e9canique.<\/li>\n<li>D\u00e9fluxage de circuits imprim\u00e9s en reprise ou en production de faible volume.<\/li>\n<li>\u00c9limination des particules de m\u00e9taux dans la fabrication additive<\/li>\n<li>Il peut \u00e9galement \u00e9liminer certains r\u00e9sidus de colle, de vernis, de rev\u00eatements ou de mat\u00e9riaux polym\u00e9ris\u00e9s, mais sous r\u00e9serve d&rsquo;un test pr\u00e9alable.<\/li>\n<\/ul>\n<p><!-- SP\u00c9CIFICATIONS --><\/p>\n<div style=\"font-weight:bold; text-transform:uppercase; border-bottom:2px solid #9DBB2F; padding-bottom:6px; margin-bottom:10px;\">\n  SP\u00c9CIFICATIONS\n<\/div>\n<table width=\"100%\" cellpadding=\"0\" cellspacing=\"0\" style=\"border-collapse:collapse; width:100%; max-width:100%;\">\n<tr>\n<th align=\"left\" style=\"background:#7A7A7A; color:#fff; padding:8px 12px; border:1px solid #BDBDBD;\">SP\u00c9CIFICATIONS<\/th>\n<th align=\"left\" style=\"background:#7A7A7A; color:#fff; padding:8px 12px; border:1px solid #BDBDBD;\">VALEURS<\/th>\n<th align=\"left\" style=\"background:#7A7A7A; color:#fff; padding:8px 12px; border:1px solid #BDBDBD;\">M\u00c9THODES<\/th>\n<\/tr>\n<tr>\n<td style=\"padding:8px 12px; border:1px solid #BDBDBD;\">Aspect<\/td>\n<td style=\"padding:8px 12px; border:1px solid #BDBDBD;\">Liquide incolore<\/td>\n<td style=\"padding:8px 12px; border:1px solid #BDBDBD;\">Visuelle<\/td>\n<\/tr>\n<tr style=\"background:#E6E6E6;\">\n<td style=\"padding:8px 12px; border:1px solid #BDBDBD;\">Masse volumique \u00e0 20\u00b0C (g\/ml)<\/td>\n<td style=\"padding:8px 12px; border:1px solid #BDBDBD;\">1.28 \u00b1 0.01<\/td>\n<td style=\"padding:8px 12px; border:1px solid #BDBDBD;\">BRY-MO-028<\/td>\n<\/tr>\n<tr>\n<td style=\"padding:8px 12px; border:1px solid #BDBDBD;\">Taux de mati\u00e8re active (% poids)<\/td>\n<td style=\"padding:8px 12px; border:1px solid #BDBDBD;\">94%<\/td>\n<td style=\"padding:8px 12px; border:1px solid #BDBDBD;\">Interne<\/td>\n<\/tr>\n<tr style=\"background:#E6E6E6;\">\n<td style=\"padding:8px 12px; border:1px solid #BDBDBD;\">Quantit\u00e9 de gaz propulseur \/ a\u00e9rosol (% poids)<\/td>\n<td style=\"padding:8px 12px; border:1px solid #BDBDBD;\">6%<\/td>\n<td style=\"padding:8px 12px; border:1px solid #BDBDBD;\">Interne<\/td>\n<\/tr>\n<\/table>\n<p><!-- CARACT\u00c9RISTIQUES --><\/p>\n<div style=\"font-weight:bold; text-transform:uppercase; border-bottom:2px solid #9DBB2F; padding-bottom:6px; margin:30px 0 10px 0;\">\n  CARACT\u00c9RISTIQUES\n<\/div>\n<table width=\"100%\" cellpadding=\"0\" cellspacing=\"0\" style=\"border-collapse:collapse; width:100%; max-width:100%;\">\n<tr>\n<th align=\"left\" style=\"background:#7A7A7A; color:#fff; padding:8px 12px; border:1px solid #BDBDBD;\">CARACT\u00c9RISTIQUES<\/th>\n<th align=\"left\" style=\"background:#7A7A7A; color:#fff; padding:8px 12px; border:1px solid #BDBDBD;\">VALEURS<\/th>\n<\/tr>\n<tr>\n<td style=\"padding:8px 12px; border:1px solid #BDBDBD;\">Point \u00e9clair<\/td>\n<td style=\"padding:8px 12px; border:1px solid #BDBDBD;\">Aucun<\/td>\n<\/tr>\n<tr style=\"background:#E6E6E6;\">\n<td style=\"padding:8px 12px; border:1px solid #BDBDBD;\">Point d&rsquo;\u00e9bullition<\/td>\n<td style=\"padding:8px 12px; border:1px solid #BDBDBD;\">48\u00b0C \/ 118\u00b0F<\/td>\n<\/tr>\n<tr>\n<td style=\"padding:8px 12px; border:1px solid #BDBDBD;\">Solubilit\u00e9 \u00e0 l&rsquo;eau<\/td>\n<td style=\"padding:8px 12px; border:1px solid #BDBDBD;\">Insoluble<\/td>\n<\/tr>\n<tr style=\"background:#E6E6E6;\">\n<td style=\"padding:8px 12px; border:1px solid #BDBDBD;\">Tension superficielle (dyn\/cm)<\/td>\n<td style=\"padding:8px 12px; border:1px solid #BDBDBD;\">14<\/td>\n<\/tr>\n<tr>\n<td style=\"padding:8px 12px; border:1px solid #BDBDBD;\">Viscosit\u00e9 (mPa.s)<\/td>\n<td style=\"padding:8px 12px; border:1px solid #BDBDBD;\">0.5<\/td>\n<\/tr>\n<tr style=\"background:#E6E6E6;\">\n<td style=\"padding:8px 12px; border:1px solid #BDBDBD;\">Pression de vapeur \u00e0 25\u00b0C (kPa)<\/td>\n<td style=\"padding:8px 12px; border:1px solid #BDBDBD;\">65<\/td>\n<\/tr>\n<tr>\n<td style=\"padding:8px 12px; border:1px solid #BDBDBD;\">Point de cong\u00e9lation<\/td>\n<td style=\"padding:8px 12px; border:1px solid #BDBDBD;\">-125\u00b0C \/ -193\u00b0F<\/td>\n<\/tr>\n<\/table>\n","protected":false},"excerpt":{"rendered":"<ul>\n<li>Nettoyant multi-usages pour le d\u00e9graissage et le d\u00e9fluxage<\/li>\n<li>Nettoyant manuel en a\u00e9rosol<\/li>\n<li>Ininflammable et \u00e9vaporation rapide<\/li>\n<\/ul>\n<p><a href=\"https:\/\/www.inventec.dehon.com\/wp-content\/uploads\/2021\/05\/GW-quick-DEF70-e1683719526746.png\"><img decoding=\"async\" class=\"alignnone wp-image-14659\" src=\"https:\/\/www.inventec.dehon.com\/wp-content\/uploads\/2021\/05\/GW-quick-DEF70-e1683719526746.png\" alt=\"Greenway\" width=\"40\" height=\"34\" \/><\/a><\/p>\n","protected":false},"featured_media":3289,"comment_status":"closed","ping_status":"closed","template":"","meta":{"_acf_changed":false,"inline_featured_image":false},"product_brand":[],"product_cat":[694,2827,2826,2834,742,953,2822,2818,560],"product_tag":[2207,4481,4317,2262,2282,4285,4485,4321,4409,4237,4325,4184,2260,2281,4277,500],"class_list":{"0":"post-9980","1":"product","2":"type-product","3":"status-publish","4":"has-post-thumbnail","6":"industries-aerosystemes","7":"industries-chassis-et-roues-et-direction","8":"industries-confort-assistanc-a-la-conduite-adas","9":"industries-equipement-medical-scanners","10":"industries-groupe-motopropulseur","11":"industries-moteurs","12":"industries-systemes-datterrissage","13":"industries-systemes-electroniques-et-electriques","14":"product_cat-decapage-desoxydation","15":"product_cat-degraissage-de-divers-composants-metalliques","16":"product_cat-deshuilage-de-divers-composants-metalliques","17":"product_cat-elimination-de-la-cire-apres-polissage","18":"product_cat-elimination-des-particules","19":"product_cat-nettoyage","20":"product_cat-nettoyage-colles-smt-electronique-et-semiconducteur","21":"product_cat-nettoyage-pcb-defluxage-electronique-et-semiconducteur","22":"product_cat-solutions-de-fabrication-additive","23":"product_tag-70-fr","24":"product_tag-cire-fr","25":"product_tag-colle","26":"product_tag-def-fr","27":"product_tag-def-70-fr","28":"product_tag-defluxage-fr","29":"product_tag-elimination-de-la-cire-fr","30":"product_tag-elimination-des-graisses-fr","31":"product_tag-elimination-des-particules-fr","32":"product_tag-fabrication-additive-fr","33":"product_tag-greenway","34":"product_tag-liquides-de-nettoyage-solvants-fr","35":"product_tag-quicksolv-fr","36":"product_tag-quicksolv-def-70-fr","37":"product_tag-revetements-fr","38":"product_tag-solvant","39":"pa_application-defluxage","40":"pa_application-elimination-de-la-cire","41":"pa_application-elimination-des-graisses","42":"pa_application-elimination-des-particules","43":"pa_application-solutions-pour-fabrication-additive","44":"pa_brand-quicksolv-fr","45":"pa_features-greenway","46":"pa_processes-manuel","47":"pa_product-category-liquides-de-nettoyage-solvants","49":"first","50":"instock","51":"shipping-taxable","52":"product-type-simple"},"acf":[],"_links":{"self":[{"href":"https:\/\/www.inventec.dehon.com\/fr\/wp-json\/wp\/v2\/product\/9980","targetHints":{"allow":["GET"]}}],"collection":[{"href":"https:\/\/www.inventec.dehon.com\/fr\/wp-json\/wp\/v2\/product"}],"about":[{"href":"https:\/\/www.inventec.dehon.com\/fr\/wp-json\/wp\/v2\/types\/product"}],"replies":[{"embeddable":true,"href":"https:\/\/www.inventec.dehon.com\/fr\/wp-json\/wp\/v2\/comments?post=9980"}],"wp:featuredmedia":[{"embeddable":true,"href":"https:\/\/www.inventec.dehon.com\/fr\/wp-json\/wp\/v2\/media\/3289"}],"wp:attachment":[{"href":"https:\/\/www.inventec.dehon.com\/fr\/wp-json\/wp\/v2\/media?parent=9980"}],"wp:term":[{"taxonomy":"product_brand","embeddable":true,"href":"https:\/\/www.inventec.dehon.com\/fr\/wp-json\/wp\/v2\/product_brand?post=9980"},{"taxonomy":"product_cat","embeddable":true,"href":"https:\/\/www.inventec.dehon.com\/fr\/wp-json\/wp\/v2\/product_cat?post=9980"},{"taxonomy":"product_tag","embeddable":true,"href":"https:\/\/www.inventec.dehon.com\/fr\/wp-json\/wp\/v2\/product_tag?post=9980"}],"curies":[{"name":"wp","href":"https:\/\/api.w.org\/{rel}","templated":true}]}}