{"id":9977,"date":"2021-05-14T08:17:02","date_gmt":"2021-05-14T08:17:02","guid":{"rendered":"https:\/\/www.inventec.dehon.com\/product\/promosolv-70es\/"},"modified":"2026-01-28T14:01:59","modified_gmt":"2026-01-28T13:01:59","slug":"promosolv-70es","status":"publish","type":"product","link":"https:\/\/www.inventec.dehon.com\/fr\/product\/promosolv-70es\/","title":{"rendered":"PROMOSOLV 70ES"},"content":{"rendered":"<p><img decoding=\"async\" src=\"https:\/\/www.inventec.dehon.com\/wp-content\/uploads\/2021\/03\/PROMOSOLV-drum-colorless-Ecoprog-600x600.png\" alt=\"PROMOSOLV 70ES\" class=\"responsive-img\" align=\"right\" style=\"border-radius:10px; margin-bottom:10px; margin-top:-10px; margin-left:15px; width:300px\" \/><\/p>\n<h2 style=\"color:#9bc947; margin-bottom:15px\">\u00c9limine les r\u00e9sidus de flux et les contaminants<\/h2>\n<ul>\n<li>\u00c9limination des r\u00e9sidus de flux<\/li>\n<li>Proc\u00e9d\u00e9 phase vapeur<\/li>\n<li>Permorfance \u00e9quilibr\u00e9e<\/li>\n<li>3M Novec 71DA, Novec 72DA remplacement<\/li>\n<\/ul>\n<h5>PROMOSOLV 70ES<\/h5>\n<p>A \u00e9t\u00e9 d\u00e9velopp\u00e9 pour remplacer le trichlor\u00e9thyl\u00e8ne, le NPB et d&rsquo;autres solvants. Tout en r\u00e9duisant substantiellement l&rsquo;impact HSE, le pouvoir d\u00e9graissant est \u00e0 un niveau \u00e9quivalent.<\/p>\n<p>Il est d\u00e9di\u00e9 \u00e0 l&rsquo;\u00e9limination des r\u00e9sidus de flux de refusion et autres contaminants sur les PCBA, modules de puissance, lead frames, BGA, applications PoP ou SIP et assemblages LED. Sa faible tension superficielle permet de nettoyer et de rincer tr\u00e8s bien les composants \u00e0 faible hauteur et les espaces difficiles \u00e0 atteindre. Il a une tr\u00e8s bonne compatibilit\u00e9 avec tous les m\u00e9taux, y compris les plus sensibles, ainsi qu&rsquo;avec la plupart des plastiques et \u00e9lastom\u00e8res, mais il est recommand\u00e9 de le valider avant utilisation.<\/p>\n<p><strong>PROMOSOLV 70ES<\/strong> est formul\u00e9 en tenant compte de la s\u00e9curit\u00e9. Sa composition lui conf\u00e8re d&rsquo;excellentes propri\u00e9t\u00e9s de suppression de l&rsquo;inflammabilit\u00e9, ce qui lui conf\u00e8re une tr\u00e8s grande stabilit\u00e9 lorsqu&rsquo;il est utilis\u00e9 dans un \u00e9quipement. Certains produits sur le march\u00e9 peuvent perdre leur compos\u00e9 de suppression d&rsquo;inflammabilit\u00e9 en raison de l&rsquo;\u00e9vaporation lorsqu&rsquo;ils sont utilis\u00e9s dans un \u00e9quipement.<\/p>\n<p>Ce produit existe \u00e9galement en version recycl\u00e9e (faite \u00e0 partir de solvant recycl\u00e9) sous l\u2019appellation <strong>PROMOSOLV 70ES T<\/strong>.<\/p>\n<p><strong>PROMOSOLV 70ES<\/strong> remplace directement les produits <strong>3M Novec 71DA et Novec 72DA<\/strong>, dont le retrait volontaire est pr\u00e9vu pour la fin de l&rsquo;ann\u00e9e 2025. Cliquez sur le lien pour plus d&rsquo;informations sur l&rsquo;annonce concernant <a href=\"https:\/\/www.inventec.dehon.com\/fr\/eliminer-les-solvants-3m\/\">l&rsquo;arr\u00eat des 3M Novec<\/a>.<\/p>\n<div style=\"font-family:Lato; color:#333;\">\n<div style=\"font-weight:bold; text-transform:uppercase; border-bottom:2px solid #9DBB2F; padding-bottom:6px; margin-bottom:10px;\">\n    Sp\u00e9cifications\n  <\/div>\n<table width=\"100%\" cellpadding=\"0\" cellspacing=\"0\" style=\"border-collapse:collapse; width:100%; max-width:100%;\">\n<tr>\n<th align=\"left\" style=\"background:#7A7A7A; color:#fff; padding:8px 12px; border:1px solid #BDBDBD;\">\n        Sp\u00e9cifications\n      <\/th>\n<th align=\"left\" style=\"background:#7A7A7A; color:#fff; padding:8px 12px; border:1px solid #BDBDBD;\">\n        Valeurs\n      <\/th>\n<th align=\"left\" style=\"background:#7A7A7A; color:#fff; padding:8px 12px; border:1px solid #BDBDBD;\">\n        M\u00e9thodes\n      <\/th>\n<\/tr>\n<tr>\n<td style=\"padding:8px 12px; border:1px solid #BDBDBD;\">Aspect<\/td>\n<td style=\"padding:8px 12px; border:1px solid #BDBDBD;\">Incolore, transparent<\/td>\n<td style=\"padding:8px 12px; border:1px solid #BDBDBD;\">Visuel<\/td>\n<\/tr>\n<tr style=\"background:#E6E6E6;\">\n<td style=\"padding:8px 12px; border:1px solid #BDBDBD;\">Puret\u00e9 (% poids)<\/td>\n<td style=\"padding:8px 12px; border:1px solid #BDBDBD;\">> 99,5<\/td>\n<td style=\"padding:8px 12px; border:1px solid #BDBDBD;\">Interne \/ MO.SB.10033<\/td>\n<\/tr>\n<tr>\n<td style=\"padding:8px 12px; border:1px solid #BDBDBD;\">Alcool (% poids)<\/td>\n<td style=\"padding:8px 12px; border:1px solid #BDBDBD;\">< 3<\/td>\n<td style=\"padding:8px 12px; border:1px solid #BDBDBD;\">Interne \/ MO.SB.10033<\/td>\n<\/tr>\n<\/table>\n<\/div>\n<div style=\"font-family:Lato; color:#333;\">\n<div style=\"font-weight:bold; text-transform:uppercase; border-bottom:2px solid #9DBB2F; padding-bottom:6px; margin:30px 0 10px;\">\n    Caract\u00e9ristiques\n  <\/div>\n<table width=\"100%\" cellpadding=\"0\" cellspacing=\"0\" style=\"border-collapse:collapse; width:100%; max-width:100%;\">\n<tr>\n<th align=\"left\" style=\"background:#7A7A7A; color:#fff; padding:8px 12px; border:1px solid #BDBDBD;\">\n        Caract\u00e9ristiques\n      <\/th>\n<th align=\"left\" style=\"background:#7A7A7A; color:#fff; padding:8px 12px; border:1px solid #BDBDBD;\">\n        Valeurs\n      <\/th>\n<\/tr>\n<tr>\n<td style=\"padding:8px 12px; border:1px solid #BDBDBD;\">Point d&rsquo;\u00e9bullition (\u00b0C\/\u00b0F)<\/td>\n<td style=\"padding:8px 12px; border:1px solid #BDBDBD;\">43 \/ 109<\/td>\n<\/tr>\n<tr style=\"background:#E6E6E6;\">\n<td style=\"padding:8px 12px; border:1px solid #BDBDBD;\">Pression de vapeur (kPa)<\/td>\n<td style=\"padding:8px 12px; border:1px solid #BDBDBD;\">65<\/td>\n<\/tr>\n<tr>\n<td style=\"padding:8px 12px; border:1px solid #BDBDBD;\">Point \u00e9clair<\/td>\n<td style=\"padding:8px 12px; border:1px solid #BDBDBD;\">Aucun<\/td>\n<\/tr>\n<tr style=\"background:#E6E6E6;\">\n<td style=\"padding:8px 12px; border:1px solid #BDBDBD;\">Masse volumique (g\/cm\u00b3)<\/td>\n<td style=\"padding:8px 12px; border:1px solid #BDBDBD;\">1,28<\/td>\n<\/tr>\n<tr>\n<td style=\"padding:8px 12px; border:1px solid #BDBDBD;\">Tension de surface (dynes\/cm)<\/td>\n<td style=\"padding:8px 12px; border:1px solid #BDBDBD;\">14<\/td>\n<\/tr>\n<tr style=\"background:#E6E6E6;\">\n<td style=\"padding:8px 12px; border:1px solid #BDBDBD;\">Viscosit\u00e9 dynamique (mPa.s)<\/td>\n<td style=\"padding:8px 12px; border:1px solid #BDBDBD;\">0,50<\/td>\n<\/tr>\n<tr>\n<td style=\"padding:8px 12px; border:1px solid #BDBDBD;\">GWP<\/td>\n<td style=\"padding:8px 12px; border:1px solid #BDBDBD;\">96<\/td>\n<\/tr>\n<\/table>\n<\/div>\n","protected":false},"excerpt":{"rendered":"<ul>\n<li>\u00c9limination des r\u00e9sidus de flux<\/li>\n<li>Proc\u00e9d\u00e9 phase vapeur<\/li>\n<li>Permorfance \u00e9quilibr\u00e9e<\/li>\n<li>3M Novec 71DA, Novec 72DA remplacement<\/li>\n<\/ul>\n<p><a href=\"https:\/\/www.inventec.dehon.com\/wp-content\/uploads\/2021\/04\/GW-Score-40.png\"><img decoding=\"async\" class=\"alignnone size-full wp-image-15225\" src=\"https:\/\/www.inventec.dehon.com\/wp-content\/uploads\/2021\/04\/GW-Score-40.png\" alt=\"\" width=\"278\" height=\"236\" \/><\/a><\/p>\n","protected":false},"featured_media":2276,"comment_status":"closed","ping_status":"closed","template":"","meta":{"_acf_changed":false,"inline_featured_image":false},"product_brand":[],"product_cat":[953,2818],"product_tag":[2543,4317,4285,4184,4369,4767,1821,2542,4598,4277,500],"class_list":{"0":"post-9977","1":"product","2":"type-product","3":"status-publish","4":"has-post-thumbnail","6":"industries-confort-assistanc-a-la-conduite-adas","7":"industries-equipement-medical-scanners","8":"industries-systemes-electroniques-et-electriques","9":"product_cat-nettoyage","10":"product_cat-nettoyage-pcb-defluxage-electronique-et-semiconducteur","11":"product_tag-70es-fr","12":"product_tag-colle","13":"product_tag-defluxage-fr","14":"product_tag-liquides-de-nettoyage-solvants-fr","15":"product_tag-mono-solvant","16":"product_tag-phase-vapeur","17":"product_tag-promosolv-fr","18":"product_tag-promosolv-70es-fr","19":"product_tag-recyclable","20":"product_tag-revetements-fr","21":"product_tag-solvant","22":"pa_application-colles-revetements","23":"pa_application-defluxage","24":"pa_brand-promosolv-fr-2","25":"pa_features-recyclable","26":"pa_processes-mono-solvant","27":"pa_product-category-liquides-de-nettoyage-solvants","29":"first","30":"instock","31":"shipping-taxable","32":"product-type-simple"},"acf":[],"_links":{"self":[{"href":"https:\/\/www.inventec.dehon.com\/fr\/wp-json\/wp\/v2\/product\/9977","targetHints":{"allow":["GET"]}}],"collection":[{"href":"https:\/\/www.inventec.dehon.com\/fr\/wp-json\/wp\/v2\/product"}],"about":[{"href":"https:\/\/www.inventec.dehon.com\/fr\/wp-json\/wp\/v2\/types\/product"}],"replies":[{"embeddable":true,"href":"https:\/\/www.inventec.dehon.com\/fr\/wp-json\/wp\/v2\/comments?post=9977"}],"wp:featuredmedia":[{"embeddable":true,"href":"https:\/\/www.inventec.dehon.com\/fr\/wp-json\/wp\/v2\/media\/2276"}],"wp:attachment":[{"href":"https:\/\/www.inventec.dehon.com\/fr\/wp-json\/wp\/v2\/media?parent=9977"}],"wp:term":[{"taxonomy":"product_brand","embeddable":true,"href":"https:\/\/www.inventec.dehon.com\/fr\/wp-json\/wp\/v2\/product_brand?post=9977"},{"taxonomy":"product_cat","embeddable":true,"href":"https:\/\/www.inventec.dehon.com\/fr\/wp-json\/wp\/v2\/product_cat?post=9977"},{"taxonomy":"product_tag","embeddable":true,"href":"https:\/\/www.inventec.dehon.com\/fr\/wp-json\/wp\/v2\/product_tag?post=9977"}],"curies":[{"name":"wp","href":"https:\/\/api.w.org\/{rel}","templated":true}]}}