{"id":9972,"date":"2021-05-14T12:32:38","date_gmt":"2021-05-14T12:32:38","guid":{"rendered":"https:\/\/www.inventec.dehon.com\/product\/topklean-el-10f\/"},"modified":"2026-01-29T14:10:26","modified_gmt":"2026-01-29T13:10:26","slug":"topklean-el-10f","status":"publish","type":"product","link":"https:\/\/www.inventec.dehon.com\/fr\/product\/topklean-el-10f\/","title":{"rendered":"TOPKLEAN EL 10F"},"content":{"rendered":"<p><img decoding=\"async\" src=\"https:\/\/www.inventec.dehon.com\/wp-content\/uploads\/2021\/03\/TOPKLEAN-canister-yellow-1-600x600.jpg\" alt=\"TOPKLEAN EL 10F\" class=\"responsive-img\" align=\"right\" style=\"border-radius:10px; margin-bottom:10px; margin-top:-10px; margin-left:15px; width:300px\" \/><\/p>\n<h2 style=\"color:#9bc947; margin-bottom:15px\">\u00c9limine les flux, cr\u00e8mes \u00e0 braser et colles non polym\u00e9ris\u00e9es<\/h2>\n<ul>\n<li>Nettoyage \u00e9lectronique polyvalent<\/li>\n<li>Proc\u00e9d\u00e9 manuel<\/li>\n<li>Point d&rsquo;\u00e9clair plus \u00e9lev\u00e9 par rapport \u00e0 l&rsquo;IPA<\/li>\n<\/ul>\n<h5>TOPKLEAN EL 10F<\/h5>\n<p>Est un nettoyant \u00e9lectronique polyvalent pour l&rsquo;\u00e9limination des r\u00e9sidus de flux, des cr\u00e8mes \u00e0 braser non refondues et des colles non polym\u00e9ris\u00e9es dans un proc\u00e9d\u00e9 de nettoyage manuel par aspersion ou par immersion \u00e0 temp\u00e9rature ambiante. Il agit rapidement et efficacement gr\u00e2ce \u00e0 son excellente capacit\u00e9 \u00e0 dissoudre les polluants organiques et min\u00e9raux. Son point d&rsquo;\u00e9clair plus \u00e9lev\u00e9 que celui de l&rsquo;isopropanol (IPA) en fait une solution pr\u00eate \u00e0 l&#8217;emploi, plus s\u00fbre \u00e0 utiliser et r\u00e9duisant consid\u00e9rablement la consommation.<\/p>\n<p>Il s&rsquo;agit d&rsquo;un produit sans CMR, sans aromatique ni halog\u00e8ne et sans potentiel de r\u00e9chauffement de la plan\u00e8te. S\u2019agissant d\u2019un solvant, le produit n\u2019a pas de pH et n\u2019endommagera donc pas les m\u00e9taux ou alliages sensibles.<\/p>\n<p>C&rsquo;est un produit pr\u00eat \u00e0 l&#8217;emploi qui n&rsquo;a pas besoin d&rsquo;\u00eatre dilu\u00e9.<\/p>\n<p><!-- SPECIFICATIONS Section --><\/p>\n<div style=\"font-weight:bold; text-transform:uppercase; border-bottom:2px solid #9DBB2F; padding-bottom:6px; margin-bottom:10px;\">\n  SP\u00c9CIFICATIONS\n<\/div>\n<table width=\"100%\" cellpadding=\"0\" cellspacing=\"0\" style=\"border-collapse:collapse; width:100%; max-width:100%;\">\n<tr>\n<th align=\"left\" style=\"background:#7A7A7A; color:#fff; padding:8px 12px; border:1px solid #BDBDBD;\">SP\u00c9CIFICATIONS<\/th>\n<th align=\"left\" style=\"background:#7A7A7A; color:#fff; padding:8px 12px; border:1px solid #BDBDBD;\">VALEURS<\/th>\n<th align=\"left\" style=\"background:#7A7A7A; color:#fff; padding:8px 12px; border:1px solid #BDBDBD;\">M\u00c9THODES<\/th>\n<\/tr>\n<tr>\n<td style=\"padding:8px 12px; border:1px solid #BDBDBD;\">Aspect<\/td>\n<td style=\"padding:8px 12px; border:1px solid #BDBDBD;\">Incolore clair<\/td>\n<td style=\"padding:8px 12px; border:1px solid #BDBDBD;\">Visuelle<\/td>\n<\/tr>\n<tr style=\"background:#E6E6E6;\">\n<td style=\"padding:8px 12px; border:1px solid #BDBDBD;\">Masse volumique \u00e0 20\u00b0C (g\/ml)<\/td>\n<td style=\"padding:8px 12px; border:1px solid #BDBDBD;\">0,830 \u00b1 0,010<\/td>\n<td style=\"padding:8px 12px; border:1px solid #BDBDBD;\">BRY-MO-028<\/td>\n<\/tr>\n<\/table>\n<p><!-- CHARACTERISTICS Section --><\/p>\n<div style=\"font-weight:bold; text-transform:uppercase; border-bottom:2px solid #9DBB2F; padding-bottom:6px; margin:30px 0 10px 0;\">\n  CARACT\u00c9RISTIQUES\n<\/div>\n<table width=\"100%\" cellpadding=\"0\" cellspacing=\"0\" style=\"border-collapse:collapse; width:100%; max-width:100%;\">\n<tr>\n<th align=\"left\" style=\"background:#7A7A7A; color:#fff; padding:8px 12px; border:1px solid #BDBDBD;\">CARACT\u00c9RISTIQUES<\/th>\n<th align=\"left\" style=\"background:#7A7A7A; color:#fff; padding:8px 12px; border:1px solid #BDBDBD;\">VALEURS<\/th>\n<\/tr>\n<tr>\n<td style=\"padding:8px 12px; border:1px solid #BDBDBD;\">Point \u00e9clair<\/td>\n<td style=\"padding:8px 12px; border:1px solid #BDBDBD;\">38\u00b0C \/ 100\u00b0F<\/td>\n<\/tr>\n<tr style=\"background:#E6E6E6;\">\n<td style=\"padding:8px 12px; border:1px solid #BDBDBD;\">Taux d&rsquo;\u00e9vaporation relatif (nBuAc=1)<\/td>\n<td style=\"padding:8px 12px; border:1px solid #BDBDBD;\">0.15<\/td>\n<\/tr>\n<tr>\n<td style=\"padding:8px 12px; border:1px solid #BDBDBD;\">Solubilit\u00e9 dans l&rsquo;eau<\/td>\n<td style=\"padding:8px 12px; border:1px solid #BDBDBD;\">Partiellement soluble<\/td>\n<\/tr>\n<tr style=\"background:#E6E6E6;\">\n<td style=\"padding:8px 12px; border:1px solid #BDBDBD;\">Teneur en eau (% poids)<\/td>\n<td style=\"padding:8px 12px; border:1px solid #BDBDBD;\">&lt;0.1<\/td>\n<\/tr>\n<tr>\n<td style=\"padding:8px 12px; border:1px solid #BDBDBD;\">Teneur en aromatiques (% poids)<\/td>\n<td style=\"padding:8px 12px; border:1px solid #BDBDBD;\">&lt;0.01<\/td>\n<\/tr>\n<tr style=\"background:#E6E6E6;\">\n<td style=\"padding:8px 12px; border:1px solid #BDBDBD;\">R\u00e9sidus non volatils (g\/100 ml)<\/td>\n<td style=\"padding:8px 12px; border:1px solid #BDBDBD;\">&lt;0.01<\/td>\n<\/tr>\n<tr>\n<td style=\"padding:8px 12px; border:1px solid #BDBDBD;\">Viscosit\u00e9 \u00e0 25\u00b0C \/ 77\u00b0F<\/td>\n<td style=\"padding:8px 12px; border:1px solid #BDBDBD;\">302 (mm\u00b2\/s) 1.2<\/td>\n<\/tr>\n<tr style=\"background:#E6E6E6;\">\n<td style=\"padding:8px 12px; border:1px solid #BDBDBD;\">Pression de vapeur \u00e0 20\u00b0C \/ 68\u00b0F (hPa)<\/td>\n<td style=\"padding:8px 12px; border:1px solid #BDBDBD;\">2.8<\/td>\n<\/tr>\n<tr>\n<td style=\"padding:8px 12px; border:1px solid #BDBDBD;\">Plage d&rsquo;\u00e9bullition (\u00b0C\/\u00b0F)<\/td>\n<td style=\"padding:8px 12px; border:1px solid #BDBDBD;\">150-170 \/ 302-338<\/td>\n<\/tr>\n<\/table>\n","protected":false},"excerpt":{"rendered":"<ul>\n<li>Nettoyage \u00e9lectronique polyvalent<\/li>\n<li>Proc\u00e9d\u00e9 manuel<\/li>\n<li>Point d&rsquo;\u00e9clair plus \u00e9lev\u00e9 par rapport \u00e0 l&rsquo;IPA<\/li>\n<\/ul>\n<p><a href=\"https:\/\/www.inventec.dehon.com\/wp-content\/uploads\/2021\/05\/Capture-decran-GWP-65.png\"><img decoding=\"async\" class=\"alignnone size-full wp-image-17203\" src=\"https:\/\/www.inventec.dehon.com\/wp-content\/uploads\/2021\/05\/Capture-decran-GWP-65.png\" alt=\"\" width=\"328\" height=\"274\" srcset=\"https:\/\/www.inventec.dehon.com\/wp-content\/uploads\/2021\/05\/Capture-decran-GWP-65.png 328w, https:\/\/www.inventec.dehon.com\/wp-content\/uploads\/2021\/05\/Capture-decran-GWP-65-300x251.png 300w\" sizes=\"(max-width: 328px) 100vw, 328px\" \/><\/a><\/p>\n","protected":false},"featured_media":24449,"comment_status":"closed","ping_status":"closed","template":"","meta":{"_acf_changed":false,"inline_featured_image":false},"product_brand":[],"product_cat":[953,2822,2821,2818,2823],"product_tag":[2556,4317,4285,2103,2555,4397,4425,4361,4184,4405,4365,4457,4771,4277,500,2038,2554],"class_list":{"0":"post-9972","1":"product","2":"type-product","3":"status-publish","4":"has-post-thumbnail","6":"industries-confort-assistanc-a-la-conduite-adas","7":"industries-equipement-medical-scanners","8":"industries-systemes-electroniques-et-electriques","9":"product_cat-nettoyage","10":"product_cat-nettoyage-colles-smt-electronique-et-semiconducteur","11":"product_cat-nettoyage-de-maintenance-electronique-et-semiconducteur","12":"product_cat-nettoyage-pcb-defluxage-electronique-et-semiconducteur","13":"product_cat-nettoyage-erreurs-impression-pochoirs-electronique-et-semiconducteur","14":"product_tag-10f-fr","15":"product_tag-colle","16":"product_tag-defluxage-fr","17":"product_tag-el-fr","18":"product_tag-el-10f-fr","19":"product_tag-four","20":"product_tag-four-de-refusion-fr","21":"product_tag-impression-defectueuse","22":"product_tag-liquides-de-nettoyage-solvants-fr","23":"product_tag-palettes","24":"product_tag-pcb-mal-imprime-fr","25":"product_tag-pochoir","26":"product_tag-porteurs-dondes","27":"product_tag-revetements-fr","28":"product_tag-solvant","29":"product_tag-topklean-fr","30":"product_tag-topklean-el-10f-fr","31":"pa_application-colles-revetements","32":"pa_application-defluxage","33":"pa_application-four-de-refusion","34":"pa_application-pochoirs-defauts-dimpression","35":"pa_application-supports-et-plateaux-pour-vague","36":"pa_brand-topklean-fr-2","37":"pa_processes-manuel","38":"pa_product-category-liquides-de-nettoyage-solvants","40":"first","41":"instock","42":"shipping-taxable","43":"product-type-simple"},"acf":[],"_links":{"self":[{"href":"https:\/\/www.inventec.dehon.com\/fr\/wp-json\/wp\/v2\/product\/9972","targetHints":{"allow":["GET"]}}],"collection":[{"href":"https:\/\/www.inventec.dehon.com\/fr\/wp-json\/wp\/v2\/product"}],"about":[{"href":"https:\/\/www.inventec.dehon.com\/fr\/wp-json\/wp\/v2\/types\/product"}],"replies":[{"embeddable":true,"href":"https:\/\/www.inventec.dehon.com\/fr\/wp-json\/wp\/v2\/comments?post=9972"}],"wp:featuredmedia":[{"embeddable":true,"href":"https:\/\/www.inventec.dehon.com\/fr\/wp-json\/wp\/v2\/media\/24449"}],"wp:attachment":[{"href":"https:\/\/www.inventec.dehon.com\/fr\/wp-json\/wp\/v2\/media?parent=9972"}],"wp:term":[{"taxonomy":"product_brand","embeddable":true,"href":"https:\/\/www.inventec.dehon.com\/fr\/wp-json\/wp\/v2\/product_brand?post=9972"},{"taxonomy":"product_cat","embeddable":true,"href":"https:\/\/www.inventec.dehon.com\/fr\/wp-json\/wp\/v2\/product_cat?post=9972"},{"taxonomy":"product_tag","embeddable":true,"href":"https:\/\/www.inventec.dehon.com\/fr\/wp-json\/wp\/v2\/product_tag?post=9972"}],"curies":[{"name":"wp","href":"https:\/\/api.w.org\/{rel}","templated":true}]}}