{"id":9964,"date":"2021-05-14T11:31:40","date_gmt":"2021-05-14T11:31:40","guid":{"rendered":"https:\/\/www.inventec.dehon.com\/product\/quicksolv-def90\/"},"modified":"2026-01-29T11:10:06","modified_gmt":"2026-01-29T10:10:06","slug":"quicksolv-def-90","status":"publish","type":"product","link":"https:\/\/www.inventec.dehon.com\/fr\/product\/quicksolv-def-90\/","title":{"rendered":"QUICKSOLV DEF 90"},"content":{"rendered":"<p><img decoding=\"async\" src=\"https:\/\/www.inventec.dehon.com\/wp-content\/uploads\/2021\/05\/QUICKSOLV-drum-colorless-1-600x600.png\" alt=\"QUICKSOLV DEF 90\" class=\"responsive-img\" align=\"right\" style=\"border-radius:10px; margin-bottom:10px; margin-top:-10px; margin-left:15px; width:300px\" \/><\/p>\n<h2 style=\"color:#9bc947; margin-bottom:15px\">Solution de nettoyant multi-usages<\/h2>\n<ul>\n<li>Nettoyants \u00e0 multi-usages<\/li>\n<li>Nettoyage manuel<\/li>\n<li>Ininflammable<\/li>\n<\/ul>\n<h5>QUICKSOLV DEF 90<\/h5>\n<p>Est un nettoyant industriel multi-usages pour le nettoyage manuel des huiles, graisses, r\u00e9sidus organiques et les flux de soudure apr\u00e8s refusion. Gr\u00e2ce \u00e0 sa faible tension de surface et \u00e0 ses substances r\u00e9actives, il permet de solubiliser la plupart des polluants organiques. Son \u00e9vaporation rapide permet de r\u00e9duire consid\u00e9rablement le temps de nettoyage.<\/p>\n<p><strong>QUICKSOLV DEF 90<\/strong> est une formulation ininflammable et peut donc remplacer les solvants inflammables tels que l&rsquo;essence, l&rsquo;isopropanol ou l&rsquo;ac\u00e9tone ou tout autre produit de nettoyage inflammable. Il est formul\u00e9 en tenant compte de la s\u00e9curit\u00e9, de la sant\u00e9 des op\u00e9rateurs et de l&rsquo;environnement.<\/p>\n<p>Il peut \u00eatre utilis\u00e9 pour de nombreuses applications :<\/p>\n<ul>\n<li>Entretien des pi\u00e8ces m\u00e9caniques<\/li>\n<li>D\u00e9graissage de pi\u00e8ces m\u00e9talliques produites en petites quantit\u00e9s dans l&rsquo;industrie microm\u00e9canique et m\u00e9canique.<\/li>\n<li>D\u00e9fluxage de circuits imprim\u00e9s en reprise ou en production de faible volume.<\/li>\n<li>\u00c9limination des particules de m\u00e9taux dans la fabrication additive<\/li>\n<li>Il peut \u00e9galement \u00e9liminer certains r\u00e9sidus de colle, de vernis, de rev\u00eatements ou de mat\u00e9riaux polym\u00e9ris\u00e9s, mais sous r\u00e9serve de tests pr\u00e9alables.<\/li>\n<\/ul>\n<p><!-- SP\u00c9CIFICATIONS Section --><\/p>\n<div style=\"font-weight:bold; text-transform:uppercase; border-bottom:2px solid #9DBB2F; padding-bottom:6px; margin-bottom:10px;\">\n  SP\u00c9CIFICATIONS\n<\/div>\n<table width=\"100%\" cellpadding=\"0\" cellspacing=\"0\" style=\"border-collapse:collapse; width:100%; max-width:100%;\">\n<tr>\n<th align=\"left\" style=\"background:#7A7A7A; color:#fff; padding:8px 12px; border:1px solid #BDBDBD;\">SP\u00c9CIFICATIONS<\/th>\n<th align=\"left\" style=\"background:#7A7A7A; color:#fff; padding:8px 12px; border:1px solid #BDBDBD;\">VALEURS<\/th>\n<th align=\"left\" style=\"background:#7A7A7A; color:#fff; padding:8px 12px; border:1px solid #BDBDBD;\">M\u00c9THODES<\/th>\n<\/tr>\n<tr>\n<td style=\"padding:8px 12px; border:1px solid #BDBDBD;\">Aspect<\/td>\n<td style=\"padding:8px 12px; border:1px solid #BDBDBD;\">Liquide incolore<\/td>\n<td style=\"padding:8px 12px; border:1px solid #BDBDBD;\">Visuelle<\/td>\n<\/tr>\n<tr style=\"background:#E6E6E6;\">\n<td style=\"padding:8px 12px; border:1px solid #BDBDBD;\">Puret\u00e9 (% poids)<\/td>\n<td style=\"padding:8px 12px; border:1px solid #BDBDBD;\">&gt;99.0<\/td>\n<td style=\"padding:8px 12px; border:1px solid #BDBDBD;\">Interne \/ MO.SB.10033<\/td>\n<\/tr>\n<\/table>\n<p><!-- CARACT\u00c9RISTIQUES Section --><\/p>\n<div style=\"font-weight:bold; text-transform:uppercase; border-bottom:2px solid #9DBB2F; padding-bottom:6px; margin:30px 0 10px 0;\">\n  CARACT\u00c9RISTIQUES\n<\/div>\n<table width=\"100%\" cellpadding=\"0\" cellspacing=\"0\" style=\"border-collapse:collapse; width:100%; max-width:100%;\">\n<tr>\n<th align=\"left\" style=\"background:#7A7A7A; color:#fff; padding:8px 12px; border:1px solid #BDBDBD;\">CARACT\u00c9RISTIQUES<\/th>\n<th align=\"left\" style=\"background:#7A7A7A; color:#fff; padding:8px 12px; border:1px solid #BDBDBD;\">VALEURS<\/th>\n<\/tr>\n<tr>\n<td style=\"padding:8px 12px; border:1px solid #BDBDBD;\">Point \u00e9clair<\/td>\n<td style=\"padding:8px 12px; border:1px solid #BDBDBD;\">aucun<\/td>\n<\/tr>\n<tr style=\"background:#E6E6E6;\">\n<td style=\"padding:8px 12px; border:1px solid #BDBDBD;\">Point d&rsquo;\u00e9bullition<\/td>\n<td style=\"padding:8px 12px; border:1px solid #BDBDBD;\">48\u00b0C \/ 118\u00b0F<\/td>\n<\/tr>\n<tr>\n<td style=\"padding:8px 12px; border:1px solid #BDBDBD;\">Point de cong\u00e9lation<\/td>\n<td style=\"padding:8px 12px; border:1px solid #BDBDBD;\">-135\u00b0C \/ -211\u00b0F<\/td>\n<\/tr>\n<tr style=\"background:#E6E6E6;\">\n<td style=\"padding:8px 12px; border:1px solid #BDBDBD;\">Masse volumique \u00e0 20\u00b0C (g\/ml)<\/td>\n<td style=\"padding:8px 12px; border:1px solid #BDBDBD;\">1,27<\/td>\n<\/tr>\n<tr>\n<td style=\"padding:8px 12px; border:1px solid #BDBDBD;\">Tension de surface (dynes\/cm)<\/td>\n<td style=\"padding:8px 12px; border:1px solid #BDBDBD;\">13.6<\/td>\n<\/tr>\n<tr style=\"background:#E6E6E6;\">\n<td style=\"padding:8px 12px; border:1px solid #BDBDBD;\">IKB (Kauri-Butanol)<\/td>\n<td style=\"padding:8px 12px; border:1px solid #BDBDBD;\">&gt;100<\/td>\n<\/tr>\n<tr>\n<td style=\"padding:8px 12px; border:1px solid #BDBDBD;\">Pression de vapeur \u00e0 20\u00b0C<\/td>\n<td style=\"padding:8px 12px; border:1px solid #BDBDBD;\">65 kPa<\/td>\n<\/tr>\n<tr style=\"background:#E6E6E6;\">\n<td style=\"padding:8px 12px; border:1px solid #BDBDBD;\">Viscosit\u00e9 dynamique \u00e0 25\u00b0C<\/td>\n<td style=\"padding:8px 12px; border:1px solid #BDBDBD;\">0,4 mPa.s<\/td>\n<\/tr>\n<tr>\n<td style=\"padding:8px 12px; border:1px solid #BDBDBD;\">Solubilit\u00e9 dans l&rsquo;eau<\/td>\n<td style=\"padding:8px 12px; border:1px solid #BDBDBD;\">Insoluble<\/td>\n<\/tr>\n<\/table>\n","protected":false},"excerpt":{"rendered":"<ul>\n<li>Nettoyants \u00e0 multi-usages<\/li>\n<li>Nettoyage manuel<\/li>\n<li>Ininflammable<\/li>\n<\/ul>\n<p><a href=\"https:\/\/www.inventec.dehon.com\/wp-content\/uploads\/2021\/05\/GW-Score-35.png\"><img decoding=\"async\" class=\"alignnone wp-image-15275\" src=\"https:\/\/www.inventec.dehon.com\/wp-content\/uploads\/2021\/05\/GW-Score-35.png\" alt=\"\" width=\"40\" height=\"34\" \/><\/a><\/p>\n","protected":false},"featured_media":3294,"comment_status":"closed","ping_status":"closed","template":"","meta":{"_acf_changed":false,"inline_featured_image":false},"product_brand":[],"product_cat":[694,2827,2826,2834,742,953,2822,2818,560],"product_tag":[2263,4481,4317,2262,2261,4285,5413,4485,4321,4393,4409,4237,4325,4184,4405,4771,2260,2259,4598,4277,500],"class_list":{"0":"post-9964","1":"product","2":"type-product","3":"status-publish","4":"has-post-thumbnail","6":"industries-aerosystemes","7":"industries-chassis-et-roues-et-direction","8":"industries-confort-assistanc-a-la-conduite-adas","9":"industries-equipement-medical-scanners","10":"industries-groupe-motopropulseur","11":"industries-moteurs","12":"industries-systemes-datterrissage","13":"industries-systemes-electroniques-et-electriques","14":"product_cat-decapage-desoxydation","15":"product_cat-degraissage-de-divers-composants-metalliques","16":"product_cat-deshuilage-de-divers-composants-metalliques","17":"product_cat-elimination-de-la-cire-apres-polissage","18":"product_cat-elimination-des-particules","19":"product_cat-nettoyage","20":"product_cat-nettoyage-colles-smt-electronique-et-semiconducteur","21":"product_cat-nettoyage-pcb-defluxage-electronique-et-semiconducteur","22":"product_cat-solutions-de-fabrication-additive","23":"product_tag-90-fr","24":"product_tag-cire-fr","25":"product_tag-colle","26":"product_tag-def-fr","27":"product_tag-def-90-fr","28":"product_tag-defluxage-fr","29":"product_tag-degraissage-fr","30":"product_tag-elimination-de-la-cire-fr","31":"product_tag-elimination-des-graisses-fr","32":"product_tag-elimination-des-huiles-fr","33":"product_tag-elimination-des-particules-fr","34":"product_tag-fabrication-additive-fr","35":"product_tag-greenway","36":"product_tag-liquides-de-nettoyage-solvants-fr","37":"product_tag-palettes","38":"product_tag-porteurs-dondes","39":"product_tag-quicksolv-fr","40":"product_tag-quicksolv-def-90-fr","41":"product_tag-recyclable","42":"product_tag-revetements-fr","43":"product_tag-solvant","44":"pa_application-colles-revetements","45":"pa_application-defluxage","46":"pa_application-elimination-de-la-cire","47":"pa_application-elimination-des-graisses","48":"pa_application-elimination-des-huiles","49":"pa_application-elimination-des-particules","50":"pa_application-solutions-pour-fabrication-additive","51":"pa_application-supports-et-plateaux-pour-vague","52":"pa_brand-quicksolv-fr","53":"pa_features-adapte-aux-bases-hydrocarbonees","54":"pa_features-greenway","55":"pa_features-recyclable","56":"pa_processes-manuel","57":"pa_product-category-liquides-de-nettoyage-solvants","59":"first","60":"instock","61":"shipping-taxable","62":"product-type-simple"},"acf":[],"_links":{"self":[{"href":"https:\/\/www.inventec.dehon.com\/fr\/wp-json\/wp\/v2\/product\/9964","targetHints":{"allow":["GET"]}}],"collection":[{"href":"https:\/\/www.inventec.dehon.com\/fr\/wp-json\/wp\/v2\/product"}],"about":[{"href":"https:\/\/www.inventec.dehon.com\/fr\/wp-json\/wp\/v2\/types\/product"}],"replies":[{"embeddable":true,"href":"https:\/\/www.inventec.dehon.com\/fr\/wp-json\/wp\/v2\/comments?post=9964"}],"wp:featuredmedia":[{"embeddable":true,"href":"https:\/\/www.inventec.dehon.com\/fr\/wp-json\/wp\/v2\/media\/3294"}],"wp:attachment":[{"href":"https:\/\/www.inventec.dehon.com\/fr\/wp-json\/wp\/v2\/media?parent=9964"}],"wp:term":[{"taxonomy":"product_brand","embeddable":true,"href":"https:\/\/www.inventec.dehon.com\/fr\/wp-json\/wp\/v2\/product_brand?post=9964"},{"taxonomy":"product_cat","embeddable":true,"href":"https:\/\/www.inventec.dehon.com\/fr\/wp-json\/wp\/v2\/product_cat?post=9964"},{"taxonomy":"product_tag","embeddable":true,"href":"https:\/\/www.inventec.dehon.com\/fr\/wp-json\/wp\/v2\/product_tag?post=9964"}],"curies":[{"name":"wp","href":"https:\/\/api.w.org\/{rel}","templated":true}]}}