{"id":9945,"date":"2021-05-20T08:58:00","date_gmt":"2021-05-20T08:58:00","guid":{"rendered":"https:\/\/www.inventec.dehon.com\/product\/ecorel-free-305-28\/"},"modified":"2026-01-22T10:29:46","modified_gmt":"2026-01-22T09:29:46","slug":"ecorel-free-305-28","status":"publish","type":"product","link":"https:\/\/www.inventec.dehon.com\/fr\/product\/ecorel-free-305-28\/","title":{"rendered":"ECOREL FREE 305-28"},"content":{"rendered":"<p><img decoding=\"async\" src=\"https:\/\/www.inventec.dehon.com\/wp-content\/uploads\/2021\/01\/Ecorel-Free-600x600.png\" alt=\"ECOREL FREE 305-28\" class=\"responsive-img\" align=\"right\" style=\"border-radius:10px; margin-bottom:10px; margin-top:-10px; margin-left:15px; width:300px\" \/><\/p>\n<h2 style=\"color:#9bc947; margin-bottom:15px\">Cr\u00e8me \u00e0 braser pour assemblage de cartes complexes et de gros volumes<\/h2>\n<ul>\n<li>Cr\u00e8me \u00e0 braser sans plomb SAC305<\/li>\n<li>Proc\u00e9d\u00e9 d&rsquo;impression SMT sans nettoyage<\/li>\n<li>Proc\u00e9d\u00e9 d&rsquo;assemblage robuste<\/li>\n<\/ul>\n<h5>ECOREL FREE 305-28<\/h5>\n<p>Est sp\u00e9cialement con\u00e7u pour l&rsquo;assemblage de cartes complexes et de gros volumes. La cr\u00e8me a une tr\u00e8s bonne performance de \u00ab\u00a0pin-in-paste\u00a0\u00bb dans une large fen\u00eatre de processus pour obtenir un fonctionnement impeccable, reproductible et stable. En outre, il pr\u00e9sente des performances id\u00e9ales lors du brasage de cartes de taille moyenne \u00e0 grande.<\/p>\n<p>La formulation <strong>ECOREL FREE 305-28<\/strong> est \u00e9galement disponible dans d&rsquo;autres alliages et tailles de particules sur demande.<\/p>\n<p><!-- FEATURES Section --><\/p>\n<div style=\"font-weight:bold; text-transform:uppercase; border-bottom:2px solid #9DBB2F; padding-bottom:6px; margin-bottom:10px;\">\n  PROPRI\u00c9T\u00c9S\n<\/div>\n<table width=\"100%\" cellpadding=\"0\" cellspacing=\"0\" style=\"border-collapse:collapse; width:100%; max-width:100%;\">\n<tr>\n<th align=\"left\" style=\"background:#7A7A7A; color:#fff; padding:8px 12px; border:1px solid #BDBDBD;\">\n      SP\u00c9CIFICATIONS\n    <\/th>\n<th align=\"left\" style=\"background:#7A7A7A; color:#fff; padding:8px 12px; border:1px solid #BDBDBD;\">\n      ECOREL FREE 305-28 T4\n    <\/th>\n<\/tr>\n<tr>\n<td style=\"padding:8px 12px; border:1px solid #BDBDBD;\">Alliage<\/td>\n<td style=\"padding:8px 12px; border:1px solid #BDBDBD;\">Sn96,5Ag3Cu0,5<\/td>\n<\/tr>\n<tr style=\"background:#E6E6E6;\">\n<td style=\"padding:8px 12px; border:1px solid #BDBDBD;\">Point de fusion (\u00b0C\/\u00b0F)<\/td>\n<td style=\"padding:8px 12px; border:1px solid #BDBDBD;\">217 \/ 422<\/td>\n<\/tr>\n<tr>\n<td style=\"padding:8px 12px; border:1px solid #BDBDBD;\">Teneur en m\u00e9tal (%)<\/td>\n<td style=\"padding:8px 12px; border:1px solid #BDBDBD;\">88,5<\/td>\n<\/tr>\n<tr style=\"background:#E6E6E6;\">\n<td style=\"padding:8px 12px; border:1px solid #BDBDBD;\">R\u00e9sidus post-refusion<\/td>\n<td style=\"padding:8px 12px; border:1px solid #BDBDBD;\">Environ 5% par w\/w<\/td>\n<\/tr>\n<tr>\n<td style=\"padding:8px 12px; border:1px solid #BDBDBD;\">Taille de particules<\/td>\n<td style=\"padding:8px 12px; border:1px solid #BDBDBD;\">20 \u2013 38 microns \/ Type 4<\/td>\n<\/tr>\n<tr style=\"background:#E6E6E6;\">\n<td style=\"padding:8px 12px; border:1px solid #BDBDBD;\">Viscosit\u00e9 pompe \u00e0 spirale* (Pa.s \u00e0 25\u00b0C)<\/td>\n<td style=\"padding:8px 12px; border:1px solid #BDBDBD;\">Standard 135<\/td>\n<\/tr>\n<\/table>\n<p style=\"font-size:0.85em;\">*L\u2019\u00e9quipement utilis\u00e9 pour tester la viscosit\u00e9 de la pompe \u00e0 spirale est un Malcom \u00e0 une vitesse de rotation de 10 RPM.<\/p>\n<p><!-- FUNCTIONAL TESTS Section --><\/p>\n<div style=\"font-weight:bold; text-transform:uppercase; border-bottom:2px solid #9DBB2F; padding-bottom:6px; margin-bottom:10px;\">\n  CARACT\u00c9RISTIQUES\n<\/div>\n<table width=\"100%\" cellpadding=\"0\" cellspacing=\"0\" style=\"border-collapse:collapse; width:100%; max-width:100%;\">\n<tr>\n<th align=\"left\" style=\"background:#7A7A7A; color:#fff; padding:8px 12px; border:1px solid #BDBDBD;\">\n      CARACT\u00c9RISTIQUES\n    <\/th>\n<th align=\"left\" style=\"background:#7A7A7A; color:#fff; padding:8px 12px; border:1px solid #BDBDBD;\">\n      VALEURS\n    <\/th>\n<th align=\"left\" style=\"background:#7A7A7A; color:#fff; padding:8px 12px; border:1px solid #BDBDBD;\">\n      M\u00c9THODE\n    <\/th>\n<\/tr>\n<tr>\n<td style=\"padding:8px 12px; border:1px solid #BDBDBD;\">Classification de flux<\/td>\n<td style=\"padding:8px 12px; border:1px solid #BDBDBD;\">\n      ROL0<br \/>\n      113\n    <\/td>\n<td style=\"padding:8px 12px; border:1px solid #BDBDBD;\">\n      ANSI\/J-STD-004<br \/>\n      ISO 9454\n    <\/td>\n<\/tr>\n<tr style=\"background:#E6E6E6;\">\n<td style=\"padding:8px 12px; border:1px solid #BDBDBD;\">Test de coalescence<\/td>\n<td style=\"padding:8px 12px; border:1px solid #BDBDBD;\">Passe<\/td>\n<td style=\"padding:8px 12px; border:1px solid #BDBDBD;\">ANSI\/J-STD-005<\/td>\n<\/tr>\n<tr>\n<td style=\"padding:8px 12px; border:1px solid #BDBDBD;\">Miroir de cuivre<\/td>\n<td style=\"padding:8px 12px; border:1px solid #BDBDBD;\">Passe<\/td>\n<td style=\"padding:8px 12px; border:1px solid #BDBDBD;\">ANSI\/J-STD-004<\/td>\n<\/tr>\n<tr style=\"background:#E6E6E6;\">\n<td style=\"padding:8px 12px; border:1px solid #BDBDBD;\">Corrosion sur cuivre<\/td>\n<td style=\"padding:8px 12px; border:1px solid #BDBDBD;\">Passe<\/td>\n<td style=\"padding:8px 12px; border:1px solid #BDBDBD;\">ANSI\/J-STD-004<\/td>\n<\/tr>\n<tr>\n<td style=\"padding:8px 12px; border:1px solid #BDBDBD;\">SIR (IPC)<\/td>\n<td style=\"padding:8px 12px; border:1px solid #BDBDBD;\">Passe<\/td>\n<td style=\"padding:8px 12px; border:1px solid #BDBDBD;\">ANSI\/J-STD-004<\/td>\n<\/tr>\n<tr style=\"background:#E6E6E6;\">\n<td style=\"padding:8px 12px; border:1px solid #BDBDBD;\">SIR (Bellcore)<\/td>\n<td style=\"padding:8px 12px; border:1px solid #BDBDBD;\">Passe<\/td>\n<td style=\"padding:8px 12px; border:1px solid #BDBDBD;\">Bellcore<\/td>\n<\/tr>\n<tr>\n<td style=\"padding:8px 12px; border:1px solid #BDBDBD;\">Electromigration (IPC \/ Bellcore)<\/td>\n<td style=\"padding:8px 12px; border:1px solid #BDBDBD;\">Passe<\/td>\n<td style=\"padding:8px 12px; border:1px solid #BDBDBD;\">ANSI\/J-STD-004 \/ Bellcore<\/td>\n<\/tr>\n<\/table>\n","protected":false},"excerpt":{"rendered":"<ul>\n<li>Cr\u00e8me \u00e0 braser sans plomb SAC305<\/li>\n<li>Proc\u00e9d\u00e9 d&rsquo;impression SMT sans nettoyage<\/li>\n<li>Proc\u00e9d\u00e9 d&rsquo;assemblage robuste<\/li>\n<\/ul>\n","protected":false},"featured_media":2226,"comment_status":"closed","ping_status":"closed","template":"","meta":{"_acf_changed":false,"inline_featured_image":false},"product_brand":[],"product_cat":[2804],"product_tag":[1344,1391,5197,5086,5209,5229,5213,5090,1390,1281,5189,5153,5160,5161,5193,5082,3991,5217,1682,3992,5240,5243],"class_list":{"0":"post-9945","1":"product","2":"type-product","3":"status-publish","4":"has-post-thumbnail","6":"product_cat-solutions-de-creme-a-braser-pour-assemblage-de-pcb-en-grande-serie","7":"product_tag-305-fr","8":"product_tag-305-28-fr","9":"product_tag-alliage-sac-305","10":"product_tag-alliage-sans-plomb","11":"product_tag-brasage-smt-fr","12":"product_tag-brasage-tht-fr","13":"product_tag-creme-a-braser-fr","14":"product_tag-creme-a-braser-sans-plomb","15":"product_tag-ecorel-free-305-28-fr","16":"product_tag-free-fr","17":"product_tag-impression","18":"product_tag-poudre","19":"product_tag-poudre-type-3","20":"product_tag-poudre-type-4","21":"product_tag-sac-305","22":"product_tag-sans-plomb","23":"product_tag-smt-fr","24":"product_tag-t3","25":"product_tag-t4-fr","26":"product_tag-tht-fr","27":"product_tag-type-3","28":"product_tag-type-4","29":"pa_application-brasage-smt-tht","30":"pa_brand-ecorel-fr-2","31":"pa_features-alliage-sac-305","32":"pa_features-alliage-sans-plomb","33":"pa_features-poudre-type-3-4","34":"pa_processes-impression","35":"pa_product-category-creme-a-braser","37":"first","38":"instock","39":"shipping-taxable","40":"product-type-simple"},"acf":[],"_links":{"self":[{"href":"https:\/\/www.inventec.dehon.com\/fr\/wp-json\/wp\/v2\/product\/9945","targetHints":{"allow":["GET"]}}],"collection":[{"href":"https:\/\/www.inventec.dehon.com\/fr\/wp-json\/wp\/v2\/product"}],"about":[{"href":"https:\/\/www.inventec.dehon.com\/fr\/wp-json\/wp\/v2\/types\/product"}],"replies":[{"embeddable":true,"href":"https:\/\/www.inventec.dehon.com\/fr\/wp-json\/wp\/v2\/comments?post=9945"}],"wp:featuredmedia":[{"embeddable":true,"href":"https:\/\/www.inventec.dehon.com\/fr\/wp-json\/wp\/v2\/media\/2226"}],"wp:attachment":[{"href":"https:\/\/www.inventec.dehon.com\/fr\/wp-json\/wp\/v2\/media?parent=9945"}],"wp:term":[{"taxonomy":"product_brand","embeddable":true,"href":"https:\/\/www.inventec.dehon.com\/fr\/wp-json\/wp\/v2\/product_brand?post=9945"},{"taxonomy":"product_cat","embeddable":true,"href":"https:\/\/www.inventec.dehon.com\/fr\/wp-json\/wp\/v2\/product_cat?post=9945"},{"taxonomy":"product_tag","embeddable":true,"href":"https:\/\/www.inventec.dehon.com\/fr\/wp-json\/wp\/v2\/product_tag?post=9945"}],"curies":[{"name":"wp","href":"https:\/\/api.w.org\/{rel}","templated":true}]}}