{"id":9942,"date":"2021-06-16T13:41:25","date_gmt":"2021-06-16T13:41:25","guid":{"rendered":"https:\/\/www.inventec.dehon.com\/product\/ecofrec-202\/"},"modified":"2026-01-20T15:01:09","modified_gmt":"2026-01-20T14:01:09","slug":"ecofrec-202","status":"publish","type":"product","link":"https:\/\/www.inventec.dehon.com\/fr\/product\/ecofrec-202\/","title":{"rendered":"ECOFREC 202"},"content":{"rendered":"<p><img decoding=\"async\" src=\"https:\/\/www.inventec.dehon.com\/wp-content\/uploads\/2021\/04\/ECOFREC-canister-solvent-based-600x600.png\" alt=\"ECOFREC 202\" class=\"responsive-img\" align=\"right\" style=\"border-radius:10px; margin-bottom:10px; margin-top:-10px; margin-left:15px; width:300px\" \/><\/p>\n<h2 style=\"color: #9bc947; margin-bottom: 15px;\">Flux de soudure \u00e0 solvant de qualit\u00e9 sup\u00e9rieure<\/h2>\n<ul>\n<li>Flux liquide non nettoyant \u00e0 base de solvant<\/li>\n<li>Soudure \u00e0 l&rsquo;air ou \u00e0 l&rsquo;azote sous atmosph\u00e8re contr\u00f4l\u00e9e.<\/li>\n<li>Haute fiabilit\u00e9 et absence de r\u00e9sidus visuels<\/li>\n<\/ul>\n<h5>ECOFREC 202<\/h5>\n<p>D\u00e9velopp\u00e9 pour avoir une bonne mouillabilit\u00e9 sur diff\u00e9rents PCB sans plomb comme OSP, Ni\/Au, Sn, Ag. <strong>ECOFREC 202<\/strong> est un flux \u00e0 tr\u00e8s faible extrait sec qui peut \u00eatre utilis\u00e9 pour la soudure sans plomb, par mousse ou par pulv\u00e9risation. <\/p>\n<p>Son syst\u00e8me d&rsquo;activation, sans halog\u00e9nure (Fluorure, Chlorure ou Bromure) et sans amine, est \u00e9limin\u00e9 apr\u00e8s le brasage \u00e0 la vague, sans laisser de r\u00e9sidu visible sur les circuits imprim\u00e9s.<\/p>\n<p><!-- FEATURES Section --><\/p>\n<div style=\"font-weight:bold; border-bottom:2px solid #9DBB2F; padding-bottom:6px; margin-bottom:10px;\">\n  PROPRI\u00c9T\u00c9S\n<\/div>\n<table width=\"100%\" cellpadding=\"0\" cellspacing=\"0\" style=\"border-collapse:collapse; width:100%; max-width:100%;\">\n<tr>\n<th align=\"left\" style=\"background:#7A7A7A; color:#fff; padding:8px 12px; border:1px solid #BDBDBD;\">SP\u00c9CIFICATIONS<\/th>\n<th align=\"left\" style=\"background:#7A7A7A; color:#fff; padding:8px 12px; border:1px solid #BDBDBD;\">ECOFREC 202<\/th>\n<\/tr>\n<tr>\n<td style=\"padding:8px 12px; border:1px solid #BDBDBD;\">Aspect<\/td>\n<td style=\"padding:8px 12px; border:1px solid #BDBDBD;\">Liquide incolore<\/td>\n<\/tr>\n<tr style=\"background:#E6E6E6;\">\n<td style=\"padding:8px 12px; border:1px solid #BDBDBD;\">Densit\u00e9 \u00e0 20\u00b0C<\/td>\n<td style=\"padding:8px 12px; border:1px solid #BDBDBD;\">0,814 \u2013 0,822<\/td>\n<\/tr>\n<tr>\n<td style=\"padding:8px 12px; border:1px solid #BDBDBD;\">Point \u00e9clair<\/td>\n<td style=\"padding:8px 12px; border:1px solid #BDBDBD;\">16\u00b0C<\/td>\n<\/tr>\n<tr style=\"background:#E6E6E6;\">\n<td style=\"padding:8px 12px; border:1px solid #BDBDBD;\">Extrait sec, 3 h \u00e0 105\u00b0C<\/td>\n<td style=\"padding:8px 12px; border:1px solid #BDBDBD;\">1,9 %<\/td>\n<\/tr>\n<tr>\n<td style=\"padding:8px 12px; border:1px solid #BDBDBD;\">Teneur en halog\u00e8ne<\/td>\n<td style=\"padding:8px 12px; border:1px solid #BDBDBD;\">Sans halog\u00e8ne<\/td>\n<\/tr>\n<tr style=\"background:#E6E6E6;\">\n<td style=\"padding:8px 12px; border:1px solid #BDBDBD;\">Indice d&rsquo;acidit\u00e9 (mg KOH\/g de solution)<\/td>\n<td style=\"padding:8px 12px; border:1px solid #BDBDBD;\">19<\/td>\n<\/tr>\n<\/table>\n<p><!-- CHARACTERISTICS Section --><\/p>\n<div style=\"font-weight:bold; border-bottom:2px solid #9DBB2F; padding-bottom:6px; margin:30px 0 10px 0;\">\n  CARACT\u00c9RISTIQUES\n<\/div>\n<table width=\"100%\" cellpadding=\"0\" cellspacing=\"0\" style=\"border-collapse:collapse; width:100%; max-width:100%;\">\n<tr>\n<th align=\"left\" style=\"background:#7A7A7A; color:#fff; padding:8px 12px; border:1px solid #BDBDBD;\">TESTS FONCTIONNELS<\/th>\n<th align=\"left\" style=\"background:#7A7A7A; color:#fff; padding:8px 12px; border:1px solid #BDBDBD;\">R\u00e9sultats<\/th>\n<th align=\"left\" style=\"background:#7A7A7A; color:#fff; padding:8px 12px; border:1px solid #BDBDBD;\">M\u00e9thodes<\/th>\n<\/tr>\n<tr>\n<td style=\"padding:8px 12px; border:1px solid #BDBDBD;\">Classification<\/td>\n<td style=\"padding:8px 12px; border:1px solid #BDBDBD;\">ORL0<\/td>\n<td style=\"padding:8px 12px; border:1px solid #BDBDBD;\">ANSI\/J-STD-004<\/td>\n<\/tr>\n<tr style=\"background:#E6E6E6;\">\n<td style=\"padding:8px 12px; border:1px solid #BDBDBD;\">Miroir de cuivre<\/td>\n<td style=\"padding:8px 12px; border:1px solid #BDBDBD;\">Passe<\/td>\n<td style=\"padding:8px 12px; border:1px solid #BDBDBD;\">ANSI\/J-STD-004<\/td>\n<\/tr>\n<tr>\n<td style=\"padding:8px 12px; border:1px solid #BDBDBD;\">Papier chromat\u00e9 argent\u00e9<\/td>\n<td style=\"padding:8px 12px; border:1px solid #BDBDBD;\">Passe<\/td>\n<td style=\"padding:8px 12px; border:1px solid #BDBDBD;\">ANSI\/J-STD-004<\/td>\n<\/tr>\n<tr style=\"background:#E6E6E6;\">\n<td style=\"padding:8px 12px; border:1px solid #BDBDBD;\">SIR<\/td>\n<td style=\"padding:8px 12px; border:1px solid #BDBDBD;\">Pass\u00e9 (voir courbe ci-dessous)<\/td>\n<td style=\"padding:8px 12px; border:1px solid #BDBDBD;\">IPC TM 650<\/td>\n<\/tr>\n<tr>\n<td style=\"padding:8px 12px; border:1px solid #BDBDBD;\">Test Bono<\/td>\n<td style=\"padding:8px 12px; border:1px solid #BDBDBD;\">Pass\u00e9<\/td>\n<td style=\"padding:8px 12px; border:1px solid #BDBDBD;\">INVENTEC MO.SB.10029<\/td>\n<\/tr>\n<\/table>\n","protected":false},"excerpt":{"rendered":"<ul>\n<li>Flux liquide non nettoyant \u00e0 base de solvant<\/li>\n<li>Soudure \u00e0 l&rsquo;air ou \u00e0 l&rsquo;azote sous atmosph\u00e8re contr\u00f4l\u00e9e.<\/li>\n<li>Haute fiabilit\u00e9 et absence de r\u00e9sidus visuels<\/li>\n<\/ul>\n","protected":false},"featured_media":3047,"comment_status":"closed","ping_status":"closed","template":"","meta":{"_acf_changed":false,"inline_featured_image":false},"product_brand":[],"product_cat":[2809,2806,2807],"product_tag":[1699,4610,4642,850,1698,5293,5054,5313,4453,5305,5082,5309,5301,504,5297],"class_list":{"0":"post-9942","1":"product","2":"type-product","3":"status-publish","4":"has-post-thumbnail","6":"product_cat-solutions-de-flux-detamage","7":"product_cat-solutions-de-flux-de-brasage-a-la-vague","8":"product_cat-solutions-de-flux-de-brasage-selectif","9":"product_tag-202-fr","10":"product_tag-a-base-de-solvant","11":"product_tag-appliquer-par-pulverisation-selective","12":"product_tag-brasage-selectif","13":"product_tag-ecofrec-202-fr","14":"product_tag-flux-liquide-fr","15":"product_tag-haute-fiabilite","16":"product_tag-mousse","17":"product_tag-pulverisation","18":"product_tag-sans-nettoyage","19":"product_tag-sans-plomb","20":"product_tag-sans-residus-visibles","21":"product_tag-selectif","22":"product_tag-soudure-a-la-vague","23":"product_tag-vague","24":"pa_brand-ecofrec-fr-2","25":"pa_features-a-base-de-solvant","26":"pa_processes-application-par-pulverisation-selective","27":"pa_processes-brasage-par-vague-selectif","28":"pa_product-category-flux-liquide","30":"first","31":"instock","32":"shipping-taxable","33":"product-type-simple"},"acf":[],"_links":{"self":[{"href":"https:\/\/www.inventec.dehon.com\/fr\/wp-json\/wp\/v2\/product\/9942","targetHints":{"allow":["GET"]}}],"collection":[{"href":"https:\/\/www.inventec.dehon.com\/fr\/wp-json\/wp\/v2\/product"}],"about":[{"href":"https:\/\/www.inventec.dehon.com\/fr\/wp-json\/wp\/v2\/types\/product"}],"replies":[{"embeddable":true,"href":"https:\/\/www.inventec.dehon.com\/fr\/wp-json\/wp\/v2\/comments?post=9942"}],"wp:featuredmedia":[{"embeddable":true,"href":"https:\/\/www.inventec.dehon.com\/fr\/wp-json\/wp\/v2\/media\/3047"}],"wp:attachment":[{"href":"https:\/\/www.inventec.dehon.com\/fr\/wp-json\/wp\/v2\/media?parent=9942"}],"wp:term":[{"taxonomy":"product_brand","embeddable":true,"href":"https:\/\/www.inventec.dehon.com\/fr\/wp-json\/wp\/v2\/product_brand?post=9942"},{"taxonomy":"product_cat","embeddable":true,"href":"https:\/\/www.inventec.dehon.com\/fr\/wp-json\/wp\/v2\/product_cat?post=9942"},{"taxonomy":"product_tag","embeddable":true,"href":"https:\/\/www.inventec.dehon.com\/fr\/wp-json\/wp\/v2\/product_tag?post=9942"}],"curies":[{"name":"wp","href":"https:\/\/api.w.org\/{rel}","templated":true}]}}