{"id":9938,"date":"2021-05-17T15:12:16","date_gmt":"2021-05-17T15:12:16","guid":{"rendered":"https:\/\/www.inventec.dehon.com\/product\/3m-novec-73de\/"},"modified":"2026-01-19T11:40:45","modified_gmt":"2026-01-19T10:40:45","slug":"3m-novec-73de","status":"publish","type":"product","link":"https:\/\/www.inventec.dehon.com\/fr\/product\/3m-novec-73de\/","title":{"rendered":"3M NOVEC 73DE"},"content":{"rendered":"<p><img decoding=\"async\" src=\"https:\/\/www.inventec.dehon.com\/wp-content\/uploads\/2021\/04\/Novec-drum-colorless.phase-outpng-1-600x600.jpg\" alt=\"3M NOVEC 73DE\" class=\"responsive-img\" align=\"right\" style=\"border-radius:10px; margin-bottom:10px; margin-top:-10px; margin-left:15px; width:300px\" \/><\/p>\n<h2 style=\"color: #9bc947; margin-bottom: 15px;\">Fluide de nettoyage \u00e0 base de solvant<\/h2>\n<ul>\n<li>Nettoyage des graisses, huiles, silicones<\/li>\n<li>Solvant pour le proc\u00e9d\u00e9 mono-solvant (nettoyage \u00e0 la vapeur et par immersion)<\/li>\n<li>Tr\u00e8s faible impact HSE &amp; tr\u00e8s faible tension de surface <span style=\"color:#FFFFFF;\">3M NOVEC 73DE<\/span><\/li>\n<\/ul>\n<hr \/>\n<h4>AVIS IMPORTANT :<BR> RETRAIT DES PRODUITS 3M\u2122<\/h4>\n<p>\u26a0\ufe0f 3M\u2122 a annonc\u00e9 en d\u00e9cembre 2022 que tous les produits Novec\u2122 seraient progressivement retir\u00e9s et ne seront plus disponibles d&rsquo;ici la fin de 2025. Pas de panique, Inventec propose un remplacement direct pour ce produit, mais nous vous recommandons de nous contacter d\u00e8s que possible afin de minimiser les interruptions de fourniture.<\/p>\n<p>Si vous souhaitez en savoir plus sur le retrait des produits 3M\u2122, cliquez sur ce <a href=\"https:\/\/www.inventec.dehon.com\/fr\/a-la-recherche-de-solutions-de-remplacement-aux-produits-3m-novec\/\">lien<\/a>.<\/p>\n<p>NOS ALTERNATIVES :<\/p>\n<ul>\n<li><a href=\"https:\/\/www.inventec.dehon.com\/fr\/product\/promosolv-neo-b1\/\">PROMOSOLV 70<\/a> -> Propri\u00e9t\u00e9s et applications similaires<\/li>\n<li><a href=\"https:\/\/www.inventec.dehon.com\/fr\/product\/promosolv-neo-a1\/\">PROMOSOLV NEO B1<\/a> -> Propri\u00e9t\u00e9s et applications similaires + SANS GWP &amp; SANS PFAS<\/li>\n<\/ul>\n<hr \/>\n<h5>3M NOVEC 73DE<\/h5>\n<p><a href=\"https:\/\/www.inventec.dehon.com\/wp-content\/uploads\/2021\/05\/generic-3m-73de-precision-cleaning-bottle.png\" rel=\"inv-colorbox\" title=\"3M NOVEC 73DE\"><img decoding=\"async\" class=\"wp-image-15453 size-medium alignleft\" src=\"https:\/\/www.inventec.dehon.com\/wp-content\/uploads\/2021\/05\/generic-3m-73de-precision-cleaning-bottle-300x300.png\" alt=\"3M Novec 73DE\" width=\"300\" height=\"300\" srcset=\"https:\/\/www.inventec.dehon.com\/wp-content\/uploads\/2021\/05\/generic-3m-73de-precision-cleaning-bottle-300x300.png 300w, https:\/\/www.inventec.dehon.com\/wp-content\/uploads\/2021\/05\/generic-3m-73de-precision-cleaning-bottle-150x150.png 150w, https:\/\/www.inventec.dehon.com\/wp-content\/uploads\/2021\/05\/generic-3m-73de-precision-cleaning-bottle-340x340.png 340w, https:\/\/www.inventec.dehon.com\/wp-content\/uploads\/2021\/05\/generic-3m-73de-precision-cleaning-bottle-100x100.png 100w, https:\/\/www.inventec.dehon.com\/wp-content\/uploads\/2021\/05\/generic-3m-73de-precision-cleaning-bottle.png 400w\" sizes=\"(max-width: 300px) 100vw, 300px\" \/><\/a><strong>3M Novec 73DE<\/strong> Engineered Fluid est con\u00e7u principalement pour le d\u00e9graissage \u00e0 la vapeur \u00e0 usage intensif ou le nettoyage par immersion, avec une solvabilit\u00e9 \u00e9lev\u00e9e, une faible tension superficielle, une ininflammabilit\u00e9 et une stabilit\u00e9 du fluide.<\/p>\n<p>Le fluide <strong>Novec 73DE<\/strong> est un produit de remplacement performant et \u00e9conomique du bromure de n-propyle (nPB ou 1-bromopropane), du trichlor\u00e9thyl\u00e8ne (TCE), des hydrochlorofluorocarbures (HCFC) appauvrissant la couche d&rsquo;ozone tels que le HCFC-225 (Asahiklin AK-225) et le HCFC-141b, ainsi que des hydrofluorocarbures (HFC) \u00e0 fort potentiel de r\u00e9chauffement global (PRG), pour une large gamme d&rsquo;applications de nettoyage.<\/p>\n<p>Le d\u00e9graissage \u00e0 la vapeur avec le fluide <strong>Novec 73DE<\/strong> peut \u00e9galement vous faire gagner du temps et de l&rsquo;argent par rapport au nettoyage aqueux en offrant des temps de cycle plus rapides, une consommation d&rsquo;\u00e9nergie r\u00e9duite et un meilleur nettoyage des pi\u00e8ces \u00e0 g\u00e9om\u00e9trie complexe.<\/p>\n<p><a title=\"Letter from 3M - Inventec authorized distributor for EMEA area\" href=\"https:\/\/www.inventec.dehon.com\/wp-content\/uploads\/2021\/10\/3M-Authorized-EMEA-Distributor_Inventec.pdf\" target=\"_blank\" rel=\"noopener\">Letter from 3M &#8211; Inventec authorized distributor for EMEA area<\/a><\/p>\n<p><a href=\"https:\/\/inventec.dehon.com\/wp-content\/uploads\/2021\/04\/LOGO-3M-Novec.png\" rel=\"inv-colorbox\" title=\"3M NOVEC 73DE\"><img decoding=\"async\" class=\"alignnone wp-image-2102 size-medium\" src=\"https:\/\/inventec.dehon.com\/wp-content\/uploads\/2021\/04\/LOGO-3M-Novec-300x150.png\" alt=\"\" width=\"300\" height=\"150\" srcset=\"https:\/\/www.inventec.dehon.com\/wp-content\/uploads\/2021\/04\/LOGO-3M-Novec-300x150.png 300w, https:\/\/www.inventec.dehon.com\/wp-content\/uploads\/2021\/04\/LOGO-3M-Novec.png 318w\" sizes=\"(max-width: 300px) 100vw, 300px\" \/><\/a><\/p>\n<p><a href=\"https:\/\/inventec.dehon.com\/wp-content\/uploads\/2021\/05\/environmental-data-novec-73DE.jpg\" rel=\"inv-colorbox\" title=\"3M NOVEC 73DE\"><img decoding=\"async\" class=\"alignnone wp-image-3384 size-full\" src=\"https:\/\/inventec.dehon.com\/wp-content\/uploads\/2021\/05\/environmental-data-novec-73DE.jpg\" alt=\"\" width=\"1542\" height=\"450\" srcset=\"https:\/\/www.inventec.dehon.com\/wp-content\/uploads\/2021\/05\/environmental-data-novec-73DE.jpg 1542w, https:\/\/www.inventec.dehon.com\/wp-content\/uploads\/2021\/05\/environmental-data-novec-73DE-300x88.jpg 300w, https:\/\/www.inventec.dehon.com\/wp-content\/uploads\/2021\/05\/environmental-data-novec-73DE-1024x299.jpg 1024w, https:\/\/www.inventec.dehon.com\/wp-content\/uploads\/2021\/05\/environmental-data-novec-73DE-768x224.jpg 768w, https:\/\/www.inventec.dehon.com\/wp-content\/uploads\/2021\/05\/environmental-data-novec-73DE-1536x448.jpg 1536w, https:\/\/www.inventec.dehon.com\/wp-content\/uploads\/2021\/05\/environmental-data-novec-73DE-600x175.jpg 600w\" sizes=\"(max-width: 1542px) 100vw, 1542px\" \/><\/a><\/p>\n","protected":false},"excerpt":{"rendered":"<ul>\n<li>Graisse, huile et silicone<\/li>\n<li>Proc\u00e9d\u00e9 en phase vapeur (mono-solvant)<\/li>\n<li>Tr\u00e8s faible impact HSE &amp; tr\u00e8s faible tension de surface<\/li>\n<\/ul>\n<p><span style=\"color: #99cc00;\">Alternative:<\/span> <a href=\"https:\/\/www.inventec.dehon.com\/fr\/product\/promosolv-neo-b1\/\"><small>PROMOSOLV NEO B1<\/small><\/a><\/p>\n<p><a href=\"https:\/\/www.inventec.dehon.com\/fr\/a-la-recherche-de-solutions-de-remplacement-aux-produits-3m-novec\/\" class=\"btn btn-lg btn-primary rounded-pill\" style=\"margin-top:5px; color:#FFFFFF;\">Voir toutes les alternatives 3M Novec<\/a><\/p>\n","protected":false},"featured_media":15444,"comment_status":"closed","ping_status":"closed","template":"","meta":{"_acf_changed":false,"inline_featured_image":false},"product_brand":[],"product_cat":[2827,2826,2834,742,953],"product_tag":[],"class_list":{"0":"post-9938","1":"product","2":"type-product","3":"status-publish","4":"has-post-thumbnail","6":"industries-aerosystemes","7":"product_cat-degraissage-de-divers-composants-metalliques","8":"product_cat-deshuilage-de-divers-composants-metalliques","9":"product_cat-elimination-de-la-cire-apres-polissage","10":"product_cat-elimination-des-particules","11":"product_cat-nettoyage","12":"pa_application-elimination-de-la-cire","13":"pa_application-elimination-des-graisses","14":"pa_application-elimination-des-huiles","15":"pa_brand-3m-novec-fr-2","16":"pa_features-adapte-aux-bases-hydrocarbonees","17":"pa_features-recyclable","18":"pa_processes-mono-solvant","19":"pa_product-category-liquides-de-nettoyage-solvants","21":"first","22":"instock","23":"shipping-taxable","24":"product-type-simple"},"acf":[],"_links":{"self":[{"href":"https:\/\/www.inventec.dehon.com\/fr\/wp-json\/wp\/v2\/product\/9938","targetHints":{"allow":["GET"]}}],"collection":[{"href":"https:\/\/www.inventec.dehon.com\/fr\/wp-json\/wp\/v2\/product"}],"about":[{"href":"https:\/\/www.inventec.dehon.com\/fr\/wp-json\/wp\/v2\/types\/product"}],"replies":[{"embeddable":true,"href":"https:\/\/www.inventec.dehon.com\/fr\/wp-json\/wp\/v2\/comments?post=9938"}],"wp:featuredmedia":[{"embeddable":true,"href":"https:\/\/www.inventec.dehon.com\/fr\/wp-json\/wp\/v2\/media\/15444"}],"wp:attachment":[{"href":"https:\/\/www.inventec.dehon.com\/fr\/wp-json\/wp\/v2\/media?parent=9938"}],"wp:term":[{"taxonomy":"product_brand","embeddable":true,"href":"https:\/\/www.inventec.dehon.com\/fr\/wp-json\/wp\/v2\/product_brand?post=9938"},{"taxonomy":"product_cat","embeddable":true,"href":"https:\/\/www.inventec.dehon.com\/fr\/wp-json\/wp\/v2\/product_cat?post=9938"},{"taxonomy":"product_tag","embeddable":true,"href":"https:\/\/www.inventec.dehon.com\/fr\/wp-json\/wp\/v2\/product_tag?post=9938"}],"curies":[{"name":"wp","href":"https:\/\/api.w.org\/{rel}","templated":true}]}}