{"id":9929,"date":"2021-05-17T11:20:59","date_gmt":"2021-05-17T11:20:59","guid":{"rendered":"https:\/\/www.inventec.dehon.com\/product\/blue-gold\/"},"modified":"2026-02-04T16:32:14","modified_gmt":"2026-02-04T15:32:14","slug":"blue-gold","status":"publish","type":"product","link":"https:\/\/www.inventec.dehon.com\/fr\/product\/blue-gold\/","title":{"rendered":"BLUE GOLD"},"content":{"rendered":"<p><img decoding=\"async\" src=\"https:\/\/www.inventec.dehon.com\/wp-content\/uploads\/2021\/05\/Blue-gold-canister-blue-1-600x600.png\" alt=\"BLUE GOLD\" class=\"responsive-img\" align=\"right\" style=\"border-radius:10px; margin-bottom:10px; margin-top:-10px; margin-left:15px; width:300px\" \/><\/p>\n<h2 style=\"color:#9bc947; margin-bottom:15px\">\u00c9limine les particules des surfaces en contact avec l&rsquo;oxyg\u00e8ne<\/h2>\n<ul>\n<li>D\u00e9graissage et \u00e9limination des particules des mat\u00e9riaux et \u00e9quipements en contact avec l&rsquo;oxyg\u00e8ne.<\/li>\n<li>D\u00e9tergent pour le processus de pulv\u00e9risation et d&rsquo;immersion<\/li>\n<li>Efficacit\u00e9 \u00e9lev\u00e9e m\u00eame \u00e0 faible concentration<\/li>\n<\/ul>\n<h5>BLUE GOLD de Modern Chemical<\/h5>\n<p>Est sp\u00e9cialement con\u00e7u pour l&rsquo;\u00e9limination des huiles, graisses ou particules en contact avec les mat\u00e9riaux &amp; \u00e9quipements en contact avec l&rsquo;Oxyg\u00e8ne. C&rsquo;est un produit homologu\u00e9 par la Compressed Gas Association, Inc. et NSF international. Il r\u00e9pond aux normes ASTM F-495 et ARP 1775A. <\/p>\n<p>Gr\u00e2ce \u00e0 ses excellentes propri\u00e9t\u00e9s anti-mousse, il est destin\u00e9 aux proc\u00e9d\u00e9s de pulv\u00e9risation aqueuse, de jets affleurants ou immerg\u00e9s, mais peut \u00e9galement \u00eatre utilis\u00e9 dans un proc\u00e9d\u00e9 d&rsquo;immersion. Malgr\u00e9 son pH \u00e9lev\u00e9, il n&rsquo;endommage pas les m\u00e9taux ou alliages sensibles, comme l&rsquo;Inox, le laiton, les alliages ferreux &amp; le titane, l&rsquo;aluminium, le cuivre ou le laiton. C&rsquo;est un produit concentr\u00e9 qui s&rsquo;utilise dilu\u00e9 avec de l&rsquo;eau DI.<\/p>\n<p><strong>BLUE GOLD<\/strong>  qualifi\u00e9 et utilis\u00e9 par plusieurs acteurs de l&rsquo;industrie a\u00e9rospatiale.<\/p>\n<p><!-- SP\u00c9CIFICATIONS Section --><\/p>\n<div style=\"font-weight:bold; text-transform:uppercase; border-bottom:2px solid #9DBB2F; padding-bottom:6px; margin-bottom:10px;\">\n  SP\u00c9CIFICATIONS\n<\/div>\n<table width=\"100%\" cellpadding=\"0\" cellspacing=\"0\" style=\"border-collapse:collapse; width:100%; max-width:100%;\">\n<tr>\n<th align=\"left\" style=\"background:#7A7A7A; color:#fff; padding:8px 12px; border:1px solid #BDBDBD;\">Propri\u00e9t\u00e9<\/th>\n<th align=\"left\" style=\"background:#7A7A7A; color:#fff; padding:8px 12px; border:1px solid #BDBDBD;\">Valeurs<\/th>\n<th align=\"left\" style=\"background:#7A7A7A; color:#fff; padding:8px 12px; border:1px solid #BDBDBD;\">M\u00e9thodes<\/th>\n<\/tr>\n<tr>\n<td style=\"padding:8px 12px; border:1px solid #BDBDBD;\">Aspect<\/td>\n<td style=\"padding:8px 12px; border:1px solid #BDBDBD;\">Bleu &#8211; Transparent<\/td>\n<td style=\"padding:8px 12px; border:1px solid #BDBDBD;\">Visuelle<\/td>\n<\/tr>\n<tr style=\"background:#E6E6E6;\">\n<td style=\"padding:8px 12px; border:1px solid #BDBDBD;\">Masse volumique \u00e0 20\u00b0C (g\/ml)<\/td>\n<td style=\"padding:8px 12px; border:1px solid #BDBDBD;\">1,082 \u00b1 0,015<\/td>\n<td style=\"padding:8px 12px; border:1px solid #BDBDBD;\">MO 028<\/td>\n<\/tr>\n<tr>\n<td style=\"padding:8px 12px; border:1px solid #BDBDBD;\">pH produit pur<\/td>\n<td style=\"padding:8px 12px; border:1px solid #BDBDBD;\">13,0 \u00b1 0,5<\/td>\n<td style=\"padding:8px 12px; border:1px solid #BDBDBD;\">MO 011<\/td>\n<\/tr>\n<tr style=\"background:#E6E6E6;\">\n<td style=\"padding:8px 12px; border:1px solid #BDBDBD;\">pH \u00e0 1 %<\/td>\n<td style=\"padding:8px 12px; border:1px solid #BDBDBD;\">11,0 \u00b1 0,5<\/td>\n<td style=\"padding:8px 12px; border:1px solid #BDBDBD;\">MO 011<\/td>\n<\/tr>\n<\/table>\n<p><!-- CARACT\u00c9RISTIQUES Section --><\/p>\n<div style=\"font-weight:bold; text-transform:uppercase; border-bottom:2px solid #9DBB2F; padding-bottom:6px; margin:30px 0 10px 0;\">\n  CARACT\u00c9RISTIQUES\n<\/div>\n<table width=\"100%\" cellpadding=\"0\" cellspacing=\"0\" style=\"border-collapse:collapse; width:100%; max-width:100%;\">\n<tr>\n<th align=\"left\" style=\"background:#7A7A7A; color:#fff; padding:8px 12px; border:1px solid #BDBDBD;\">Propri\u00e9t\u00e9<\/th>\n<th align=\"left\" style=\"background:#7A7A7A; color:#fff; padding:8px 12px; border:1px solid #BDBDBD;\">Valeurs<\/th>\n<th align=\"left\" style=\"background:#7A7A7A; color:#fff; padding:8px 12px; border:1px solid #BDBDBD;\">M\u00e9thodes<\/th>\n<\/tr>\n<tr>\n<td style=\"padding:8px 12px; border:1px solid #BDBDBD;\">Tension de surface (dynes\/cm)<\/td>\n<td style=\"padding:8px 12px; border:1px solid #BDBDBD;\">42,55<\/td>\n<td style=\"padding:8px 12px; border:1px solid #BDBDBD;\">Interne<\/td>\n<\/tr>\n<tr style=\"background:#E6E6E6;\">\n<td style=\"padding:8px 12px; border:1px solid #BDBDBD;\">Indice de r\u00e9fraction \u00e0 20\u00b0C<\/td>\n<td style=\"padding:8px 12px; border:1px solid #BDBDBD;\">1,37<\/td>\n<td style=\"padding:8px 12px; border:1px solid #BDBDBD;\">Interne<\/td>\n<\/tr>\n<tr>\n<td style=\"padding:8px 12px; border:1px solid #BDBDBD;\">Solubilit\u00e9 dans l\u2019eau<\/td>\n<td style=\"padding:8px 12px; border:1px solid #BDBDBD;\">Totale<\/td>\n<td style=\"padding:8px 12px; border:1px solid #BDBDBD;\">Interne<\/td>\n<\/tr>\n<tr style=\"background:#E6E6E6;\">\n<td style=\"padding:8px 12px; border:1px solid #BDBDBD;\">Extrait sec (%)<\/td>\n<td style=\"padding:8px 12px; border:1px solid #BDBDBD;\">15<\/td>\n<td style=\"padding:8px 12px; border:1px solid #BDBDBD;\">Interne<\/td>\n<\/tr>\n<\/table>\n","protected":false},"excerpt":{"rendered":"<ul>\n<li>D\u00e9graissage et \u00e9limination des particules des mat\u00e9riaux et \u00e9quipements en contact avec l&rsquo;oxyg\u00e8ne.<\/li>\n<li>D\u00e9tergent pour le processus de pulv\u00e9risation et d&rsquo;immersion<\/li>\n<li>Efficacit\u00e9 \u00e9lev\u00e9e m\u00eame \u00e0 faible concentration<\/li>\n<\/ul>\n","protected":false},"featured_media":3394,"comment_status":"closed","ping_status":"closed","template":"","meta":{"_acf_changed":false,"inline_featured_image":false},"product_brand":[],"product_cat":[2827,2826,742,953,743],"product_tag":[2570,2569,3915,5413,4321,4393,4409,2571,4325,4257,4786,4261,4798,4253,4739,4731,4727,4453,4265,4794,4735,4469],"class_list":{"0":"post-9929","1":"product","2":"type-product","3":"status-publish","4":"has-post-thumbnail","6":"industries-aerosystemes","7":"industries-installations-doxygene","8":"product_cat-degraissage-de-divers-composants-metalliques","9":"product_cat-deshuilage-de-divers-composants-metalliques","10":"product_cat-elimination-des-particules","11":"product_cat-nettoyage","12":"product_cat-nettoyage-des-pieces-en-contact-avec-oxygene","13":"product_tag-blue-fr","14":"product_tag-blue-gold-fr","15":"product_tag-co2-fr","16":"product_tag-degraissage-fr","17":"product_tag-elimination-des-graisses-fr","18":"product_tag-elimination-des-huiles-fr","19":"product_tag-elimination-des-particules-fr","20":"product_tag-gold-fr","21":"product_tag-greenway","22":"product_tag-immersion-aqueuse","23":"product_tag-immersion-aqueuse-par-jet","24":"product_tag-immersion-aqueuse-ultrasonique","25":"product_tag-jet-dimmersion","26":"product_tag-liquides-de-nettoyage-aqueux-fr","27":"product_tag-nettoyage-des-systemes-a-oxygene-fr","28":"product_tag-nettoyage-oxygene","29":"product_tag-oxygene-fr","30":"product_tag-pulverisation","31":"product_tag-pulverisation-aqueuse","32":"product_tag-rincage","33":"product_tag-systemes-a-oxygene","34":"product_tag-ultrason","35":"pa_application-elimination-des-graisses","36":"pa_application-elimination-des-huiles","37":"pa_application-elimination-des-particules","38":"pa_application-nettoyage-des-systemes-a-oxygene","39":"pa_brand-blue-gold-fr-2","40":"pa_features-greenway","41":"pa_processes-chasse-deau","42":"pa_processes-immersion-ultrasonique-aqueuse","43":"pa_processes-jet-par-immersion-aqueuse","44":"pa_processes-spray-a-base-deau","45":"pa_product-category-liquides-de-nettoyage-aqueux","47":"first","48":"instock","49":"shipping-taxable","50":"product-type-simple"},"acf":[],"_links":{"self":[{"href":"https:\/\/www.inventec.dehon.com\/fr\/wp-json\/wp\/v2\/product\/9929","targetHints":{"allow":["GET"]}}],"collection":[{"href":"https:\/\/www.inventec.dehon.com\/fr\/wp-json\/wp\/v2\/product"}],"about":[{"href":"https:\/\/www.inventec.dehon.com\/fr\/wp-json\/wp\/v2\/types\/product"}],"replies":[{"embeddable":true,"href":"https:\/\/www.inventec.dehon.com\/fr\/wp-json\/wp\/v2\/comments?post=9929"}],"wp:featuredmedia":[{"embeddable":true,"href":"https:\/\/www.inventec.dehon.com\/fr\/wp-json\/wp\/v2\/media\/3394"}],"wp:attachment":[{"href":"https:\/\/www.inventec.dehon.com\/fr\/wp-json\/wp\/v2\/media?parent=9929"}],"wp:term":[{"taxonomy":"product_brand","embeddable":true,"href":"https:\/\/www.inventec.dehon.com\/fr\/wp-json\/wp\/v2\/product_brand?post=9929"},{"taxonomy":"product_cat","embeddable":true,"href":"https:\/\/www.inventec.dehon.com\/fr\/wp-json\/wp\/v2\/product_cat?post=9929"},{"taxonomy":"product_tag","embeddable":true,"href":"https:\/\/www.inventec.dehon.com\/fr\/wp-json\/wp\/v2\/product_tag?post=9929"}],"curies":[{"name":"wp","href":"https:\/\/api.w.org\/{rel}","templated":true}]}}