{"id":9924,"date":"2021-06-16T14:58:46","date_gmt":"2021-06-16T14:58:46","guid":{"rendered":"https:\/\/www.inventec.dehon.com\/product\/ecofrec-tf48\/"},"modified":"2026-01-21T09:51:09","modified_gmt":"2026-01-21T08:51:09","slug":"ecofrec-tf48","status":"publish","type":"product","link":"https:\/\/www.inventec.dehon.com\/fr\/product\/ecofrec-tf48\/","title":{"rendered":"ECOFREC TF48"},"content":{"rendered":"<p><img decoding=\"async\" src=\"https:\/\/www.inventec.dehon.com\/wp-content\/uploads\/2021\/06\/Ecofrec-syringe-tacky-flux-1-600x600.png\" alt=\"ECOFREC TF48\" class=\"responsive-img\" align=\"right\" style=\"border-radius:10px; margin-bottom:10px; margin-top:-10px; margin-left:15px; width:300px\" \/><\/p>\n<h2 style=\"color:#9bc947; margin-bottom:15px\">Excellente impression \u00e0 haute viscosit\u00e9<\/h2>\n<ul>\n<li>Flux p\u00e2teux non nettoy\u00e9<\/li>\n<li>Flip Chip, soudure de sph\u00e8res et reprise de composants<\/li>\n<li>Excellente impression et haute viscosit\u00e9<\/li>\n<\/ul>\n<h5>ECOFREC TF48<\/h5>\n<p>Est un flux p\u00e2teux sans halog\u00e8ne, sans nettoyage, con\u00e7u pour les applications sans plomb et avec plomb. Apr\u00e8s la refusion, le r\u00e9sidu est non corrosif. Le meilleur de sa cat\u00e9gorie pour la distribution, le trempage et surtout pour les applications d&rsquo;impression.<\/p>\n<p><strong>ECOFREC\u2122 TF48<\/strong> peut \u00eatre appliqu\u00e9 par points \u00e0 partir de seringue, par tremp\u00e9, par pinceau ou par s\u00e9rigraphie \u00e0 l&rsquo;aide d&rsquo;un pochoir. <\/p>\n<p>Apr\u00e8s application l&rsquo; <strong>ECOFREC\u2122 TF48<\/strong> pr\u00e9sente un bon pouvoir collant et permet le maintien en place des composants jusqu&rsquo;au moment de la refusion de l&rsquo;alliage \u00e0 l\u2019aide de station de r\u00e9paration \u00e0 air chaud, ou de four \u00e0 infrarouge ou \u00e0 convection ou \u00e0 phase vapeur, ou encore au fer \u00e0 souder. <\/p>\n<p><!-- PROPRI\u00c9T\u00c9S Section --><\/p>\n<div style=\"font-weight:bold; text-transform:uppercase; border-bottom:2px solid #9DBB2F; padding-bottom:6px; margin-bottom:10px;\">\n  PROPRI\u00c9T\u00c9S\n<\/div>\n<table width=\"100%\" cellpadding=\"0\" cellspacing=\"0\" style=\"border-collapse:collapse; width:100%; max-width:100%;\">\n<tr>\n<th align=\"left\" style=\"background:#7A7A7A; color:#fff; padding:8px 12px; border:1px solid #BDBDBD;\">\n      SP\u00c9CIFICATIONS\n    <\/th>\n<th align=\"left\" style=\"background:#7A7A7A; color:#fff; padding:8px 12px; border:1px solid #BDBDBD;\">\n      ECOFREC TF48\n    <\/th>\n<\/tr>\n<tr>\n<td style=\"padding:8px 12px; border:1px solid #BDBDBD;\">\n      Aspect du flux\n    <\/td>\n<td style=\"padding:8px 12px; border:1px solid #BDBDBD;\">\n      Ambre\n    <\/td>\n<\/tr>\n<tr style=\"background:#E6E6E6;\">\n<td style=\"padding:8px 12px; border:1px solid #BDBDBD;\">\n      Masse volumique \u00e0 20\u00b0C (g\/cm\u00b3)\n    <\/td>\n<td style=\"padding:8px 12px; border:1px solid #BDBDBD;\">\n      1\n    <\/td>\n<\/tr>\n<tr>\n<td style=\"padding:8px 12px; border:1px solid #BDBDBD;\">\n      Solubilit\u00e9 dans l\u2019eau\n    <\/td>\n<td style=\"padding:8px 12px; border:1px solid #BDBDBD;\">\n      Insoluble\n    <\/td>\n<\/tr>\n<tr style=\"background:#E6E6E6;\">\n<td style=\"padding:8px 12px; border:1px solid #BDBDBD;\">\n      Solubilit\u00e9 dans l\u2019alcool\n    <\/td>\n<td style=\"padding:8px 12px; border:1px solid #BDBDBD;\">\n      Soluble\n    <\/td>\n<\/tr>\n<tr>\n<td style=\"padding:8px 12px; border:1px solid #BDBDBD;\">\n      Halog\u00e8ne\n    <\/td>\n<td style=\"padding:8px 12px; border:1px solid #BDBDBD;\">\n      Pas d\u2019halog\u00e8ne\n    <\/td>\n<\/tr>\n<tr style=\"background:#E6E6E6;\">\n<td style=\"padding:8px 12px; border:1px solid #BDBDBD;\">\n      Viscosit\u00e9 (Pa\u00b7s \u00e0 20\u00b0C)<br \/>\n      (Brookfield RVT TF \u00e0 5 RPM)\n    <\/td>\n<td style=\"padding:8px 12px; border:1px solid #BDBDBD;\">\n      350 \u2013 550\n    <\/td>\n<\/tr>\n<\/table>\n<p><!-- CARACT\u00c9RISTIQUES Section --><\/p>\n<div style=\"font-weight:bold; text-transform:uppercase; border-bottom:2px solid #9DBB2F; padding-bottom:6px; margin:30px 0 10px 0;\">\n  CARACT\u00c9RISTIQUES\n<\/div>\n<table width=\"100%\" cellpadding=\"0\" cellspacing=\"0\" style=\"border-collapse:collapse; width:100%; max-width:100%;\">\n<tr>\n<th align=\"left\" style=\"background:#7A7A7A; color:#fff; padding:8px 12px; border:1px solid #BDBDBD;\">\n      TESTS STANDARDS\n    <\/th>\n<th align=\"left\" style=\"background:#7A7A7A; color:#fff; padding:8px 12px; border:1px solid #BDBDBD;\">\n      R\u00c9SULTATS\n    <\/th>\n<th align=\"left\" style=\"background:#7A7A7A; color:#fff; padding:8px 12px; border:1px solid #BDBDBD;\">\n      PROC\u00c9DURES\n    <\/th>\n<\/tr>\n<tr>\n<td style=\"padding:8px 12px; border:1px solid #BDBDBD;\">\n      Classification du flux\n    <\/td>\n<td style=\"padding:8px 12px; border:1px solid #BDBDBD;\">\n      ROL0\n    <\/td>\n<td style=\"padding:8px 12px; border:1px solid #BDBDBD;\">\n      ANSI\/J-STD-004\n    <\/td>\n<\/tr>\n<tr style=\"background:#E6E6E6;\">\n<td style=\"padding:8px 12px; border:1px solid #BDBDBD;\">\n      R\u00e9sistance d\u2019isolement de surface \/<br \/>\n      \u00c9lectromigration (IPC)\n    <\/td>\n<td style=\"padding:8px 12px; border:1px solid #BDBDBD;\">\n      Passe\n    <\/td>\n<td style=\"padding:8px 12px; border:1px solid #BDBDBD;\">\n      ANSI\/J-STD-004\n    <\/td>\n<\/tr>\n<tr>\n<td style=\"padding:8px 12px; border:1px solid #BDBDBD;\">\n      Test BONO<br \/>\n      85\u00b0C \/ 85% HR \u2013 15 jours\n    <\/td>\n<td style=\"padding:8px 12px; border:1px solid #BDBDBD;\">\n      Passe : Fc &lt; 1%\n    <\/td>\n<td style=\"padding:8px 12px; border:1px solid #BDBDBD;\">\n      Inventec MO.SB.10029\n    <\/td>\n<\/tr>\n<tr style=\"background:#E6E6E6;\">\n<td style=\"padding:8px 12px; border:1px solid #BDBDBD;\">\n      Papier chromate\n    <\/td>\n<td style=\"padding:8px 12px; border:1px solid #BDBDBD;\">\n      Passe\n    <\/td>\n<td style=\"padding:8px 12px; border:1px solid #BDBDBD;\">\n      ANSI\/J-STD-004\n    <\/td>\n<\/tr>\n<tr>\n<td style=\"padding:8px 12px; border:1px solid #BDBDBD;\">\n      Miroir de cuivre\n    <\/td>\n<td style=\"padding:8px 12px; border:1px solid #BDBDBD;\">\n      Passe\n    <\/td>\n<td style=\"padding:8px 12px; border:1px solid #BDBDBD;\">\n      ANSI\/J-STD-004\n    <\/td>\n<\/tr>\n<\/table>\n","protected":false},"excerpt":{"rendered":"<ul>\n<li>Flux p\u00e2teux non nettoy\u00e9<\/li>\n<li>Flip Chip, soudure de sph\u00e8res et reprise de composants<\/li>\n<li>Excellente impression et haute viscosit\u00e9<\/li>\n<\/ul>\n","protected":false},"featured_media":4018,"comment_status":"closed","ping_status":"closed","template":"","meta":{"_acf_changed":false,"inline_featured_image":false},"product_brand":[],"product_cat":[2810,2812,2816,2808],"product_tag":[4610,4634,4638,3989,5377,5385,5209,5229,5030,1470,3990,5389,5397,1457,5345,5401,5305,3991,5381,3780,1471,3992,5393],"class_list":{"0":"post-9924","1":"product","2":"type-product","3":"status-publish","4":"has-post-thumbnail","6":"product_cat-procede-ball-attach-pour-packaging-des-semi-conducteurs","7":"product_cat-procede-flip-chip-et-csp-pour-packaging-des-semi-conducteurs","8":"product_cat-solutions-de-flux-de-brasage-pour-reparation","9":"product_cat-solutions-de-tacky-flux","10":"product_tag-a-base-de-solvant","11":"product_tag-appliquer-au-pinceau","12":"product_tag-appliquer-par-immersion","13":"product_tag-ball-attach-fr","14":"product_tag-bille-de-soudure","15":"product_tag-brasage-par-spheres","16":"product_tag-brasage-smt-fr","17":"product_tag-brasage-tht-fr","18":"product_tag-distribution","19":"product_tag-ecofrec-tf48-fr","20":"product_tag-flip-chip-fr","21":"product_tag-haute-viscosite","22":"product_tag-impression-par-pochoir","23":"product_tag-pop-fr","24":"product_tag-reprise","25":"product_tag-reprise-de-composants","26":"product_tag-sans-nettoyage","27":"product_tag-smt-fr","28":"product_tag-sphere","29":"product_tag-tacky-flux-fr","30":"product_tag-tf48-fr","31":"product_tag-tht-fr","32":"product_tag-viscosite","33":"pa_application-ball-attach-fr","34":"pa_application-brasage-smt-tht","35":"pa_application-flip-chip","36":"pa_application-pop-fr","37":"pa_brand-ecofrec-fr-2","38":"pa_features-a-base-de-solvant","39":"pa_processes-ppplication-au-pinceau","40":"pa_processes-application-par-trempage","41":"pa_processes-distribution","42":"pa_processes-impression","43":"pa_product-category-tacky-flux","45":"first","46":"instock","47":"shipping-taxable","48":"product-type-simple"},"acf":[],"_links":{"self":[{"href":"https:\/\/www.inventec.dehon.com\/fr\/wp-json\/wp\/v2\/product\/9924","targetHints":{"allow":["GET"]}}],"collection":[{"href":"https:\/\/www.inventec.dehon.com\/fr\/wp-json\/wp\/v2\/product"}],"about":[{"href":"https:\/\/www.inventec.dehon.com\/fr\/wp-json\/wp\/v2\/types\/product"}],"replies":[{"embeddable":true,"href":"https:\/\/www.inventec.dehon.com\/fr\/wp-json\/wp\/v2\/comments?post=9924"}],"wp:featuredmedia":[{"embeddable":true,"href":"https:\/\/www.inventec.dehon.com\/fr\/wp-json\/wp\/v2\/media\/4018"}],"wp:attachment":[{"href":"https:\/\/www.inventec.dehon.com\/fr\/wp-json\/wp\/v2\/media?parent=9924"}],"wp:term":[{"taxonomy":"product_brand","embeddable":true,"href":"https:\/\/www.inventec.dehon.com\/fr\/wp-json\/wp\/v2\/product_brand?post=9924"},{"taxonomy":"product_cat","embeddable":true,"href":"https:\/\/www.inventec.dehon.com\/fr\/wp-json\/wp\/v2\/product_cat?post=9924"},{"taxonomy":"product_tag","embeddable":true,"href":"https:\/\/www.inventec.dehon.com\/fr\/wp-json\/wp\/v2\/product_tag?post=9924"}],"curies":[{"name":"wp","href":"https:\/\/api.w.org\/{rel}","templated":true}]}}