{"id":9922,"date":"2021-06-16T13:14:41","date_gmt":"2021-06-16T13:14:41","guid":{"rendered":"https:\/\/www.inventec.dehon.com\/product\/ecofrec-320\/"},"modified":"2026-01-15T11:25:40","modified_gmt":"2026-01-15T10:25:40","slug":"ecofrec-320","status":"publish","type":"product","link":"https:\/\/www.inventec.dehon.com\/fr\/product\/ecofrec-320\/","title":{"rendered":"ECOFREC 320"},"content":{"rendered":"<p><img decoding=\"async\" src=\"https:\/\/www.inventec.dehon.com\/wp-content\/uploads\/2021\/04\/ECOFREC-canister-alcohol-based-blue-300x300.png\" alt=\"ECOFREC 320 Wave &#038; Selective Soldering\" class=\"responsive-img\" align=\"right\" style=\"border-radius:10px; margin-bottom:10px; margin-top:-10px; margin-left:15px; width:300px\" \/><\/p>\n<h2 style=\"color:#9bc947; margin-bottom:15px\">Nouveau flux liquide \u00e0 base d&rsquo;eau<\/h2>\n<ul>\n<li>Flux sans nettoyage \u00e0 base d&rsquo;eau<\/li>\n<li>Brasage \u00e0 la vague et s\u00e9lectif<\/li>\n<li>Haute fiabilit\u00e9 et excellente mouillabilit\u00e9<\/li>\n<\/ul>\n<h5>ECOFREC 320<\/h5>\n<p>Est un flux sans r\u00e9sidu, sans nettoyage et sans COV (compos\u00e9s organiques volatils). Il permet d&rsquo;obtenir d&rsquo;excellents r\u00e9sultats en termes de brasage dans les proc\u00e9d\u00e9s s\u00e9lectifs et \u00e0 la vague, qu&rsquo;ils soient sans ou avec plomb, tout en r\u00e9duisant de mani\u00e8re significative les probl\u00e8mes de billes de soudure.<\/p>\n<div style=\"font-family:Lato; color:#333;\">\n<div style=\"font-weight:bold; text-transform:uppercase; border-bottom:2px solid #9DBB2F; padding-bottom:6px; margin-bottom:10px;\">\n    PROPRI\u00c9T\u00c9S\n  <\/div>\n<table width=\"100%\" cellpadding=\"0\" cellspacing=\"0\" style=\"border-collapse:collapse; width:100%; max-width:100%;\">\n<tr>\n<th align=\"left\" style=\"background:#7A7A7A; color:#fff; padding:8px 12px; border:1px solid #BDBDBD;\">\n        SP\u00c9CIFICATIONS\n      <\/th>\n<th align=\"left\" style=\"background:#7A7A7A; color:#fff; padding:8px 12px; border:1px solid #BDBDBD;\">\n        ECOFREC 320\n      <\/th>\n<\/tr>\n<tr>\n<td style=\"padding:8px 12px; border:1px solid #BDBDBD;\">Apparence<\/td>\n<td style=\"padding:8px 12px; border:1px solid #BDBDBD;\">Liquide incolore<\/td>\n<\/tr>\n<tr style=\"background:#E6E6E6;\">\n<td style=\"padding:8px 12px; border:1px solid #BDBDBD;\">Contenu solide<\/td>\n<td style=\"padding:8px 12px; border:1px solid #BDBDBD;\">3.5<\/td>\n<\/tr>\n<tr>\n<td style=\"padding:8px 12px; border:1px solid #BDBDBD;\">Indice d&rsquo;acidit\u00e9 (mg KOH\/g)<\/td>\n<td style=\"padding:8px 12px; border:1px solid #BDBDBD;\">32<\/td>\n<\/tr>\n<tr style=\"background:#E6E6E6;\">\n<td style=\"padding:8px 12px; border:1px solid #BDBDBD;\">Masse volumique \u00e0 20\u00b0C (g\/ml)<\/td>\n<td style=\"padding:8px 12px; border:1px solid #BDBDBD;\">1,005 \u2013 1,013<\/td>\n<\/tr>\n<tr>\n<td style=\"padding:8px 12px; border:1px solid #BDBDBD;\">Teneur en halog\u00e8ne<\/td>\n<td style=\"padding:8px 12px; border:1px solid #BDBDBD;\">Sans halog\u00e8ne<\/td>\n<\/tr>\n<tr style=\"background:#E6E6E6;\">\n<td style=\"padding:8px 12px; border:1px solid #BDBDBD;\">Point \u00e9clair<\/td>\n<td style=\"padding:8px 12px; border:1px solid #BDBDBD;\">Non<\/td>\n<\/tr>\n<\/table>\n<\/div>\n<div style=\"font-family:Lato; color:#333;\">\n<div style=\"font-weight:bold; text-transform:uppercase; border-bottom:2px solid #9DBB2F; padding-bottom:6px; margin:30px 0 10px;\">\n    CARACT\u00c9RISTIQUES\n  <\/div>\n<table width=\"100%\" cellpadding=\"0\" cellspacing=\"0\" style=\"border-collapse:collapse; width:100%; max-width:100%;\">\n<tr>\n<th align=\"left\" style=\"background:#7A7A7A; color:#fff; padding:8px 12px; border:1px solid #BDBDBD;\">\n        CARACT\u00c9RISTIQUES\n      <\/th>\n<th align=\"left\" style=\"background:#7A7A7A; color:#fff; padding:8px 12px; border:1px solid #BDBDBD;\">\n        VALEURS\n      <\/th>\n<th align=\"left\" style=\"background:#7A7A7A; color:#fff; padding:8px 12px; border:1px solid #BDBDBD;\">\n        M\u00c9THODES\n      <\/th>\n<\/tr>\n<tr>\n<td style=\"padding:8px 12px; border:1px solid #BDBDBD;\">Classement des flux<\/td>\n<td style=\"padding:8px 12px; border:1px solid #BDBDBD;\">ORL0<\/td>\n<td style=\"padding:8px 12px; border:1px solid #BDBDBD;\">ANSI\/J-STD-004B<\/td>\n<\/tr>\n<tr style=\"background:#E6E6E6;\">\n<td style=\"padding:8px 12px; border:1px solid #BDBDBD;\">Miroir de cuivre<\/td>\n<td style=\"padding:8px 12px; border:1px solid #BDBDBD;\">Passe<\/td>\n<td style=\"padding:8px 12px; border:1px solid #BDBDBD;\">ANSI\/J-STD-004B<\/td>\n<\/tr>\n<tr>\n<td style=\"padding:8px 12px; border:1px solid #BDBDBD;\">Papier chromat\u00e9<\/td>\n<td style=\"padding:8px 12px; border:1px solid #BDBDBD;\">Passe<\/td>\n<td style=\"padding:8px 12px; border:1px solid #BDBDBD;\">ANSI\/J-STD-004B<\/td>\n<\/tr>\n<tr style=\"background:#E6E6E6;\">\n<td style=\"padding:8px 12px; border:1px solid #BDBDBD;\">SIR (IPC)<\/td>\n<td style=\"padding:8px 12px; border:1px solid #BDBDBD;\">Passe<\/td>\n<td style=\"padding:8px 12px; border:1px solid #BDBDBD;\">ANSI\/J-STD-004<\/td>\n<\/tr>\n<tr>\n<td style=\"padding:8px 12px; border:1px solid #BDBDBD;\">\n        Test Bono corrosion (85\u00b0C \/ 85% HR \u2013 15 jours)\n      <\/td>\n<td style=\"padding:8px 12px; border:1px solid #BDBDBD;\">Passe : FC=1%<\/td>\n<td style=\"padding:8px 12px; border:1px solid #BDBDBD;\">INVENTEC : BRY-MO-058<\/td>\n<\/tr>\n<\/table>\n<\/div>\n","protected":false},"excerpt":{"rendered":"<ul>\n<li>Flux sans nettoyage \u00e0 base d&rsquo;eau<\/li>\n<li>Brasage \u00e0 la vague et s\u00e9lectif<\/li>\n<li>Haute fiabilit\u00e9 et excellent mouillage<\/li>\n<\/ul>\n<p><a href=\"https:\/\/www.inventec.dehon.com\/wp-content\/uploads\/2023\/06\/GW-ECO-FREE-305-WS12.png\"><img decoding=\"async\" class=\"alignleft size-full wp-image-14785\" src=\"https:\/\/www.inventec.dehon.com\/wp-content\/uploads\/2023\/06\/GW-ECO-FREE-305-WS12.png\" alt=\"\" width=\"278\" height=\"236\" \/><\/a><\/p>\n","protected":false},"featured_media":3031,"comment_status":"closed","ping_status":"closed","template":"","meta":{"_acf_changed":false,"inline_featured_image":false},"product_brand":[],"product_cat":[2809,2806,2807],"product_tag":[1446,5253,850,1445,5034,5293,4325,5054,5094,5317,5305,5082,5301,504,5297],"class_list":{"0":"post-9922","1":"product","2":"type-product","3":"status-publish","4":"has-post-thumbnail","6":"product_cat-solutions-de-flux-detamage","7":"product_cat-solutions-de-flux-de-brasage-a-la-vague","8":"product_cat-solutions-de-flux-de-brasage-selectif","9":"product_tag-320-fr","10":"product_tag-a-base-deau-fr","11":"product_tag-brasage-selectif","12":"product_tag-ecofrec-320-fr","13":"product_tag-excellente-mouillabilite","14":"product_tag-flux-liquide-fr","15":"product_tag-greenway","16":"product_tag-haute-fiabilite","17":"product_tag-plomb","18":"product_tag-sans-cov-fr","19":"product_tag-sans-nettoyage","20":"product_tag-sans-plomb","21":"product_tag-selectif","22":"product_tag-soudure-a-la-vague","23":"product_tag-vague","24":"pa_brand-ecofrec-fr-2","25":"pa_features-a-base-deau","26":"pa_features-greenway","27":"pa_processes-brasage-par-vague-selectif","28":"pa_product-category-flux-liquide","30":"first","31":"instock","32":"shipping-taxable","33":"product-type-simple"},"acf":[],"_links":{"self":[{"href":"https:\/\/www.inventec.dehon.com\/fr\/wp-json\/wp\/v2\/product\/9922","targetHints":{"allow":["GET"]}}],"collection":[{"href":"https:\/\/www.inventec.dehon.com\/fr\/wp-json\/wp\/v2\/product"}],"about":[{"href":"https:\/\/www.inventec.dehon.com\/fr\/wp-json\/wp\/v2\/types\/product"}],"replies":[{"embeddable":true,"href":"https:\/\/www.inventec.dehon.com\/fr\/wp-json\/wp\/v2\/comments?post=9922"}],"wp:featuredmedia":[{"embeddable":true,"href":"https:\/\/www.inventec.dehon.com\/fr\/wp-json\/wp\/v2\/media\/3031"}],"wp:attachment":[{"href":"https:\/\/www.inventec.dehon.com\/fr\/wp-json\/wp\/v2\/media?parent=9922"}],"wp:term":[{"taxonomy":"product_brand","embeddable":true,"href":"https:\/\/www.inventec.dehon.com\/fr\/wp-json\/wp\/v2\/product_brand?post=9922"},{"taxonomy":"product_cat","embeddable":true,"href":"https:\/\/www.inventec.dehon.com\/fr\/wp-json\/wp\/v2\/product_cat?post=9922"},{"taxonomy":"product_tag","embeddable":true,"href":"https:\/\/www.inventec.dehon.com\/fr\/wp-json\/wp\/v2\/product_tag?post=9922"}],"curies":[{"name":"wp","href":"https:\/\/api.w.org\/{rel}","templated":true}]}}