{"id":9920,"date":"2021-06-16T14:37:13","date_gmt":"2021-06-16T14:37:13","guid":{"rendered":"https:\/\/www.inventec.dehon.com\/product\/ecofrec-pop-ws30\/"},"modified":"2026-01-20T13:45:25","modified_gmt":"2026-01-20T12:45:25","slug":"ecofrec-pop-ws30","status":"publish","type":"product","link":"https:\/\/www.inventec.dehon.com\/fr\/product\/ecofrec-pop-ws30\/","title":{"rendered":"ECOFREC POP WS30"},"content":{"rendered":"<p><img decoding=\"async\" src=\"https:\/\/www.inventec.dehon.com\/wp-content\/uploads\/2021\/06\/Ecofrec-syringe-tacky-flux-1-600x600.png\" alt=\"ECOFREC POP WS30\" class=\"responsive-img\" align=\"right\" style=\"border-radius:10px; margin-bottom:10px; margin-top:-10px; margin-left:15px; width:300px\" \/><\/p>\n<h2 style=\"color:#9bc947; margin-bottom:15px\">Flux collant \u00e0 base d&rsquo;eau<\/h2>\n<ul>\n<li>Flux adh\u00e9sif soluble dans l&rsquo;eau<\/li>\n<li>Processus PoP et Flip Chip<\/li>\n<li>Excellentes propri\u00e9t\u00e9s de mouillage<\/li>\n<\/ul>\n<h5>ECOFREC POP WS30<\/h5>\n<p>Est un flux poisseux soluble dans l&rsquo;eau con\u00e7u pour le proc\u00e9d\u00e9 Package on Package et le proc\u00e9d\u00e9 Flip Chip. Il convient pour le brasage sans plomb et avec plomb, avec ou sans azote. <\/p>\n<p>La rh\u00e9ologie et le caract\u00e8re collant de l&rsquo;<strong>ECOFREC POP WS30<\/strong> sont optimis\u00e9s pour maintenir suffisamment les emballages en place avant et pendant la refusion. Le nettoyage du PCB est n\u00e9cessaire apr\u00e8s le brasage avec un proc\u00e9d\u00e9 \u00e0 base d&rsquo;eau.<\/p>\n<p><!-- FEATURES Section --><\/p>\n<div style=\"font-weight:bold; border-bottom:2px solid #9DBB2F; padding-bottom:6px; margin-bottom:10px;\">\n  CARACT\u00c9RISTIQUES\n<\/div>\n<table width=\"100%\" cellpadding=\"0\" cellspacing=\"0\" style=\"border-collapse:collapse; width:100%; max-width:100%;\">\n<tr>\n<th align=\"left\" style=\"background:#7A7A7A; color:#fff; padding:8px 12px; border:1px solid #BDBDBD;\">SP\u00c9CIFICATIONS<\/th>\n<th align=\"left\" style=\"background:#7A7A7A; color:#fff; padding:8px 12px; border:1px solid #BDBDBD;\">ECOFREC POP WS30<\/th>\n<\/tr>\n<tr>\n<td style=\"padding:8px 12px; border:1px solid #BDBDBD;\">Aspect<\/td>\n<td style=\"padding:8px 12px; border:1px solid #BDBDBD;\">Jaune clair<\/td>\n<\/tr>\n<tr style=\"background:#E6E6E6;\">\n<td style=\"padding:8px 12px; border:1px solid #BDBDBD;\">Solubilit\u00e9 dans l&rsquo;eau<\/td>\n<td style=\"padding:8px 12px; border:1px solid #BDBDBD;\">Soluble<\/td>\n<\/tr>\n<tr>\n<td style=\"padding:8px 12px; border:1px solid #BDBDBD;\">Solubilit\u00e9 dans l&rsquo;alcool<\/td>\n<td style=\"padding:8px 12px; border:1px solid #BDBDBD;\">Soluble<\/td>\n<\/tr>\n<tr style=\"background:#E6E6E6;\">\n<td style=\"padding:8px 12px; border:1px solid #BDBDBD;\">Densit\u00e9 \u00e0 20\u00b0C<\/td>\n<td style=\"padding:8px 12px; border:1px solid #BDBDBD;\">1,0<\/td>\n<\/tr>\n<tr>\n<td style=\"padding:8px 12px; border:1px solid #BDBDBD;\">Teneur en halog\u00e8ne<\/td>\n<td style=\"padding:8px 12px; border:1px solid #BDBDBD;\">Sans halog\u00e8ne<\/td>\n<\/tr>\n<tr style=\"background:#E6E6E6;\">\n<td style=\"padding:8px 12px; border:1px solid #BDBDBD;\">Viscosit\u00e9 (Pa.s \u00e0 25\u00b0C)<br \/>Rh\u00e9om\u00e8tre Thermoscientific*<\/td>\n<td style=\"padding:8px 12px; border:1px solid #BDBDBD;\">20<\/td>\n<\/tr>\n<\/table>\n<p style=\"font-size:12px;\">*L&rsquo;\u00e9quipement utilis\u00e9 est plate\/plate mobile diam\u00e8tre 35 mm<\/p>\n<p><!-- CHARACTERISTICS Section --><\/p>\n<div style=\"font-weight:bold; border-bottom:2px solid #9DBB2F; padding-bottom:6px; margin:30px 0 10px 0;\">\n  CARACT\u00c9RISTIQUES M\u00c9CANIQUES\n<\/div>\n<table width=\"100%\" cellpadding=\"0\" cellspacing=\"0\" style=\"border-collapse:collapse; width:100%; max-width:100%;\">\n<tr>\n<th align=\"left\" style=\"background:#7A7A7A; color:#fff; padding:8px 12px; border:1px solid #BDBDBD;\">CARACT\u00c9RISTIQUES<\/th>\n<th align=\"left\" style=\"background:#7A7A7A; color:#fff; padding:8px 12px; border:1px solid #BDBDBD;\">VALEURS<\/th>\n<th align=\"left\" style=\"background:#7A7A7A; color:#fff; padding:8px 12px; border:1px solid #BDBDBD;\">M\u00c9THODE<\/th>\n<\/tr>\n<tr>\n<td style=\"padding:8px 12px; border:1px solid #BDBDBD;\">Classification du flux<\/td>\n<td style=\"padding:8px 12px; border:1px solid #BDBDBD;\">REH1 \/ 122<\/td>\n<td style=\"padding:8px 12px; border:1px solid #BDBDBD;\">ANSI\/J-STD-004 \/ ISO 9454<\/td>\n<\/tr>\n<tr style=\"background:#E6E6E6;\">\n<td style=\"padding:8px 12px; border:1px solid #BDBDBD;\">Test de formation de billes de soudure<\/td>\n<td style=\"padding:8px 12px; border:1px solid #BDBDBD;\">R\u00e9ussi<\/td>\n<td style=\"padding:8px 12px; border:1px solid #BDBDBD;\">ANSI\/J-STD-005<\/td>\n<\/tr>\n<tr>\n<td style=\"padding:8px 12px; border:1px solid #BDBDBD;\">Miroir de cuivre<\/td>\n<td style=\"padding:8px 12px; border:1px solid #BDBDBD;\">H R\u00e9ussi<\/td>\n<td style=\"padding:8px 12px; border:1px solid #BDBDBD;\">ANSI\/J-STD-004<\/td>\n<\/tr>\n<tr style=\"background:#E6E6E6;\">\n<td style=\"padding:8px 12px; border:1px solid #BDBDBD;\">Corrosion du cuivre majeure<\/td>\n<td style=\"padding:8px 12px; border:1px solid #BDBDBD;\">R\u00e9ussi<\/td>\n<td style=\"padding:8px 12px; border:1px solid #BDBDBD;\">ANSI\/J-STD-004<\/td>\n<\/tr>\n<\/table>\n","protected":false},"excerpt":{"rendered":"<ul>\n<li>Flux adh\u00e9sif soluble dans l&rsquo;eau<\/li>\n<li>Processus PoP et Flip Chip<\/li>\n<li>Excellentes propri\u00e9t\u00e9s de mouillage<\/li>\n<\/ul>\n<p><a href=\"https:\/\/www.inventec.dehon.com\/wp-content\/uploads\/2023\/07\/GW-Score-47.png\"><img decoding=\"async\" class=\"alignleft size-full wp-image-15530\" src=\"https:\/\/www.inventec.dehon.com\/wp-content\/uploads\/2023\/07\/GW-Score-47.png\" alt=\"\" width=\"278\" height=\"236\" \/><\/a><\/p>\n","protected":false},"featured_media":4018,"comment_status":"closed","ping_status":"closed","template":"","meta":{"_acf_changed":false,"inline_featured_image":false},"product_brand":[],"product_cat":[2812,2813,2808],"product_tag":[5253,5325,1456,5034,3990,5094,1457,5082,3780,1458],"class_list":{"0":"post-9920","1":"product","2":"type-product","3":"status-publish","4":"has-post-thumbnail","6":"product_cat-procede-flip-chip-et-csp-pour-packaging-des-semi-conducteurs","7":"product_cat-procede-pop-pour-packaging-des-semi-conducteurs","8":"product_cat-solutions-de-tacky-flux","9":"product_tag-a-base-deau-fr","10":"product_tag-azote","11":"product_tag-ecofrec-pop-ws30-fr","12":"product_tag-excellente-mouillabilite","13":"product_tag-flip-chip-fr","14":"product_tag-plomb","15":"product_tag-pop-fr","16":"product_tag-sans-plomb","17":"product_tag-tacky-flux-fr","18":"product_tag-ws30-fr","19":"pa_application-flip-chip","20":"pa_application-pop-fr","21":"pa_brand-ecofrec-fr-2","22":"pa_features-a-base-deau","23":"pa_product-category-tacky-flux","25":"first","26":"instock","27":"shipping-taxable","28":"product-type-simple"},"acf":[],"_links":{"self":[{"href":"https:\/\/www.inventec.dehon.com\/fr\/wp-json\/wp\/v2\/product\/9920","targetHints":{"allow":["GET"]}}],"collection":[{"href":"https:\/\/www.inventec.dehon.com\/fr\/wp-json\/wp\/v2\/product"}],"about":[{"href":"https:\/\/www.inventec.dehon.com\/fr\/wp-json\/wp\/v2\/types\/product"}],"replies":[{"embeddable":true,"href":"https:\/\/www.inventec.dehon.com\/fr\/wp-json\/wp\/v2\/comments?post=9920"}],"wp:featuredmedia":[{"embeddable":true,"href":"https:\/\/www.inventec.dehon.com\/fr\/wp-json\/wp\/v2\/media\/4018"}],"wp:attachment":[{"href":"https:\/\/www.inventec.dehon.com\/fr\/wp-json\/wp\/v2\/media?parent=9920"}],"wp:term":[{"taxonomy":"product_brand","embeddable":true,"href":"https:\/\/www.inventec.dehon.com\/fr\/wp-json\/wp\/v2\/product_brand?post=9920"},{"taxonomy":"product_cat","embeddable":true,"href":"https:\/\/www.inventec.dehon.com\/fr\/wp-json\/wp\/v2\/product_cat?post=9920"},{"taxonomy":"product_tag","embeddable":true,"href":"https:\/\/www.inventec.dehon.com\/fr\/wp-json\/wp\/v2\/product_tag?post=9920"}],"curies":[{"name":"wp","href":"https:\/\/api.w.org\/{rel}","templated":true}]}}