{"id":9911,"date":"2021-05-12T15:14:22","date_gmt":"2021-05-12T15:14:22","guid":{"rendered":"https:\/\/www.inventec.dehon.com\/product\/topklean-el-20p\/"},"modified":"2026-01-29T13:45:29","modified_gmt":"2026-01-29T12:45:29","slug":"topklean-el-20p","status":"publish","type":"product","link":"https:\/\/www.inventec.dehon.com\/fr\/product\/topklean-el-20p\/","title":{"rendered":"TOPKLEAN EL 20P"},"content":{"rendered":"<p><img decoding=\"async\" src=\"https:\/\/www.inventec.dehon.com\/wp-content\/uploads\/2021\/03\/TOPKLEAN-canister-yellow-1-600x600.jpg\" alt=\"TOPKLEAN EL 20P\" class=\"responsive-img\" align=\"right\" style=\"border-radius:10px; margin-bottom:10px; margin-top:-10px; margin-left:15px; width:300px\" \/><\/p>\n<h2 style=\"color:#9bc947; margin-bottom:15px\">Nettoyant haute performance pour r\u00e9sidus de flux de soudure<\/h2>\n<ul>\n<li>\u00c9limination des r\u00e9sidus de flux<\/li>\n<li>Proc\u00e9d\u00e9 de co-solvants<\/li>\n<li>Pouvoir nettoyant tr\u00e8s \u00e9lev\u00e9 et solution durable<\/li>\n<\/ul>\n<h5>TOPKLEAN EL 20P<\/h5>\n<p>Est sp\u00e9cialement con\u00e7u pour nettoyer les r\u00e9sidus de flux de soudure apr\u00e8s la refusion. Il s&rsquo;agit d&rsquo;une formulation am\u00e9lior\u00e9e du <a href=\"https:\/\/www.inventec.dehon.com\/fr\/product\/topklean-el-20a\/\">TOPKLEAN EL 20A<\/a> avec une durabilit\u00e9 renforc\u00e9e et une r\u00e9duction de la tension de surface qui permet un meilleur nettoyage sous des composants \u00e0 tr\u00e8s faible \u00e9cartement.Son excellente capacit\u00e9 \u00e0 solubiliser les compos\u00e9s organiques et min\u00e9raux permet d&rsquo;\u00e9liminer presque tous les r\u00e9sidus de flux de soudure utilis\u00e9s dans l&rsquo;industrie \u00e9lectronique actuelle. Il ne laisse aucun r\u00e9sidu blanc et procure \u00e9galement un effet brillant sur les alliages et les m\u00e9taux.<\/p>\n<p>Il est utilis\u00e9 dans le processus de co-solvant pour offrir un processus de nettoyage rapide et durable avec une efficacit\u00e9 de nettoyage tr\u00e8s \u00e9lev\u00e9e. Dans ce processus, <strong>TOPKLEAN EL 20P<\/strong> est parfaitement rinc\u00e9 avec les fluides de rin\u00e7age \u00e0 base d&rsquo;hydrofluoro\u00e9thers (HFE) de 3M\u2122 Novec ou de notre propre gamme PROMOSOLV\u2122 Gr\u00e2ce \u00e0 la tr\u00e8s faible tension superficielle du HFE, le rin\u00e7age p\u00e9n\u00e8tre dans les espaces tr\u00e8s \u00e9troits et sous les composants \u00e0 faible \u00e9cartement. Il dissout tous r\u00e9sidu de flux, ce qui permet d&rsquo;obtenir des niveaux de contamination ionique tr\u00e8s faibles.<\/p>\n<p>En outre, par rapport \u00e0 un syst\u00e8me de nettoyage \u00e0 base d&rsquo;eau, il n&rsquo;y a aucun risque de corrosion en raison de l&rsquo;absence d&rsquo;eau r\u00e9siduelle laiss\u00e9e sur les cartes. Le proc\u00e9d\u00e9 co-solvant, a chang\u00e9 la donne depuis plus de 15 ans. Il est qualifi\u00e9 et utilis\u00e9 par plusieurs acteurs de l&rsquo;industrie \u00e9lectronique.<\/p>\n<p><!-- SPECIFICATIONS Section --><\/p>\n<div style=\"font-weight:bold; text-transform:uppercase; border-bottom:2px solid #9DBB2F; padding-bottom:6px; margin-bottom:10px;\">\n  SP\u00c9CIFICATIONS\n<\/div>\n<table width=\"100%\" cellpadding=\"0\" cellspacing=\"0\" style=\"border-collapse:collapse; width:100%; max-width:100%;\">\n<tr>\n<th align=\"left\" style=\"background:#7A7A7A; color:#fff; padding:8px 12px; border:1px solid #BDBDBD;\">SP\u00c9CIFICATIONS<\/th>\n<th align=\"left\" style=\"background:#7A7A7A; color:#fff; padding:8px 12px; border:1px solid #BDBDBD;\">VALEURS<\/th>\n<th align=\"left\" style=\"background:#7A7A7A; color:#fff; padding:8px 12px; border:1px solid #BDBDBD;\">M\u00c9THODES<\/th>\n<\/tr>\n<tr>\n<td style=\"padding:8px 12px; border:1px solid #BDBDBD;\">Aspect<\/td>\n<td style=\"padding:8px 12px; border:1px solid #BDBDBD;\">Transparent, incolore<\/td>\n<td style=\"padding:8px 12px; border:1px solid #BDBDBD;\">Visuelle<\/td>\n<\/tr>\n<tr style=\"background:#E6E6E6;\">\n<td style=\"padding:8px 12px; border:1px solid #BDBDBD;\">Masse volumique \u00e0 20\u00b0C (g\/ml)<\/td>\n<td style=\"padding:8px 12px; border:1px solid #BDBDBD;\">0.880 \u00b1 0.020<\/td>\n<td style=\"padding:8px 12px; border:1px solid #BDBDBD;\">BRY MO 028<\/td>\n<\/tr>\n<\/table>\n<p><!-- CHARACTERISTICS Section --><\/p>\n<div style=\"font-weight:bold; text-transform:uppercase; border-bottom:2px solid #9DBB2F; padding-bottom:6px; margin:30px 0 10px 0;\">\n  CARACT\u00c9RISTIQUES\n<\/div>\n<table width=\"100%\" cellpadding=\"0\" cellspacing=\"0\" style=\"border-collapse:collapse; width:100%; max-width:100%;\">\n<tr>\n<th align=\"left\" style=\"background:#7A7A7A; color:#fff; padding:8px 12px; border:1px solid #BDBDBD;\">CARACT\u00c9RISTIQUES<\/th>\n<th align=\"left\" style=\"background:#7A7A7A; color:#fff; padding:8px 12px; border:1px solid #BDBDBD;\">VALEURS<\/th>\n<th align=\"left\" style=\"background:#7A7A7A; color:#fff; padding:8px 12px; border:1px solid #BDBDBD;\">M\u00c9THODES<\/th>\n<\/tr>\n<tr>\n<td style=\"padding:8px 12px; border:1px solid #BDBDBD;\">Point \u00e9clair (PMCC)<\/td>\n<td style=\"padding:8px 12px; border:1px solid #BDBDBD;\">62.5\u00b0C \/ 144.5 \u00b0F<\/td>\n<td style=\"padding:8px 12px; border:1px solid #BDBDBD;\">ASTM D93<\/td>\n<\/tr>\n<tr style=\"background:#E6E6E6;\">\n<td style=\"padding:8px 12px; border:1px solid #BDBDBD;\">Tension de surface \u00e0 20\u00b0C (dynes\/cm)<\/td>\n<td style=\"padding:8px 12px; border:1px solid #BDBDBD;\">38<\/td>\n<td style=\"padding:8px 12px; border:1px solid #BDBDBD;\">ASTM D971<\/td>\n<\/tr>\n<tr>\n<td style=\"padding:8px 12px; border:1px solid #BDBDBD;\">Taux d&rsquo;\u00e9vaporation relatif : nBuAc=1<\/td>\n<td style=\"padding:8px 12px; border:1px solid #BDBDBD;\">0,077<\/td>\n<td style=\"padding:8px 12px; border:1px solid #BDBDBD;\">ASTM D3539<\/td>\n<\/tr>\n<tr style=\"background:#E6E6E6;\">\n<td style=\"padding:8px 12px; border:1px solid #BDBDBD;\">Miscibilit\u00e9 dans l&rsquo;eau<\/td>\n<td style=\"padding:8px 12px; border:1px solid #BDBDBD;\">Partiellement miscible<\/td>\n<td style=\"padding:8px 12px; border:1px solid #BDBDBD;\">Interne<\/td>\n<\/tr>\n<tr>\n<td style=\"padding:8px 12px; border:1px solid #BDBDBD;\">Pr\u00e9sence de compos\u00e9s aromatiques (% poids)<\/td>\n<td style=\"padding:8px 12px; border:1px solid #BDBDBD;\">&lt; 0.1<\/td>\n<td style=\"padding:8px 12px; border:1px solid #BDBDBD;\">SMS 2728<\/td>\n<\/tr>\n<tr style=\"background:#E6E6E6;\">\n<td style=\"padding:8px 12px; border:1px solid #BDBDBD;\">Teneur en eau (% poids)<\/td>\n<td style=\"padding:8px 12px; border:1px solid #BDBDBD;\">&lt; 0.1<\/td>\n<td style=\"padding:8px 12px; border:1px solid #BDBDBD;\">ASTM E1364<\/td>\n<\/tr>\n<tr>\n<td style=\"padding:8px 12px; border:1px solid #BDBDBD;\">Plage d&rsquo;\u00e9bullition (\u00b0C \/ \u00b0K)<\/td>\n<td style=\"padding:8px 12px; border:1px solid #BDBDBD;\">180-210 \u00b0C \/ 356-410 \u00b0F<\/td>\n<td style=\"padding:8px 12px; border:1px solid #BDBDBD;\">ASTM D1078<\/td>\n<\/tr>\n<\/table>\n","protected":false},"excerpt":{"rendered":"<ul>\n<li>\u00c9limination des r\u00e9sidus de flux<\/li>\n<li>Proc\u00e9d\u00e9 de co-solvants<\/li>\n<li>Pouvoir nettoyant tr\u00e8s \u00e9lev\u00e9 et solution durable<\/li>\n<\/ul>\n<p><a href=\"https:\/\/www.inventec.dehon.com\/wp-content\/uploads\/2021\/04\/GW-Score-21.png\"><img decoding=\"async\" src=\"https:\/\/www.inventec.dehon.com\/wp-content\/uploads\/2021\/04\/GW-Score-21.png\" alt=\"TOPKLEAN EL 20P\" width=\"40\" height=\"34\" \/><\/a><\/p>\n","protected":false},"featured_media":24449,"comment_status":"closed","ping_status":"closed","template":"","meta":{"_acf_changed":false,"inline_featured_image":false},"product_brand":[],"product_cat":[953,2818],"product_tag":[2201,4281,4285,2103,2192,4297,4325,4301,4184,4381,4385,4389,4373,4313,500,2038,2191],"class_list":{"0":"post-9911","1":"product","2":"type-product","3":"status-publish","4":"has-post-thumbnail","6":"industries-confort-assistanc-a-la-conduite-adas","7":"industries-equipement-medical-scanners","8":"industries-systemes-electroniques-et-electriques","9":"product_cat-nettoyage","10":"product_cat-nettoyage-pcb-defluxage-electronique-et-semiconducteur","11":"product_tag-20p-fr","12":"product_tag-co-solvant","13":"product_tag-defluxage-fr","14":"product_tag-el-fr","15":"product_tag-el-20p-fr","16":"product_tag-electronique","17":"product_tag-greenway","18":"product_tag-industrie-electronique","19":"product_tag-liquides-de-nettoyage-solvants-fr","20":"product_tag-non-corrosif","21":"product_tag-non-inflammable","22":"product_tag-non-toxique","23":"product_tag-pas-de-prg","24":"product_tag-residus-de-flux","25":"product_tag-solvant","26":"product_tag-topklean-fr","27":"product_tag-topklean-el-20p-fr","28":"pa_application-defluxage","29":"pa_brand-topklean-fr-2","30":"pa_features-greenway","31":"pa_processes-co-solvant","32":"pa_product-category-liquides-de-nettoyage-solvants","34":"first","35":"instock","36":"shipping-taxable","37":"product-type-simple"},"acf":[],"_links":{"self":[{"href":"https:\/\/www.inventec.dehon.com\/fr\/wp-json\/wp\/v2\/product\/9911","targetHints":{"allow":["GET"]}}],"collection":[{"href":"https:\/\/www.inventec.dehon.com\/fr\/wp-json\/wp\/v2\/product"}],"about":[{"href":"https:\/\/www.inventec.dehon.com\/fr\/wp-json\/wp\/v2\/types\/product"}],"replies":[{"embeddable":true,"href":"https:\/\/www.inventec.dehon.com\/fr\/wp-json\/wp\/v2\/comments?post=9911"}],"wp:featuredmedia":[{"embeddable":true,"href":"https:\/\/www.inventec.dehon.com\/fr\/wp-json\/wp\/v2\/media\/24449"}],"wp:attachment":[{"href":"https:\/\/www.inventec.dehon.com\/fr\/wp-json\/wp\/v2\/media?parent=9911"}],"wp:term":[{"taxonomy":"product_brand","embeddable":true,"href":"https:\/\/www.inventec.dehon.com\/fr\/wp-json\/wp\/v2\/product_brand?post=9911"},{"taxonomy":"product_cat","embeddable":true,"href":"https:\/\/www.inventec.dehon.com\/fr\/wp-json\/wp\/v2\/product_cat?post=9911"},{"taxonomy":"product_tag","embeddable":true,"href":"https:\/\/www.inventec.dehon.com\/fr\/wp-json\/wp\/v2\/product_tag?post=9911"}],"curies":[{"name":"wp","href":"https:\/\/api.w.org\/{rel}","templated":true}]}}