{"id":9839,"date":"2021-05-14T09:34:58","date_gmt":"2021-05-14T09:34:58","guid":{"rendered":"https:\/\/www.inventec.dehon.com\/product\/promoclean-disper-607\/"},"modified":"2026-01-27T13:44:15","modified_gmt":"2026-01-27T12:44:15","slug":"promoclean-disper-607","status":"publish","type":"product","link":"https:\/\/www.inventec.dehon.com\/fr\/product\/promoclean-disper-607\/","title":{"rendered":"PROMOCLEAN DISPER 607"},"content":{"rendered":"<p><img decoding=\"async\" src=\"https:\/\/www.inventec.dehon.com\/wp-content\/uploads\/2021\/04\/PROMOCLEAN-canister-blue.png\" alt=\"PROMOCLEAN DISPER 607\" class=\"responsive-img\" align=\"right\" style=\"border-radius:10px; margin-bottom:10px; margin-top:-10px; margin-left:15px; width:300px\" \/><\/p>\n<h2 style=\"color: #9bc947; margin-bottom: 15px;\">\u00c9limination efficace des r\u00e9sidus de flux sur les cartes PCBA et composants<\/h2>\n<ul>\n<li>\u00c9limination des r\u00e9sidus de flux<\/li>\n<li>Proc\u00e9d\u00e9 aqueux d&rsquo;aspersion<\/li>\n<li>Fabriqu\u00e9 en partie \u00e0 partir de mati\u00e8res premi\u00e8res v\u00e9g\u00e9tales<\/li>\n<\/ul>\n<h5>PROMOCLEAN DISPER 607<\/h5>\n<p>Est sp\u00e9cialement con\u00e7u pour l&rsquo;\u00e9limination de tous les types de r\u00e9sidus de flux sur les PCBA, les modules de puissance, les lead frames, les BGA, les applications PoP ou SIP et les assemblages LED. Gr\u00e2ce \u00e0 ses excellentes propri\u00e9t\u00e9s anti-mousse, il est destin\u00e9 aux proc\u00e9d\u00e9s de pulv\u00e9risation \u00e0 l&rsquo;air et de jet par immersion \u00e0 base d&rsquo;eau.<\/p>\n<p>L&rsquo;alcalinit\u00e9 contr\u00f4l\u00e9e garantit la compatibilit\u00e9 de ce produit avec l&rsquo;aluminium et d&rsquo;autres mat\u00e9riaux sensibles, tout en offrant un pouvoir nettoyant \u00e9lev\u00e9. Sa faible tension superficielle permet de nettoyer et de rincer tr\u00e8s bien les composants \u00e0 faible hauteur et les espaces difficiles \u00e0 atteindre.<\/p>\n<p>C&rsquo;est un produit concentr\u00e9 qui s&rsquo;utilise dilu\u00e9 avec de l&rsquo;eau DI et qui a un excellent pouvoir nettoyant \u00e0 partir d&rsquo;une dilution de 20 % \u00e0 30 %.<\/p>\n<div style=\"font-family:Lato; color:#333;\">\n<div style=\"font-weight:bold; text-transform:uppercase; border-bottom:2px solid #9DBB2F; padding-bottom:6px; margin-bottom:10px;\">\n    SP\u00c9CIFICATIONS\n  <\/div>\n<table width=\"100%\" cellpadding=\"0\" cellspacing=\"0\" style=\"border-collapse:collapse; width:100%; max-width:100%;\">\n<tr>\n<th align=\"left\" style=\"background:#7A7A7A; color:#fff; padding:8px 12px; border:1px solid #BDBDBD;\">\n        SP\u00c9CIFICATIONS\n      <\/th>\n<th align=\"left\" style=\"background:#7A7A7A; color:#fff; padding:8px 12px; border:1px solid #BDBDBD;\">\n        VALEURS\n      <\/th>\n<th align=\"left\" style=\"background:#7A7A7A; color:#fff; padding:8px 12px; border:1px solid #BDBDBD;\">\n        M\u00c9THODES\n      <\/th>\n<\/tr>\n<tr>\n<td style=\"padding:8px 12px; border:1px solid #BDBDBD;\">Aspect<\/td>\n<td style=\"padding:8px 12px; border:1px solid #BDBDBD;\">Liquide incolore \u00e0 l\u00e9g\u00e8rement jaune<\/td>\n<td style=\"padding:8px 12px; border:1px solid #BDBDBD;\">Visuelle<\/td>\n<\/tr>\n<tr style=\"background:#E6E6E6;\">\n<td style=\"padding:8px 12px; border:1px solid #BDBDBD;\">Masse volumique \u00e0 20\u00b0C (g\/ml)<\/td>\n<td style=\"padding:8px 12px; border:1px solid #BDBDBD;\">1.00 \u00b1 0.01<\/td>\n<td style=\"padding:8px 12px; border:1px solid #BDBDBD;\">BRY-MO-028<\/td>\n<\/tr>\n<tr>\n<td style=\"padding:8px 12px; border:1px solid #BDBDBD;\">pH du produit pur<\/td>\n<td style=\"padding:8px 12px; border:1px solid #BDBDBD;\">10.8 \u00b1 0.5<\/td>\n<td style=\"padding:8px 12px; border:1px solid #BDBDBD;\">BRY-MO-011<\/td>\n<\/tr>\n<\/table>\n<\/div>\n<div style=\"font-family:Lato; color:#333;\">\n<div style=\"font-weight:bold; text-transform:uppercase; border-bottom:2px solid #9DBB2F; padding-bottom:6px; margin:30px 0 10px;\">\n    CARACT\u00c9RISTIQUES\n  <\/div>\n<table width=\"100%\" cellpadding=\"0\" cellspacing=\"0\" style=\"border-collapse:collapse; width:100%; max-width:100%;\">\n<tr>\n<th align=\"left\" style=\"background:#7A7A7A; color:#fff; padding:8px 12px; border:1px solid #BDBDBD;\">\n        CARACT\u00c9RISTIQUES\n      <\/th>\n<th align=\"left\" style=\"background:#7A7A7A; color:#fff; padding:8px 12px; border:1px solid #BDBDBD;\">\n        VALEURS\n      <\/th>\n<\/tr>\n<tr>\n<td style=\"padding:8px 12px; border:1px solid #BDBDBD;\">Point \u00e9clair<\/td>\n<td style=\"padding:8px 12px; border:1px solid #BDBDBD;\">aucun<\/td>\n<\/tr>\n<tr style=\"background:#E6E6E6;\">\n<td style=\"padding:8px 12px; border:1px solid #BDBDBD;\">Solubilit\u00e9 dans l&rsquo;eau<\/td>\n<td style=\"padding:8px 12px; border:1px solid #BDBDBD;\">totalement soluble<\/td>\n<\/tr>\n<tr>\n<td style=\"padding:8px 12px; border:1px solid #BDBDBD;\">Tension de surface (dynes\/cm)<\/td>\n<td style=\"padding:8px 12px; border:1px solid #BDBDBD;\">29,5<\/td>\n<\/tr>\n<tr style=\"background:#E6E6E6;\">\n<td style=\"padding:8px 12px; border:1px solid #BDBDBD;\">Mouillabilit\u00e9 avec NF T73420 (secondes)<\/td>\n<td style=\"padding:8px 12px; border:1px solid #BDBDBD;\">32<\/td>\n<\/tr>\n<\/table>\n<\/div>\n","protected":false},"excerpt":{"rendered":"<ul>\n<li>\u00c9limination des r\u00e9sidus de flux<\/li>\n<li>Proc\u00e9d\u00e9 aqueux d&rsquo;aspersion<\/li>\n<li>Fabriqu\u00e9 en partie \u00e0 partir de mati\u00e8res premi\u00e8res v\u00e9g\u00e9tales<\/li>\n<\/ul>\n<p><a href=\"https:\/\/www.inventec.dehon.com\/wp-content\/uploads\/2023\/06\/GW-Score-26.png\"><img decoding=\"async\" class=\"alignnone wp-image-14922\" src=\"https:\/\/www.inventec.dehon.com\/wp-content\/uploads\/2023\/06\/GW-Score-26.png\" alt=\"\" width=\"40\" height=\"34\" \/><\/a><\/p>\n","protected":false},"featured_media":2431,"comment_status":"closed","ping_status":"closed","template":"","meta":{"_acf_changed":false,"inline_featured_image":false},"product_brand":[],"product_cat":[953],"product_tag":[2702,4285,2022,2701,4325,4257,4261,4253,4818,2003,2700,4453,4265,4469],"class_list":{"0":"post-9839","1":"product","2":"type-product","3":"status-publish","4":"has-post-thumbnail","6":"product_cat-nettoyage","7":"product_tag-607-fr","8":"product_tag-defluxage-fr","9":"product_tag-disper-fr","10":"product_tag-disper-607-fr","11":"product_tag-greenway","12":"product_tag-immersion-aqueuse","13":"product_tag-immersion-aqueuse-ultrasonique","14":"product_tag-liquides-de-nettoyage-aqueux-fr","15":"product_tag-origine-vegetale","16":"product_tag-promoclean-fr","17":"product_tag-promoclean-disper-607-fr","18":"product_tag-pulverisation","19":"product_tag-pulverisation-aqueuse","20":"product_tag-ultrason","21":"pa_application-defluxage","22":"pa_brand-promoclean-fr","23":"pa_features-greenway","24":"pa_processes-immersion-ultrasonique-aqueuse","25":"pa_processes-spray-a-base-deau","26":"pa_product-category-liquides-de-nettoyage-aqueux","28":"first","29":"instock","30":"shipping-taxable","31":"product-type-simple"},"acf":[],"_links":{"self":[{"href":"https:\/\/www.inventec.dehon.com\/fr\/wp-json\/wp\/v2\/product\/9839","targetHints":{"allow":["GET"]}}],"collection":[{"href":"https:\/\/www.inventec.dehon.com\/fr\/wp-json\/wp\/v2\/product"}],"about":[{"href":"https:\/\/www.inventec.dehon.com\/fr\/wp-json\/wp\/v2\/types\/product"}],"replies":[{"embeddable":true,"href":"https:\/\/www.inventec.dehon.com\/fr\/wp-json\/wp\/v2\/comments?post=9839"}],"wp:featuredmedia":[{"embeddable":true,"href":"https:\/\/www.inventec.dehon.com\/fr\/wp-json\/wp\/v2\/media\/2431"}],"wp:attachment":[{"href":"https:\/\/www.inventec.dehon.com\/fr\/wp-json\/wp\/v2\/media?parent=9839"}],"wp:term":[{"taxonomy":"product_brand","embeddable":true,"href":"https:\/\/www.inventec.dehon.com\/fr\/wp-json\/wp\/v2\/product_brand?post=9839"},{"taxonomy":"product_cat","embeddable":true,"href":"https:\/\/www.inventec.dehon.com\/fr\/wp-json\/wp\/v2\/product_cat?post=9839"},{"taxonomy":"product_tag","embeddable":true,"href":"https:\/\/www.inventec.dehon.com\/fr\/wp-json\/wp\/v2\/product_tag?post=9839"}],"curies":[{"name":"wp","href":"https:\/\/api.w.org\/{rel}","templated":true}]}}