{"id":9804,"date":"2021-12-07T09:54:41","date_gmt":"2021-12-07T09:54:41","guid":{"rendered":"https:\/\/www.inventec.dehon.com\/product\/promosolv-dr3\/"},"modified":"2026-01-28T14:14:10","modified_gmt":"2026-01-28T13:14:10","slug":"promosolv-dr3","status":"publish","type":"product","link":"https:\/\/www.inventec.dehon.com\/fr\/product\/promosolv-dr3\/","title":{"rendered":"PROMOSOLV DR3"},"content":{"rendered":"<p><img decoding=\"async\" src=\"https:\/\/www.inventec.dehon.com\/wp-content\/uploads\/2021\/03\/PROMOSOLV-drum-colorless-Ecoprog-600x600.png\" alt=\"PROMOSOLV DR3\" class=\"responsive-img\" align=\"right\" style=\"border-radius:10px; margin-bottom:10px; margin-top:-10px; margin-left:15px; width:300px\" \/><\/p>\n<h2 style=\"color:#9bc947; margin-bottom:15px\">Solvant de nettoyage et de rin\u00e7age durable<\/h2>\n<ul>\n<li>Solvant de nettoyage l\u00e9ger et de rin\u00e7age<\/li>\n<li>Proc\u00e9d\u00e9 co-solvant<\/li>\n<li>Faible GWP<\/li>\n<li>3M Novec 7100 remplacement<\/li>\n<\/ul>\n<h5>PROMOSOLV DR3<\/h5>\n<p>Est sp\u00e9cialement con\u00e7u pour remplacer les solvants de rin\u00e7age \u00e0 fort impact HSE et proposer un produit conforme aux derni\u00e8res et futures r\u00e9glementations environnementales. La tr\u00e8s faible tension de surface permet de p\u00e9n\u00e9trer dans des espaces tr\u00e8s \u00e9troits, en s&rsquo;assurant que toute chimie de nettoyage est compl\u00e8tement \u00e9limin\u00e9e<\/p>\n<p>Il peut \u00eatre utilis\u00e9 en combinaison avec notre gamme TOPKLEAN\u2122, en proc\u00e9d\u00e9 nettoyage co-solvant, pour offrir, pour le d\u00e9graissage, une solution de solvant respectueuse de l&rsquo;environnement, sans compromettre les performances de nettoyage \u00e9lev\u00e9es. Le <strong>PROMOSOLV DR3<\/strong> peut \u00e9galement \u00eatre utilis\u00e9 pour \u00e9liminer les lubrifiants fluor\u00e9s et silicon\u00e9s ou pour \u00e9liminer des particules dans un proc\u00e9d\u00e9 nettoyage phase vapeur ou par rin\u00e7age.<\/p>\n<p><strong>PROMOSOLV DR3<\/strong>  est compatible avec tous les m\u00e9taux et alliages, y compris les plus sensibles. Il a \u00e9galement une bonne compatibilit\u00e9 avec la plupart des plastiques et des \u00e9lastom\u00e8res, toutefois il est n\u00e9cessaire d&rsquo;effectuer un test avant utilisation.<\/p>\n<p>Le <strong>PROMOSOLV DR3<\/strong> est formul\u00e9 dans un souci de s\u00e9curit\u00e9, d&rsquo;o\u00f9 l&rsquo;\u00e9laboration d&rsquo;un produit ininflammable et sans point d&rsquo;\u00e9clair.<\/p>\n<p><strong>PROMOSOLV DR3<\/strong> remplace imm\u00e9diatement le <strong>3M Novec 7100<\/strong>, dont le retrait volontaire est pr\u00e9vu pour la fin de l&rsquo;ann\u00e9e 2025. Pour plus d&rsquo;informations sur l&rsquo;annonce de 3M concernant le retrait progressif des produits Novec, cliquez sur ce <a href=\"https:\/\/www.inventec.dehon.com\/fr\/eliminer-les-solvants-3m\/\">lien<\/a>.<\/p>\n<div style=\"font-family:Lato; color:#333;\">\n<div style=\"font-weight:bold; text-transform:uppercase; border-bottom:2px solid #9DBB2F; padding-bottom:6px; margin-bottom:10px;\">\n    Sp\u00e9cifications\n  <\/div>\n<table width=\"100%\" cellpadding=\"0\" cellspacing=\"0\" style=\"border-collapse:collapse; width:100%; max-width:100%;\">\n<tr>\n<th align=\"left\" style=\"background:#7A7A7A; color:#fff; padding:8px 12px; border:1px solid #BDBDBD;\">\n        Sp\u00e9cifications\n      <\/th>\n<th align=\"left\" style=\"background:#7A7A7A; color:#fff; padding:8px 12px; border:1px solid #BDBDBD;\">\n        Valeurs\n      <\/th>\n<th align=\"left\" style=\"background:#7A7A7A; color:#fff; padding:8px 12px; border:1px solid #BDBDBD;\">\n        M\u00e9thodes\n      <\/th>\n<\/tr>\n<tr>\n<td style=\"padding:8px 12px; border:1px solid #BDBDBD;\">Aspect<\/td>\n<td style=\"padding:8px 12px; border:1px solid #BDBDBD;\">Incolore, transparent<\/td>\n<td style=\"padding:8px 12px; border:1px solid #BDBDBD;\">Visuel<\/td>\n<\/tr>\n<tr style=\"background:#E6E6E6;\">\n<td style=\"padding:8px 12px; border:1px solid #BDBDBD;\">Puret\u00e9 (%)<\/td>\n<td style=\"padding:8px 12px; border:1px solid #BDBDBD;\">> 99,5<\/td>\n<td style=\"padding:8px 12px; border:1px solid #BDBDBD;\">BRY-MO-121<\/td>\n<\/tr>\n<\/table>\n<\/div>\n<div style=\"font-family:Lato; color:#333;\">\n<div style=\"font-weight:bold; text-transform:uppercase; border-bottom:2px solid #9DBB2F; padding-bottom:6px; margin:30px 0 10px;\">\n    Caract\u00e9ristiques\n  <\/div>\n<table width=\"100%\" cellpadding=\"0\" cellspacing=\"0\" style=\"border-collapse:collapse; width:100%; max-width:100%;\">\n<tr>\n<th align=\"left\" style=\"background:#7A7A7A; color:#fff; padding:8px 12px; border:1px solid #BDBDBD;\">\n        Caract\u00e9ristiques\n      <\/th>\n<th align=\"left\" style=\"background:#7A7A7A; color:#fff; padding:8px 12px; border:1px solid #BDBDBD;\">\n        Valeurs\n      <\/th>\n<\/tr>\n<tr>\n<td style=\"padding:8px 12px; border:1px solid #BDBDBD;\">Point d&rsquo;\u00e9bullition (\u00b0C \/ \u00b0F)<\/td>\n<td style=\"padding:8px 12px; border:1px solid #BDBDBD;\">61 \/ 142<\/td>\n<\/tr>\n<tr style=\"background:#E6E6E6;\">\n<td style=\"padding:8px 12px; border:1px solid #BDBDBD;\">Point de cong\u00e9lation (\u00b0C \/ \u00b0F)<\/td>\n<td style=\"padding:8px 12px; border:1px solid #BDBDBD;\">-135 \/ -211<\/td>\n<\/tr>\n<tr>\n<td style=\"padding:8px 12px; border:1px solid #BDBDBD;\">Point \u00e9clair<\/td>\n<td style=\"padding:8px 12px; border:1px solid #BDBDBD;\">Non<\/td>\n<\/tr>\n<tr style=\"background:#E6E6E6;\">\n<td style=\"padding:8px 12px; border:1px solid #BDBDBD;\">Masse volumique (g\/cm\u00b3)<\/td>\n<td style=\"padding:8px 12px; border:1px solid #BDBDBD;\">1,52<\/td>\n<\/tr>\n<tr>\n<td style=\"padding:8px 12px; border:1px solid #BDBDBD;\">Tension de surface (dynes\/cm)<\/td>\n<td style=\"padding:8px 12px; border:1px solid #BDBDBD;\">13,6<\/td>\n<\/tr>\n<tr style=\"background:#E6E6E6;\">\n<td style=\"padding:8px 12px; border:1px solid #BDBDBD;\">Pression de vapeur (mm Hg)<\/td>\n<td style=\"padding:8px 12px; border:1px solid #BDBDBD;\">202<\/td>\n<\/tr>\n<tr>\n<td style=\"padding:8px 12px; border:1px solid #BDBDBD;\">Viscosit\u00e9 dynamique (mPa.s)<\/td>\n<td style=\"padding:8px 12px; border:1px solid #BDBDBD;\">0,75<\/td>\n<\/tr>\n<tr style=\"background:#E6E6E6;\">\n<td style=\"padding:8px 12px; border:1px solid #BDBDBD;\">Chaleur latente de vaporisation (kJ\/kg @bp)<\/td>\n<td style=\"padding:8px 12px; border:1px solid #BDBDBD;\">112<\/td>\n<\/tr>\n<tr>\n<td style=\"padding:8px 12px; border:1px solid #BDBDBD;\">Chaleur sp\u00e9cifique (kJ\/kg.K)<\/td>\n<td style=\"padding:8px 12px; border:1px solid #BDBDBD;\">1,17<\/td>\n<\/tr>\n<\/table>\n<\/div>\n","protected":false},"excerpt":{"rendered":"<ul>\n<li>Solvant de nettoyage l\u00e9ger et de rin\u00e7age<\/li>\n<li>Proc\u00e9d\u00e9 co-solvant<\/li>\n<li>Faible GWP<\/li>\n<li>3M Novec 7100 remplacement<\/li>\n<\/ul>\n<p><a href=\"https:\/\/www.inventec.dehon.com\/wp-content\/uploads\/2021\/12\/GW-Score-10.png\"><img decoding=\"async\" class=\"alignnone wp-image-15251\" src=\"https:\/\/www.inventec.dehon.com\/wp-content\/uploads\/2021\/12\/GW-Score-10.png\" alt=\"\" width=\"40\" height=\"34\" \/><\/a><\/p>\n","protected":false},"featured_media":2276,"comment_status":"closed","ping_status":"closed","template":"","meta":{"_acf_changed":false,"inline_featured_image":false},"product_brand":[],"product_cat":[953,743,2824,2825],"product_tag":[4281,2645,4409,4237,4707,4711,4325,4715,4184,4739,4731,4727,2644,4598,4794,4445,500,4763,4735],"class_list":{"0":"post-9804","1":"product","2":"type-product","3":"status-publish","4":"has-post-thumbnail","6":"product_cat-nettoyage","7":"product_cat-nettoyage-des-pieces-en-contact-avec-oxygene","8":"product_cat-solutions-de-solvants-de-rincage","9":"product_cat-solutions-de-solvants-de-sechage","10":"product_tag-co-solvant","11":"product_tag-dr3-fr","12":"product_tag-elimination-des-particules-fr","13":"product_tag-fabrication-additive-fr","14":"product_tag-fluore","15":"product_tag-graisse-fluoree","16":"product_tag-greenway","17":"product_tag-huile-fluoree","18":"product_tag-liquides-de-nettoyage-solvants-fr","19":"product_tag-nettoyage-des-systemes-a-oxygene-fr","20":"product_tag-nettoyage-oxygene","21":"product_tag-oxygene-fr","22":"product_tag-promosolv-dr3-fr","23":"product_tag-recyclable","24":"product_tag-rincage","25":"product_tag-sechage-par-solvant","26":"product_tag-solvant","27":"product_tag-solvant-de-rincage","28":"product_tag-systemes-a-oxygene","29":"pa_application-elimination-des-particules","30":"pa_application-nettoyage-des-systemes-a-oxygene","31":"pa_application-solutions-pour-fabrication-additive","32":"pa_brand-promosolv-fr-2","33":"pa_features-greenway","34":"pa_features-pour-huiles-graisses-fluorees","35":"pa_features-recyclable","36":"pa_processes-chasse-deau","37":"pa_processes-co-solvant","38":"pa_processes-rincage-au-solvant","39":"pa_processes-solvant-de-sechage","40":"pa_product-category-liquides-de-nettoyage-solvants","42":"first","43":"instock","44":"shipping-taxable","45":"product-type-simple"},"acf":[],"_links":{"self":[{"href":"https:\/\/www.inventec.dehon.com\/fr\/wp-json\/wp\/v2\/product\/9804","targetHints":{"allow":["GET"]}}],"collection":[{"href":"https:\/\/www.inventec.dehon.com\/fr\/wp-json\/wp\/v2\/product"}],"about":[{"href":"https:\/\/www.inventec.dehon.com\/fr\/wp-json\/wp\/v2\/types\/product"}],"replies":[{"embeddable":true,"href":"https:\/\/www.inventec.dehon.com\/fr\/wp-json\/wp\/v2\/comments?post=9804"}],"wp:featuredmedia":[{"embeddable":true,"href":"https:\/\/www.inventec.dehon.com\/fr\/wp-json\/wp\/v2\/media\/2276"}],"wp:attachment":[{"href":"https:\/\/www.inventec.dehon.com\/fr\/wp-json\/wp\/v2\/media?parent=9804"}],"wp:term":[{"taxonomy":"product_brand","embeddable":true,"href":"https:\/\/www.inventec.dehon.com\/fr\/wp-json\/wp\/v2\/product_brand?post=9804"},{"taxonomy":"product_cat","embeddable":true,"href":"https:\/\/www.inventec.dehon.com\/fr\/wp-json\/wp\/v2\/product_cat?post=9804"},{"taxonomy":"product_tag","embeddable":true,"href":"https:\/\/www.inventec.dehon.com\/fr\/wp-json\/wp\/v2\/product_tag?post=9804"}],"curies":[{"name":"wp","href":"https:\/\/api.w.org\/{rel}","templated":true}]}}