{"id":9783,"date":"2021-12-03T12:57:31","date_gmt":"2021-12-03T12:57:31","guid":{"rendered":"https:\/\/www.inventec.dehon.com\/product\/promoclean-tp-186b\/"},"modified":"2026-01-27T14:25:17","modified_gmt":"2026-01-27T13:25:17","slug":"promoclean-tp-186b","status":"publish","type":"product","link":"https:\/\/www.inventec.dehon.com\/fr\/product\/promoclean-tp-186b\/","title":{"rendered":"PROMOCLEAN TP 186B"},"content":{"rendered":"<p><img decoding=\"async\" src=\"https:\/\/www.inventec.dehon.com\/wp-content\/uploads\/2021\/04\/PROMOCLEAN-canister-blue.png\" alt=\"PROMOCLEAN TP 186B\" class=\"responsive-img\" align=\"right\" style=\"border-radius:10px; margin-bottom:10px; margin-top:-10px; margin-left:15px; width:300px\" \/><\/p>\n<h2 style=\"color:#9bc947; margin-bottom:15px\">D\u00e9graissant haute performance<\/h2>\n<ul>\n<li>Enl\u00e8vement de vernis, r\u00e9sines, peintures, colles, encres et laques.<\/li>\n<li>Processus d&rsquo;immersion aqueuse et de co-solvants<\/li>\n<li>Tr\u00e8s faible impact sur l&rsquo;environnement<\/li>\n<\/ul>\n<h5>PROMOCLEAN TP 186B<\/h5>\n<p>Est sp\u00e9cialement con\u00e7u pour d\u00e9caper les substances durcies ou polym\u00e9ris\u00e9es difficiles \u00e0 enlever comme les vernis, les r\u00e9sines, les peintures, les colles, les encres et les laques. Il s&rsquo;agit d&rsquo;une formulation am\u00e9lior\u00e9e du TP 188 pour lequel il a re\u00e7u le label Greenway en raison de l&rsquo;am\u00e9lioration significative de ses caract\u00e9ristiques de durabilit\u00e9. <strong>PROMOCLEAN TP 186B<\/strong> ne contient pas de CMR, de solvants aromatiques ou de compos\u00e9s chlor\u00e9s tels que N M\u00e9thyl Pyrrolidone, benz\u00e8ne ou chlorure de m\u00e9thyl\u00e8ne.<\/p>\n<p>Gr\u00e2ce \u00e0 sa bonne solubilit\u00e9 dans les solvants organiques comme dans l&rsquo;eau, <strong>PROMOCLEAN TP 186B<\/strong> peut \u00eatre utilis\u00e9 dans les proc\u00e9d\u00e9s d&rsquo;immersion et de rin\u00e7age aqueux mais aussi dans un proc\u00e9d\u00e9 de co-solvant s\u00e9par\u00e9. N&rsquo;ayant pas de pH, le m\u00e9dia de nettoyage n&rsquo;endommagera pas les m\u00e9taux ou alliages sensibles et peut \u00eatre utilis\u00e9 en toute s\u00e9curit\u00e9. C&rsquo;est un produit \u00e0 utiliser pur.<\/p>\n<p>Le <strong>PROMOCLEAN TP 186B<\/strong> peut \u00e9galement \u00eatre utilis\u00e9 en fabrication additive en remplacement de solvants dangereux et inflammables pour diluer certaines r\u00e9sines et polym\u00e8res en maintenance ou en production.<\/p>\n<div style=\"font-family:Lato; color:#333;\">\n<div style=\"font-weight:bold; text-transform:uppercase; border-bottom:2px solid #9DBB2F; padding-bottom:6px; margin-bottom:10px;\">\n    SP\u00c9CIFICATIONS\n  <\/div>\n<table width=\"100%\" cellpadding=\"0\" cellspacing=\"0\" style=\"border-collapse:collapse; width:100%; max-width:100%;\">\n<tr>\n<th align=\"left\" style=\"background:#7A7A7A; color:#fff; padding:8px 12px; border:1px solid #BDBDBD;\">\n        SP\u00c9CIFICATIONS\n      <\/th>\n<th align=\"left\" style=\"background:#7A7A7A; color:#fff; padding:8px 12px; border:1px solid #BDBDBD;\">\n        VALEURS\n      <\/th>\n<th align=\"left\" style=\"background:#7A7A7A; color:#fff; padding:8px 12px; border:1px solid #BDBDBD;\">\n        M\u00c9THODES\n      <\/th>\n<\/tr>\n<tr>\n<td style=\"padding:8px 12px; border:1px solid #BDBDBD;\">Aspect<\/td>\n<td style=\"padding:8px 12px; border:1px solid #BDBDBD;\">Jaune<\/td>\n<td style=\"padding:8px 12px; border:1px solid #BDBDBD;\">Visuel<\/td>\n<\/tr>\n<tr style=\"background:#E6E6E6;\">\n<td style=\"padding:8px 12px; border:1px solid #BDBDBD;\">Masse volumique \u00e0 20\u00b0C (g\/ml)<\/td>\n<td style=\"padding:8px 12px; border:1px solid #BDBDBD;\">1,01 \u00b1 0,01<\/td>\n<td style=\"padding:8px 12px; border:1px solid #BDBDBD;\">BRY MO 028<\/td>\n<\/tr>\n<tr>\n<td style=\"padding:8px 12px; border:1px solid #BDBDBD;\">Teneur en eau (% du poids)<\/td>\n<td style=\"padding:8px 12px; border:1px solid #BDBDBD;\">0,01 \u2013 1<\/td>\n<td style=\"padding:8px 12px; border:1px solid #BDBDBD;\">BRY MO 044<\/td>\n<\/tr>\n<\/table>\n<\/div>\n<div style=\"font-family:Lato; color:#333;\">\n<div style=\"font-weight:bold; text-transform:uppercase; border-bottom:2px solid #9DBB2F; padding-bottom:6px; margin:30px 0 10px;\">\n    CARACT\u00c9RISTIQUES\n  <\/div>\n<table width=\"100%\" cellpadding=\"0\" cellspacing=\"0\" style=\"border-collapse:collapse; width:100%; max-width:100%;\">\n<tr>\n<th align=\"left\" style=\"background:#7A7A7A; color:#fff; padding:8px 12px; border:1px solid #BDBDBD;\">\n        CARACT\u00c9RISTIQUES\n      <\/th>\n<th align=\"left\" style=\"background:#7A7A7A; color:#fff; padding:8px 12px; border:1px solid #BDBDBD;\">\n        VALEURS\n      <\/th>\n<\/tr>\n<tr>\n<td style=\"padding:8px 12px; border:1px solid #BDBDBD;\">Solubilit\u00e9 \u00e0 l\u2019eau<\/td>\n<td style=\"padding:8px 12px; border:1px solid #BDBDBD;\">Partielle<\/td>\n<\/tr>\n<tr style=\"background:#E6E6E6;\">\n<td style=\"padding:8px 12px; border:1px solid #BDBDBD;\">Solubilit\u00e9 \u00e0 l\u2019alcool<\/td>\n<td style=\"padding:8px 12px; border:1px solid #BDBDBD;\">Totale<\/td>\n<\/tr>\n<tr>\n<td style=\"padding:8px 12px; border:1px solid #BDBDBD;\">Point \u00e9clair (\u00b0C \/ \u00b0F)<\/td>\n<td style=\"padding:8px 12px; border:1px solid #BDBDBD;\">+ 95\u00b0C \/ + 203\u00b0F<\/td>\n<\/tr>\n<\/table>\n<\/div>\n","protected":false},"excerpt":{"rendered":"<ul>\n<li>Enl\u00e8vement de vernis, r\u00e9sines, peintures, colles, encres et laques.<\/li>\n<li>Processus d&rsquo;immersion aqueuse et de co-solvants<\/li>\n<li>Tr\u00e8s faible impact sur l&rsquo;environnement<\/li>\n<\/ul>\n","protected":false},"featured_media":2431,"comment_status":"closed","ping_status":"closed","template":"","meta":{"_acf_changed":false,"inline_featured_image":false},"product_brand":[],"product_cat":[694,2832,2833,560],"product_tag":[2294,4281,4747,4751,4237,4325,4257,4261,4253,4421,2292,4429,4794,2060,2293,4469],"class_list":{"0":"post-9783","1":"product","2":"type-product","3":"status-publish","4":"has-post-thumbnail","6":"product_cat-decapage-desoxydation","7":"product_cat-elimination-pate-a-polir-apres-polissage","8":"product_cat-elimination-des-polymeres-resines","9":"product_cat-solutions-de-fabrication-additive","10":"product_tag-186b-fr","11":"product_tag-co-solvant","12":"product_tag-elimination-de-polymeres","13":"product_tag-elimination-de-resines","14":"product_tag-fabrication-additive-fr","15":"product_tag-greenway","16":"product_tag-immersion-aqueuse","17":"product_tag-immersion-aqueuse-ultrasonique","18":"product_tag-liquides-de-nettoyage-aqueux-fr","19":"product_tag-polymere-fr","20":"product_tag-promoclean-tp-186b-fr","21":"product_tag-resines","22":"product_tag-rincage","23":"product_tag-tp-fr","24":"product_tag-tp-186b-fr","25":"product_tag-ultrason","26":"pa_application-elimination-des-polymeres-resines","27":"pa_application-solutions-pour-fabrication-additive","28":"pa_brand-promoclean-fr","29":"pa_features-greenway","30":"pa_processes-chasse-deau","31":"pa_processes-co-solvant","32":"pa_processes-immersion-ultrasonique-aqueuse","33":"pa_product-category-liquides-de-nettoyage-aqueux","35":"first","36":"instock","37":"shipping-taxable","38":"product-type-simple"},"acf":[],"_links":{"self":[{"href":"https:\/\/www.inventec.dehon.com\/fr\/wp-json\/wp\/v2\/product\/9783","targetHints":{"allow":["GET"]}}],"collection":[{"href":"https:\/\/www.inventec.dehon.com\/fr\/wp-json\/wp\/v2\/product"}],"about":[{"href":"https:\/\/www.inventec.dehon.com\/fr\/wp-json\/wp\/v2\/types\/product"}],"replies":[{"embeddable":true,"href":"https:\/\/www.inventec.dehon.com\/fr\/wp-json\/wp\/v2\/comments?post=9783"}],"wp:featuredmedia":[{"embeddable":true,"href":"https:\/\/www.inventec.dehon.com\/fr\/wp-json\/wp\/v2\/media\/2431"}],"wp:attachment":[{"href":"https:\/\/www.inventec.dehon.com\/fr\/wp-json\/wp\/v2\/media?parent=9783"}],"wp:term":[{"taxonomy":"product_brand","embeddable":true,"href":"https:\/\/www.inventec.dehon.com\/fr\/wp-json\/wp\/v2\/product_brand?post=9783"},{"taxonomy":"product_cat","embeddable":true,"href":"https:\/\/www.inventec.dehon.com\/fr\/wp-json\/wp\/v2\/product_cat?post=9783"},{"taxonomy":"product_tag","embeddable":true,"href":"https:\/\/www.inventec.dehon.com\/fr\/wp-json\/wp\/v2\/product_tag?post=9783"}],"curies":[{"name":"wp","href":"https:\/\/api.w.org\/{rel}","templated":true}]}}