{"id":9761,"date":"2021-06-17T09:25:18","date_gmt":"2021-06-17T09:25:18","guid":{"rendered":"https:\/\/www.inventec.dehon.com\/product\/ecofrec-82\/"},"modified":"2026-01-20T15:15:31","modified_gmt":"2026-01-20T14:15:31","slug":"ecofrec-82","status":"publish","type":"product","link":"https:\/\/www.inventec.dehon.com\/fr\/product\/ecofrec-82\/","title":{"rendered":"ECOFREC 82"},"content":{"rendered":"<p><img decoding=\"async\" src=\"https:\/\/www.inventec.dehon.com\/wp-content\/uploads\/2021\/04\/ECOFREC-canister-alcohol-based-blue-600x600.png\" alt=\"ECOFREC 82\" class=\"responsive-img\" align=\"right\" style=\"border-radius:10px; margin-bottom:10px; margin-top:-10px; margin-left:15px; width:300px\" \/><\/p>\n<h2 style=\"color: #9bc947; margin-bottom: 15px;\">Meilleur flux liquide pour l&rsquo;\u00e9tamage \u00e0 base d&rsquo;eau<\/h2>\n<ul>\n<li>Flux liquide soluble dans l&rsquo;eau<\/li>\n<li>Proc\u00e9d\u00e9 s\u00e9lectif, \u00e0 la vague et d&rsquo;\u00e9tamage<\/li>\n<li>Facile \u00e0 nettoyer<\/li>\n<\/ul>\n<h5>ECOFREC 82<\/h5>\n<p>Est un flux soluble dans l&rsquo;eau, \u00e0 faible r\u00e9sidu, offrant d&rsquo;excellentes performances de brasage sur toutes les finitions. Ce flux est recommand\u00e9 pour le brasage sans plomb et particuli\u00e8rement adapt\u00e9 \u00e0 l&rsquo;\u00e9tamage de composants en Sn pur ou SnAgCu.<\/p>\n<p>Apr\u00e8s l&rsquo;\u00e9tamage, les r\u00e9sidus sont facilement \u00e9limin\u00e9s \u00e0 l&rsquo;aide d&rsquo;eau d\u00e9min\u00e9ralis\u00e9e ou de produits de nettoyage \u00e0 base d&rsquo;eau. L&rsquo;<strong>ECOFREC 82<\/strong> est un flux 100% sans COV et donc ininflammable.<\/p>\n<p><!-- SP\u00c9CIFICATIONS Section --><\/p>\n<div style=\"font-weight:bold; border-bottom:2px solid #9DBB2F; padding-bottom:6px; margin-bottom:10px;\">\n  SP\u00c9CIFICATIONS\n<\/div>\n<table width=\"100%\" cellpadding=\"0\" cellspacing=\"0\" style=\"border-collapse:collapse; width:100%; max-width:100%;\">\n<tr>\n<th align=\"left\" style=\"background:#7A7A7A; color:#fff; padding:8px 12px; border:1px solid #BDBDBD;\">\n      SP\u00c9CIFICATIONS\n    <\/th>\n<th align=\"left\" style=\"background:#7A7A7A; color:#fff; padding:8px 12px; border:1px solid #BDBDBD;\">\n      ECOFREC 82\n    <\/th>\n<\/tr>\n<tr>\n<td style=\"padding:8px 12px; border:1px solid #BDBDBD;\">Apparence<\/td>\n<td style=\"padding:8px 12px; border:1px solid #BDBDBD;\">Liquide incolore<\/td>\n<\/tr>\n<tr style=\"background:#E6E6E6;\">\n<td style=\"padding:8px 12px; border:1px solid #BDBDBD;\">Contenu solide (%)<\/td>\n<td style=\"padding:8px 12px; border:1px solid #BDBDBD;\">6,4<\/td>\n<\/tr>\n<tr>\n<td style=\"padding:8px 12px; border:1px solid #BDBDBD;\">Indice d&rsquo;acidit\u00e9 (mg KOH\/g)<\/td>\n<td style=\"padding:8px 12px; border:1px solid #BDBDBD;\">31,5 \u2013 34,5<\/td>\n<\/tr>\n<tr style=\"background:#E6E6E6;\">\n<td style=\"padding:8px 12px; border:1px solid #BDBDBD;\">Masse volumique \u00e0 20\u00b0C (g\/cm\u00b3)<\/td>\n<td style=\"padding:8px 12px; border:1px solid #BDBDBD;\">1,008 \u2013 1,016<\/td>\n<\/tr>\n<tr>\n<td style=\"padding:8px 12px; border:1px solid #BDBDBD;\">Teneur en halog\u00e8ne<\/td>\n<td style=\"padding:8px 12px; border:1px solid #BDBDBD;\">&lt; 1500 ppm<\/td>\n<\/tr>\n<tr style=\"background:#E6E6E6;\">\n<td style=\"padding:8px 12px; border:1px solid #BDBDBD;\">Point \u00e9clair<\/td>\n<td style=\"padding:8px 12px; border:1px solid #BDBDBD;\">Aucun<\/td>\n<\/tr>\n<tr>\n<td style=\"padding:8px 12px; border:1px solid #BDBDBD;\">Classement des flux<\/td>\n<td style=\"padding:8px 12px; border:1px solid #BDBDBD;\">ORH1<\/td>\n<\/tr>\n<\/table>\n","protected":false},"excerpt":{"rendered":"<ul>\n<li>Flux liquide soluble dans l&rsquo;eau<\/li>\n<li>Proc\u00e9d\u00e9 s\u00e9lectif, \u00e0 la vague et d&rsquo;\u00e9tamage<\/li>\n<li>Facile \u00e0 nettoyer<\/li>\n<\/ul>\n","protected":false},"featured_media":3031,"comment_status":"closed","ping_status":"closed","template":"","meta":{"_acf_changed":false,"inline_featured_image":false},"product_brand":[],"product_cat":[2809],"product_tag":[1596,5253,5209,5229,1595,5233,5329,5293,4018,4385,5317,5082,3991,5333,5337,3992],"class_list":{"0":"post-9761","1":"product","2":"type-product","3":"status-publish","4":"has-post-thumbnail","6":"product_cat-solutions-de-flux-detamage","7":"product_tag-82-fr","8":"product_tag-a-base-deau-fr","9":"product_tag-brasage-smt-fr","10":"product_tag-brasage-tht-fr","11":"product_tag-ecofrec-82-fr","12":"product_tag-etamage-fr","13":"product_tag-facile-a-nettoyer","14":"product_tag-flux-liquide-fr","15":"product_tag-metallisation-fr","16":"product_tag-non-inflammable","17":"product_tag-sans-cov-fr","18":"product_tag-sans-plomb","19":"product_tag-smt-fr","20":"product_tag-sn","21":"product_tag-snagcu","22":"product_tag-tht-fr","23":"pa_application-brasage-smt-tht","24":"pa_application-metallisation-etamage","25":"pa_brand-ecofrec-fr-2","26":"pa_features-a-base-deau","27":"pa_processes-brasage-par-vague-selectif","28":"pa_product-category-flux-liquide","30":"first","31":"instock","32":"shipping-taxable","33":"product-type-simple"},"acf":[],"_links":{"self":[{"href":"https:\/\/www.inventec.dehon.com\/fr\/wp-json\/wp\/v2\/product\/9761","targetHints":{"allow":["GET"]}}],"collection":[{"href":"https:\/\/www.inventec.dehon.com\/fr\/wp-json\/wp\/v2\/product"}],"about":[{"href":"https:\/\/www.inventec.dehon.com\/fr\/wp-json\/wp\/v2\/types\/product"}],"replies":[{"embeddable":true,"href":"https:\/\/www.inventec.dehon.com\/fr\/wp-json\/wp\/v2\/comments?post=9761"}],"wp:featuredmedia":[{"embeddable":true,"href":"https:\/\/www.inventec.dehon.com\/fr\/wp-json\/wp\/v2\/media\/3031"}],"wp:attachment":[{"href":"https:\/\/www.inventec.dehon.com\/fr\/wp-json\/wp\/v2\/media?parent=9761"}],"wp:term":[{"taxonomy":"product_brand","embeddable":true,"href":"https:\/\/www.inventec.dehon.com\/fr\/wp-json\/wp\/v2\/product_brand?post=9761"},{"taxonomy":"product_cat","embeddable":true,"href":"https:\/\/www.inventec.dehon.com\/fr\/wp-json\/wp\/v2\/product_cat?post=9761"},{"taxonomy":"product_tag","embeddable":true,"href":"https:\/\/www.inventec.dehon.com\/fr\/wp-json\/wp\/v2\/product_tag?post=9761"}],"curies":[{"name":"wp","href":"https:\/\/api.w.org\/{rel}","templated":true}]}}