{"id":9747,"date":"2021-06-21T08:29:16","date_gmt":"2021-06-21T08:29:16","guid":{"rendered":"https:\/\/www.inventec.dehon.com\/product\/ecorel-easy-803s\/"},"modified":"2026-01-22T11:55:36","modified_gmt":"2026-01-22T10:55:36","slug":"ecorel-easy-803s","status":"publish","type":"product","link":"https:\/\/www.inventec.dehon.com\/fr\/product\/ecorel-easy-803s\/","title":{"rendered":"ECOREL EASY 803S"},"content":{"rendered":"<p><img decoding=\"async\" src=\"https:\/\/www.inventec.dehon.com\/wp-content\/uploads\/2021\/01\/Ecorel-Free-600x600.png\" alt=\"ECOREL EASY 803S\" class=\"responsive-img\" align=\"right\" style=\"border-radius:10px; margin-bottom:10px; margin-top:-10px; margin-left:15px; width:300px\" \/><\/p>\n<h2 style=\"color: #9bc947; margin-bottom: 15px;\">Cr\u00e8me \u00e0 braser au plomb<\/h2>\n<ul>\n<li>Cr\u00e8me \u00e0 braser plomb\u00e9e Sn63Pb37<\/li>\n<li>Proc\u00e9d\u00e9 d&rsquo;impression SMT non propre<\/li>\n<li>Impression \u00e0 pas fin<\/li>\n<\/ul>\n<h5>ECOREL EASY 803S<\/h5>\n<p>Il s&rsquo;agit d&rsquo;une cr\u00e8me \u00e0 braser sans nettoyage, d\u00e9velopp\u00e9e pour l&rsquo;impression \u00e0 pas fin. Appliqu\u00e9 par raclettes ou t\u00eate ferm\u00e9e, le d\u00e9p\u00f4t pr\u00e9sente une d\u00e9finition tr\u00e8s nette m\u00eame apr\u00e8s plusieurs heures d&rsquo;abandon sur pochoir. Leurs propri\u00e9t\u00e9s rh\u00e9ologiques sont adapt\u00e9es au processus de \u00ab\u00a0pin in paste\u00a0\u00bb. <strong>ECOREL EASY 803S<\/strong> combine l&rsquo;alliage Sn63Pb37 avec la chimie fiable de la gamme Ecorel.<\/p>\n<p>Les alliages contenant du plomb sont parfaits pour supporter des fluctuations constantes de temp\u00e9rature \u00e9lev\u00e9es (-40 \u00e0 &gt;130 Celcius). Cependant, les p\u00e2tes \u00e0 souder au plomb sont limit\u00e9es dans leur utilisation en raison de l&rsquo;impact environnemental du plomb. <\/p>\n<p>Des exceptions sont faites pour l&rsquo;\u00e9lectronique automobile, a\u00e9rospatiale et de d\u00e9fense. Inventec peut vous aider \u00e0 proposer une alternative sans plomb en fonction de votre application sp\u00e9cifique.<\/p>\n<p><!-- SECTION CARACT\u00c9RISTIQUES --><\/p>\n<div style=\"font-weight:bold; text-transform:uppercase; border-bottom:2px solid #9DBB2F; padding-bottom:6px; margin-bottom:10px;\">\n  CARACT\u00c9RISTIQUES\n<\/div>\n<table width=\"100%\" cellpadding=\"0\" cellspacing=\"0\" style=\"border-collapse:collapse; width:100%; max-width:100%;\">\n<tr>\n<th align=\"left\" style=\"background:#7A7A7A; color:#fff; padding:8px 12px; border:1px solid #BDBDBD;\">\n      SP\u00c9CIFICATIONS\n    <\/th>\n<th align=\"left\" style=\"background:#7A7A7A; color:#fff; padding:8px 12px; border:1px solid #BDBDBD;\">\n      ECOREL\u2122 EASY 802S\n    <\/th>\n<th align=\"left\" style=\"background:#7A7A7A; color:#fff; padding:8px 12px; border:1px solid #BDBDBD;\">\n      ECOREL\u2122 EASY 803S\n    <\/th>\n<\/tr>\n<tr>\n<td style=\"padding:8px 12px; border:1px solid #BDBDBD;\">Alliage<\/td>\n<td style=\"padding:8px 12px; border:1px solid #BDBDBD;\">Sn62Pb36Ag2<\/td>\n<td style=\"padding:8px 12px; border:1px solid #BDBDBD;\">Sn63Pb37<\/td>\n<\/tr>\n<tr style=\"background:#E6E6E6;\">\n<td style=\"padding:8px 12px; border:1px solid #BDBDBD;\">Point de fusion (\u00b0C)<\/td>\n<td style=\"padding:8px 12px; border:1px solid #BDBDBD;\">178<\/td>\n<td style=\"padding:8px 12px; border:1px solid #BDBDBD;\">183<\/td>\n<\/tr>\n<tr>\n<td style=\"padding:8px 12px; border:1px solid #BDBDBD;\">Distribution granulom\u00e9trique de la poudre<\/td>\n<td style=\"padding:8px 12px; border:1px solid #BDBDBD;\">25 &#8211; 45 microns<\/td>\n<td style=\"padding:8px 12px; border:1px solid #BDBDBD;\">25 &#8211; 45 microns<\/td>\n<\/tr>\n<tr style=\"background:#E6E6E6;\">\n<td style=\"padding:8px 12px; border:1px solid #BDBDBD;\">Teneur en m\u00e9tal (%)<\/td>\n<td style=\"padding:8px 12px; border:1px solid #BDBDBD;\">89,5 \u00b1 0,5<\/td>\n<td style=\"padding:8px 12px; border:1px solid #BDBDBD;\">89,5 \u00b1 0,5<\/td>\n<\/tr>\n<tr>\n<td style=\"padding:8px 12px; border:1px solid #BDBDBD;\">R\u00e9sidus apr\u00e8s refusion (%)<\/td>\n<td style=\"padding:8px 12px; border:1px solid #BDBDBD;\">57 \u2013 64<\/td>\n<td style=\"padding:8px 12px; border:1px solid #BDBDBD;\">57 \u2013 64<\/td>\n<\/tr>\n<tr style=\"background:#E6E6E6;\">\n<td style=\"padding:8px 12px; border:1px solid #BDBDBD;\">Teneur en halog\u00e8nes<\/td>\n<td style=\"padding:8px 12px; border:1px solid #BDBDBD;\">Sans halog\u00e8nes<\/td>\n<td style=\"padding:8px 12px; border:1px solid #BDBDBD;\">Sans halog\u00e8nes<\/td>\n<\/tr>\n<tr>\n<td style=\"padding:8px 12px; border:1px solid #BDBDBD;\">\n      Viscosit\u00e9* (Pa.s \u00e0 25\u00b0C)<br \/>\n      <font style=\"font-size:0.85em;\">*Pompe spiral\u00e9e Malcom \u2013 10 tr\/min<\/font>\n    <\/td>\n<td style=\"padding:8px 12px; border:1px solid #BDBDBD;\">135<br \/>Valeur typique<\/td>\n<td style=\"padding:8px 12px; border:1px solid #BDBDBD;\">135<br \/>Valeur typique<\/td>\n<\/tr>\n<\/table>\n<p><!-- SECTION ESSAIS FONCTIONNELS --><\/p>\n<div style=\"font-weight:bold; text-transform:uppercase; border-bottom:2px solid #9DBB2F; padding-bottom:6px; margin-bottom:10px;\">\n  ESSAIS FONCTIONNELS\n<\/div>\n<table width=\"100%\" cellpadding=\"0\" cellspacing=\"0\" style=\"border-collapse:collapse; width:100%; max-width:100%;\">\n<tr>\n<th align=\"left\" style=\"background:#7A7A7A; color:#fff; padding:8px 12px; border:1px solid #BDBDBD;\">\n      ESSAIS\n    <\/th>\n<th align=\"left\" style=\"background:#7A7A7A; color:#fff; padding:8px 12px; border:1px solid #BDBDBD;\">\n      R\u00c9SULTATS\n    <\/th>\n<th align=\"left\" style=\"background:#7A7A7A; color:#fff; padding:8px 12px; border:1px solid #BDBDBD;\">\n      PROC\u00c9DURES\n    <\/th>\n<\/tr>\n<tr>\n<td style=\"padding:8px 12px; border:1px solid #BDBDBD;\">Classification du flux<\/td>\n<td style=\"padding:8px 12px; border:1px solid #BDBDBD;\">ROL0<br \/>113<\/td>\n<td style=\"padding:8px 12px; border:1px solid #BDBDBD;\">ANSI\/J-STD-004<br \/>ISO 9454<\/td>\n<\/tr>\n<tr style=\"background:#E6E6E6;\">\n<td style=\"padding:8px 12px; border:1px solid #BDBDBD;\">Test de formation de billes de soudure<\/td>\n<td style=\"padding:8px 12px; border:1px solid #BDBDBD;\">Conforme<\/td>\n<td style=\"padding:8px 12px; border:1px solid #BDBDBD;\">ANSI\/J-STD-005<\/td>\n<\/tr>\n<tr>\n<td style=\"padding:8px 12px; border:1px solid #BDBDBD;\">Miroir de cuivre<\/td>\n<td style=\"padding:8px 12px; border:1px solid #BDBDBD;\">Conforme<\/td>\n<td style=\"padding:8px 12px; border:1px solid #BDBDBD;\">ANSI\/J-STD-004<\/td>\n<\/tr>\n<tr style=\"background:#E6E6E6;\">\n<td style=\"padding:8px 12px; border:1px solid #BDBDBD;\">Papier au chromate<\/td>\n<td style=\"padding:8px 12px; border:1px solid #BDBDBD;\">Conforme<\/td>\n<td style=\"padding:8px 12px; border:1px solid #BDBDBD;\">ANSI\/J-STD-004<\/td>\n<\/tr>\n<tr>\n<td style=\"padding:8px 12px; border:1px solid #BDBDBD;\">Corrosion du cuivre<\/td>\n<td style=\"padding:8px 12px; border:1px solid #BDBDBD;\">Conforme<\/td>\n<td style=\"padding:8px 12px; border:1px solid #BDBDBD;\">ANSI\/J-STD-004<\/td>\n<\/tr>\n<tr style=\"background:#E6E6E6;\">\n<td style=\"padding:8px 12px; border:1px solid #BDBDBD;\">\n      SIR (Ohms)<br \/>\n      Apr\u00e8s 21 jours<br \/>\n      85\u00b0C \u2013 85 % HR \u2013 50 V<br \/>\n      Fin de cycle<br \/>\n      20\u00b0C \u2013 65 % HR\n    <\/td>\n<td style=\"padding:8px 12px; border:1px solid #BDBDBD;\">\n      Conforme<\/p>\n<p>      &gt; 10<sup>9<\/sup><\/p>\n<p>      &gt; 10<sup>10<\/sup>\n    <\/td>\n<td style=\"padding:8px 12px; border:1px solid #BDBDBD;\">ANSI\/J-STD-004<\/td>\n<\/tr>\n<\/table>\n","protected":false},"excerpt":{"rendered":"<ul>\n<li>P\u00e2te \u00e0 braser plomb\u00e9e Sn63Pb37<\/li>\n<li>Proc\u00e9d\u00e9 d&rsquo;impression SMT non propre<\/li>\n<li>Impression \u00e0 pas fin<\/li>\n<\/ul>\n","protected":false},"featured_media":3488,"comment_status":"closed","ping_status":"closed","template":"","meta":{"_acf_changed":false,"inline_featured_image":false},"product_brand":[],"product_cat":[2798],"product_tag":[1719,5098,5058,5209,5229,5213,5102,1646,1718,5054,5189,5094,5153,5160,5161,3991,5217,1682,3992,5240,5243],"class_list":{"0":"post-9747","1":"product","2":"type-product","3":"status-publish","4":"has-post-thumbnail","6":"industries-equipement-medical-scanners","7":"product_cat-cremes-a-braser-smt-a-haute-fiabilite","8":"product_tag-803s-fr","9":"product_tag-alliage-au-plomb","10":"product_tag-alliage-haute-fiabilite","11":"product_tag-brasage-smt-fr","12":"product_tag-brasage-tht-fr","13":"product_tag-creme-a-braser-fr","14":"product_tag-creme-a-braser-au-plomb","15":"product_tag-easy-fr","16":"product_tag-ecorel-easy-803s-fr","17":"product_tag-haute-fiabilite","18":"product_tag-impression","19":"product_tag-plomb","20":"product_tag-poudre","21":"product_tag-poudre-type-3","22":"product_tag-poudre-type-4","23":"product_tag-smt-fr","24":"product_tag-t3","25":"product_tag-t4-fr","26":"product_tag-tht-fr","27":"product_tag-type-3","28":"product_tag-type-4","29":"pa_application-brasage-smt-tht","30":"pa_brand-ecorel-fr-2","31":"pa_features-alliage-avec-plomb","32":"pa_features-alliage-haute-fiabilite","33":"pa_features-poudre-type-3-4","34":"pa_processes-impression","35":"pa_product-category-creme-a-braser","37":"first","38":"instock","39":"shipping-taxable","40":"product-type-simple"},"acf":[],"_links":{"self":[{"href":"https:\/\/www.inventec.dehon.com\/fr\/wp-json\/wp\/v2\/product\/9747","targetHints":{"allow":["GET"]}}],"collection":[{"href":"https:\/\/www.inventec.dehon.com\/fr\/wp-json\/wp\/v2\/product"}],"about":[{"href":"https:\/\/www.inventec.dehon.com\/fr\/wp-json\/wp\/v2\/types\/product"}],"replies":[{"embeddable":true,"href":"https:\/\/www.inventec.dehon.com\/fr\/wp-json\/wp\/v2\/comments?post=9747"}],"wp:featuredmedia":[{"embeddable":true,"href":"https:\/\/www.inventec.dehon.com\/fr\/wp-json\/wp\/v2\/media\/3488"}],"wp:attachment":[{"href":"https:\/\/www.inventec.dehon.com\/fr\/wp-json\/wp\/v2\/media?parent=9747"}],"wp:term":[{"taxonomy":"product_brand","embeddable":true,"href":"https:\/\/www.inventec.dehon.com\/fr\/wp-json\/wp\/v2\/product_brand?post=9747"},{"taxonomy":"product_cat","embeddable":true,"href":"https:\/\/www.inventec.dehon.com\/fr\/wp-json\/wp\/v2\/product_cat?post=9747"},{"taxonomy":"product_tag","embeddable":true,"href":"https:\/\/www.inventec.dehon.com\/fr\/wp-json\/wp\/v2\/product_tag?post=9747"}],"curies":[{"name":"wp","href":"https:\/\/api.w.org\/{rel}","templated":true}]}}