{"id":9746,"date":"2021-06-17T09:41:07","date_gmt":"2021-06-17T09:41:07","guid":{"rendered":"https:\/\/www.inventec.dehon.com\/product\/ecofrec-cma-155\/"},"modified":"2026-01-21T09:59:29","modified_gmt":"2026-01-21T08:59:29","slug":"ecofrec-cma-155","status":"publish","type":"product","link":"https:\/\/www.inventec.dehon.com\/fr\/product\/ecofrec-cma-155\/","title":{"rendered":"ECOFREC CMA 155"},"content":{"rendered":"<p><img decoding=\"async\" src=\"https:\/\/www.inventec.dehon.com\/wp-content\/uploads\/2021\/04\/ECOFREC-canister-solvent-based-600x600.png\" alt=\"ECOFREC CMA 155\" class=\"responsive-img\" align=\"right\" style=\"border-radius:10px; margin-bottom:10px; margin-top:-10px; margin-left:15px; width:300px\" \/><\/p>\n<h2 style=\"color: #9bc947; margin-bottom: 15px;\">Flux liquide \u00e0 haute teneur en colophane<\/h2>\n<ul>\n<li>Flux liquide \u00e0 haute teneur en colophane \u00e0 base de solvant<\/li>\n<li>convient pour tous les proc\u00e9d\u00e9s de fluxage<\/li>\n<li>Tr\u00e8s bon mouillage et facile \u00e0 nettoyer<\/li>\n<\/ul>\n<h5>ECOFREC CMA 155<\/h5>\n<p>Est un flux \u00e0 haute teneur en colophane qui pr\u00e9sente un tr\u00e8s bon mouillage et est facile \u00e0 nettoyer dans un processus de solvant ou de d\u00e9tergent. Il contient de l&rsquo;halog\u00e8ne, ce qui permet de r\u00e9soudre les probl\u00e8mes de soudure rencontr\u00e9s dans les applications professionnelles et grand public de haute qualit\u00e9. <\/p>\n<p><strong>ECOFREC CMA 155<\/strong> permet une soudure uniforme, brillante et l\u00e9g\u00e8rement charg\u00e9e.<br \/>\nL&rsquo;\u00e9tamage des lignes \u00e9lectriques ne pr\u00e9sente pas de mouillage. Ils sont uniformes, sans \u00e9coulement lat\u00e9ral ni chute.<\/p>\n<p><!-- PROPRI\u00c9T\u00c9S Section --><\/p>\n<div style=\"font-weight:bold; text-transform:uppercase; border-bottom:2px solid #9DBB2F; padding-bottom:6px; margin-bottom:10px;\">\n  PROPRI\u00c9T\u00c9S\n<\/div>\n<table width=\"100%\" cellpadding=\"0\" cellspacing=\"0\" style=\"border-collapse:collapse; width:100%; max-width:100%;\">\n<tr>\n<th align=\"left\" style=\"background:#7A7A7A; color:#fff; padding:8px 12px; border:1px solid #BDBDBD;\">\n      SP\u00c9CIFICATIONS\n    <\/th>\n<th align=\"left\" style=\"background:#7A7A7A; color:#fff; padding:8px 12px; border:1px solid #BDBDBD;\">\n      ECOFREC CMA 155\n    <\/th>\n<\/tr>\n<tr>\n<td style=\"padding:8px 12px; border:1px solid #BDBDBD;\">\n      Masse volumique \u00e0 20\u00b0C\n    <\/td>\n<td style=\"padding:8px 12px; border:1px solid #BDBDBD;\">\n      0,832\n    <\/td>\n<\/tr>\n<tr style=\"background:#E6E6E6;\">\n<td style=\"padding:8px 12px; border:1px solid #BDBDBD;\">\n      Coloration\n    <\/td>\n<td style=\"padding:8px 12px; border:1px solid #BDBDBD;\">\n      Jaune ambr\u00e9\n    <\/td>\n<\/tr>\n<tr>\n<td style=\"padding:8px 12px; border:1px solid #BDBDBD;\">\n      Solubilit\u00e9 dans l\u2019eau\n    <\/td>\n<td style=\"padding:8px 12px; border:1px solid #BDBDBD;\">\n      Insoluble\n    <\/td>\n<\/tr>\n<tr style=\"background:#E6E6E6;\">\n<td style=\"padding:8px 12px; border:1px solid #BDBDBD;\">\n      Solubilit\u00e9 dans l\u2019alcool\n    <\/td>\n<td style=\"padding:8px 12px; border:1px solid #BDBDBD;\">\n      Tr\u00e8s soluble\n    <\/td>\n<\/tr>\n<tr>\n<td style=\"padding:8px 12px; border:1px solid #BDBDBD;\">\n      Point \u00e9clair (\u00b0C)\n    <\/td>\n<td style=\"padding:8px 12px; border:1px solid #BDBDBD;\">\n      21\n    <\/td>\n<\/tr>\n<tr style=\"background:#E6E6E6;\">\n<td style=\"padding:8px 12px; border:1px solid #BDBDBD;\">\n      Extrait sec % poids\/poids (3 h \u00e0 105\u00b0C)\n    <\/td>\n<td style=\"padding:8px 12px; border:1px solid #BDBDBD;\">\n      18\n    <\/td>\n<\/tr>\n<tr>\n<td style=\"padding:8px 12px; border:1px solid #BDBDBD;\">\n      Halog\u00e8nes % par rapport \u00e0 l\u2019extrait sec\n    <\/td>\n<td style=\"padding:8px 12px; border:1px solid #BDBDBD;\">\n      0,25\n    <\/td>\n<\/tr>\n<tr style=\"background:#E6E6E6;\">\n<td style=\"padding:8px 12px; border:1px solid #BDBDBD;\">\n      Indice d\u2019acide (mg KOH\/g)\n    <\/td>\n<td style=\"padding:8px 12px; border:1px solid #BDBDBD;\">\n      220\n    <\/td>\n<\/tr>\n<tr>\n<td style=\"padding:8px 12px; border:1px solid #BDBDBD;\">\n      Classification selon J-STD-004\n    <\/td>\n<td style=\"padding:8px 12px; border:1px solid #BDBDBD;\">\n      ROL1\n    <\/td>\n<\/tr>\n<\/table>\n","protected":false},"excerpt":{"rendered":"<ul>\n<li>Flux liquide \u00e0 haute teneur en colophane \u00e0 base de solvant<\/li>\n<li>convient pour tous les proc\u00e9d\u00e9s de fluxage<\/li>\n<li>Tr\u00e8s bon mouillage et facile \u00e0 nettoyer<\/li>\n<\/ul>\n","protected":false},"featured_media":3047,"comment_status":"closed","ping_status":"closed","template":"","meta":{"_acf_changed":false,"inline_featured_image":false},"product_brand":[],"product_cat":[2809,2806,2807],"product_tag":[1608,4610,5209,5229,1607,1606,5233,5329,5293,5341,4018,3991,3992],"class_list":{"0":"post-9746","1":"product","2":"type-product","3":"status-publish","4":"has-post-thumbnail","6":"product_cat-solutions-de-flux-detamage","7":"product_cat-solutions-de-flux-de-brasage-a-la-vague","8":"product_cat-solutions-de-flux-de-brasage-selectif","9":"product_tag-155-fr","10":"product_tag-a-base-de-solvant","11":"product_tag-brasage-smt-fr","12":"product_tag-brasage-tht-fr","13":"product_tag-cma-fr","14":"product_tag-ecofrec-cma-155-fr","15":"product_tag-etamage-fr","16":"product_tag-facile-a-nettoyer","17":"product_tag-flux-liquide-fr","18":"product_tag-flux-liquide-a-base-de-colophane","19":"product_tag-metallisation-fr","20":"product_tag-smt-fr","21":"product_tag-tht-fr","22":"pa_application-brasage-smt-tht","23":"pa_application-metallisation-etamage","24":"pa_brand-ecofrec-fr-2","25":"pa_features-a-base-de-solvant","26":"pa_product-category-flux-liquide","28":"first","29":"instock","30":"shipping-taxable","31":"product-type-simple"},"acf":[],"_links":{"self":[{"href":"https:\/\/www.inventec.dehon.com\/fr\/wp-json\/wp\/v2\/product\/9746","targetHints":{"allow":["GET"]}}],"collection":[{"href":"https:\/\/www.inventec.dehon.com\/fr\/wp-json\/wp\/v2\/product"}],"about":[{"href":"https:\/\/www.inventec.dehon.com\/fr\/wp-json\/wp\/v2\/types\/product"}],"replies":[{"embeddable":true,"href":"https:\/\/www.inventec.dehon.com\/fr\/wp-json\/wp\/v2\/comments?post=9746"}],"wp:featuredmedia":[{"embeddable":true,"href":"https:\/\/www.inventec.dehon.com\/fr\/wp-json\/wp\/v2\/media\/3047"}],"wp:attachment":[{"href":"https:\/\/www.inventec.dehon.com\/fr\/wp-json\/wp\/v2\/media?parent=9746"}],"wp:term":[{"taxonomy":"product_brand","embeddable":true,"href":"https:\/\/www.inventec.dehon.com\/fr\/wp-json\/wp\/v2\/product_brand?post=9746"},{"taxonomy":"product_cat","embeddable":true,"href":"https:\/\/www.inventec.dehon.com\/fr\/wp-json\/wp\/v2\/product_cat?post=9746"},{"taxonomy":"product_tag","embeddable":true,"href":"https:\/\/www.inventec.dehon.com\/fr\/wp-json\/wp\/v2\/product_tag?post=9746"}],"curies":[{"name":"wp","href":"https:\/\/api.w.org\/{rel}","templated":true}]}}