{"id":9745,"date":"2021-06-17T15:39:39","date_gmt":"2021-06-17T15:39:39","guid":{"rendered":"https:\/\/www.inventec.dehon.com\/product\/ecorel-free-405y-21\/"},"modified":"2026-01-22T09:04:45","modified_gmt":"2026-01-22T08:04:45","slug":"ecorel-free-405y-21","status":"publish","type":"product","link":"https:\/\/www.inventec.dehon.com\/fr\/product\/ecorel-free-405y-21\/","title":{"rendered":"ECOREL FREE 405Y-21"},"content":{"rendered":"<p><img decoding=\"async\" src=\"https:\/\/www.inventec.dehon.com\/wp-content\/uploads\/2021\/01\/Ecorel-Free-600x600.png\" alt=\"ECOREL FREE 405Y-21\" class=\"responsive-img\" align=\"right\" style=\"border-radius:10px; margin-bottom:10px; margin-top:-10px; margin-left:15px; width:300px\" \/><\/p>\n<h2 style=\"color:#9bc947; margin-bottom:15px\">Excellentes performances en cyclage thermique<\/h2>\n<ul>\n<li>Cr\u00e8me \u00e0 braser SAC405<\/li>\n<li>Proc\u00e9d\u00e9 de s\u00e9rigraphie SMT sans nettoyage<\/li>\n<li>Excellente performance en mati\u00e8re de cycle thermique<\/li>\n<\/ul>\n<h5>ECOREL FREE 405Y-21<\/h5>\n<p>Est une cr\u00e8me \u00e0 braser sans nettoyage d\u00e9velopp\u00e9e avec la chimie fiable de la gamme ECOREL , contribuant \u00e0 assurer un proc\u00e9d\u00e9 d&rsquo;assemblage robuste. La cr\u00e8me peut \u00eatre refondue dans des fours \u00e0 convection (azote recommand\u00e9), en phase vapeur ou \u00e0 conduction.<\/p>\n<p>Afin d&rsquo;assurer une meilleure r\u00e9sistance au thermocyclage pour des temp\u00e9ratures de fonctionnement plus \u00e9lev\u00e9es (plus de 130\u00b0C\/266\u00b0F), l&rsquo;alliage utilis\u00e9 dans l&rsquo;<strong>ECOREL FREE 405Y-21<\/strong> contient des dopants qui participent au renforcement de la zone interdendritique par une dispersion plus fine des pr\u00e9cipit\u00e9s.<\/p>\n<p><!-- PROPRI\u00c9T\u00c9S Section --><\/p>\n<div style=\"font-weight:bold; text-transform:uppercase; border-bottom:2px solid #9DBB2F; padding-bottom:6px; margin-bottom:10px;\">\n  PROPRI\u00c9T\u00c9S\n<\/div>\n<p><!-- OPTIONS STANDARDS Table --><\/p>\n<table width=\"100%\" cellpadding=\"0\" cellspacing=\"0\" style=\"border-collapse:collapse; width:100%; max-width:100%;\">\n<tr>\n<th align=\"left\" style=\"background:#7A7A7A; color:#fff; padding:8px 12px; border:1px solid #BDBDBD;\">\n      SP\u00c9CIFICATIONS\n    <\/th>\n<th align=\"left\" style=\"background:#7A7A7A; color:#fff; padding:8px 12px; border:1px solid #BDBDBD;\">\n      ECOREL FREE 405Y-21\n    <\/th>\n<\/tr>\n<tr>\n<td style=\"padding:8px 12px; border:1px solid #BDBDBD;\">Alliage<\/td>\n<td style=\"padding:8px 12px; border:1px solid #BDBDBD;\">Sn95,5Ag4Cu0,5<\/td>\n<\/tr>\n<tr style=\"background:#E6E6E6;\">\n<td style=\"padding:8px 12px; border:1px solid #BDBDBD;\">Point de fusion (\u00b0C\/\u00b0F)<\/td>\n<td style=\"padding:8px 12px; border:1px solid #BDBDBD;\">217\u00b0C \/ 422\u00b0F<\/td>\n<\/tr>\n<tr>\n<td style=\"padding:8px 12px; border:1px solid #BDBDBD;\">Teneur en m\u00e9tal (%)<\/td>\n<td style=\"padding:8px 12px; border:1px solid #BDBDBD;\">88.5 \u00b1 0.5<\/td>\n<\/tr>\n<tr style=\"background:#E6E6E6;\">\n<td style=\"padding:8px 12px; border:1px solid #BDBDBD;\">R\u00e9sidus post-refusion<\/td>\n<td style=\"padding:8px 12px; border:1px solid #BDBDBD;\">Environ 5 % en poids\/poids<\/td>\n<\/tr>\n<tr>\n<td style=\"padding:8px 12px; border:1px solid #BDBDBD;\">Teneur en halog\u00e8ne<\/td>\n<td style=\"padding:8px 12px; border:1px solid #BDBDBD;\">Sans halog\u00e8ne<\/td>\n<\/tr>\n<tr style=\"background:#E6E6E6;\">\n<td style=\"padding:8px 12px; border:1px solid #BDBDBD;\">Taille de la poudre<\/td>\n<td style=\"padding:8px 12px; border:1px solid #BDBDBD;\">20\u201338 microns \/ Type 4<\/td>\n<\/tr>\n<tr>\n<td style=\"padding:8px 12px; border:1px solid #BDBDBD;\">Viscosit\u00e9 pompe \u00e0 spirale* (Pa.s 25\u00b0C)<\/td>\n<td style=\"padding:8px 12px; border:1px solid #BDBDBD;\">Typique 165<\/td>\n<\/tr>\n<\/table>\n<p style=\"font-size:0.85em;\">\n  *L&rsquo;\u00e9quipement utilis\u00e9 pour tester la viscosit\u00e9 de la pompe \u00e0 spirale est le Malcom \u00e0 une vitesse de rotation de 10 tr\/min.\n<\/p>\n<p><!-- CARACT\u00c9RISTIQUES Section --><\/p>\n<div style=\"font-weight:bold; text-transform:uppercase; border-bottom:2px solid #9DBB2F; padding-bottom:6px; margin-bottom:10px;\">\n  CARACT\u00c9RISTIQUES\n<\/div>\n<table width=\"100%\" cellpadding=\"0\" cellspacing=\"0\" style=\"border-collapse:collapse; width:100%; max-width:100%;\">\n<tr>\n<th align=\"left\" style=\"background:#7A7A7A; color:#fff; padding:8px 12px; border:1px solid #BDBDBD;\">\n      CARACT\u00c9RISTIQUES\n    <\/th>\n<th align=\"left\" style=\"background:#7A7A7A; color:#fff; padding:8px 12px; border:1px solid #BDBDBD;\">\n      VALEURS\n    <\/th>\n<th align=\"left\" style=\"background:#7A7A7A; color:#fff; padding:8px 12px; border:1px solid #BDBDBD;\">\n      M\u00c9THODE DE TEST\n    <\/th>\n<\/tr>\n<tr>\n<td style=\"padding:8px 12px; border:1px solid #BDBDBD;\">Classement des flux<\/td>\n<td style=\"padding:8px 12px; border:1px solid #BDBDBD;\">ROL0<\/td>\n<td style=\"padding:8px 12px; border:1px solid #BDBDBD;\">ANSI\/J-STD-004<\/td>\n<\/tr>\n<tr style=\"background:#E6E6E6;\">\n<td style=\"padding:8px 12px; border:1px solid #BDBDBD;\">Classement des flux<\/td>\n<td style=\"padding:8px 12px; border:1px solid #BDBDBD;\">113<\/td>\n<td style=\"padding:8px 12px; border:1px solid #BDBDBD;\">ISO 9454<\/td>\n<\/tr>\n<tr>\n<td style=\"padding:8px 12px; border:1px solid #BDBDBD;\">Test de billes de soudure<\/td>\n<td style=\"padding:8px 12px; border:1px solid #BDBDBD;\">Passe<\/td>\n<td style=\"padding:8px 12px; border:1px solid #BDBDBD;\">ANSI\/J-STD-005<\/td>\n<\/tr>\n<tr style=\"background:#E6E6E6;\">\n<td style=\"padding:8px 12px; border:1px solid #BDBDBD;\">Miroir de cuivre<\/td>\n<td style=\"padding:8px 12px; border:1px solid #BDBDBD;\">Passe<\/td>\n<td style=\"padding:8px 12px; border:1px solid #BDBDBD;\">ANSI\/J-STD-004<\/td>\n<\/tr>\n<tr>\n<td style=\"padding:8px 12px; border:1px solid #BDBDBD;\">Corrosion du cuivre<\/td>\n<td style=\"padding:8px 12px; border:1px solid #BDBDBD;\">Passe<\/td>\n<td style=\"padding:8px 12px; border:1px solid #BDBDBD;\">ANSI\/J-STD-004<\/td>\n<\/tr>\n<tr style=\"background:#E6E6E6;\">\n<td style=\"padding:8px 12px; border:1px solid #BDBDBD;\">SIR (IPC)<\/td>\n<td style=\"padding:8px 12px; border:1px solid #BDBDBD;\">Passe<\/td>\n<td style=\"padding:8px 12px; border:1px solid #BDBDBD;\">ANSI\/J-STD-004<\/td>\n<\/tr>\n<tr>\n<td style=\"padding:8px 12px; border:1px solid #BDBDBD;\">SIR (Bellcore)<\/td>\n<td style=\"padding:8px 12px; border:1px solid #BDBDBD;\">Passe<\/td>\n<td style=\"padding:8px 12px; border:1px solid #BDBDBD;\">Bellcore<\/td>\n<\/tr>\n<tr style=\"background:#E6E6E6;\">\n<td style=\"padding:8px 12px; border:1px solid #BDBDBD;\">\u00c9lectromigration (IPC \/ Bellcore)<\/td>\n<td style=\"padding:8px 12px; border:1px solid #BDBDBD;\">Passe<\/td>\n<td style=\"padding:8px 12px; border:1px solid #BDBDBD;\">ANSI\/J-STD-004 \/ Bellcore<\/td>\n<\/tr>\n<tr>\n<td style=\"padding:8px 12px; border:1px solid #BDBDBD;\">Bonotest (85\u00b0C \/ 85% HR \u2013 15 jours)<\/td>\n<td style=\"padding:8px 12px; border:1px solid #BDBDBD;\">Passe \u2013 FC = 1,4%<\/td>\n<td style=\"padding:8px 12px; border:1px solid #BDBDBD;\">INVENTEC BRY-MO-058<\/td>\n<\/tr>\n<\/table>\n","protected":false},"excerpt":{"rendered":"<ul>\n<li>Cr\u00e8me \u00e0 braser SAC405<\/li>\n<li>Proc\u00e9d\u00e9 d&rsquo;impression SMT non propre<\/li>\n<li>Excellente performance en mati\u00e8re de cycle thermique<\/li>\n<\/ul>\n<p><a href=\"https:\/\/www.inventec.dehon.com\/wp-content\/uploads\/2021\/05\/Capture-decran-2024-06-12-155257.png\"><img decoding=\"async\" class=\"alignleft size-full wp-image-17391\" src=\"https:\/\/www.inventec.dehon.com\/wp-content\/uploads\/2021\/05\/Capture-decran-2024-06-12-155257.png\" alt=\"\" width=\"289\" height=\"256\" \/><\/a><\/p>\n","protected":false},"featured_media":2226,"comment_status":"closed","ping_status":"closed","template":"","meta":{"_acf_changed":false,"inline_featured_image":false},"product_brand":[],"product_cat":[2798],"product_tag":[1507,1508,5058,5086,5209,5229,5213,5090,1506,1281,5416,5054,5189,5153,5160,5161,5082,3991,5217,1682,3992,5240,5243],"class_list":{"0":"post-9745","1":"product","2":"type-product","3":"status-publish","4":"has-post-thumbnail","6":"industries-equipement-medical-scanners","7":"product_cat-cremes-a-braser-smt-a-haute-fiabilite","8":"product_tag-405y-fr","9":"product_tag-405y-21-fr","10":"product_tag-alliage-haute-fiabilite","11":"product_tag-alliage-sans-plomb","12":"product_tag-brasage-smt-fr","13":"product_tag-brasage-tht-fr","14":"product_tag-creme-a-braser-fr","15":"product_tag-creme-a-braser-sans-plomb","16":"product_tag-ecorel-free-405y-21-fr","17":"product_tag-free-fr","18":"product_tag-free-405y-21","19":"product_tag-haute-fiabilite","20":"product_tag-impression","21":"product_tag-poudre","22":"product_tag-poudre-type-3","23":"product_tag-poudre-type-4","24":"product_tag-sans-plomb","25":"product_tag-smt-fr","26":"product_tag-t3","27":"product_tag-t4-fr","28":"product_tag-tht-fr","29":"product_tag-type-3","30":"product_tag-type-4","31":"pa_application-brasage-smt-tht","32":"pa_brand-ecorel-fr-2","33":"pa_features-alliage-haute-fiabilite","34":"pa_features-alliage-sans-plomb","35":"pa_features-poudre-type-3-4","36":"pa_processes-impression","37":"pa_product-category-creme-a-braser","39":"first","40":"instock","41":"shipping-taxable","42":"product-type-simple"},"acf":[],"_links":{"self":[{"href":"https:\/\/www.inventec.dehon.com\/fr\/wp-json\/wp\/v2\/product\/9745","targetHints":{"allow":["GET"]}}],"collection":[{"href":"https:\/\/www.inventec.dehon.com\/fr\/wp-json\/wp\/v2\/product"}],"about":[{"href":"https:\/\/www.inventec.dehon.com\/fr\/wp-json\/wp\/v2\/types\/product"}],"replies":[{"embeddable":true,"href":"https:\/\/www.inventec.dehon.com\/fr\/wp-json\/wp\/v2\/comments?post=9745"}],"wp:featuredmedia":[{"embeddable":true,"href":"https:\/\/www.inventec.dehon.com\/fr\/wp-json\/wp\/v2\/media\/2226"}],"wp:attachment":[{"href":"https:\/\/www.inventec.dehon.com\/fr\/wp-json\/wp\/v2\/media?parent=9745"}],"wp:term":[{"taxonomy":"product_brand","embeddable":true,"href":"https:\/\/www.inventec.dehon.com\/fr\/wp-json\/wp\/v2\/product_brand?post=9745"},{"taxonomy":"product_cat","embeddable":true,"href":"https:\/\/www.inventec.dehon.com\/fr\/wp-json\/wp\/v2\/product_cat?post=9745"},{"taxonomy":"product_tag","embeddable":true,"href":"https:\/\/www.inventec.dehon.com\/fr\/wp-json\/wp\/v2\/product_tag?post=9745"}],"curies":[{"name":"wp","href":"https:\/\/api.w.org\/{rel}","templated":true}]}}