{"id":9731,"date":"2021-06-21T08:20:21","date_gmt":"2021-06-21T08:20:21","guid":{"rendered":"https:\/\/www.inventec.dehon.com\/product\/ecorel-easy-802s\/"},"modified":"2025-07-15T11:47:56","modified_gmt":"2025-07-15T11:47:56","slug":"ecorel-easy-802s","status":"publish","type":"product","link":"https:\/\/www.inventec.dehon.com\/fr\/product\/ecorel-easy-802s\/","title":{"rendered":"ECOREL EASY 802S"},"content":{"rendered":"<h2 style=\"color: #9bc947; margin-bottom: 15px;\">Cr\u00e8me \u00e0 braser au plomb<\/h2>\n<ul>\n<li>Cr\u00e8me \u00e0 braser plomb\u00e9e Sn62Pb36Ag2<\/li>\n<li>Proc\u00e9d\u00e9 d&rsquo;impression SMT non propre<\/li>\n<li>Impression \u00e0 pas fin<\/li>\n<\/ul>\n<h5>ECOREL EASY 802S<\/h5>\n<p><img decoding=\"async\" class=\"alignleft\" style=\"border-radius: 5px; margin-top: 10px; margin-bottom: 10px;\" src=\"https:\/\/www.inventec.dehon.com\/wp-content\/uploads\/2021\/06\/ECOREL-EASY-802S-803S-solder-paste.jpg\" alt=\"ECOREL EASY 802S\" width=\"150\" \/>Il s&rsquo;agit d&rsquo;une cr\u00e8me \u00e0 braser sans nettoyage, d\u00e9velopp\u00e9e pour l&rsquo;impression \u00e0 pas fin. Appliqu\u00e9 par raclettes ou t\u00eate ferm\u00e9e, le d\u00e9p\u00f4t pr\u00e9sente une d\u00e9finition tr\u00e8s nette m\u00eame apr\u00e8s plusieurs heures d&rsquo;abandon sur pochoir. Leurs propri\u00e9t\u00e9s rh\u00e9ologiques sont adapt\u00e9es au processus de \u00ab\u00a0pin in paste\u00a0\u00bb. <strong>ECOREL EASY 802S<\/strong> combine l&rsquo;alliage Sn62Pb36Ag2 avec la chimie fiable de la gamme Ecorel.<\/p>\n<p>Les alliages contenant du plomb sont parfaits pour supporter des fluctuations constantes de temp\u00e9rature \u00e9lev\u00e9es (-40 \u00e0 &gt;130 Celcius). Cependant, les p\u00e2tes \u00e0 souder au plomb sont limit\u00e9es dans leur utilisation en raison de l&rsquo;impact environnemental du plomb. <\/p>\n<p>Des exceptions sont faites pour l&rsquo;\u00e9lectronique automobile, a\u00e9rospatiale et de d\u00e9fense. Inventec peut vous aider \u00e0 proposer une alternative sans plomb en fonction de votre application sp\u00e9cifique.<\/p>\n","protected":false},"excerpt":{"rendered":"<ul>\n<li>P\u00e2te \u00e0 braser plomb\u00e9e Sn62Pb36Ag2<\/li>\n<li>Proc\u00e9d\u00e9 d&rsquo;impression SMT non propre<\/li>\n<li>Impression \u00e0 pas fin<\/li>\n<\/ul>\n","protected":false},"featured_media":3488,"comment_status":"closed","ping_status":"closed","template":"","meta":{"_acf_changed":false,"inline_featured_image":false},"product_brand":[],"product_cat":[2798,950],"product_tag":[1709,1646,1708],"class_list":{"0":"post-9731","1":"product","2":"type-product","3":"status-publish","4":"has-post-thumbnail","6":"industries-equipement-medical-scanners","7":"product_cat-cremes-a-braser-smt-a-haute-fiabilite","8":"product_cat-non-classe","9":"product_tag-802s-fr","10":"product_tag-easy-fr","11":"product_tag-ecorel-easy-802s-fr","13":"first","14":"instock","15":"shipping-taxable","16":"product-type-simple"},"acf":[],"_links":{"self":[{"href":"https:\/\/www.inventec.dehon.com\/fr\/wp-json\/wp\/v2\/product\/9731","targetHints":{"allow":["GET"]}}],"collection":[{"href":"https:\/\/www.inventec.dehon.com\/fr\/wp-json\/wp\/v2\/product"}],"about":[{"href":"https:\/\/www.inventec.dehon.com\/fr\/wp-json\/wp\/v2\/types\/product"}],"replies":[{"embeddable":true,"href":"https:\/\/www.inventec.dehon.com\/fr\/wp-json\/wp\/v2\/comments?post=9731"}],"wp:featuredmedia":[{"embeddable":true,"href":"https:\/\/www.inventec.dehon.com\/fr\/wp-json\/wp\/v2\/media\/3488"}],"wp:attachment":[{"href":"https:\/\/www.inventec.dehon.com\/fr\/wp-json\/wp\/v2\/media?parent=9731"}],"wp:term":[{"taxonomy":"product_brand","embeddable":true,"href":"https:\/\/www.inventec.dehon.com\/fr\/wp-json\/wp\/v2\/product_brand?post=9731"},{"taxonomy":"product_cat","embeddable":true,"href":"https:\/\/www.inventec.dehon.com\/fr\/wp-json\/wp\/v2\/product_cat?post=9731"},{"taxonomy":"product_tag","embeddable":true,"href":"https:\/\/www.inventec.dehon.com\/fr\/wp-json\/wp\/v2\/product_tag?post=9731"}],"curies":[{"name":"wp","href":"https:\/\/api.w.org\/{rel}","templated":true}]}}