{"id":9727,"date":"2021-06-17T12:44:45","date_gmt":"2021-06-17T12:44:45","guid":{"rendered":"https:\/\/www.inventec.dehon.com\/product\/ecofrec-pop-50\/"},"modified":"2026-01-21T10:05:11","modified_gmt":"2026-01-21T09:05:11","slug":"ecofrec-pop-50","status":"publish","type":"product","link":"https:\/\/www.inventec.dehon.com\/fr\/product\/ecofrec-pop-50\/","title":{"rendered":"ECOFREC POP 50"},"content":{"rendered":"<p><img decoding=\"async\" src=\"https:\/\/www.inventec.dehon.com\/wp-content\/uploads\/2021\/06\/Ecofrec-syringe-tacky-flux-1-600x600.png\" alt=\"ECOFREC POP 50\" class=\"responsive-img\" align=\"right\" style=\"border-radius:10px; margin-bottom:10px; margin-top:-10px; margin-left:15px; width:300px\" \/><\/p>\n<h2 style=\"color:#9bc947; margin-bottom:15px\">Excellentes propri\u00e9t\u00e9s de mouillage<\/h2>\n<ul>\n<li>Flux collant non nettoy\u00e9<\/li>\n<li>Processus de PoP<\/li>\n<li>Excellentes propri\u00e9t\u00e9s de mouillage<\/li>\n<\/ul>\n<h5>ECOFREC POP 50<\/h5>\n<p>Est un flux collant con\u00e7u pour un proc\u00e9d\u00e9 \u00a0\u00bb Package on Package \u00a0\u00bb : pr\u00e9-assemblage de bo\u00eetiers BGA empil\u00e9s avant la refusion. Il convient pour le brasage sans plomb et avec plomb, avec ou sans azote. Une application par trempage ou distribution. Les deux m\u00e9thodes permettent d&rsquo;appliquer des volumes reproductibles de flux sur les sph\u00e8res de soudure. <\/p>\n<p>La rh\u00e9ologie et l&rsquo;adh\u00e9sivit\u00e9 d&rsquo;<strong>ECOFREC POP 50<\/strong> sont optimis\u00e9es pour maintenir suffisamment les emballages en place avant et pendant la refusion.<\/p>\n<p><!-- PROPRI\u00c9T\u00c9S Section --><\/p>\n<div style=\"font-weight:bold; text-transform:uppercase; border-bottom:2px solid #9DBB2F; padding-bottom:6px; margin-bottom:10px;\">\n  PROPRI\u00c9T\u00c9S\n<\/div>\n<table width=\"100%\" cellpadding=\"0\" cellspacing=\"0\" style=\"border-collapse:collapse; width:100%; max-width:100%;\">\n<tr>\n<th align=\"left\" style=\"background:#7A7A7A; color:#fff; padding:8px 12px; border:1px solid #BDBDBD;\">\n      SP\u00c9CIFICATIONS\n    <\/th>\n<th align=\"left\" style=\"background:#7A7A7A; color:#fff; padding:8px 12px; border:1px solid #BDBDBD;\">\n      ECOFREC POP 50\n    <\/th>\n<\/tr>\n<tr>\n<td style=\"padding:8px 12px; border:1px solid #BDBDBD;\">\n      Couleur\n    <\/td>\n<td style=\"padding:8px 12px; border:1px solid #BDBDBD;\">\n      Ambre\n    <\/td>\n<\/tr>\n<tr style=\"background:#E6E6E6;\">\n<td style=\"padding:8px 12px; border:1px solid #BDBDBD;\">\n      Odeur\n    <\/td>\n<td style=\"padding:8px 12px; border:1px solid #BDBDBD;\">\n      Tr\u00e8s faible\n    <\/td>\n<\/tr>\n<tr>\n<td style=\"padding:8px 12px; border:1px solid #BDBDBD;\">\n      Solubilit\u00e9 dans l\u2019eau\n    <\/td>\n<td style=\"padding:8px 12px; border:1px solid #BDBDBD;\">\n      Insoluble\n    <\/td>\n<\/tr>\n<tr style=\"background:#E6E6E6;\">\n<td style=\"padding:8px 12px; border:1px solid #BDBDBD;\">\n      Solubilit\u00e9 dans l\u2019alcool\n    <\/td>\n<td style=\"padding:8px 12px; border:1px solid #BDBDBD;\">\n      Soluble\n    <\/td>\n<\/tr>\n<tr>\n<td style=\"padding:8px 12px; border:1px solid #BDBDBD;\">\n      Classification selon ANSI\/J-STD-004\n    <\/td>\n<td style=\"padding:8px 12px; border:1px solid #BDBDBD;\">\n      ROL0\n    <\/td>\n<\/tr>\n<tr style=\"background:#E6E6E6;\">\n<td style=\"padding:8px 12px; border:1px solid #BDBDBD;\">\n      Teneur en halog\u00e8nes\n    <\/td>\n<td style=\"padding:8px 12px; border:1px solid #BDBDBD;\">\n      Aucun halog\u00e8ne\n    <\/td>\n<\/tr>\n<tr>\n<td style=\"padding:8px 12px; border:1px solid #BDBDBD;\">\n      Masse volumique \u00e0 20\u00b0C\n    <\/td>\n<td style=\"padding:8px 12px; border:1px solid #BDBDBD;\">\n      1\n    <\/td>\n<\/tr>\n<tr style=\"background:#E6E6E6;\">\n<td style=\"padding:8px 12px; border:1px solid #BDBDBD;\">\n      Viscosit\u00e9 (Pa.s \u00e0 20\u00b0C)<br \/>\n      (Mesur\u00e9e sur viscosim\u00e8tre BROOKFIELD RVT avec syst\u00e8me Mobile F HELIPATH, \u00e0 5 rpm)\n    <\/td>\n<td style=\"padding:8px 12px; border:1px solid #BDBDBD;\">\n      50 \u2013 150\n    <\/td>\n<\/tr>\n<\/table>\n","protected":false},"excerpt":{"rendered":"<ul>\n<li>Flux collant non nettoy\u00e9<\/li>\n<li>Processus de PoP<\/li>\n<li>Excellentes propri\u00e9t\u00e9s de mouillage<\/li>\n<\/ul>\n","protected":false},"featured_media":4018,"comment_status":"closed","ping_status":"closed","template":"","meta":{"_acf_changed":false,"inline_featured_image":false},"product_brand":[],"product_cat":[2808],"product_tag":[4610,4638,5325,3989,5377,5385,5030,1490,5034,3990,1457,1491,5305,5381,3780],"class_list":{"0":"post-9727","1":"product","2":"type-product","3":"status-publish","4":"has-post-thumbnail","6":"product_cat-solutions-de-tacky-flux","7":"product_tag-a-base-de-solvant","8":"product_tag-appliquer-par-immersion","9":"product_tag-azote","10":"product_tag-ball-attach-fr","11":"product_tag-bille-de-soudure","12":"product_tag-brasage-par-spheres","13":"product_tag-distribution","14":"product_tag-ecofrec-pop-50-fr","15":"product_tag-excellente-mouillabilite","16":"product_tag-flip-chip-fr","17":"product_tag-pop-fr","18":"product_tag-pop-50-fr","19":"product_tag-sans-nettoyage","20":"product_tag-sphere","21":"product_tag-tacky-flux-fr","22":"pa_application-ball-attach-fr","23":"pa_application-flip-chip","24":"pa_application-pop-fr","25":"pa_brand-ecofrec-fr-2","26":"pa_features-a-base-de-solvant","27":"pa_processes-application-par-trempage","28":"pa_processes-distribution","29":"pa_product-category-tacky-flux","31":"first","32":"instock","33":"shipping-taxable","34":"product-type-simple"},"acf":[],"_links":{"self":[{"href":"https:\/\/www.inventec.dehon.com\/fr\/wp-json\/wp\/v2\/product\/9727","targetHints":{"allow":["GET"]}}],"collection":[{"href":"https:\/\/www.inventec.dehon.com\/fr\/wp-json\/wp\/v2\/product"}],"about":[{"href":"https:\/\/www.inventec.dehon.com\/fr\/wp-json\/wp\/v2\/types\/product"}],"replies":[{"embeddable":true,"href":"https:\/\/www.inventec.dehon.com\/fr\/wp-json\/wp\/v2\/comments?post=9727"}],"wp:featuredmedia":[{"embeddable":true,"href":"https:\/\/www.inventec.dehon.com\/fr\/wp-json\/wp\/v2\/media\/4018"}],"wp:attachment":[{"href":"https:\/\/www.inventec.dehon.com\/fr\/wp-json\/wp\/v2\/media?parent=9727"}],"wp:term":[{"taxonomy":"product_brand","embeddable":true,"href":"https:\/\/www.inventec.dehon.com\/fr\/wp-json\/wp\/v2\/product_brand?post=9727"},{"taxonomy":"product_cat","embeddable":true,"href":"https:\/\/www.inventec.dehon.com\/fr\/wp-json\/wp\/v2\/product_cat?post=9727"},{"taxonomy":"product_tag","embeddable":true,"href":"https:\/\/www.inventec.dehon.com\/fr\/wp-json\/wp\/v2\/product_tag?post=9727"}],"curies":[{"name":"wp","href":"https:\/\/api.w.org\/{rel}","templated":true}]}}