{"id":9723,"date":"2021-06-21T08:13:02","date_gmt":"2021-06-21T08:13:02","guid":{"rendered":"https:\/\/www.inventec.dehon.com\/product\/ecorel-easy-802m-t4\/"},"modified":"2026-01-22T11:41:27","modified_gmt":"2026-01-22T10:41:27","slug":"ecorel-easy-802m-t4","status":"publish","type":"product","link":"https:\/\/www.inventec.dehon.com\/fr\/product\/ecorel-easy-802m-t4\/","title":{"rendered":"ECOREL EASY 802M T4"},"content":{"rendered":"<p><img decoding=\"async\" src=\"https:\/\/www.inventec.dehon.com\/wp-content\/uploads\/2021\/01\/Ecorel-Free-600x600.png\" alt=\"ECOREL EASY 802M T4\" class=\"responsive-img\" align=\"right\" style=\"border-radius:10px; margin-bottom:10px; margin-top:-10px; margin-left:15px; width:300px\" \/><\/p>\n<h2 style=\"color: #9bc947; margin-bottom: 15px;\">Cr\u00e8me \u00e0 braser sans nettoyage \u00e0 faible r\u00e9sidu<\/h2>\n<ul>\n<li>Cr\u00e8me \u00e0 braser plomb\u00e9e Sn62Pb36Ag2 en Type 4<\/li>\n<li>Proc\u00e9d\u00e9 d&rsquo;impression SMT non propre<\/li>\n<li>Assemblage robuste<\/li>\n<\/ul>\n<h5>ECOREL EASY 802M T4<\/h5>\n<p>Il s&rsquo;agit d&rsquo;une p\u00e2te plomb\u00e9e offrant un excellent \u00e9quilibre entre la mouillabilit\u00e9, la capacit\u00e9 d&rsquo;impression et la r\u00e9sistance \u00e0 divers profils thermiques. Il pr\u00e9sente une vitesse d&rsquo;impression \u00e9lev\u00e9e, un excellent temps d&rsquo;abandon et une adh\u00e9rence constante. La distribution de la taille des particules fines de sa poudre de type 4 am\u00e9liore la qualit\u00e9 d&rsquo;impression pour les petites ouvertures. <a href=\"https:\/\/www.inventec.dehon.com\/fr\/product\/ecorel-easy-803s\/\"><strong>ECOREL EASY 803S<\/strong><\/a> combine l&rsquo;alliage Sn62Pb36Ag2 avec la chimie fiable de la gamme Ecorel.<\/p>\n<p>Les alliages contenant du plomb sont parfaits pour supporter des fluctuations constantes de temp\u00e9rature \u00e9lev\u00e9es (-40 \u00e0 &gt;130 Celcius). Cependant, les cr\u00e8mes \u00e0 souder au plomb sont limit\u00e9es dans leur utilisation en raison de l&rsquo;impact environnemental du plomb. Des exceptions sont faites pour l&rsquo;\u00e9lectronique automobile, a\u00e9rospatiale et de d\u00e9fense.<\/p>\n<p>INVENTEC peut vous aider \u00e0 proposer une alternative sans plomb en fonction de votre application sp\u00e9cifique.<\/p>\n<p><!-- FEATURES Section --><\/p>\n<div style=\"font-weight:bold; text-transform:uppercase; border-bottom:2px solid #9DBB2F; padding-bottom:6px; margin-bottom:10px;\">\n  PROPRI\u00c9T\u00c9S\n<\/div>\n<table width=\"100%\" cellpadding=\"0\" cellspacing=\"0\" style=\"border-collapse:collapse; width:100%; max-width:100%;\">\n<tr>\n<th align=\"left\" style=\"background:#7A7A7A; color:#fff; padding:8px 12px; border:1px solid #BDBDBD;\">\n      SP\u00c9CIFICATIONS\n    <\/th>\n<th align=\"left\" style=\"background:#7A7A7A; color:#fff; padding:8px 12px; border:1px solid #BDBDBD;\">\n      ECOREL\u2122 EASY 802M T4\n    <\/th>\n<\/tr>\n<tr>\n<td style=\"padding:8px 12px; border:1px solid #BDBDBD;\">Alliage<\/td>\n<td style=\"padding:8px 12px; border:1px solid #BDBDBD;\">Sn62Pb36Ag2<\/td>\n<\/tr>\n<tr style=\"background:#E6E6E6;\">\n<td style=\"padding:8px 12px; border:1px solid #BDBDBD;\">Granulom\u00e9trie (microns) \/ Type<\/td>\n<td style=\"padding:8px 12px; border:1px solid #BDBDBD;\">20-38 \/ Type 4<\/td>\n<\/tr>\n<tr>\n<td style=\"padding:8px 12px; border:1px solid #BDBDBD;\">Point de fusion (\u00b0C)<\/td>\n<td style=\"padding:8px 12px; border:1px solid #BDBDBD;\">178<\/td>\n<\/tr>\n<tr style=\"background:#E6E6E6;\">\n<td style=\"padding:8px 12px; border:1px solid #BDBDBD;\">Teneur en m\u00e9tal (%)<\/td>\n<td style=\"padding:8px 12px; border:1px solid #BDBDBD;\">89,5 \u00b1 0,5<\/td>\n<\/tr>\n<tr>\n<td style=\"padding:8px 12px; border:1px solid #BDBDBD;\">Teneur en halog\u00e8ne<\/td>\n<td style=\"padding:8px 12px; border:1px solid #BDBDBD;\">Sans halog\u00e8ne<\/td>\n<\/tr>\n<tr style=\"background:#E6E6E6;\">\n<td style=\"padding:8px 12px; border:1px solid #BDBDBD;\">Viscosit\u00e9* (Pa.s 25\u00b0C)<br \/><font style=\"font-size:0.85em;\">*Viscosim\u00e8tre \u00e0 spiral Malcom \u2013 10 rpm<\/font><\/td>\n<td style=\"padding:8px 12px; border:1px solid #BDBDBD;\">160<br \/>Valeur typique<\/td>\n<\/tr>\n<tr>\n<td style=\"padding:8px 12px; border:1px solid #BDBDBD;\">R\u00e9sidus post-refusion<\/td>\n<td style=\"padding:8px 12px; border:1px solid #BDBDBD;\">Environ 5 % en masse<\/td>\n<\/tr>\n<\/table>\n<p><!-- FUNCTIONAL TESTS Section --><\/p>\n<div style=\"font-weight:bold; text-transform:uppercase; border-bottom:2px solid #9DBB2F; padding-bottom:6px; margin-bottom:10px;\">\n  CARACT\u00c9RISTIQUES\n<\/div>\n<table width=\"100%\" cellpadding=\"0\" cellspacing=\"0\" style=\"border-collapse:collapse; width:100%; max-width:100%;\">\n<tr>\n<th align=\"left\" style=\"background:#7A7A7A; color:#fff; padding:8px 12px; border:1px solid #BDBDBD;\">\n      TESTS FONCTIONNELS\n    <\/th>\n<th align=\"left\" style=\"background:#7A7A7A; color:#fff; padding:8px 12px; border:1px solid #BDBDBD;\">\n      R\u00c9SULTATS\n    <\/th>\n<th align=\"left\" style=\"background:#7A7A7A; color:#fff; padding:8px 12px; border:1px solid #BDBDBD;\">\n      PROC\u00c9DURES\n    <\/th>\n<\/tr>\n<tr>\n<td style=\"padding:8px 12px; border:1px solid #BDBDBD;\">Classification du flux<\/td>\n<td style=\"padding:8px 12px; border:1px solid #BDBDBD;\">ROL0<br \/>113<\/td>\n<td style=\"padding:8px 12px; border:1px solid #BDBDBD;\">ANSI\/J-STD-004<br \/>ISO 9454<\/td>\n<\/tr>\n<tr style=\"background:#E6E6E6;\">\n<td style=\"padding:8px 12px; border:1px solid #BDBDBD;\">Test de coalescence<\/td>\n<td style=\"padding:8px 12px; border:1px solid #BDBDBD;\">Passe<\/td>\n<td style=\"padding:8px 12px; border:1px solid #BDBDBD;\">ANSI\/J-STD-005<\/td>\n<\/tr>\n<tr>\n<td style=\"padding:8px 12px; border:1px solid #BDBDBD;\">Miroir de cuivre<\/td>\n<td style=\"padding:8px 12px; border:1px solid #BDBDBD;\">Passe<\/td>\n<td style=\"padding:8px 12px; border:1px solid #BDBDBD;\">ANSI\/J-STD-004<\/td>\n<\/tr>\n<tr style=\"background:#E6E6E6;\">\n<td style=\"padding:8px 12px; border:1px solid #BDBDBD;\">Papier Chromate<\/td>\n<td style=\"padding:8px 12px; border:1px solid #BDBDBD;\">Passe<\/td>\n<td style=\"padding:8px 12px; border:1px solid #BDBDBD;\">ANSI\/J-STD-004<\/td>\n<\/tr>\n<tr>\n<td style=\"padding:8px 12px; border:1px solid #BDBDBD;\">Corrosion sur Cuivre<\/td>\n<td style=\"padding:8px 12px; border:1px solid #BDBDBD;\">Passe<\/td>\n<td style=\"padding:8px 12px; border:1px solid #BDBDBD;\">ANSI\/J-STD-004<\/td>\n<\/tr>\n<tr style=\"background:#E6E6E6;\">\n<td style=\"padding:8px 12px; border:1px solid #BDBDBD;\">R\u00e9sistance d\u2019Isolement de Surface (IPC)<\/td>\n<td style=\"padding:8px 12px; border:1px solid #BDBDBD;\">Passe<\/td>\n<td style=\"padding:8px 12px; border:1px solid #BDBDBD;\">ANSI\/J-STD-004<\/td>\n<\/tr>\n<tr>\n<td style=\"padding:8px 12px; border:1px solid #BDBDBD;\">R\u00e9sistance d\u2019Isolement de Surface (Bellcore)<\/td>\n<td style=\"padding:8px 12px; border:1px solid #BDBDBD;\">Passe<\/td>\n<td style=\"padding:8px 12px; border:1px solid #BDBDBD;\">Bellcore<\/td>\n<\/tr>\n<tr style=\"background:#E6E6E6;\">\n<td style=\"padding:8px 12px; border:1px solid #BDBDBD;\">Electromigration (IPC \/ Bellcore)<\/td>\n<td style=\"padding:8px 12px; border:1px solid #BDBDBD;\">Passe<\/td>\n<td style=\"padding:8px 12px; border:1px solid #BDBDBD;\">ANSI\/J-STD-004 \/ Bellcore<\/td>\n<\/tr>\n<\/table>\n","protected":false},"excerpt":{"rendered":"<ul>\n<li>Cr\u00e8me \u00e0 braser plomb\u00e9e Sn62Pb36Ag2 en Type 4<\/li>\n<li>Proc\u00e9d\u00e9 d&rsquo;impression SMT non propre<\/li>\n<li>Assemblage robuste<\/li>\n<\/ul>\n","protected":false},"featured_media":3488,"comment_status":"closed","ping_status":"closed","template":"","meta":{"_acf_changed":false,"inline_featured_image":false},"product_brand":[],"product_cat":[2798],"product_tag":[1662,1681,5098,5209,5229,5213,5102,1646,1680,5189,5094,5153,5160,5161,3991,5217,1682,3992,5240,5243],"class_list":{"0":"post-9723","1":"product","2":"type-product","3":"status-publish","4":"has-post-thumbnail","6":"industries-equipement-medical-scanners","7":"product_cat-cremes-a-braser-smt-a-haute-fiabilite","8":"product_tag-802-fr","9":"product_tag-802m-fr","10":"product_tag-alliage-au-plomb","11":"product_tag-brasage-smt-fr","12":"product_tag-brasage-tht-fr","13":"product_tag-creme-a-braser-fr","14":"product_tag-creme-a-braser-au-plomb","15":"product_tag-easy-fr","16":"product_tag-ecorel-easy-802m-t4-fr","17":"product_tag-impression","18":"product_tag-plomb","19":"product_tag-poudre","20":"product_tag-poudre-type-3","21":"product_tag-poudre-type-4","22":"product_tag-smt-fr","23":"product_tag-t3","24":"product_tag-t4-fr","25":"product_tag-tht-fr","26":"product_tag-type-3","27":"product_tag-type-4","28":"pa_application-brasage-smt-tht","29":"pa_brand-ecorel-fr-2","30":"pa_features-alliage-avec-plomb","31":"pa_features-poudre-type-3-4","32":"pa_processes-impression","33":"pa_product-category-creme-a-braser","35":"first","36":"instock","37":"shipping-taxable","38":"product-type-simple"},"acf":[],"_links":{"self":[{"href":"https:\/\/www.inventec.dehon.com\/fr\/wp-json\/wp\/v2\/product\/9723","targetHints":{"allow":["GET"]}}],"collection":[{"href":"https:\/\/www.inventec.dehon.com\/fr\/wp-json\/wp\/v2\/product"}],"about":[{"href":"https:\/\/www.inventec.dehon.com\/fr\/wp-json\/wp\/v2\/types\/product"}],"replies":[{"embeddable":true,"href":"https:\/\/www.inventec.dehon.com\/fr\/wp-json\/wp\/v2\/comments?post=9723"}],"wp:featuredmedia":[{"embeddable":true,"href":"https:\/\/www.inventec.dehon.com\/fr\/wp-json\/wp\/v2\/media\/3488"}],"wp:attachment":[{"href":"https:\/\/www.inventec.dehon.com\/fr\/wp-json\/wp\/v2\/media?parent=9723"}],"wp:term":[{"taxonomy":"product_brand","embeddable":true,"href":"https:\/\/www.inventec.dehon.com\/fr\/wp-json\/wp\/v2\/product_brand?post=9723"},{"taxonomy":"product_cat","embeddable":true,"href":"https:\/\/www.inventec.dehon.com\/fr\/wp-json\/wp\/v2\/product_cat?post=9723"},{"taxonomy":"product_tag","embeddable":true,"href":"https:\/\/www.inventec.dehon.com\/fr\/wp-json\/wp\/v2\/product_tag?post=9723"}],"curies":[{"name":"wp","href":"https:\/\/api.w.org\/{rel}","templated":true}]}}