{"id":9718,"date":"2021-09-03T08:44:47","date_gmt":"2021-09-03T08:44:47","guid":{"rendered":"https:\/\/www.inventec.dehon.com\/product\/topklean-mc-1007d\/"},"modified":"2026-01-19T09:55:47","modified_gmt":"2026-01-19T08:55:47","slug":"topklean-mc-1007d","status":"publish","type":"product","link":"https:\/\/www.inventec.dehon.com\/fr\/product\/topklean-mc-1007d\/","title":{"rendered":"TOPKLEAN MC 1007D"},"content":{"rendered":"<p><img decoding=\"async\" src=\"https:\/\/www.inventec.dehon.com\/wp-content\/uploads\/2021\/03\/TOPKLEAN-canister-yellow-1-600x600.jpg\" alt=\"TOPKLEAN MC 1007D\" class=\"responsive-img\" align=\"right\" style=\"border-radius:10px; margin-bottom:10px; margin-top:-10px; margin-left:15px; width:300px\" \/><\/p>\n<h2 style=\"color:#9bc947; margin-bottom:15px\">\u00c9limine les contaminants lourds<\/h2>\n<ul>\n<li>\u00c9limination des contaminants lourds<\/li>\n<li>Mono-solvant, co-solvant ou proc\u00e9d\u00e9 de pulv\u00e9risation<\/li>\n<li>Alternative \u00e9cologique au perchlor\u00e9thyl\u00e8ne et au nPB<\/li>\n<\/ul>\n<h5>TOPKLEAN MC 1007D<\/h5>\n<p>Sp\u00e9cialement formul\u00e9 pour l&rsquo;\u00e9limination des contaminants lourds tels que les graisses, les p\u00e2tes de polissage, de meulage et de rodage, ayant en m\u00eame temps une propri\u00e9t\u00e9 de d\u00e9soxydation sur tous les alliages de cuivre et les m\u00e9taux pr\u00e9cieux. Il peut \u00e9galement \u00eatre utilis\u00e9 pour \u00e9liminer la suie, les \u00e9cailles de rouille, le goudron, la cire, les colophanes non durcies, le vernis, la laque adh\u00e9sive, les pigments, les agents de d\u00e9moulage et le rasage de pi\u00e8ces g\u00e9om\u00e9triques complexes. \u00c0 une temp\u00e9rature plus \u00e9lev\u00e9e (85\u00b0C maximum), il peut \u00e9liminer les r\u00e9sidus s\u00e9ch\u00e9s et craquel\u00e9s des culasses de moteurs et d&rsquo;autres pi\u00e8ces de moteurs \u00e9touff\u00e9es.<\/p>\n<p>Sa faible tension de surface et son utilisation possible avec les ultrasons lui conf\u00e8rent des qualit\u00e9s de nettoyage exceptionnelles dans un processus en phase vapeur ou par simple immersion. <strong>TOPKLEAN MC 1007D<\/strong> est compatible avec tous les m\u00e9taux, alliages et \u00e9galement avec le verre et la c\u00e9ramique. Il n&rsquo;a pas d&rsquo;effets nocifs sur la plupart des plastiques et des \u00e9lastom\u00e8res. Il n&rsquo;endommage pas les surfaces peintes et convient pour \u00e9liminer simultan\u00e9ment les vernis et les laques sur diff\u00e9rents mat\u00e9riaux.<\/p>\n","protected":false},"excerpt":{"rendered":"<ul>\n<li>\u00c9limination des contaminants lourds<\/li>\n<li>Mono-solvant, co-solvant ou proc\u00e9d\u00e9 de pulv\u00e9risation<\/li>\n<li>Alternative \u00e9cologique au perchlor\u00e9thyl\u00e8ne et au nPB<\/li>\n<\/ul>\n","protected":false},"featured_media":24449,"comment_status":"closed","ping_status":"closed","template":"","meta":{"_acf_changed":false,"inline_featured_image":false},"product_brand":[],"product_cat":[2827,2826,2834,2832,2831,2833,953,560],"product_tag":[2621,4481,4281,5413,4485,4417,4747,4321,4393,4184,2155,2620,4353,4369,4401,4421,4453,4429,4305,500,2038,2619],"class_list":{"0":"post-9718","1":"product","2":"type-product","3":"status-publish","4":"has-post-thumbnail","6":"product_cat-degraissage-de-divers-composants-metalliques","7":"product_cat-deshuilage-de-divers-composants-metalliques","8":"product_cat-elimination-de-la-cire-apres-polissage","9":"product_cat-elimination-pate-a-polir-apres-polissage","10":"product_cat-elimination-de-liquide-de-polissage-diamante","11":"product_cat-elimination-des-polymeres-resines","12":"product_cat-nettoyage","13":"product_cat-solutions-de-fabrication-additive","14":"product_tag-1007d-fr","15":"product_tag-cire-fr","16":"product_tag-co-solvant","17":"product_tag-degraissage-fr","18":"product_tag-elimination-de-la-cire-fr","19":"product_tag-elimination-de-la-pate-a-polir-fr","20":"product_tag-elimination-de-polymeres","21":"product_tag-elimination-des-graisses-fr","22":"product_tag-elimination-des-huiles-fr","23":"product_tag-liquides-de-nettoyage-solvants-fr","24":"product_tag-mc-fr","25":"product_tag-mc-1007d-fr","26":"product_tag-mineraux-fr","27":"product_tag-mono-solvant","28":"product_tag-oxydes-fr","29":"product_tag-polymere-fr","30":"product_tag-pulverisation","31":"product_tag-resines","32":"product_tag-respectueux-de-lenvironnement-fr","33":"product_tag-solvant","34":"product_tag-topklean-fr","35":"product_tag-topklean-mc-1007d-fr","36":"pa_application-elimination-de-la-cire","37":"pa_application-elimination-de-la-pate-a-polir","38":"pa_application-elimination-des-graisses","39":"pa_application-elimination-des-huiles","40":"pa_application-elimination-des-oxydes-mineraux","41":"pa_application-elimination-des-polymeres-resines","42":"pa_brand-topklean-fr-2","43":"pa_features-adapte-aux-bases-hydrocarbonees","44":"pa_product-category-liquides-de-nettoyage-solvants","46":"first","47":"instock","48":"shipping-taxable","49":"product-type-simple"},"acf":[],"_links":{"self":[{"href":"https:\/\/www.inventec.dehon.com\/fr\/wp-json\/wp\/v2\/product\/9718","targetHints":{"allow":["GET"]}}],"collection":[{"href":"https:\/\/www.inventec.dehon.com\/fr\/wp-json\/wp\/v2\/product"}],"about":[{"href":"https:\/\/www.inventec.dehon.com\/fr\/wp-json\/wp\/v2\/types\/product"}],"replies":[{"embeddable":true,"href":"https:\/\/www.inventec.dehon.com\/fr\/wp-json\/wp\/v2\/comments?post=9718"}],"wp:featuredmedia":[{"embeddable":true,"href":"https:\/\/www.inventec.dehon.com\/fr\/wp-json\/wp\/v2\/media\/24449"}],"wp:attachment":[{"href":"https:\/\/www.inventec.dehon.com\/fr\/wp-json\/wp\/v2\/media?parent=9718"}],"wp:term":[{"taxonomy":"product_brand","embeddable":true,"href":"https:\/\/www.inventec.dehon.com\/fr\/wp-json\/wp\/v2\/product_brand?post=9718"},{"taxonomy":"product_cat","embeddable":true,"href":"https:\/\/www.inventec.dehon.com\/fr\/wp-json\/wp\/v2\/product_cat?post=9718"},{"taxonomy":"product_tag","embeddable":true,"href":"https:\/\/www.inventec.dehon.com\/fr\/wp-json\/wp\/v2\/product_tag?post=9718"}],"curies":[{"name":"wp","href":"https:\/\/api.w.org\/{rel}","templated":true}]}}