{"id":9715,"date":"2021-06-17T12:25:22","date_gmt":"2021-06-17T12:25:22","guid":{"rendered":"https:\/\/www.inventec.dehon.com\/product\/ecofrec-ht504\/"},"modified":"2026-01-20T16:03:56","modified_gmt":"2026-01-20T15:03:56","slug":"ecofrec-ht-504","status":"publish","type":"product","link":"https:\/\/www.inventec.dehon.com\/fr\/product\/ecofrec-ht-504\/","title":{"rendered":"ECOFREC HT 504"},"content":{"rendered":"<p><img decoding=\"async\" src=\"https:\/\/www.inventec.dehon.com\/wp-content\/uploads\/2021\/04\/ECOFREC-canister-solvent-based-600x600.png\" alt=\"ECOFREC HT 504\" class=\"responsive-img\" align=\"right\" style=\"border-radius:10px; margin-bottom:10px; margin-top:-10px; margin-left:15px; width:300px\" \/><\/p>\n<h2 style=\"color: #9bc947; margin-bottom: 15px;\">Flux de soudure haute temp\u00e9rature<\/h2>\n<ul>\n<li>Flux liquide \u00e0 la colophane, sans nettoyage, \u00e0 base de solvant.<\/li>\n<li>Proc\u00e9d\u00e9 par trempage ou brossage manuel<\/li>\n<li>Soudure \u00e0 haute temp\u00e9rature et facile \u00e0 nettoyer<\/li>\n<\/ul>\n<h5>ECOFREC HT 504<\/h5>\n<p>Est un flux sans nettoyage \u00e0 base de colophane \u00e0 faible r\u00e9sidu, con\u00e7u pour le brasage \u00e0 haute temp\u00e9rature de composants passifs et autres semi-conducteurs de puissance. Il peut \u00e9galement \u00eatre utilis\u00e9 pour la reprise et la r\u00e9paration.<\/p>\n<p><strong>ECOFREC HT 504<\/strong> peut \u00eatre appliqu\u00e9 par immersion ou par pinceau. <\/p>\n<p>Pour les applications \u00e0 haute temp\u00e9rature, il est recommand\u00e9 d&rsquo;utiliser plusieurs bains \u00e0 diff\u00e9rentes temp\u00e9ratures de pr\u00e9chauffage afin d&rsquo;\u00e9viter d&rsquo;endommager les pi\u00e8ces.<\/p>\n<p><!-- FEATURES Section --><\/p>\n<div style=\"font-weight:bold; border-bottom:2px solid #9DBB2F; padding-bottom:6px; margin-bottom:10px;\">\n  PROPRI\u00c9T\u00c9S\n<\/div>\n<table width=\"100%\" cellpadding=\"0\" cellspacing=\"0\" style=\"border-collapse:collapse; width:100%; max-width:100%;\">\n<tr>\n<th align=\"left\" style=\"background:#7A7A7A; color:#fff; padding:8px 12px; border:1px solid #BDBDBD;\">\n      SP\u00c9CIFICATIONS\n    <\/th>\n<th align=\"left\" style=\"background:#7A7A7A; color:#fff; padding:8px 12px; border:1px solid #BDBDBD;\">\n      ECOFREC HT 504\n    <\/th>\n<\/tr>\n<tr>\n<td style=\"padding:8px 12px; border:1px solid #BDBDBD;\">Aspect du flux<\/td>\n<td style=\"padding:8px 12px; border:1px solid #BDBDBD;\">Ambre<\/td>\n<\/tr>\n<tr style=\"background:#E6E6E6;\">\n<td style=\"padding:8px 12px; border:1px solid #BDBDBD;\">Densit\u00e9 \u00e0 20\u00b0C (g\/cm\u00b3)<\/td>\n<td style=\"padding:8px 12px; border:1px solid #BDBDBD;\">1<\/td>\n<\/tr>\n<tr>\n<td style=\"padding:8px 12px; border:1px solid #BDBDBD;\">Teneur en solide (%)<\/td>\n<td style=\"padding:8px 12px; border:1px solid #BDBDBD;\">30<\/td>\n<\/tr>\n<tr style=\"background:#E6E6E6;\">\n<td style=\"padding:8px 12px; border:1px solid #BDBDBD;\">Indice d&rsquo;acidit\u00e9 (mg KOH\/g)<\/td>\n<td style=\"padding:8px 12px; border:1px solid #BDBDBD;\">43,5 \u2013 49,5<\/td>\n<\/tr>\n<tr>\n<td style=\"padding:8px 12px; border:1px solid #BDBDBD;\">Teneur en halog\u00e8ne<\/td>\n<td style=\"padding:8px 12px; border:1px solid #BDBDBD;\">Sans halog\u00e8ne<\/td>\n<\/tr>\n<tr style=\"background:#E6E6E6;\">\n<td style=\"padding:8px 12px; border:1px solid #BDBDBD;\">Point d\u2019auto-inflammation<\/td>\n<td style=\"padding:8px 12px; border:1px solid #BDBDBD;\">&gt; 370\u00b0C<\/td>\n<\/tr>\n<\/table>\n<p><!-- CHARACTERISTICS Section --><\/p>\n<div style=\"font-weight:bold; border-bottom:2px solid #9DBB2F; padding-bottom:6px; margin:30px 0 10px 0;\">\n  CARACT\u00c9RISTIQUES\n<\/div>\n<table width=\"100%\" cellpadding=\"0\" cellspacing=\"0\" style=\"border-collapse:collapse; width:100%; max-width:100%;\">\n<tr>\n<th align=\"left\" style=\"background:#7A7A7A; color:#fff; padding:8px 12px; border:1px solid #BDBDBD;\">\n      Tests standards\n    <\/th>\n<th align=\"left\" style=\"background:#7A7A7A; color:#fff; padding:8px 12px; border:1px solid #BDBDBD;\">\n      R\u00e9sultats\n    <\/th>\n<th align=\"left\" style=\"background:#7A7A7A; color:#fff; padding:8px 12px; border:1px solid #BDBDBD;\">\n      M\u00e9thodes\n    <\/th>\n<\/tr>\n<tr>\n<td style=\"padding:8px 12px; border:1px solid #BDBDBD;\">Classement du flux<\/td>\n<td style=\"padding:8px 12px; border:1px solid #BDBDBD;\">ROL0<\/td>\n<td style=\"padding:8px 12px; border:1px solid #BDBDBD;\">ANSI\/J-STD-004<\/td>\n<\/tr>\n<tr style=\"background:#E6E6E6;\">\n<td style=\"padding:8px 12px; border:1px solid #BDBDBD;\">SIR \/ \u00c9lectromigration (IPC)<\/td>\n<td style=\"padding:8px 12px; border:1px solid #BDBDBD;\">R\u00e9ussi<\/td>\n<td style=\"padding:8px 12px; border:1px solid #BDBDBD;\">ANSI\/J-STD-004<\/td>\n<\/tr>\n<tr>\n<td style=\"padding:8px 12px; border:1px solid #BDBDBD;\">Papier au chromate<\/td>\n<td style=\"padding:8px 12px; border:1px solid #BDBDBD;\">R\u00e9ussi<\/td>\n<td style=\"padding:8px 12px; border:1px solid #BDBDBD;\">ANSI\/J-STD-004<\/td>\n<\/tr>\n<tr style=\"background:#E6E6E6;\">\n<td style=\"padding:8px 12px; border:1px solid #BDBDBD;\">Miroir de cuivre<\/td>\n<td style=\"padding:8px 12px; border:1px solid #BDBDBD;\">R\u00e9ussi<\/td>\n<td style=\"padding:8px 12px; border:1px solid #BDBDBD;\">ANSI\/J-STD-004<\/td>\n<\/tr>\n<\/table>\n","protected":false},"excerpt":{"rendered":"<ul>\n<li>Flux liquide \u00e0 la colophane, sans nettoyage, \u00e0 base de solvant.<\/li>\n<li>Proc\u00e9d\u00e9 par trempage ou brossage manuel<\/li>\n<li>Soudure \u00e0 haute temp\u00e9rature et facile \u00e0 nettoyer<\/li>\n<\/ul>\n","protected":false},"featured_media":3047,"comment_status":"closed","ping_status":"closed","template":"","meta":{"_acf_changed":false,"inline_featured_image":false},"product_brand":[],"product_cat":[2806,2807],"product_tag":[1633,4610,4634,4638,5353,5209,5229,1631,5293,5341,1374,1632,5369,5345,5349,5305],"class_list":{"0":"post-9715","1":"product","2":"type-product","3":"status-publish","4":"has-post-thumbnail","6":"product_cat-solutions-de-flux-de-brasage-a-la-vague","7":"product_cat-solutions-de-flux-de-brasage-selectif","8":"product_tag-504-fr","9":"product_tag-a-base-de-solvant","10":"product_tag-appliquer-au-pinceau","11":"product_tag-appliquer-par-immersion","12":"product_tag-brasage-manuelle","13":"product_tag-brasage-smt-fr","14":"product_tag-brasage-tht-fr","15":"product_tag-ecofrec-ht-504-fr","16":"product_tag-flux-liquide-fr","17":"product_tag-flux-liquide-a-base-de-colophane","18":"product_tag-ht","19":"product_tag-ht-504-fr","20":"product_tag-reparation","21":"product_tag-reprise","22":"product_tag-reprise-de-soudure","23":"product_tag-sans-nettoyage","24":"pa_application-brasage-smt-tht","25":"pa_brand-ecofrec-fr-2","26":"pa_features-a-base-de-solvant","27":"pa_processes-ppplication-au-pinceau","28":"pa_processes-application-par-trempage","29":"pa_processes-retouche-brasage-manuel","30":"pa_product-category-flux-liquide","32":"first","33":"instock","34":"shipping-taxable","35":"product-type-simple"},"acf":[],"_links":{"self":[{"href":"https:\/\/www.inventec.dehon.com\/fr\/wp-json\/wp\/v2\/product\/9715","targetHints":{"allow":["GET"]}}],"collection":[{"href":"https:\/\/www.inventec.dehon.com\/fr\/wp-json\/wp\/v2\/product"}],"about":[{"href":"https:\/\/www.inventec.dehon.com\/fr\/wp-json\/wp\/v2\/types\/product"}],"replies":[{"embeddable":true,"href":"https:\/\/www.inventec.dehon.com\/fr\/wp-json\/wp\/v2\/comments?post=9715"}],"wp:featuredmedia":[{"embeddable":true,"href":"https:\/\/www.inventec.dehon.com\/fr\/wp-json\/wp\/v2\/media\/3047"}],"wp:attachment":[{"href":"https:\/\/www.inventec.dehon.com\/fr\/wp-json\/wp\/v2\/media?parent=9715"}],"wp:term":[{"taxonomy":"product_brand","embeddable":true,"href":"https:\/\/www.inventec.dehon.com\/fr\/wp-json\/wp\/v2\/product_brand?post=9715"},{"taxonomy":"product_cat","embeddable":true,"href":"https:\/\/www.inventec.dehon.com\/fr\/wp-json\/wp\/v2\/product_cat?post=9715"},{"taxonomy":"product_tag","embeddable":true,"href":"https:\/\/www.inventec.dehon.com\/fr\/wp-json\/wp\/v2\/product_tag?post=9715"}],"curies":[{"name":"wp","href":"https:\/\/api.w.org\/{rel}","templated":true}]}}