{"id":9704,"date":"2021-06-17T12:10:25","date_gmt":"2021-06-17T12:10:25","guid":{"rendered":"https:\/\/www.inventec.dehon.com\/product\/ecofrec-dd6\/"},"modified":"2026-01-20T15:52:23","modified_gmt":"2026-01-20T14:52:23","slug":"ecofrec-dd6","status":"publish","type":"product","link":"https:\/\/www.inventec.dehon.com\/fr\/product\/ecofrec-dd6\/","title":{"rendered":"ECOFREC DD6"},"content":{"rendered":"<p><img decoding=\"async\" src=\"https:\/\/www.inventec.dehon.com\/wp-content\/uploads\/2021\/04\/ECOFREC-canister-solvent-based-600x600.png\" alt=\"ECOFREC DD6\" class=\"responsive-img\" align=\"right\" style=\"border-radius:10px; margin-bottom:10px; margin-top:-10px; margin-left:15px; width:300px\" \/><\/p>\n<h2 style=\"color: #9bc947; margin-bottom: 15px;\">Flux de colophane sans nettoyage \u00e0 faible r\u00e9sidu<\/h2>\n<ul>\n<li>Flux liquide de colophane \u00e0 base de solvant<\/li>\n<li>Proc\u00e9d\u00e9 par vagues, pulv\u00e9risation s\u00e9lective, mousse ou brosse manuelle<\/li>\n<li>Haute fiabilit\u00e9 et facilit\u00e9 de nettoyage<\/li>\n<\/ul>\n<h5>ECOFREC DD6<\/h5>\n<p>Est un flux de colophane \u00e0 faible r\u00e9sidu, avec des activateurs organiques sans halog\u00e8ne. Apr\u00e8s le brasage, les r\u00e9sidus de flux laiss\u00e9s sur le PCB sont non agressifs et non susceptibles de provoquer de la corrosion. Les performances d&rsquo;isolation \u00e9lectrique sont particuli\u00e8rement \u00e9lev\u00e9es lorsque les panneaux sont expos\u00e9s \u00e0 des conditions extr\u00eames de vieillissement acc\u00e9l\u00e9r\u00e9.<\/p>\n<p>Il s&rsquo;agit d&rsquo;un flux id\u00e9alement adapt\u00e9 au brasage \u00e0 une ou deux vagues de composants conventionnels ou de CMS. Par ailleurs, dans les op\u00e9rations de reprise de circuits imprim\u00e9s, <strong>ECOFREC DD6<\/strong>, appliqu\u00e9 localement sur les connexions au pinceau ou par pulv\u00e9risation, permet de remplacer facilement les composants d\u00e9faillants par mini-ondes, air chaud ou thermode.<\/p>\n<p><strong>ECOFREC DD6<\/strong> est \u00e9galement disponible dans un emballage de stylo \u00e0 flux.<\/p>\n<p><!-- PROPRI\u00c9T\u00c9S Section --><\/p>\n<div style=\"font-weight:bold; border-bottom:2px solid #9DBB2F; padding-bottom:6px; margin-bottom:10px;\">\n  PROPRI\u00c9T\u00c9S\n<\/div>\n<table width=\"100%\" cellpadding=\"0\" cellspacing=\"0\" style=\"border-collapse:collapse; width:100%; max-width:100%;\">\n<tr>\n<th align=\"left\" style=\"background:#7A7A7A; color:#fff; padding:8px 12px; border:1px solid #BDBDBD;\">\n      SP\u00c9CIFICATIONS\n    <\/th>\n<th align=\"left\" style=\"background:#7A7A7A; color:#fff; padding:8px 12px; border:1px solid #BDBDBD;\">\n      ECOFREC DD6\n    <\/th>\n<\/tr>\n<tr>\n<td style=\"padding:8px 12px; border:1px solid #BDBDBD;\">Masse volumique \u00e0 20\u00b0C<\/td>\n<td style=\"padding:8px 12px; border:1px solid #BDBDBD;\">0,825<\/td>\n<\/tr>\n<tr style=\"background:#E6E6E6;\">\n<td style=\"padding:8px 12px; border:1px solid #BDBDBD;\">Point \u00e9clair<\/td>\n<td style=\"padding:8px 12px; border:1px solid #BDBDBD;\">16\u00b0C<\/td>\n<\/tr>\n<tr>\n<td style=\"padding:8px 12px; border:1px solid #BDBDBD;\">\n      Extrait sec (3 h \u00e0 105\u00b0C)\n    <\/td>\n<td style=\"padding:8px 12px; border:1px solid #BDBDBD;\">6 %<\/td>\n<\/tr>\n<tr style=\"background:#E6E6E6;\">\n<td style=\"padding:8px 12px; border:1px solid #BDBDBD;\">\n      Indice d&rsquo;acidit\u00e9 (mg KOH\/g)\n    <\/td>\n<td style=\"padding:8px 12px; border:1px solid #BDBDBD;\">32<\/td>\n<\/tr>\n<tr>\n<td style=\"padding:8px 12px; border:1px solid #BDBDBD;\">Teneur en halog\u00e8ne<\/td>\n<td style=\"padding:8px 12px; border:1px solid #BDBDBD;\">Sans halog\u00e8ne<\/td>\n<\/tr>\n<tr style=\"background:#E6E6E6;\">\n<td style=\"padding:8px 12px; border:1px solid #BDBDBD;\">\n      Classification selon J-STD-004\n    <\/td>\n<td style=\"padding:8px 12px; border:1px solid #BDBDBD;\">ROL0<\/td>\n<\/tr>\n<\/table>\n","protected":false},"excerpt":{"rendered":"<ul>\n<li>Flux liquide de colophane \u00e0 base de solvant<\/li>\n<li>Proc\u00e9d\u00e9 par vagues, pulv\u00e9risation s\u00e9lective, mousse ou brosse manuelle<\/li>\n<li>haute fiabilit\u00e9 et facilit\u00e9 de nettoyage<\/li>\n<\/ul>\n","protected":false},"featured_media":3047,"comment_status":"closed","ping_status":"closed","template":"","meta":{"_acf_changed":false,"inline_featured_image":false},"product_brand":[],"product_cat":[2809,2806],"product_tag":[4610,5353,850,5209,5229,1621,1620,5329,5293,5341,5054,5345,5349,5301,504,5297],"class_list":{"0":"post-9704","1":"product","2":"type-product","3":"status-publish","4":"has-post-thumbnail","6":"product_cat-solutions-de-flux-detamage","7":"product_cat-solutions-de-flux-de-brasage-a-la-vague","8":"product_tag-a-base-de-solvant","9":"product_tag-brasage-manuelle","10":"product_tag-brasage-selectif","11":"product_tag-brasage-smt-fr","12":"product_tag-brasage-tht-fr","13":"product_tag-dd6-fr","14":"product_tag-ecofrec-dd6-fr","15":"product_tag-facile-a-nettoyer","16":"product_tag-flux-liquide-fr","17":"product_tag-flux-liquide-a-base-de-colophane","18":"product_tag-haute-fiabilite","19":"product_tag-reprise","20":"product_tag-reprise-de-soudure","21":"product_tag-selectif","22":"product_tag-soudure-a-la-vague","23":"product_tag-vague","24":"pa_application-brasage-smt-tht","25":"pa_brand-ecofrec-fr-2","26":"pa_features-a-base-de-solvant","27":"pa_processes-brasage-par-vague-selectif","28":"pa_processes-retouche-brasage-manuel","29":"pa_product-category-flux-liquide","31":"first","32":"instock","33":"shipping-taxable","34":"product-type-simple"},"acf":[],"_links":{"self":[{"href":"https:\/\/www.inventec.dehon.com\/fr\/wp-json\/wp\/v2\/product\/9704","targetHints":{"allow":["GET"]}}],"collection":[{"href":"https:\/\/www.inventec.dehon.com\/fr\/wp-json\/wp\/v2\/product"}],"about":[{"href":"https:\/\/www.inventec.dehon.com\/fr\/wp-json\/wp\/v2\/types\/product"}],"replies":[{"embeddable":true,"href":"https:\/\/www.inventec.dehon.com\/fr\/wp-json\/wp\/v2\/comments?post=9704"}],"wp:featuredmedia":[{"embeddable":true,"href":"https:\/\/www.inventec.dehon.com\/fr\/wp-json\/wp\/v2\/media\/3047"}],"wp:attachment":[{"href":"https:\/\/www.inventec.dehon.com\/fr\/wp-json\/wp\/v2\/media?parent=9704"}],"wp:term":[{"taxonomy":"product_brand","embeddable":true,"href":"https:\/\/www.inventec.dehon.com\/fr\/wp-json\/wp\/v2\/product_brand?post=9704"},{"taxonomy":"product_cat","embeddable":true,"href":"https:\/\/www.inventec.dehon.com\/fr\/wp-json\/wp\/v2\/product_cat?post=9704"},{"taxonomy":"product_tag","embeddable":true,"href":"https:\/\/www.inventec.dehon.com\/fr\/wp-json\/wp\/v2\/product_tag?post=9704"}],"curies":[{"name":"wp","href":"https:\/\/api.w.org\/{rel}","templated":true}]}}