{"id":9703,"date":"2021-06-18T09:28:54","date_gmt":"2021-06-18T09:28:54","guid":{"rendered":"https:\/\/www.inventec.dehon.com\/product\/ecorel-easy-803m\/"},"modified":"2026-01-22T09:32:33","modified_gmt":"2026-01-22T08:32:33","slug":"ecorel-easy-803m","status":"publish","type":"product","link":"https:\/\/www.inventec.dehon.com\/fr\/product\/ecorel-easy-803m\/","title":{"rendered":"ECOREL EASY 803M"},"content":{"rendered":"<p><img decoding=\"async\" src=\"https:\/\/www.inventec.dehon.com\/wp-content\/uploads\/2021\/01\/Ecorel-Free-600x600.png\" alt=\"ECOREL EASY 803M\" class=\"responsive-img\" align=\"right\" style=\"border-radius:10px; margin-bottom:10px; margin-top:-10px; margin-left:15px; width:300px\" \/><\/p>\n<h2 style=\"color: #9bc947; margin-bottom: 15px;\">Cr\u00e8me \u00e0 braser sans nettoyage \u00e0 faible r\u00e9sidu<\/h2>\n<ul>\n<li>Cr\u00e8me \u00e0 braser plomb\u00e9e Sn63Pb37<\/li>\n<li>Proc\u00e9d\u00e9 d&rsquo;impression SMT non propre<\/li>\n<li>Assemblage robuste.<\/li>\n<\/ul>\n<h5>ECOREL EASY 803M<\/h5>\n<p>Offre un bon \u00e9quilibre entre la mouillabilit\u00e9, la capacit\u00e9 d&rsquo;impression et la capacit\u00e9 \u00e0 r\u00e9sister \u00e0 divers profils thermiques. Il pr\u00e9sente une vitesse d&rsquo;impression \u00e9lev\u00e9e, un excellent temps d&rsquo;abandon et une adh\u00e9rence constante.<\/p>\n<p>Les alliages contenant du plomb sont parfaits pour supporter des fluctuations constantes de temp\u00e9rature \u00e9lev\u00e9es (-40 \u00e0 &gt;130 Celcius). Cependant, les cr\u00e8mes \u00e0 braser au plomb sont limit\u00e9es dans leur utilisation en raison de l&rsquo;impact environnemental du plomb. Des exceptions sont faites pour l&rsquo;\u00e9lectronique automobile, a\u00e9rospatiale et de d\u00e9fense. <\/p>\n<p>INVENTEC peut vous aider \u00e0 proposer une alternative sans plomb en fonction de votre application sp\u00e9cifique.<\/p>\n<p><!-- PROPRI\u00c9T\u00c9S Section --><\/p>\n<div style=\"font-weight:bold; text-transform:uppercase; border-bottom:2px solid #9DBB2F; padding-bottom:6px; margin-bottom:10px;\">\n  PROPRI\u00c9T\u00c9S\n<\/div>\n<table width=\"100%\" cellpadding=\"0\" cellspacing=\"0\" style=\"border-collapse:collapse; width:100%; max-width:100%;\">\n<tr>\n<th align=\"left\" style=\"background:#7A7A7A; color:#fff; padding:8px 12px; border:1px solid #BDBDBD;\">\n      SP\u00c9CIFICATIONS\n    <\/th>\n<th align=\"left\" style=\"background:#7A7A7A; color:#fff; padding:8px 12px; border:1px solid #BDBDBD;\">\n      Ecorel\u2122 Easy 803M\n    <\/th>\n<th align=\"left\" style=\"background:#7A7A7A; color:#fff; padding:8px 12px; border:1px solid #BDBDBD;\">\n      Ecorel\u2122 Easy 803M T4\n    <\/th>\n<\/tr>\n<tr>\n<td style=\"padding:8px 12px; border:1px solid #BDBDBD;\">Alliage<\/td>\n<td style=\"padding:8px 12px; border:1px solid #BDBDBD;\">Sn63Pb37<\/td>\n<td style=\"padding:8px 12px; border:1px solid #BDBDBD;\">Sn63Pb37<\/td>\n<\/tr>\n<tr style=\"background:#E6E6E6;\">\n<td style=\"padding:8px 12px; border:1px solid #BDBDBD;\">Granulom\u00e9trie (microns)<\/td>\n<td style=\"padding:8px 12px; border:1px solid #BDBDBD;\">25\u201345<\/td>\n<td style=\"padding:8px 12px; border:1px solid #BDBDBD;\">20\u201338<\/td>\n<\/tr>\n<tr>\n<td style=\"padding:8px 12px; border:1px solid #BDBDBD;\">Point de fusion (\u00b0C)<\/td>\n<td style=\"padding:8px 12px; border:1px solid #BDBDBD;\">183<\/td>\n<td style=\"padding:8px 12px; border:1px solid #BDBDBD;\">183<\/td>\n<\/tr>\n<tr style=\"background:#E6E6E6;\">\n<td style=\"padding:8px 12px; border:1px solid #BDBDBD;\">Teneur en m\u00e9tal (%)<\/td>\n<td style=\"padding:8px 12px; border:1px solid #BDBDBD;\">89,5 \u00b1 0,5<\/td>\n<td style=\"padding:8px 12px; border:1px solid #BDBDBD;\">89,5 \u00b1 0,5<\/td>\n<\/tr>\n<tr>\n<td style=\"padding:8px 12px; border:1px solid #BDBDBD;\">R\u00e9sidu non volatil (%)<\/td>\n<td style=\"padding:8px 12px; border:1px solid #BDBDBD;\">47 \u2013 54<\/td>\n<td style=\"padding:8px 12px; border:1px solid #BDBDBD;\">47 \u2013 54<\/td>\n<\/tr>\n<tr style=\"background:#E6E6E6;\">\n<td style=\"padding:8px 12px; border:1px solid #BDBDBD;\">Teneur en halog\u00e8ne<\/td>\n<td style=\"padding:8px 12px; border:1px solid #BDBDBD;\">Sans halog\u00e8ne<\/td>\n<td style=\"padding:8px 12px; border:1px solid #BDBDBD;\">Sans halog\u00e8ne<\/td>\n<\/tr>\n<tr>\n<td style=\"padding:8px 12px; border:1px solid #BDBDBD;\">\n      Viscosit\u00e9* (Pa.s \u00e0 25\u00b0C)<br \/><font style=\"font-size:0.85em;\">*Viscosim\u00e8tre \u00e0 spiral Malcom \u2013 10 rpm<\/font>\n    <\/td>\n<td style=\"padding:8px 12px; border:1px solid #BDBDBD;\">\n      160<br \/>\n      Valeur typique\n    <\/td>\n<td style=\"padding:8px 12px; border:1px solid #BDBDBD;\">\n      160<br \/>\n      Valeur typique\n    <\/td>\n<\/tr>\n<\/table>\n<p><!-- CARACT\u00c9RISTIQUES Section --><\/p>\n<div style=\"font-weight:bold; text-transform:uppercase; border-bottom:2px solid #9DBB2F; padding-bottom:6px; margin-bottom:10px;\">\n  CARACT\u00c9RISTIQUES\n<\/div>\n<table width=\"100%\" cellpadding=\"0\" cellspacing=\"0\" style=\"border-collapse:collapse; width:100%; max-width:100%;\">\n<tr>\n<th align=\"left\" style=\"background:#7A7A7A; color:#fff; padding:8px 12px; border:1px solid #BDBDBD;\">\n      TESTS FONCTIONNELS\n    <\/th>\n<th align=\"left\" style=\"background:#7A7A7A; color:#fff; padding:8px 12px; border:1px solid #BDBDBD;\">\n      R\u00c9SULTATS\n    <\/th>\n<th align=\"left\" style=\"background:#7A7A7A; color:#fff; padding:8px 12px; border:1px solid #BDBDBD;\">\n      PROC\u00c9DURES\n    <\/th>\n<\/tr>\n<tr>\n<td style=\"padding:8px 12px; border:1px solid #BDBDBD;\">Classification du flux<\/td>\n<td style=\"padding:8px 12px; border:1px solid #BDBDBD;\">\n      L 0<br \/>\n      F-SW 32<br \/>\n      113\n    <\/td>\n<td style=\"padding:8px 12px; border:1px solid #BDBDBD;\">\n      ANSI\/J-STD-004<br \/>\n      DIN 8511<br \/>\n      ISO 9454\n    <\/td>\n<\/tr>\n<tr style=\"background:#E6E6E6;\">\n<td style=\"padding:8px 12px; border:1px solid #BDBDBD;\">Test de coalescence<\/td>\n<td style=\"padding:8px 12px; border:1px solid #BDBDBD;\">Classe 1<\/td>\n<td style=\"padding:8px 12px; border:1px solid #BDBDBD;\">ANSI\/J-STD-004<\/td>\n<\/tr>\n<tr>\n<td style=\"padding:8px 12px; border:1px solid #BDBDBD;\">Miroir de cuivre<\/td>\n<td style=\"padding:8px 12px; border:1px solid #BDBDBD;\">Passe<\/td>\n<td style=\"padding:8px 12px; border:1px solid #BDBDBD;\">ANSI\/J-STD-004<\/td>\n<\/tr>\n<tr style=\"background:#E6E6E6;\">\n<td style=\"padding:8px 12px; border:1px solid #BDBDBD;\">Corrosion sur cuivre<\/td>\n<td style=\"padding:8px 12px; border:1px solid #BDBDBD;\">Passe<\/td>\n<td style=\"padding:8px 12px; border:1px solid #BDBDBD;\">ANSI\/J-STD-004<\/td>\n<\/tr>\n<tr>\n<td style=\"padding:8px 12px; border:1px solid #BDBDBD;\">\n      R\u00e9sistance d\u2019isolement (Ohms)<br \/>\n      Apr\u00e8s 21 jours<br \/>\n      85\u00b0C \u2013 85 % HR \u2013 50 Volts<br \/>\n      En fin de cycle<br \/>\n      20\u00b0C \u2013 65 % HR\n    <\/td>\n<td style=\"padding:8px 12px; border:1px solid #BDBDBD;\">\n      Passe<\/p>\n<p>      &gt; 10<sup>9<\/sup><\/p>\n<p>      &gt; 10<sup>10<\/sup>\n    <\/td>\n<td style=\"padding:8px 12px; border:1px solid #BDBDBD;\">\n<p>      ANSI\/J-STD-004\n    <\/td>\n<\/tr>\n<\/table>\n","protected":false},"excerpt":{"rendered":"<ul>\n<li>Cr\u00e8me \u00e0 braser plomb\u00e9e Sn63Pb37<\/li>\n<li>Proc\u00e9d\u00e9 d&rsquo;impression SMT non propre<\/li>\n<li>Assemblage robuste<\/li>\n<\/ul>\n","protected":false},"featured_media":3488,"comment_status":"closed","ping_status":"closed","template":"","meta":{"_acf_changed":false,"inline_featured_image":false},"product_brand":[],"product_cat":[2798],"product_tag":[1647,5098,5058,5209,5229,5213,5102,1646,1645,5054,5189,5094,5153,5160,5161,3991,5217,1682,3992,5240,5243],"class_list":{"0":"post-9703","1":"product","2":"type-product","3":"status-publish","4":"has-post-thumbnail","6":"industries-aerospatiale-defense","7":"industries-automobile","8":"industries-equipement-medical-scanners","9":"product_cat-cremes-a-braser-smt-a-haute-fiabilite","10":"product_tag-803m-fr","11":"product_tag-alliage-au-plomb","12":"product_tag-alliage-haute-fiabilite","13":"product_tag-brasage-smt-fr","14":"product_tag-brasage-tht-fr","15":"product_tag-creme-a-braser-fr","16":"product_tag-creme-a-braser-au-plomb","17":"product_tag-easy-fr","18":"product_tag-ecorel-easy-803m-fr","19":"product_tag-haute-fiabilite","20":"product_tag-impression","21":"product_tag-plomb","22":"product_tag-poudre","23":"product_tag-poudre-type-3","24":"product_tag-poudre-type-4","25":"product_tag-smt-fr","26":"product_tag-t3","27":"product_tag-t4-fr","28":"product_tag-tht-fr","29":"product_tag-type-3","30":"product_tag-type-4","31":"pa_application-brasage-smt-tht","32":"pa_brand-ecorel-fr-2","33":"pa_features-alliage-avec-plomb","34":"pa_features-alliage-haute-fiabilite","35":"pa_features-poudre-type-3-4","36":"pa_processes-impression","37":"pa_product-category-creme-a-braser","39":"first","40":"instock","41":"shipping-taxable","42":"product-type-simple"},"acf":[],"_links":{"self":[{"href":"https:\/\/www.inventec.dehon.com\/fr\/wp-json\/wp\/v2\/product\/9703","targetHints":{"allow":["GET"]}}],"collection":[{"href":"https:\/\/www.inventec.dehon.com\/fr\/wp-json\/wp\/v2\/product"}],"about":[{"href":"https:\/\/www.inventec.dehon.com\/fr\/wp-json\/wp\/v2\/types\/product"}],"replies":[{"embeddable":true,"href":"https:\/\/www.inventec.dehon.com\/fr\/wp-json\/wp\/v2\/comments?post=9703"}],"wp:featuredmedia":[{"embeddable":true,"href":"https:\/\/www.inventec.dehon.com\/fr\/wp-json\/wp\/v2\/media\/3488"}],"wp:attachment":[{"href":"https:\/\/www.inventec.dehon.com\/fr\/wp-json\/wp\/v2\/media?parent=9703"}],"wp:term":[{"taxonomy":"product_brand","embeddable":true,"href":"https:\/\/www.inventec.dehon.com\/fr\/wp-json\/wp\/v2\/product_brand?post=9703"},{"taxonomy":"product_cat","embeddable":true,"href":"https:\/\/www.inventec.dehon.com\/fr\/wp-json\/wp\/v2\/product_cat?post=9703"},{"taxonomy":"product_tag","embeddable":true,"href":"https:\/\/www.inventec.dehon.com\/fr\/wp-json\/wp\/v2\/product_tag?post=9703"}],"curies":[{"name":"wp","href":"https:\/\/api.w.org\/{rel}","templated":true}]}}