{"id":9700,"date":"2021-06-21T14:41:03","date_gmt":"2021-06-21T14:41:03","guid":{"rendered":"https:\/\/www.inventec.dehon.com\/product\/diluant-1\/"},"modified":"2026-01-21T09:24:25","modified_gmt":"2026-01-21T08:24:25","slug":"ecofrec-diluent-1","status":"publish","type":"product","link":"https:\/\/www.inventec.dehon.com\/fr\/product\/ecofrec-diluent-1\/","title":{"rendered":"ECOFREC DILUENT 1"},"content":{"rendered":"<p><img decoding=\"async\" src=\"https:\/\/www.inventec.dehon.com\/wp-content\/uploads\/2021\/04\/ECOFREC-canister-solvent-based-600x600.png\" alt=\"ECOFREC DILUENT 1\" class=\"responsive-img\" align=\"right\" style=\"border-radius:10px; margin-bottom:10px; margin-top:-10px; margin-left:15px; width:300px\" \/><\/p>\n<h2 style=\"color: #9bc947; margin-bottom: 15px;\">Diluant pour flux de soudure<\/h2>\n<ul>\n<li>Diluant pour flux \u00e0 base de solvant<\/li>\n<li>Ajuster la densit\u00e9 en raison de l&rsquo;\u00e9vaporation<\/li>\n<li>Fabriqu\u00e9 \u00e0 partir de solvants de haute puret\u00e9<\/li>\n<\/ul>\n<h5>ECOFREC DILUENT 1<\/h5>\n<p>Est un m\u00e9lange alcoolique destin\u00e9 \u00e0 ajuster la densit\u00e9 des flux de soudure qui se sont concentr\u00e9s en raison de l&rsquo;\u00e9vaporation pendant leur utilisation.<\/p>\n<p><!-- CARACT\u00c9RISTIQUES Section --><\/p>\n<div style=\"font-weight:bold; text-transform:uppercase; border-bottom:2px solid #9DBB2F; padding-bottom:6px; margin-bottom:10px;\">\n  CARACT\u00c9RISTIQUES\n<\/div>\n<table width=\"100%\" cellpadding=\"0\" cellspacing=\"0\" style=\"border-collapse:collapse; width:100%; max-width:100%;\">\n<tr>\n<th align=\"left\" style=\"background:#7A7A7A; color:#fff; padding:8px 12px; border:1px solid #BDBDBD;\">\n      SP\u00c9CIFICATIONS\n    <\/th>\n<th align=\"left\" style=\"background:#7A7A7A; color:#fff; padding:8px 12px; border:1px solid #BDBDBD;\">\n      ECOFREC DILUENT 1\n    <\/th>\n<\/tr>\n<tr>\n<td style=\"padding:8px 12px; border:1px solid #BDBDBD;\">\n      Densit\u00e9 \u00e0 20\u00b0C (g\/cm\u00b3)\n    <\/td>\n<td style=\"padding:8px 12px; border:1px solid #BDBDBD;\">\n      0.784 \u2013 0.787\n    <\/td>\n<\/tr>\n<tr style=\"background:#E6E6E6;\">\n<td style=\"padding:8px 12px; border:1px solid #BDBDBD;\">\n      Couleur\n    <\/td>\n<td style=\"padding:8px 12px; border:1px solid #BDBDBD;\">\n      Incolore\n    <\/td>\n<\/tr>\n<tr>\n<td style=\"padding:8px 12px; border:1px solid #BDBDBD;\">\n      Solubilit\u00e9 dans l\u2019eau\n    <\/td>\n<td style=\"padding:8px 12px; border:1px solid #BDBDBD;\">\n      Soluble\n    <\/td>\n<\/tr>\n<tr style=\"background:#E6E6E6;\">\n<td style=\"padding:8px 12px; border:1px solid #BDBDBD;\">\n      Solubilit\u00e9 dans l\u2019alcool\n    <\/td>\n<td style=\"padding:8px 12px; border:1px solid #BDBDBD;\">\n      Tr\u00e8s soluble\n    <\/td>\n<\/tr>\n<tr>\n<td style=\"padding:8px 12px; border:1px solid #BDBDBD;\">\n      Point \u00e9clair (\u00b0C)\n    <\/td>\n<td style=\"padding:8px 12px; border:1px solid #BDBDBD;\">\n      13\n    <\/td>\n<\/tr>\n<\/table>\n","protected":false},"excerpt":{"rendered":"<ul>\n<li>Diluant de flux pour les flux \u00e0 base de solvant.<\/li>\n<li>Ajuster la densit\u00e9 en fonction de l&rsquo;\u00e9vaporation.<\/li>\n<li>Fabriqu\u00e9 \u00e0 partir de solvants de haute puret\u00e9.<\/li>\n<\/ul>\n","protected":false},"featured_media":3047,"comment_status":"closed","ping_status":"closed","template":"","meta":{"_acf_changed":false,"inline_featured_image":false},"product_brand":[],"product_cat":[2809,2806,2807],"product_tag":[4610,850,5357,1729,1728,5293,496,5301,492,500,5361,5365,504,5297],"class_list":{"0":"post-9700","1":"product","2":"type-product","3":"status-publish","4":"has-post-thumbnail","6":"product_cat-solutions-de-flux-detamage","7":"product_cat-solutions-de-flux-de-brasage-a-la-vague","8":"product_cat-solutions-de-flux-de-brasage-selectif","9":"product_tag-a-base-de-solvant","10":"product_tag-brasage-selectif","11":"product_tag-diluant-de-flux","12":"product_tag-diluent-fr","13":"product_tag-ecofrec-diluent-1-fr","14":"product_tag-flux-liquide-fr","15":"product_tag-liquide","16":"product_tag-selectif","17":"product_tag-solderflux-fr","18":"product_tag-solvant","19":"product_tag-solvant-de-haute-purete","20":"product_tag-solvants-de-haute-purete","21":"product_tag-soudure-a-la-vague","22":"product_tag-vague","23":"pa_brand-ecofrec-fr-2","24":"pa_features-a-base-de-solvant","25":"pa_processes-brasage-par-vague-selectif","26":"pa_product-category-flux-liquide","28":"first","29":"instock","30":"shipping-taxable","31":"product-type-simple"},"acf":[],"_links":{"self":[{"href":"https:\/\/www.inventec.dehon.com\/fr\/wp-json\/wp\/v2\/product\/9700","targetHints":{"allow":["GET"]}}],"collection":[{"href":"https:\/\/www.inventec.dehon.com\/fr\/wp-json\/wp\/v2\/product"}],"about":[{"href":"https:\/\/www.inventec.dehon.com\/fr\/wp-json\/wp\/v2\/types\/product"}],"replies":[{"embeddable":true,"href":"https:\/\/www.inventec.dehon.com\/fr\/wp-json\/wp\/v2\/comments?post=9700"}],"wp:featuredmedia":[{"embeddable":true,"href":"https:\/\/www.inventec.dehon.com\/fr\/wp-json\/wp\/v2\/media\/3047"}],"wp:attachment":[{"href":"https:\/\/www.inventec.dehon.com\/fr\/wp-json\/wp\/v2\/media?parent=9700"}],"wp:term":[{"taxonomy":"product_brand","embeddable":true,"href":"https:\/\/www.inventec.dehon.com\/fr\/wp-json\/wp\/v2\/product_brand?post=9700"},{"taxonomy":"product_cat","embeddable":true,"href":"https:\/\/www.inventec.dehon.com\/fr\/wp-json\/wp\/v2\/product_cat?post=9700"},{"taxonomy":"product_tag","embeddable":true,"href":"https:\/\/www.inventec.dehon.com\/fr\/wp-json\/wp\/v2\/product_tag?post=9700"}],"curies":[{"name":"wp","href":"https:\/\/api.w.org\/{rel}","templated":true}]}}