{"id":5106,"date":"2021-09-06T07:28:35","date_gmt":"2021-09-06T07:28:35","guid":{"rendered":"https:\/\/www.inventec.dehon.com\/product\/promosolv-sili\/"},"modified":"2026-01-16T14:56:01","modified_gmt":"2026-01-16T13:56:01","slug":"promosolv-sili","status":"publish","type":"product","link":"https:\/\/www.inventec.dehon.com\/fr\/product\/promosolv-sili\/","title":{"rendered":"PROMOSOLV SILI"},"content":{"rendered":"<p><img decoding=\"async\" src=\"https:\/\/www.inventec.dehon.com\/wp-content\/uploads\/2021\/03\/PROMOSOLV-drum-colorless-Ecoprog-600x600.png\" alt=\"PROMOSOLV SILI\" class=\"responsive-img\" align=\"right\" style=\"border-radius:10px; margin-bottom:10px; margin-top:-10px; margin-left:15px; width:300px\" \/><\/p>\n<h2 style=\"color: #9bc947; margin-bottom: 15px;\">Meilleur d\u00e9graissant pour les huiles \u00e0 base de silicone<\/h2>\n<ul>\n<li>D\u00e9graissant pour les huiles de silicone et support pour le d\u00e9p\u00f4t de silicone<\/li>\n<li>Proc\u00e9d\u00e9 en phase vapeur (mono-solvant)<\/li>\n<li>Excellente performance de nettoyage et faible impact HSE<\/li>\n<\/ul>\n<h5>PROMOSOLV SILI<\/h5>\n<p>Il s&rsquo;agit d&rsquo;une formulation exclusive de m\u00e9thoxynonafluorobutane (C4F9OCH3) et de m\u00e9thylsiloxane, limpide, incolore et avec une peu odorant, con\u00e7u pour remplacer les solvants existants ayant un ODP et pour \u00eatre utilis\u00e9 pour les op\u00e9rations de nettoyage par ultrasons. Son point d&rsquo;\u00e9bullition \u00e9lev\u00e9 et sa tr\u00e8s faible tension superficielle conf\u00e8rent au <strong>PROMOSOLV SILI<\/strong> des caract\u00e9ristiques exceptionnelles.<\/p>\n<p>Il est destin\u00e9 \u00e0 \u00e9liminer les huiles \u00e0 base de silicium utilis\u00e9es principalement dans l&rsquo;industrie m\u00e9dicale. Il peut \u00e9galement servir de support pour le d\u00e9p\u00f4t de silicones sur des surfaces (par exemple, d\u00e9p\u00f4t de silicones sur des aiguilles pour r\u00e9duire la friction et donc l&rsquo;inconfort lors de l&rsquo;insertion de l&rsquo;aiguille dans le corps humain).<\/p>\n<p><!-- SPECIFICATIONS Section --><\/p>\n<div style=\"font-weight:bold; text-transform:uppercase; border-bottom:2px solid #9DBB2F; padding-bottom:6px; margin-bottom:10px;\">\n  SP\u00c9CIFICATIONS\n<\/div>\n<table width=\"100%\" cellpadding=\"0\" cellspacing=\"0\" style=\"border-collapse:collapse; width:100%; max-width:100%;\">\n<tr>\n<th align=\"left\" style=\"background:#7A7A7A; color:#fff; padding:8px 12px; border:1px solid #BDBDBD;\">Caract\u00e9ristiques<\/th>\n<th align=\"left\" style=\"background:#7A7A7A; color:#fff; padding:8px 12px; border:1px solid #BDBDBD;\">Unit\u00e9s<\/th>\n<th align=\"left\" style=\"background:#7A7A7A; color:#fff; padding:8px 12px; border:1px solid #BDBDBD;\">M\u00e9thodes<\/th>\n<th align=\"left\" style=\"background:#7A7A7A; color:#fff; padding:8px 12px; border:1px solid #BDBDBD;\">Valeurs<\/th>\n<\/tr>\n<tr>\n<td style=\"padding:8px 12px; border:1px solid #BDBDBD;\">Aspect<\/td>\n<td style=\"padding:8px 12px; border:1px solid #BDBDBD;\">Visuel<\/td>\n<td style=\"padding:8px 12px; border:1px solid #BDBDBD;\">&#8211;<\/td>\n<td style=\"padding:8px 12px; border:1px solid #BDBDBD;\">Liquide, incolore<\/td>\n<\/tr>\n<tr style=\"background:#E6E6E6;\">\n<td style=\"padding:8px 12px; border:1px solid #BDBDBD;\">Densit\u00e9 (\u00e0 20\u00b0C)<\/td>\n<td style=\"padding:8px 12px; border:1px solid #BDBDBD;\">kg\/cm\u00b3<\/td>\n<td style=\"padding:8px 12px; border:1px solid #BDBDBD;\">ASTM D 4052<\/td>\n<td style=\"padding:8px 12px; border:1px solid #BDBDBD;\">1,05<\/td>\n<\/tr>\n<tr>\n<td style=\"padding:8px 12px; border:1px solid #BDBDBD;\">Puret\u00e9<\/td>\n<td style=\"padding:8px 12px; border:1px solid #BDBDBD;\">%<\/td>\n<td style=\"padding:8px 12px; border:1px solid #BDBDBD;\">&#8211;<\/td>\n<td style=\"padding:8px 12px; border:1px solid #BDBDBD;\">99,8<\/td>\n<\/tr>\n<tr style=\"background:#E6E6E6;\">\n<td style=\"padding:8px 12px; border:1px solid #BDBDBD;\">R\u00e9sidus non volatils<\/td>\n<td style=\"padding:8px 12px; border:1px solid #BDBDBD;\">ppm<\/td>\n<td style=\"padding:8px 12px; border:1px solid #BDBDBD;\">&#8211;<\/td>\n<td style=\"padding:8px 12px; border:1px solid #BDBDBD;\">&lt; 2<\/td>\n<\/tr>\n<\/table>\n<p><!-- CHARACTERISTICS Section --><\/p>\n<div style=\"font-weight:bold; text-transform:uppercase; border-bottom:2px solid #9DBB2F; padding-bottom:6px; margin:30px 0 10px 0;\">\n  CARACT\u00c9RISTIQUES\n<\/div>\n<table width=\"100%\" cellpadding=\"0\" cellspacing=\"0\" style=\"border-collapse:collapse; width:100%; max-width:100%;\">\n<tr>\n<th align=\"left\" style=\"background:#7A7A7A; color:#fff; padding:8px 12px; border:1px solid #BDBDBD;\">Type<\/th>\n<th align=\"left\" style=\"background:#7A7A7A; color:#fff; padding:8px 12px; border:1px solid #BDBDBD;\">Unit\u00e9s<\/th>\n<th align=\"left\" style=\"background:#7A7A7A; color:#fff; padding:8px 12px; border:1px solid #BDBDBD;\">M\u00e9thodes<\/th>\n<th align=\"left\" style=\"background:#7A7A7A; color:#fff; padding:8px 12px; border:1px solid #BDBDBD;\">Valeurs<\/th>\n<\/tr>\n<tr>\n<td style=\"padding:8px 12px; border:1px solid #BDBDBD;\">Point \u00e9clair (PMCC)<\/td>\n<td style=\"padding:8px 12px; border:1px solid #BDBDBD;\">\u00b0C<\/td>\n<td style=\"padding:8px 12px; border:1px solid #BDBDBD;\">ASTM D93<\/td>\n<td style=\"padding:8px 12px; border:1px solid #BDBDBD;\">Aucun<\/td>\n<\/tr>\n<tr style=\"background:#E6E6E6;\">\n<td style=\"padding:8px 12px; border:1px solid #BDBDBD;\">Tension superficielle<\/td>\n<td style=\"padding:8px 12px; border:1px solid #BDBDBD;\">mN\/m<\/td>\n<td style=\"padding:8px 12px; border:1px solid #BDBDBD;\">&#8211;<\/td>\n<td style=\"padding:8px 12px; border:1px solid #BDBDBD;\">15<\/td>\n<\/tr>\n<tr>\n<td style=\"padding:8px 12px; border:1px solid #BDBDBD;\">Exposition moyenne TLV<\/td>\n<td style=\"padding:8px 12px; border:1px solid #BDBDBD;\">ppm<\/td>\n<td style=\"padding:8px 12px; border:1px solid #BDBDBD;\">calcul\u00e9e<\/td>\n<td style=\"padding:8px 12px; border:1px solid #BDBDBD;\">400<\/td>\n<\/tr>\n<\/table>\n","protected":false},"excerpt":{"rendered":"<ul>\n<li>D\u00e9graissant pour les huiles de silicium et support pour le d\u00e9p\u00f4t de silicium<\/li>\n<li>Proc\u00e9d\u00e9 en phase vapeur (mono-solvant)<\/li>\n<li>Excellente performance de nettoyage et faible impact HSE<\/li>\n<\/ul>\n","protected":false},"featured_media":2276,"comment_status":"closed","ping_status":"closed","template":"","meta":{"_acf_changed":false,"inline_featured_image":false},"product_brand":[],"product_cat":[2826,953],"product_tag":[4723,4281,4703,4755,4393,4333,4184,4767,1821,2633,2634,4759],"class_list":{"0":"post-5106","1":"product","2":"type-product","3":"status-publish","4":"has-post-thumbnail","6":"industries-aiguilles","7":"industries-medical-fr","8":"product_cat-deshuilage-de-divers-composants-metalliques","9":"product_cat-nettoyage","10":"product_tag-aiguilles","11":"product_tag-co-solvant","12":"product_tag-degraissant-pour-huile-de-silicium","13":"product_tag-depot-de-silicium","14":"product_tag-elimination-des-huiles-fr","15":"product_tag-faible-impact-hse","16":"product_tag-liquides-de-nettoyage-solvants-fr","17":"product_tag-phase-vapeur","18":"product_tag-promosolv-fr","19":"product_tag-promosolv-sili-fr","20":"product_tag-sili-fr","21":"product_tag-silicium-sur-aiguille","22":"pa_application-elimination-des-huiles","23":"pa_brand-promosolv-fr-2","24":"pa_processes-co-solvant","25":"pa_product-category-liquides-de-nettoyage-solvants","27":"first","28":"instock","29":"shipping-taxable","30":"product-type-simple"},"acf":[],"_links":{"self":[{"href":"https:\/\/www.inventec.dehon.com\/fr\/wp-json\/wp\/v2\/product\/5106","targetHints":{"allow":["GET"]}}],"collection":[{"href":"https:\/\/www.inventec.dehon.com\/fr\/wp-json\/wp\/v2\/product"}],"about":[{"href":"https:\/\/www.inventec.dehon.com\/fr\/wp-json\/wp\/v2\/types\/product"}],"replies":[{"embeddable":true,"href":"https:\/\/www.inventec.dehon.com\/fr\/wp-json\/wp\/v2\/comments?post=5106"}],"wp:featuredmedia":[{"embeddable":true,"href":"https:\/\/www.inventec.dehon.com\/fr\/wp-json\/wp\/v2\/media\/2276"}],"wp:attachment":[{"href":"https:\/\/www.inventec.dehon.com\/fr\/wp-json\/wp\/v2\/media?parent=5106"}],"wp:term":[{"taxonomy":"product_brand","embeddable":true,"href":"https:\/\/www.inventec.dehon.com\/fr\/wp-json\/wp\/v2\/product_brand?post=5106"},{"taxonomy":"product_cat","embeddable":true,"href":"https:\/\/www.inventec.dehon.com\/fr\/wp-json\/wp\/v2\/product_cat?post=5106"},{"taxonomy":"product_tag","embeddable":true,"href":"https:\/\/www.inventec.dehon.com\/fr\/wp-json\/wp\/v2\/product_tag?post=5106"}],"curies":[{"name":"wp","href":"https:\/\/api.w.org\/{rel}","templated":true}]}}