{"id":34980,"date":"2026-03-02T10:29:31","date_gmt":"2026-03-02T09:29:31","guid":{"rendered":"https:\/\/www.inventec.dehon.com\/?post_type=product&#038;p=34980"},"modified":"2026-03-02T12:57:57","modified_gmt":"2026-03-02T11:57:57","slug":"promosolv-dr4","status":"publish","type":"product","link":"https:\/\/www.inventec.dehon.com\/fr\/product\/promosolv-dr4\/","title":{"rendered":"PROMOSOLV DR4"},"content":{"rendered":"<p><img decoding=\"async\" src=\"https:\/\/www.inventec.dehon.com\/wp-content\/uploads\/2021\/03\/PROMOSOLV-drum-colorless-Ecoprog-600x600.png\" alt=\"PROMOSOLV DR4\" class=\"responsive-img\" align=\"right\" style=\"border-radius:10px; margin-bottom:10px; margin-top:-10px; margin-left:15px; width:300px\" \/><\/p>\n<h2 style=\"color:#9bc947; margin-bottom:15px\">Solvant de nettoyage et de rin\u00e7age durable<\/h2>\n<ul>\n<li>Nettoyage l\u00e9ger et rin\u00e7age<\/li>\n<li>Proc\u00e9d\u00e9s solvants<\/li>\n<li>Tr\u00e8s faible prg : 58<\/li>\n<\/ul>\n<h5>PROMOSOLV DR4<\/h5>\n<p>Est un fluide de nettoyage non inflammable \u00e0 base de solvant. Utilis\u00e9 comme agent de rin\u00e7age avec notre gamme TOPKLEAN\u2122, il s\u2019int\u00e8gre parfaitement dans un processus de nettoyage co-solvant, offrant une solution s\u00fbre sans compromis sur la performance. Le <strong>PROMOSOLV DR4<\/strong> peut \u00e9galement \u00eatre utilis\u00e9 pour \u00e9liminer les huiles fluor\u00e9es et silicon\u00e9es ou les contaminations l\u00e9g\u00e8res comme les empreintes digitales, les salissures et les particules dans un proc\u00e9d\u00e9 en phase vapeur ou de rin\u00e7age.<\/p>\n<p>Il a \u00e9t\u00e9 sp\u00e9cialement d\u00e9velopp\u00e9 pour offrir un \u00e9quivalent au Novec\u2122 7200, d\u00e9sormais retir\u00e9 du march\u00e9, car il pr\u00e9sente la m\u00eame proportion de composants et les m\u00eames propri\u00e9t\u00e9s.<\/p>\n<p>La tr\u00e8s faible tension de surface permet de p\u00e9n\u00e9trer dans des espaces tr\u00e8s \u00e9troits, en s\u2019assurant que tout produit chimique de nettoyage est totalement \u00e9limin\u00e9.<\/p>\n<p><strong>PROMOSOLV DR4<\/strong> est compatible avec tous les m\u00e9taux et alliages, y compris les plus sensibles. Il offre \u00e9galement une bonne compatibilit\u00e9 avec la plupart des plastiques et \u00e9lastom\u00e8res, cependant il est n\u00e9cessaire d&rsquo;effectuer un test avant utilisation.<\/p>\n<div style=\"font-family:Lato; color:#333;\">\n<div style=\"font-weight:bold; text-transform:uppercase; border-bottom:2px solid #9DBB2F; padding-bottom:6px; margin-bottom:10px;\">\n    SP\u00c9CIFICATIONS\n  <\/div>\n<table width=\"100%\" cellpadding=\"0\" cellspacing=\"0\" style=\"border-collapse:collapse; width:100%; max-width:100%;\">\n<tr>\n<th align=\"left\" style=\"background:#7A7A7A; color:#fff; padding:8px 12px; border:1px solid #BDBDBD;\">\n        SP\u00c9CIFICATIONS\n      <\/th>\n<th align=\"left\" style=\"background:#7A7A7A; color:#fff; padding:8px 12px; border:1px solid #BDBDBD;\">\n         VALEURS\n      <\/th>\n<th align=\"left\" style=\"background:#7A7A7A; color:#fff; padding:8px 12px; border:1px solid #BDBDBD;\">\n       M\u00c9THODES\n      <\/th>\n<\/tr>\n<tr>\n<td style=\"padding:8px 12px; border:1px solid #BDBDBD;\">Aspect<\/td>\n<td style=\"padding:8px 12px; border:1px solid #BDBDBD;\">Incolore, transparent<\/td>\n<td style=\"padding:8px 12px; border:1px solid #BDBDBD;\">Visuelle<\/td>\n<\/tr>\n<tr style=\"background:#E6E6E6;\">\n<td style=\"padding:8px 12px; border:1px solid #BDBDBD;\">Puret\u00e9 (%)<\/td>\n<td style=\"padding:8px 12px; border:1px solid #BDBDBD;\">>99,0<\/td>\n<td style=\"padding:8px 12px; border:1px solid #BDBDBD;\">BRY-MO-121<\/td>\n<\/tr>\n<\/table>\n<\/div>\n<div style=\"font-family:Lato; color:#333;\">\n<div style=\"font-weight:bold; text-transform:uppercase; border-bottom:2px solid #9DBB2F; padding-bottom:6px; margin:30px 0 10px;\">\n    CARACT\u00c9RISTIQUES\n  <\/div>\n<table width=\"100%\" cellpadding=\"0\" cellspacing=\"0\" style=\"border-collapse:collapse; width:100%; max-width:100%;\">\n<tr>\n<th align=\"left\" style=\"background:#7A7A7A; color:#fff; padding:8px 12px; border:1px solid #BDBDBD;\">\n        CARACT\u00c9RISTIQUES\n      <\/th>\n<th align=\"left\" style=\"background:#7A7A7A; color:#fff; padding:8px 12px; border:1px solid #BDBDBD;\">\n        VALEURS\n      <\/th>\n<\/tr>\n<tr>\n<td style=\"padding:8px 12px; border:1px solid #BDBDBD;\">Point d&rsquo;\u00e9bullition<\/td>\n<td style=\"padding:8px 12px; border:1px solid #BDBDBD;\">76\u00b0C \/ 169\u00b0F<\/td>\n<\/tr>\n<tr style=\"background:#E6E6E6;\">\n<td style=\"padding:8px 12px; border:1px solid #BDBDBD;\">Point de cong\u00e9lation<\/td>\n<td style=\"padding:8px 12px; border:1px solid #BDBDBD;\">-138\u00b0C \/ -216\u00b0F<\/td>\n<\/tr>\n<tr>\n<td style=\"padding:8px 12px; border:1px solid #BDBDBD;\">Point \u00e9clair<\/td>\n<td style=\"padding:8px 12px; border:1px solid #BDBDBD;\">Non<\/td>\n<\/tr>\n<tr style=\"background:#E6E6E6;\">\n<td style=\"padding:8px 12px; border:1px solid #BDBDBD;\">Masse volumique (g\/cm\u00b3 @25\u00b0C)<\/td>\n<td style=\"padding:8px 12px; border:1px solid #BDBDBD;\">1,43<\/td>\n<\/tr>\n<tr>\n<td style=\"padding:8px 12px; border:1px solid #BDBDBD;\">Tension de surface (dynes\/cm @20\u00b0C)<\/td>\n<td style=\"padding:8px 12px; border:1px solid #BDBDBD;\">13,6<\/td>\n<\/tr>\n<tr style=\"background:#E6E6E6;\">\n<td style=\"padding:8px 12px; border:1px solid #BDBDBD;\">Pression de vapeur (mm Hg \u00e0 25\u00b0C)<\/td>\n<td style=\"padding:8px 12px; border:1px solid #BDBDBD;\">109<\/td>\n<\/tr>\n<tr>\n<td style=\"padding:8px 12px; border:1px solid #BDBDBD;\">Viscosit\u00e9 dynamique (mPa.s @20\u00b0C)<\/td>\n<td style=\"padding:8px 12px; border:1px solid #BDBDBD;\">0,61<\/td>\n<\/tr>\n<tr style=\"background:#E6E6E6;\">\n<td style=\"padding:8px 12px; border:1px solid #BDBDBD;\">Chaleur latente de vaporisation (cal\/g @bp)<\/td>\n<td style=\"padding:8px 12px; border:1px solid #BDBDBD;\">30<\/td>\n<\/tr>\n<tr>\n<td style=\"padding:8px 12px; border:1px solid #BDBDBD;\">Chaleur sp\u00e9cifique (kJ\/Kg*K @25\u00b0C)<\/td>\n<td style=\"padding:8px 12px; border:1px solid #BDBDBD;\">1,21<\/td>\n<\/tr>\n<\/table>\n<\/div>\n","protected":false},"excerpt":{"rendered":"<li>Nettoyage l\u00e9ger et rin\u00e7age<\/li>\n<li>Proc\u00e9d\u00e9s solvants<\/li>\n<li>Tr\u00e8s faible prg : 58<\/li>\n<\/ul>\n<p><a href=\"https:\/\/www.inventec.dehon.com\/wp-content\/uploads\/2024\/05\/gw-15-e1717778042554.jpg\"><img decoding=\"async\" class=\"alignnone wp-image-15251\" src=\"https:\/\/www.inventec.dehon.com\/wp-content\/uploads\/2024\/05\/gw-15-e1717778042554.jpg\" alt=\"\" width=\"40\" height=\"34\" \/><\/a><\/p>\n","protected":false},"featured_media":2276,"comment_status":"closed","ping_status":"closed","template":"","meta":{"_acf_changed":false,"inline_featured_image":false},"product_brand":[],"product_cat":[953,743,2824,2825],"product_tag":[4281,5726,4409,4237,4707,4711,4325,4715,4184,4739,4731,4727,5725,4598,4794,4445,500,4763,4735],"class_list":{"0":"post-34980","1":"product","2":"type-product","3":"status-publish","4":"has-post-thumbnail","6":"product_cat-nettoyage","7":"product_cat-nettoyage-des-pieces-en-contact-avec-oxygene","8":"product_cat-solutions-de-solvants-de-rincage","9":"product_cat-solutions-de-solvants-de-sechage","10":"product_tag-co-solvant","11":"product_tag-dr4","12":"product_tag-elimination-des-particules-fr","13":"product_tag-fabrication-additive-fr","14":"product_tag-fluore","15":"product_tag-graisse-fluoree","16":"product_tag-greenway","17":"product_tag-huile-fluoree","18":"product_tag-liquides-de-nettoyage-solvants-fr","19":"product_tag-nettoyage-des-systemes-a-oxygene-fr","20":"product_tag-nettoyage-oxygene","21":"product_tag-oxygene-fr","22":"product_tag-promosolv-dr4","23":"product_tag-recyclable","24":"product_tag-rincage","25":"product_tag-sechage-par-solvant","26":"product_tag-solvant","27":"product_tag-solvant-de-rincage","28":"product_tag-systemes-a-oxygene","29":"pa_application-elimination-des-particules","30":"pa_application-nettoyage-des-systemes-a-oxygene","31":"pa_application-solutions-pour-fabrication-additive","32":"pa_brand-promosolv-fr-2","33":"pa_features-greenway","34":"pa_features-pour-huiles-graisses-fluorees","35":"pa_features-recyclable","36":"pa_processes-chasse-deau","37":"pa_processes-co-solvant","38":"pa_processes-rincage-au-solvant","39":"pa_processes-solvant-de-sechage","40":"pa_product-category-liquides-de-nettoyage-solvants","42":"first","43":"instock","44":"shipping-taxable","45":"product-type-simple"},"acf":[],"_links":{"self":[{"href":"https:\/\/www.inventec.dehon.com\/fr\/wp-json\/wp\/v2\/product\/34980","targetHints":{"allow":["GET"]}}],"collection":[{"href":"https:\/\/www.inventec.dehon.com\/fr\/wp-json\/wp\/v2\/product"}],"about":[{"href":"https:\/\/www.inventec.dehon.com\/fr\/wp-json\/wp\/v2\/types\/product"}],"replies":[{"embeddable":true,"href":"https:\/\/www.inventec.dehon.com\/fr\/wp-json\/wp\/v2\/comments?post=34980"}],"wp:featuredmedia":[{"embeddable":true,"href":"https:\/\/www.inventec.dehon.com\/fr\/wp-json\/wp\/v2\/media\/2276"}],"wp:attachment":[{"href":"https:\/\/www.inventec.dehon.com\/fr\/wp-json\/wp\/v2\/media?parent=34980"}],"wp:term":[{"taxonomy":"product_brand","embeddable":true,"href":"https:\/\/www.inventec.dehon.com\/fr\/wp-json\/wp\/v2\/product_brand?post=34980"},{"taxonomy":"product_cat","embeddable":true,"href":"https:\/\/www.inventec.dehon.com\/fr\/wp-json\/wp\/v2\/product_cat?post=34980"},{"taxonomy":"product_tag","embeddable":true,"href":"https:\/\/www.inventec.dehon.com\/fr\/wp-json\/wp\/v2\/product_tag?post=34980"}],"curies":[{"name":"wp","href":"https:\/\/api.w.org\/{rel}","templated":true}]}}