{"id":34149,"date":"2021-04-14T12:48:13","date_gmt":"2021-04-14T12:48:13","guid":{"rendered":"https:\/\/www.inventec.dehon.com\/?post_type=product&#038;p=34149"},"modified":"2026-01-22T11:24:38","modified_gmt":"2026-01-22T10:24:38","slug":"ecorel-free-lt-140-17a","status":"publish","type":"product","link":"https:\/\/www.inventec.dehon.com\/fr\/product\/ecorel-free-lt-140-17a\/","title":{"rendered":"ECOREL FREE LT 140-17A"},"content":{"rendered":"<p><img decoding=\"async\" src=\"https:\/\/www.inventec.dehon.com\/wp-content\/uploads\/2021\/01\/Ecorel-Free-600x600.png\" alt=\"ECOREL FREE LT 140-17A\" class=\"responsive-img\" align=\"right\" style=\"border-radius:10px; margin-bottom:10px; margin-top:-10px; margin-left:15px; width:300px\" \/><\/p>\n<h2 style=\"color: #9bc947; margin-bottom: 15px;\">Cr\u00e8me \u00e0 braser \u00e0 basse temp\u00e9rature<\/h2>\n<ul>\n<li>Sn42bi57,6ag0,4 cr\u00e8me \u00e0 braser<\/li>\n<li>Proc\u00e9d\u00e9 de d\u00e9pose<\/li>\n<li>Point de fusion bas<\/li>\n<\/ul>\n<h5>ECOREL FREE LT 140-17A<\/h5>\n<p>Est une cr\u00e8me \u00e0 braser sans nettoyage qui combine les propri\u00e9t\u00e9s m\u00e9tallurgiques et les avantages d&rsquo;un alliage \u00e0 bas point de fusion avec la chimie haute performance des flux ECOREL\u2122 , assurant ainsi que les composants \u00e9lectroniques assembl\u00e9s peuvent atteindre leur meilleure fiabilit\u00e9. Les cr\u00e8mes \u00e0 braser \u00e0 bas point de fusion sont recommand\u00e9es pour les composants thermosensibles tels que les LED, les MEMS, les CMOS et les circuits flexibles.<\/p>\n<p>Cette cr\u00e8me pr\u00e9sente des r\u00e9sidus de flux facilement nettoyables tout en ayant un point de fusion d&rsquo;environ 140\u00b0C. Compar\u00e9 aux alliages \u00e0 bas point de fusion de pointe tels que SnBi, <strong>ECOREL FREE LT 140-17A<\/strong> offre un meilleur mouillage et une meilleure r\u00e9sistance des joints de soudure gr\u00e2ce \u00e0 la pr\u00e9sence d&rsquo;argent.<\/p>\n<p><!-- FEATURES Section --><\/p>\n<div style=\"font-weight:bold; text-transform:uppercase; border-bottom:2px solid #9DBB2F; padding-bottom:6px; margin-bottom:10px;\">\n  PROPRI\u00c9T\u00c9S\n<\/div>\n<table width=\"100%\" cellpadding=\"0\" cellspacing=\"0\" style=\"border-collapse:collapse; width:100%; max-width:100%;\">\n<tr>\n<th align=\"left\" style=\"background:#7A7A7A; color:#fff; padding:8px 12px; border:1px solid #BDBDBD;\">\n      SP\u00c9CIFICATIONS\n    <\/th>\n<th align=\"left\" style=\"background:#7A7A7A; color:#fff; padding:8px 12px; border:1px solid #BDBDBD;\">\n      ECOREL FREE LT 140-17A\n    <\/th>\n<\/tr>\n<tr>\n<td style=\"padding:8px 12px; border:1px solid #BDBDBD;\">Alliage<\/td>\n<td style=\"padding:8px 12px; border:1px solid #BDBDBD;\">Sn42Bi57,6Ag0,4<\/td>\n<\/tr>\n<tr style=\"background:#E6E6E6;\">\n<td style=\"padding:8px 12px; border:1px solid #BDBDBD;\">Point de fusion (\u00b0C\/\u00b0F)<\/td>\n<td style=\"padding:8px 12px; border:1px solid #BDBDBD;\">140\u00b0C \/ 284\u00b0F<\/td>\n<\/tr>\n<tr>\n<td style=\"padding:8px 12px; border:1px solid #BDBDBD;\">Teneur en m\u00e9tal (%)<\/td>\n<td style=\"padding:8px 12px; border:1px solid #BDBDBD;\">87,5 \u2013 88,5<\/td>\n<\/tr>\n<tr style=\"background:#E6E6E6;\">\n<td style=\"padding:8px 12px; border:1px solid #BDBDBD;\">R\u00e9sidus post-refusion<\/td>\n<td style=\"padding:8px 12px; border:1px solid #BDBDBD;\">Environ 6-7 % en poids<\/td>\n<\/tr>\n<tr>\n<td style=\"padding:8px 12px; border:1px solid #BDBDBD;\">Teneur en halog\u00e8ne (%)<\/td>\n<td style=\"padding:8px 12px; border:1px solid #BDBDBD;\">0,10-0,12<\/td>\n<\/tr>\n<tr style=\"background:#E6E6E6;\">\n<td style=\"padding:8px 12px; border:1px solid #BDBDBD;\">Taille de la poudre<\/td>\n<td style=\"padding:8px 12px; border:1px solid #BDBDBD;\">25-45 microns \/ Type 3<\/td>\n<\/tr>\n<tr>\n<td style=\"padding:8px 12px; border:1px solid #BDBDBD;\">Viscosit\u00e9* (Pa.s 20\u00b0C)<\/td>\n<td style=\"padding:8px 12px; border:1px solid #BDBDBD;\">400-550<\/td>\n<\/tr>\n<\/table>\n<p style=\"font-size:0.85em;\">*L&rsquo;\u00e9quipement utilis\u00e9 est Brookfield RVT, Helipath T Mobile &#8211; 5 tr\/min<\/p>\n<p><!-- FUNCTIONAL TESTS Section --><\/p>\n<div style=\"font-weight:bold; text-transform:uppercase; border-bottom:2px solid #9DBB2F; padding-bottom:6px; margin-bottom:10px;\">\n  CARACT\u00c9RISTIQUES\n<\/div>\n<table width=\"100%\" cellpadding=\"0\" cellspacing=\"0\" style=\"border-collapse:collapse; width:100%; max-width:100%;\">\n<tr>\n<th align=\"left\" style=\"background:#7A7A7A; color:#fff; padding:8px 12px; border:1px solid #BDBDBD;\">\n      CARACT\u00c9RISTIQUES\n    <\/th>\n<th align=\"left\" style=\"background:#7A7A7A; color:#fff; padding:8px 12px; border:1px solid #BDBDBD;\">\n      VALEURS\n    <\/th>\n<th align=\"left\" style=\"background:#7A7A7A; color:#fff; padding:8px 12px; border:1px solid #BDBDBD;\">\n      M\u00c9THODES\n    <\/th>\n<\/tr>\n<tr>\n<td style=\"padding:8px 12px; border:1px solid #BDBDBD;\">Classement des flux<\/td>\n<td style=\"padding:8px 12px; border:1px solid #BDBDBD;\">\n      ROM1<br \/>112\n    <\/td>\n<td style=\"padding:8px 12px; border:1px solid #BDBDBD;\">\n      ANSI\/J-STD-004<br \/>ISO 9454\n    <\/td>\n<\/tr>\n<tr style=\"background:#E6E6E6;\">\n<td style=\"padding:8px 12px; border:1px solid #BDBDBD;\">Miroir de cuivre<\/td>\n<td style=\"padding:8px 12px; border:1px solid #BDBDBD;\">Passe<\/td>\n<td style=\"padding:8px 12px; border:1px solid #BDBDBD;\">ANSI\/J-STD-004<\/td>\n<\/tr>\n<tr>\n<td style=\"padding:8px 12px; border:1px solid #BDBDBD;\">Corrosion du cuivre<\/td>\n<td style=\"padding:8px 12px; border:1px solid #BDBDBD;\">Passe<\/td>\n<td style=\"padding:8px 12px; border:1px solid #BDBDBD;\">ANSI\/J-STD-004<\/td>\n<\/tr>\n<tr style=\"background:#E6E6E6;\">\n<td style=\"padding:8px 12px; border:1px solid #BDBDBD;\">SIR apr\u00e8s nettoyage (IPC)<br \/>Apr\u00e8s 21 jours<br \/>85\u00b0C &#8211; 85 % HR &#8211; 50 Volts<br \/>20\u00b0C &#8211; 65 % HR<\/td>\n<td style=\"padding:8px 12px; border:1px solid #BDBDBD;\">Passe<\/p>\n<p>> 10<sup>10<\/sup><br \/>> 10<sup>12<\/sup><\/td>\n<td style=\"padding:8px 12px; border:1px solid #BDBDBD;\">ANSI\/J-STD-004<\/td>\n<\/tr>\n<\/table>\n","protected":false},"excerpt":{"rendered":"<ul>\n<li>Sn42bi57,6ag0,4 cr\u00e8me \u00e0 braser<\/li>\n<li>Proc\u00e9d\u00e9 de d\u00e9pose<\/li>\n<li>Point de fusion bas<\/li>\n<\/ul>\n","protected":false},"featured_media":2226,"comment_status":"closed","ping_status":"closed","template":"","meta":{"_acf_changed":false,"inline_featured_image":false},"product_brand":[],"product_cat":[257],"product_tag":[1301,5691,5213,5030,1855,1298,5690,5689,5305,5114],"class_list":{"0":"post-34149","1":"product","2":"type-product","3":"status-publish","4":"has-post-thumbnail","6":"industries-aerospatiale-defense","7":"industries-automatisation","8":"industries-automobile","9":"industries-eclairage","10":"industries-medical-fr","11":"product_cat-brasage","12":"product_tag-140-fr","13":"product_tag-17a","14":"product_tag-creme-a-braser-fr","15":"product_tag-distribution","16":"product_tag-led-fr","17":"product_tag-lt-140-fr","18":"product_tag-lt140","19":"product_tag-lt140-17a","20":"product_tag-sans-nettoyage","21":"product_tag-temperature-basse","22":"pa_brand-ecorel-fr-2","23":"pa_features-basse-temperature","24":"pa_processes-distribution","25":"pa_product-category-creme-a-braser","27":"first","28":"instock","29":"shipping-taxable","30":"product-type-simple"},"acf":[],"_links":{"self":[{"href":"https:\/\/www.inventec.dehon.com\/fr\/wp-json\/wp\/v2\/product\/34149","targetHints":{"allow":["GET"]}}],"collection":[{"href":"https:\/\/www.inventec.dehon.com\/fr\/wp-json\/wp\/v2\/product"}],"about":[{"href":"https:\/\/www.inventec.dehon.com\/fr\/wp-json\/wp\/v2\/types\/product"}],"replies":[{"embeddable":true,"href":"https:\/\/www.inventec.dehon.com\/fr\/wp-json\/wp\/v2\/comments?post=34149"}],"wp:featuredmedia":[{"embeddable":true,"href":"https:\/\/www.inventec.dehon.com\/fr\/wp-json\/wp\/v2\/media\/2226"}],"wp:attachment":[{"href":"https:\/\/www.inventec.dehon.com\/fr\/wp-json\/wp\/v2\/media?parent=34149"}],"wp:term":[{"taxonomy":"product_brand","embeddable":true,"href":"https:\/\/www.inventec.dehon.com\/fr\/wp-json\/wp\/v2\/product_brand?post=34149"},{"taxonomy":"product_cat","embeddable":true,"href":"https:\/\/www.inventec.dehon.com\/fr\/wp-json\/wp\/v2\/product_cat?post=34149"},{"taxonomy":"product_tag","embeddable":true,"href":"https:\/\/www.inventec.dehon.com\/fr\/wp-json\/wp\/v2\/product_tag?post=34149"}],"curies":[{"name":"wp","href":"https:\/\/api.w.org\/{rel}","templated":true}]}}