{"id":33940,"date":"2025-12-24T09:55:35","date_gmt":"2025-12-24T08:55:35","guid":{"rendered":"https:\/\/www.inventec.dehon.com\/?post_type=product&#038;p=33940"},"modified":"2026-01-20T14:45:28","modified_gmt":"2026-01-20T13:45:28","slug":"ecofrec-303e","status":"publish","type":"product","link":"https:\/\/www.inventec.dehon.com\/fr\/product\/ecofrec-303e\/","title":{"rendered":"ECOFREC 303E"},"content":{"rendered":"<p><img decoding=\"async\" src=\"https:\/\/www.inventec.dehon.com\/wp-content\/uploads\/2021\/04\/ECOFREC-canister-alcohol-based-blue-600x600.png\" alt=\"ECOFREC 303E\" class=\"responsive-img\" align=\"right\" style=\"border-radius:10px; margin-bottom:10px; margin-top:-10px; margin-left:15px; width:300px\" \/><\/p>\n<h2 style=\"color:#9bc947; margin-bottom:15px\">Flux de brasage \u00e0 faible r\u00e9sidu, sans COV<\/h2>\n<ul>\n<li>Flux sans nettoyage \u00e0 base d&rsquo;eau<\/li>\n<li>Brasage \u00e0 la vague et s\u00e9lectif<\/li>\n<li>Excellente mouillabilit\u00e9 et haute fiabilit\u00e9 \u00e9lectronique<\/li>\n<\/ul>\n<h5>ECOFREC 303E<\/h5>\n<p>Est un flux \u00e0 faibles r\u00e9sidus, sans nettoyage et sans COV, con\u00e7u pour le brasage \u00e0 la vague et le brasage s\u00e9lectif. Il est bas\u00e9 sur notre produit traditionnel <a href=\"https:\/\/www.inventec.dehon.com\/fr\/product\/ecofrec-303\/\"><strong>ECOFREC 303<\/strong><\/a>, offrant une mouillabilit\u00e9 am\u00e9lior\u00e9e tout en conservant des niveaux de r\u00e9sidus exceptionnellement bas.<\/p>\n<p>Gr\u00e2ce \u00e0 ses valeurs SIR \u00e9lev\u00e9es, il n&rsquo;est g\u00e9n\u00e9ralement pas n\u00e9cessaire de nettoyer avant d&rsquo;appliquer des rev\u00eatements conformes compatibles.<\/p>\n<p><!-- FEATURES Section --><\/p>\n<div style=\"font-weight:bold; border-bottom:2px solid #9DBB2F; padding-bottom:6px; margin-bottom:10px;\">\n  PROPRI\u00c9T\u00c9S\n<\/div>\n<table width=\"100%\" cellpadding=\"0\" cellspacing=\"0\" style=\"border-collapse:collapse; width:100%; max-width:100%;\">\n<tr>\n<th align=\"left\" style=\"background:#7A7A7A; color:#fff; padding:8px 12px; border:1px solid #BDBDBD;\">SP\u00c9CIFICATIONS<\/th>\n<th align=\"left\" style=\"background:#7A7A7A; color:#fff; padding:8px 12px; border:1px solid #BDBDBD;\">ECOFREC 303E<\/th>\n<\/tr>\n<tr>\n<td style=\"padding:8px 12px; border:1px solid #BDBDBD;\">Apparence<\/td>\n<td style=\"padding:8px 12px; border:1px solid #BDBDBD;\">Liquide incolore<\/td>\n<\/tr>\n<tr style=\"background:#E6E6E6;\">\n<td style=\"padding:8px 12px; border:1px solid #BDBDBD;\">Contenu solide (%)<\/td>\n<td style=\"padding:8px 12px; border:1px solid #BDBDBD;\">3,5<\/td>\n<\/tr>\n<tr>\n<td style=\"padding:8px 12px; border:1px solid #BDBDBD;\">Indice d&rsquo;acidit\u00e9 (mg KOH\/g)<\/td>\n<td style=\"padding:8px 12px; border:1px solid #BDBDBD;\">32<\/td>\n<\/tr>\n<tr style=\"background:#E6E6E6;\">\n<td style=\"padding:8px 12px; border:1px solid #BDBDBD;\">Densit\u00e9 \u00e0 20\u00b0C<\/td>\n<td style=\"padding:8px 12px; border:1px solid #BDBDBD;\">1,005 \u2013 1,013<\/td>\n<\/tr>\n<tr>\n<td style=\"padding:8px 12px; border:1px solid #BDBDBD;\">Teneur en halog\u00e8ne<\/td>\n<td style=\"padding:8px 12px; border:1px solid #BDBDBD;\">Sans halog\u00e8ne<\/td>\n<\/tr>\n<tr style=\"background:#E6E6E6;\">\n<td style=\"padding:8px 12px; border:1px solid #BDBDBD;\">Point \u00e9clair<\/td>\n<td style=\"padding:8px 12px; border:1px solid #BDBDBD;\">Non<\/td>\n<\/tr>\n<\/table>\n<p><!-- CHARACTERISTICS Section --><\/p>\n<div style=\"font-weight:bold; border-bottom:2px solid #9DBB2F; padding-bottom:6px; margin:30px 0 10px 0;\">\n  CARACT\u00c9RISTIQUES\n<\/div>\n<table width=\"100%\" cellpadding=\"0\" cellspacing=\"0\" style=\"border-collapse:collapse; width:100%; max-width:100%;\">\n<tr>\n<th align=\"left\" style=\"background:#7A7A7A; color:#fff; padding:8px 12px; border:1px solid #BDBDBD;\">CARACT\u00c9RISTIQUES<\/th>\n<th align=\"left\" style=\"background:#7A7A7A; color:#fff; padding:8px 12px; border:1px solid #BDBDBD;\">VALEURS<\/th>\n<th align=\"left\" style=\"background:#7A7A7A; color:#fff; padding:8px 12px; border:1px solid #BDBDBD;\">M\u00c9THODE<\/th>\n<\/tr>\n<tr>\n<td style=\"padding:8px 12px; border:1px solid #BDBDBD;\">Classement des flux<\/td>\n<td style=\"padding:8px 12px; border:1px solid #BDBDBD;\">ORL0<\/td>\n<td style=\"padding:8px 12px; border:1px solid #BDBDBD;\">ANSI\/J-STD-004<\/td>\n<\/tr>\n<tr style=\"background:#E6E6E6;\">\n<td style=\"padding:8px 12px; border:1px solid #BDBDBD;\">Miroir de cuivre<\/td>\n<td style=\"padding:8px 12px; border:1px solid #BDBDBD;\">Passe<\/td>\n<td style=\"padding:8px 12px; border:1px solid #BDBDBD;\">ANSI\/J-STD-004<\/td>\n<\/tr>\n<tr>\n<td style=\"padding:8px 12px; border:1px solid #BDBDBD;\">Papier chromat\u00e9<\/td>\n<td style=\"padding:8px 12px; border:1px solid #BDBDBD;\">Passe<\/td>\n<td style=\"padding:8px 12px; border:1px solid #BDBDBD;\">ANSI\/J-STD-004<\/td>\n<\/tr>\n<tr style=\"background:#E6E6E6;\">\n<td style=\"padding:8px 12px; border:1px solid #BDBDBD;\">SIR (IPC)<\/td>\n<td style=\"padding:8px 12px; border:1px solid #BDBDBD;\">Passe<\/td>\n<td style=\"padding:8px 12px; border:1px solid #BDBDBD;\">ANSI\/J-STD-004<\/td>\n<\/tr>\n<tr>\n<td style=\"padding:8px 12px; border:1px solid #BDBDBD;\">Test Bono corrosion (85\u00b0C \/ 85% HR \u2013 15 jours)<\/td>\n<td style=\"padding:8px 12px; border:1px solid #BDBDBD;\">Passe : facteur corrosion = 1,1%<\/td>\n<td style=\"padding:8px 12px; border:1px solid #BDBDBD;\">Proc\u00e9dure Inventec<\/td>\n<\/tr>\n<\/table>\n","protected":false},"excerpt":{"rendered":"<ul>\n<li>Flux sans nettoyage \u00e0 base d&rsquo;eau<\/li>\n<li>Brasage \u00e0 la vague et s\u00e9lectif<\/li>\n<li>Excellente mouillabilit\u00e9 et haute fiabilit\u00e9 \u00e9lectronique<\/li>\n<\/ul>\n<p><a href=\"https:\/\/www.inventec.dehon.com\/wp-content\/uploads\/2023\/06\/GW-ECO-FREE-305-WS12.png\"><img decoding=\"async\" class=\"alignleft size-full wp-image-14785\" src=\"https:\/\/www.inventec.dehon.com\/wp-content\/uploads\/2023\/06\/GW-ECO-FREE-305-WS12.png\" alt=\"\" width=\"278\" height=\"236\" \/><\/a><\/p>\n","protected":false},"featured_media":3031,"comment_status":"closed","ping_status":"closed","template":"","meta":{"_acf_changed":false,"inline_featured_image":false},"product_brand":[],"product_cat":[2809,2806,2807],"product_tag":[1578,5665,5253,850,5664,5034,5409,5293,4325,5054,5317,5305,5082,5301,504,5297],"class_list":{"0":"post-33940","1":"product","2":"type-product","3":"status-publish","4":"has-post-thumbnail","6":"product_cat-solutions-de-flux-detamage","7":"product_cat-solutions-de-flux-de-brasage-a-la-vague","8":"product_cat-solutions-de-flux-de-brasage-selectif","9":"product_tag-303-fr","10":"product_tag-303e","11":"product_tag-a-base-deau-fr","12":"product_tag-brasage-selectif","13":"product_tag-ecofrec-303e","14":"product_tag-excellente-mouillabilite","15":"product_tag-faibles-residus","16":"product_tag-flux-liquide-fr","17":"product_tag-greenway","18":"product_tag-haute-fiabilite","19":"product_tag-sans-cov-fr","20":"product_tag-sans-nettoyage","21":"product_tag-sans-plomb","22":"product_tag-selectif","23":"product_tag-soudure-a-la-vague","24":"product_tag-vague","25":"pa_brand-ecofrec-fr-2","26":"pa_features-a-base-deau","27":"pa_features-greenway","28":"pa_processes-brasage-par-vague-selectif","29":"pa_product-category-flux-liquide","31":"first","32":"instock","33":"shipping-taxable","34":"product-type-simple"},"acf":[],"_links":{"self":[{"href":"https:\/\/www.inventec.dehon.com\/fr\/wp-json\/wp\/v2\/product\/33940","targetHints":{"allow":["GET"]}}],"collection":[{"href":"https:\/\/www.inventec.dehon.com\/fr\/wp-json\/wp\/v2\/product"}],"about":[{"href":"https:\/\/www.inventec.dehon.com\/fr\/wp-json\/wp\/v2\/types\/product"}],"replies":[{"embeddable":true,"href":"https:\/\/www.inventec.dehon.com\/fr\/wp-json\/wp\/v2\/comments?post=33940"}],"wp:featuredmedia":[{"embeddable":true,"href":"https:\/\/www.inventec.dehon.com\/fr\/wp-json\/wp\/v2\/media\/3031"}],"wp:attachment":[{"href":"https:\/\/www.inventec.dehon.com\/fr\/wp-json\/wp\/v2\/media?parent=33940"}],"wp:term":[{"taxonomy":"product_brand","embeddable":true,"href":"https:\/\/www.inventec.dehon.com\/fr\/wp-json\/wp\/v2\/product_brand?post=33940"},{"taxonomy":"product_cat","embeddable":true,"href":"https:\/\/www.inventec.dehon.com\/fr\/wp-json\/wp\/v2\/product_cat?post=33940"},{"taxonomy":"product_tag","embeddable":true,"href":"https:\/\/www.inventec.dehon.com\/fr\/wp-json\/wp\/v2\/product_tag?post=33940"}],"curies":[{"name":"wp","href":"https:\/\/api.w.org\/{rel}","templated":true}]}}