{"id":33844,"date":"2025-12-10T09:56:04","date_gmt":"2025-12-10T08:56:04","guid":{"rendered":"https:\/\/www.inventec.dehon.com\/?post_type=product&#038;p=33844"},"modified":"2026-03-23T16:22:34","modified_gmt":"2026-03-23T15:22:34","slug":"thermasolv-wb1","status":"publish","type":"product","link":"https:\/\/www.inventec.dehon.com\/fr\/product\/thermasolv-wb1\/","title":{"rendered":"THERMASOLV WB1"},"content":{"rendered":"<p><img decoding=\"async\" src=\"https:\/\/www.inventec.dehon.com\/wp-content\/uploads\/2023\/09\/Thermasolv-Greenway-600x600.jpg\" alt=\"THERMASOLV WB1\" class=\"responsive-img\" align=\"right\" style=\"border-radius:10px; margin-bottom:10px; margin-top:-10px; margin-left:15px; width:300px\" \/><\/p>\n<h2 style=\"color:#9bc947; margin-bottom:15px\">Fluides caloporteur di\u00e9lectriques pour des performances pures et un refroidissement plus s\u00fbr<\/h2>\n<ul>\n<li>Fluide caloporteur \u00e0 base d\u2019eau<\/li>\n<li>Point d&rsquo;\u00e9bullition : 111 \u00b0C\/232 \u00b0F<\/li>\n<li>Fluide d\u2019origine v\u00e9g\u00e9tale renouvelable<\/li>\n<\/ul>\n<h5>THERMASOLV WB1<\/h5>\n<p>Est un fluide caloporteur renouvelable d&rsquo;origine v\u00e9g\u00e9tale (1,3-propanediol et inhibiteurs de corrosion), destin\u00e9 aux refroidisseurs industriels ou aux syst\u00e8mes de refroidissement direct par plaques ou tubes.<\/p>\n<p>Il s\u2019agit d\u2019un fluide biod\u00e9gradable r\u00e9pondant aux crit\u00e8res de l\u2019OCDE, extrapol\u00e9s aux produits finis, atteignant un taux de biod\u00e9gradation de 90 % \u00e0 100 % en 28 jours. Gr\u00e2ce \u00e0 sa stabilit\u00e9 chimique et \u00e0 sa viscosit\u00e9 plus faible, le <strong>THERMASOLV WB1<\/strong> offre une excellente alternative aux fluides traditionnels \u00e0 base de monopropyl\u00e8ne glycol (MPG).<\/p>\n<p>Le <strong>THERMASOLV WB1<\/strong> offre une stabilit\u00e9 exceptionnelle en milieu aqueux et a \u00e9t\u00e9 formul\u00e9 en privil\u00e9giant la s\u00e9curit\u00e9. Il est non toxique, ininflammable et n&rsquo;a pas de point d&rsquo;\u00e9clair. La formulation anticorrosion H-OAT (acides carboxyliques neutralis\u00e9s) est exempte de nitrites et d\u2019amines.<\/p>\n<p>Ce fluide caloporteur pr\u00e9sente une tr\u00e8s bonne compatibilit\u00e9 avec tous les m\u00e9taux ainsi qu&rsquo;avec une large gamme de plastiques et d&rsquo;\u00e9lastom\u00e8res.<\/p>\n<p><!-- SP\u00c9CIFICATIONS Section --><\/p>\n<div style=\"font-weight:bold; border-bottom:2px solid #9DBB2F; padding-bottom:6px; margin-bottom:10px;\">\n  SP\u00c9CIFICATIONS\n<\/div>\n<table width=\"100%\" cellpadding=\"0\" cellspacing=\"0\" style=\"border-collapse:collapse; width:100%; max-width:100%;\">\n<tr>\n<th align=\"left\" style=\"background:#7A7A7A; color:#fff; padding:8px 12px; border:1px solid #BDBDBD;\">SP\u00c9CIFICATIONS<\/th>\n<th align=\"left\" style=\"background:#7A7A7A; color:#fff; padding:8px 12px; border:1px solid #BDBDBD;\">VALEURS<\/th>\n<th align=\"left\" style=\"background:#7A7A7A; color:#fff; padding:8px 12px; border:1px solid #BDBDBD;\">M\u00c9THODES<\/th>\n<\/tr>\n<tr>\n<td style=\"padding:8px 12px; border:1px solid #BDBDBD;\">Aspect<\/td>\n<td style=\"padding:8px 12px; border:1px solid #BDBDBD;\">Liquide vert<\/td>\n<td style=\"padding:8px 12px; border:1px solid #BDBDBD;\">Visuelle<\/td>\n<\/tr>\n<tr style=\"background:#E6E6E6;\">\n<td style=\"padding:8px 12px; border:1px solid #BDBDBD;\">Densit\u00e9 \u00e0 20 \u00b0C<\/td>\n<td style=\"padding:8px 12px; border:1px solid #BDBDBD;\">1,053<\/td>\n<td style=\"padding:8px 12px; border:1px solid #BDBDBD;\">AFNOR NF R 15-602-1 \/ ASTM D 1222<\/td>\n<\/tr>\n<\/table>\n<p><!-- CARACT\u00c9RISTIQUES Section --><\/p>\n<div style=\"font-weight:bold; border-bottom:2px solid #9DBB2F; padding-bottom:6px; margin:30px 0 10px 0;\">\n  CARACT\u00c9RISTIQUES\n<\/div>\n<table width=\"100%\" cellpadding=\"0\" cellspacing=\"0\" style=\"border-collapse:collapse; width:100%; max-width:100%;\">\n<tr>\n<th align=\"left\" style=\"background:#7A7A7A; color:#fff; padding:8px 12px; border:1px solid #BDBDBD;\">CARACT\u00c9RISTIQUES<\/th>\n<th align=\"left\" style=\"background:#7A7A7A; color:#fff; padding:8px 12px; border:1px solid #BDBDBD;\">VALEURS<\/th>\n<\/tr>\n<tr>\n<td style=\"padding:8px 12px; border:1px solid #BDBDBD;\">Point \u00e9clair<\/td>\n<td style=\"padding:8px 12px; border:1px solid #BDBDBD;\">Non<\/td>\n<\/tr>\n<tr style=\"background:#E6E6E6;\">\n<td style=\"padding:8px 12px; border:1px solid #BDBDBD;\">Point d\u2019\u00e9bullition sous pression atmosph\u00e9rique<\/td>\n<td style=\"padding:8px 12px; border:1px solid #BDBDBD;\">111\u00b0C\/232\u00b0F<\/td>\n<\/tr>\n<tr>\n<td style=\"padding:8px 12px; border:1px solid #BDBDBD;\">Point de cong\u00e9lation<\/td>\n<td style=\"padding:8px 12px; border:1px solid #BDBDBD;\">-55\u00b0C\/-67\u00b0F<\/td>\n<\/tr>\n<tr style=\"background:#E6E6E6;\">\n<td style=\"padding:8px 12px; border:1px solid #BDBDBD;\">Solubilit\u00e9 dans l&rsquo;eau<\/td>\n<td style=\"padding:8px 12px; border:1px solid #BDBDBD;\">Total<\/td>\n<\/tr>\n<tr>\n<td style=\"padding:8px 12px; border:1px solid #BDBDBD;\">Dur\u00e9e de vie atmosph\u00e9rique (90 % \u00e0 100 % biod\u00e9grad\u00e9)<\/td>\n<td style=\"padding:8px 12px; border:1px solid #BDBDBD;\">28 jours<\/td>\n<\/tr>\n<tr style=\"background:#E6E6E6;\">\n<td style=\"padding:8px 12px; border:1px solid #BDBDBD;\">Viscosit\u00e9 cin\u00e9matique (cSt) \u00e0 20\u00b0C<\/td>\n<td style=\"padding:8px 12px; border:1px solid #BDBDBD;\">11.54<\/td>\n<\/tr>\n<tr>\n<td style=\"padding:8px 12px; border:1px solid #BDBDBD;\">Chaleur sp\u00e9cifique (kJ\/kg\/K) \u00e0 20 \u00b0C<\/td>\n<td style=\"padding:8px 12px; border:1px solid #BDBDBD;\">2.753<\/td>\n<\/tr>\n<tr style=\"background:#E6E6E6;\">\n<td style=\"padding:8px 12px; border:1px solid #BDBDBD;\">Conductivit\u00e9 thermique (W\/m\u00b7K) \u00e0 20 \u00b0C<\/td>\n<td style=\"padding:8px 12px; border:1px solid #BDBDBD;\">0.320<\/td>\n<\/tr>\n<\/table>\n","protected":false},"excerpt":{"rendered":"<ul>\n<li>Fluide caloporteur \u00e0 base d\u2019eau<\/li>\n<li>Point d&rsquo;\u00e9bullition : 111 \u00b0C\/232 \u00b0F<\/li>\n<li>Fluide d\u2019origine v\u00e9g\u00e9tale renouvelable<\/li>\n<\/ul>\n<p><a href=\"https:\/\/www.inventec.dehon.com\/wp-content\/uploads\/2023\/09\/GW-Score_8.png\"><img decoding=\"async\" class=\"alignnone size-full wp-image-16185\" src=\"https:\/\/www.inventec.dehon.com\/wp-content\/uploads\/2023\/09\/GW-Score_8.png\" alt=\"Greenway Score 8\" width=\"278\" \/><\/a><\/p>\n","protected":false},"featured_media":15869,"comment_status":"closed","ping_status":"closed","template":"","meta":{"_acf_changed":false,"inline_featured_image":false},"product_brand":[],"product_cat":[1180,1235,1258],"product_tag":[4513,4610,4060,4550,4538,4542,4534,4602,4325,4554,4558,4562,4598,4517,4594,4529,4606,5666,5668,5667],"class_list":{"0":"post-33844","1":"product","2":"type-product","3":"status-publish","4":"has-post-thumbnail","6":"product_cat-refroidissement","7":"product_cat-refroidissement-direct","8":"product_cat-refroidisseurs","9":"product_tag-1-phase","10":"product_tag-a-base-de-solvant","11":"product_tag-data-center-fr","12":"product_tag-ebullition-elevee","13":"product_tag-essais-dielectriques","14":"product_tag-fluide-caloporteur","15":"product_tag-fluides-caloporteurs-dielectriques","16":"product_tag-gravure-semiconducteur","17":"product_tag-greenway","18":"product_tag-point-debullition-eleve","19":"product_tag-point-de-congelation-eleve","20":"product_tag-point-de-solidification-eleve","21":"product_tag-recyclable","22":"product_tag-refroidissement-1-phase","23":"product_tag-refroidissement-monophase","24":"product_tag-refroidisseurs","25":"product_tag-tests-semiconducteur","26":"product_tag-thermasolv-wb1","27":"product_tag-vegan","28":"product_tag-wb1","29":"pa_application-centre-de-donnees","30":"pa_application-semi-conducteur-tests","31":"pa_brand-thermasolv-fr-2","32":"pa_features-a-base-de-solvant","33":"pa_features-greenway","34":"pa_features-point-debullition-eleve-90-c","35":"pa_features-point-de-congelation-eleve-100-c","36":"pa_features-refroidissement-monophase","37":"pa_processes-refroidissement-direct","38":"pa_processes-refroidisseurs","39":"pa_product-category-fluides-caloporteurs-dielectriques","41":"first","42":"instock","43":"shipping-taxable","44":"product-type-simple"},"acf":[],"_links":{"self":[{"href":"https:\/\/www.inventec.dehon.com\/fr\/wp-json\/wp\/v2\/product\/33844","targetHints":{"allow":["GET"]}}],"collection":[{"href":"https:\/\/www.inventec.dehon.com\/fr\/wp-json\/wp\/v2\/product"}],"about":[{"href":"https:\/\/www.inventec.dehon.com\/fr\/wp-json\/wp\/v2\/types\/product"}],"replies":[{"embeddable":true,"href":"https:\/\/www.inventec.dehon.com\/fr\/wp-json\/wp\/v2\/comments?post=33844"}],"wp:featuredmedia":[{"embeddable":true,"href":"https:\/\/www.inventec.dehon.com\/fr\/wp-json\/wp\/v2\/media\/15869"}],"wp:attachment":[{"href":"https:\/\/www.inventec.dehon.com\/fr\/wp-json\/wp\/v2\/media?parent=33844"}],"wp:term":[{"taxonomy":"product_brand","embeddable":true,"href":"https:\/\/www.inventec.dehon.com\/fr\/wp-json\/wp\/v2\/product_brand?post=33844"},{"taxonomy":"product_cat","embeddable":true,"href":"https:\/\/www.inventec.dehon.com\/fr\/wp-json\/wp\/v2\/product_cat?post=33844"},{"taxonomy":"product_tag","embeddable":true,"href":"https:\/\/www.inventec.dehon.com\/fr\/wp-json\/wp\/v2\/product_tag?post=33844"}],"curies":[{"name":"wp","href":"https:\/\/api.w.org\/{rel}","templated":true}]}}