{"id":33280,"date":"2025-10-28T09:51:24","date_gmt":"2025-10-28T08:51:24","guid":{"rendered":"https:\/\/www.inventec.dehon.com\/?post_type=product&#038;p=33280"},"modified":"2026-01-28T12:36:29","modified_gmt":"2026-01-28T11:36:29","slug":"promoclean-tp-1115","status":"publish","type":"product","link":"https:\/\/www.inventec.dehon.com\/fr\/product\/promoclean-tp-1115\/","title":{"rendered":"PROMOCLEAN TP 1115"},"content":{"rendered":"<p><img decoding=\"async\" src=\"https:\/\/www.inventec.dehon.com\/wp-content\/uploads\/2021\/04\/PROMOCLEAN-canister-blue.png\" alt=\"PROMOCLEAN TP 1115\" class=\"responsive-img\" align=\"right\" style=\"border-radius:10px; margin-bottom:10px; margin-top:-10px; margin-left:15px; width:300px\" \/><\/p>\n<h2 style=\"color:#9bc947; margin-bottom:15px\">\u00c9limination des p\u00e2tes et des huiles de polissage<\/h2>\n<ul>\n<li>Enlever les p\u00e2tes \u00e0 polir et les huiles sur les pi\u00e8ces m\u00e9talliques<\/li>\n<li>Proc\u00e9d\u00e9 d&rsquo;immersion aqueuse par ultrasons<\/li>\n<li>\u00c9tape de finition et de rin\u00e7age \u00e0 l&rsquo;eau dure possible<\/li>\n<\/ul>\n<h5>PROMOCLEAN TP 1115<\/h5>\n<p>Est sp\u00e9cialement con\u00e7u pour l&rsquo;\u00e9limination des p\u00e2tes \u00e0 polir, des huiles hydrocarbon\u00e9es et hydrosolubles dans un proc\u00e9d\u00e9 d&rsquo;immersion aqueuse avec ultrasons.<\/p>\n<p>Gr\u00e2ce \u00e0 son pH moyen, il n&rsquo;endommage pas les alliages ferreux et non ferreux comme Inox, Titane &#038; Cuivre, Aluminium &#038; Laiton. De m\u00eame, il peut \u00eatre utilis\u00e9 sur les m\u00e9taux pr\u00e9cieux comme l&rsquo;or et l&rsquo;argent.<\/p>\n<p>C&rsquo;est un produit concentr\u00e9 qui s&rsquo;utilise dilu\u00e9 avec de l&rsquo;eau DI ou de l&rsquo;eau du robinet et qui a une tr\u00e8s longue dur\u00e9e de vie dans le bain, m\u00eame \u00e0 faible concentration.<\/p>\n<p>Le <strong>PROMOCLEAN TP 1115<\/strong> est qualifi\u00e9 et utilis\u00e9 par plusieurs acteurs de l&rsquo;horlogerie de luxe, de la joaillerie et de la fabrication de pi\u00e8ces m\u00e9dicales.<\/p>\n<div style=\"font-family:Lato; color:#333;\">\n<div style=\"font-weight:bold; text-transform:uppercase; border-bottom:2px solid #9DBB2F; padding-bottom:6px; margin-bottom:10px;\">\n    Sp\u00e9cifications\n  <\/div>\n<table width=\"100%\" cellpadding=\"0\" cellspacing=\"0\" style=\"border-collapse:collapse; width:100%; max-width:100%;\">\n<tr>\n<th align=\"left\" style=\"background:#7A7A7A; color:#fff; padding:8px 12px; border:1px solid #BDBDBD;\">\n        Sp\u00e9cifications\n      <\/th>\n<th align=\"left\" style=\"background:#7A7A7A; color:#fff; padding:8px 12px; border:1px solid #BDBDBD;\">\n        Valeurs\n      <\/th>\n<th align=\"left\" style=\"background:#7A7A7A; color:#fff; padding:8px 12px; border:1px solid #BDBDBD;\">\n        M\u00e9thodes\n      <\/th>\n<\/tr>\n<tr>\n<td style=\"padding:8px 12px; border:1px solid #BDBDBD;\">Aspect<\/td>\n<td style=\"padding:8px 12px; border:1px solid #BDBDBD;\">Jaune<\/td>\n<td style=\"padding:8px 12px; border:1px solid #BDBDBD;\">Visuelle<\/td>\n<\/tr>\n<tr style=\"background:#E6E6E6;\">\n<td style=\"padding:8px 12px; border:1px solid #BDBDBD;\">Masse volumique \u00e0 20\u00b0C (g\/ml)<\/td>\n<td style=\"padding:8px 12px; border:1px solid #BDBDBD;\">1,08 \u00b1 0,01<\/td>\n<td style=\"padding:8px 12px; border:1px solid #BDBDBD;\">BRY-MO-028<\/td>\n<\/tr>\n<tr>\n<td style=\"padding:8px 12px; border:1px solid #BDBDBD;\">pH du produit pur<\/td>\n<td style=\"padding:8px 12px; border:1px solid #BDBDBD;\">11,5 \u00b1 0,5<\/td>\n<td style=\"padding:8px 12px; border:1px solid #BDBDBD;\">BRY-MO-011<\/td>\n<\/tr>\n<tr style=\"background:#E6E6E6;\">\n<td style=\"padding:8px 12px; border:1px solid #BDBDBD;\">pH \u00e0 1%<\/td>\n<td style=\"padding:8px 12px; border:1px solid #BDBDBD;\">10,3 \u00b1 0,5<\/td>\n<td style=\"padding:8px 12px; border:1px solid #BDBDBD;\">BRY-MO-011<\/td>\n<\/tr>\n<\/table>\n<\/div>\n<div style=\"font-family:Lato; color:#333;\">\n<div style=\"font-weight:bold; text-transform:uppercase; border-bottom:2px solid #9DBB2F; padding-bottom:6px; margin:30px 0 10px;\">\n    Caract\u00e9ristiques\n  <\/div>\n<table width=\"100%\" cellpadding=\"0\" cellspacing=\"0\" style=\"border-collapse:collapse; width:100%; max-width:100%;\">\n<tr>\n<th align=\"left\" style=\"background:#7A7A7A; color:#fff; padding:8px 12px; border:1px solid #BDBDBD;\">\n        Caract\u00e9ristiques\n      <\/th>\n<th align=\"left\" style=\"background:#7A7A7A; color:#fff; padding:8px 12px; border:1px solid #BDBDBD;\">\n        Valeurs\n      <\/th>\n<\/tr>\n<tr>\n<td style=\"padding:8px 12px; border:1px solid #BDBDBD;\">Solubilit\u00e9 dans l&rsquo;eau<\/td>\n<td style=\"padding:8px 12px; border:1px solid #BDBDBD;\">Totale<\/td>\n<\/tr>\n<tr style=\"background:#E6E6E6;\">\n<td style=\"padding:8px 12px; border:1px solid #BDBDBD;\">Tension de surface \u00e0 1%<\/td>\n<td style=\"padding:8px 12px; border:1px solid #BDBDBD;\">37 Dynes \/ cm\u00b2<\/td>\n<\/tr>\n<tr>\n<td style=\"padding:8px 12px; border:1px solid #BDBDBD;\">Indice de r\u00e9fraction \u00e0 20\u00b0C<\/td>\n<td style=\"padding:8px 12px; border:1px solid #BDBDBD;\">1,38<\/td>\n<\/tr>\n<\/table>\n<\/div>\n","protected":false},"excerpt":{"rendered":"<ul>\n<li>Enlever les p\u00e2tes \u00e0 polir et les huiles sur les pi\u00e8ces m\u00e9talliques<\/li>\n<li>Proc\u00e9d\u00e9 d&rsquo;immersion aqueuse par ultrasons<\/li>\n<li>\u00c9tape de finition et de rin\u00e7age \u00e0 l&rsquo;eau dure possible<\/li>\n<\/ul>\n<p><a href=\"https:\/\/www.inventec.dehon.com\/wp-content\/uploads\/2025\/10\/GW-Score_31.jpg\"><img decoding=\"async\" class=\"alignnone wp-image-15075\" src=\"https:\/\/www.inventec.dehon.com\/wp-content\/uploads\/2025\/10\/GW-Score_31.jpg\" alt=\"\" width=\"40\" height=\"34\" \/><\/a><\/p>\n","protected":false},"featured_media":2431,"comment_status":"closed","ping_status":"closed","template":"","meta":{"_acf_changed":false,"inline_featured_image":false},"product_brand":[],"product_cat":[2826,2832],"product_tag":[4096,4822,4417,4393,4257,4261,4253,4094,4814,2060,4095,4469],"class_list":{"0":"post-33280","1":"product","2":"type-product","3":"status-publish","4":"has-post-thumbnail","6":"product_cat-deshuilage-de-divers-composants-metalliques","7":"product_cat-elimination-pate-a-polir-apres-polissage","8":"product_tag-4096","9":"product_tag-a-base-deau","10":"product_tag-elimination-de-la-pate-a-polir-fr","11":"product_tag-elimination-des-huiles-fr","12":"product_tag-immersion-aqueuse","13":"product_tag-immersion-aqueuse-ultrasonique","14":"product_tag-liquides-de-nettoyage-aqueux-fr","15":"product_tag-promoclean-tp-1115","16":"product_tag-protection-temporaire","17":"product_tag-tp-fr","18":"product_tag-tp-1115","19":"product_tag-ultrason","20":"pa_application-elimination-de-la-pate-a-polir","21":"pa_application-elimination-des-huiles","22":"pa_brand-promoclean-fr","23":"pa_features-adapte-aux-bases-aqueuses","24":"pa_features-avec-protection-temporaire","25":"pa_features-greenway","26":"pa_processes-immersion-ultrasonique-aqueuse","27":"pa_product-category-liquides-de-nettoyage-aqueux","29":"first","30":"instock","31":"shipping-taxable","32":"product-type-simple"},"acf":[],"_links":{"self":[{"href":"https:\/\/www.inventec.dehon.com\/fr\/wp-json\/wp\/v2\/product\/33280","targetHints":{"allow":["GET"]}}],"collection":[{"href":"https:\/\/www.inventec.dehon.com\/fr\/wp-json\/wp\/v2\/product"}],"about":[{"href":"https:\/\/www.inventec.dehon.com\/fr\/wp-json\/wp\/v2\/types\/product"}],"replies":[{"embeddable":true,"href":"https:\/\/www.inventec.dehon.com\/fr\/wp-json\/wp\/v2\/comments?post=33280"}],"wp:featuredmedia":[{"embeddable":true,"href":"https:\/\/www.inventec.dehon.com\/fr\/wp-json\/wp\/v2\/media\/2431"}],"wp:attachment":[{"href":"https:\/\/www.inventec.dehon.com\/fr\/wp-json\/wp\/v2\/media?parent=33280"}],"wp:term":[{"taxonomy":"product_brand","embeddable":true,"href":"https:\/\/www.inventec.dehon.com\/fr\/wp-json\/wp\/v2\/product_brand?post=33280"},{"taxonomy":"product_cat","embeddable":true,"href":"https:\/\/www.inventec.dehon.com\/fr\/wp-json\/wp\/v2\/product_cat?post=33280"},{"taxonomy":"product_tag","embeddable":true,"href":"https:\/\/www.inventec.dehon.com\/fr\/wp-json\/wp\/v2\/product_tag?post=33280"}],"curies":[{"name":"wp","href":"https:\/\/api.w.org\/{rel}","templated":true}]}}