{"id":31813,"date":"2025-09-17T08:39:19","date_gmt":"2025-09-17T08:39:19","guid":{"rendered":"https:\/\/www.inventec.dehon.com\/?post_type=product&#038;p=31813"},"modified":"2026-01-29T14:54:23","modified_gmt":"2026-01-29T13:54:23","slug":"topklean-mc-105","status":"publish","type":"product","link":"https:\/\/www.inventec.dehon.com\/fr\/product\/topklean-mc-105\/","title":{"rendered":"TOPKLEAN MC 105"},"content":{"rendered":"<p><img decoding=\"async\" src=\"https:\/\/www.inventec.dehon.com\/wp-content\/uploads\/2021\/03\/TOPKLEAN-canister-yellow-1-600x600.jpg\" alt=\"TOPKLEAN MC 105\" class=\"responsive-img\" align=\"right\" style=\"border-radius:10px; margin-bottom:10px; margin-top:-10px; margin-left:15px; width:300px\" \/><\/p>\n<h2 style=\"color:#9bc947; margin-bottom:15px\">Fluide d\u2019ass\u00e8chement pour un s\u00e9chage sans compromis<\/h2>\n<ul>\n<li>Fluide d&rsquo;ass\u00e8chement<\/li>\n<li>Proc\u00e9d\u00e9 de s\u00e9chage par solvant<\/li>\n<li>S\u00e9paration rapide<\/li>\n<\/ul>\n<h5>TOPKLEAN MC 105<\/h5>\n<p>Le fluide <strong>TOPKLEAN MC 105<\/strong> a \u00e9t\u00e9 sp\u00e9cialement con\u00e7u pour \u00e9liminer l&rsquo;eau rapidement et dans les espaces difficiles d&rsquo;acc\u00e8s des pi\u00e8ces nettoy\u00e9es apr\u00e8s un rin\u00e7age aqueux et avant le s\u00e9chage par solvant. Dans un proc\u00e9d\u00e9 de s\u00e9chage par solvant, l&rsquo;eau est d\u00e9plac\u00e9e par le <strong>TOPKLEAN MC 105<\/strong> et remonte rapidement au sommet du r\u00e9servoir o\u00f9 elle est \u00e9cum\u00e9e. Il peut \u00e9galement \u00eatre utilis\u00e9 comme simple ass\u00e9chement avant \u00e9gouttage sans l&rsquo;utilisation d&rsquo;un solvant de s\u00e9chage pour \u00e9liminer le risque de corrosion entre les \u00e9tapes de traitement des m\u00e9taux. Il est compatible avec tous les m\u00e9taux et la plupart des plastiques utilis\u00e9s dans l&rsquo;industrie.<\/p>\n<p>Le s\u00e9chage au solvant est une alternative au s\u00e9chage \u00e0 l&rsquo;air chaud. Il utilise beaucoup moins d&rsquo;\u00e9nergie et garantit l&rsquo;absence d&rsquo;eau r\u00e9siduelle sur les pi\u00e8ces.<\/p>\n<p>Le <strong>TOPKLEAN MC 105<\/strong> est qualifi\u00e9 et utilis\u00e9 par plusieurs acteurs de la Microm\u00e9canique, de l&rsquo;A\u00e9rospatiale et de l&rsquo;Automobile.<\/p>\n<p><!-- SPECIFICATIONS Section --><\/p>\n<div style=\"font-weight:bold; text-transform:uppercase; border-bottom:2px solid #9DBB2F; padding-bottom:6px; margin-bottom:10px;\">\n  SP\u00c9CIFICATIONS\n<\/div>\n<table width=\"100%\" cellpadding=\"0\" cellspacing=\"0\" style=\"border-collapse:collapse; width:100%; max-width:100%;\">\n<tr>\n<th align=\"left\" style=\"background:#7A7A7A; color:#fff; padding:8px 12px; border:1px solid #BDBDBD;\">SP\u00c9CIFICATIONS<\/th>\n<th align=\"left\" style=\"background:#7A7A7A; color:#fff; padding:8px 12px; border:1px solid #BDBDBD;\">VALEURS<\/th>\n<th align=\"left\" style=\"background:#7A7A7A; color:#fff; padding:8px 12px; border:1px solid #BDBDBD;\">M\u00c9THODES<\/th>\n<\/tr>\n<tr>\n<td style=\"padding:8px 12px; border:1px solid #BDBDBD;\">Aspect<\/td>\n<td style=\"padding:8px 12px; border:1px solid #BDBDBD;\">Transparent, incolore<\/td>\n<td style=\"padding:8px 12px; border:1px solid #BDBDBD;\">Visuelle<\/td>\n<\/tr>\n<tr style=\"background:#E6E6E6;\">\n<td style=\"padding:8px 12px; border:1px solid #BDBDBD;\">Masse volumique \u00e0 15\u00b0C (g\/ml)<\/td>\n<td style=\"padding:8px 12px; border:1px solid #BDBDBD;\">0,750 \u2013 0,775<\/td>\n<td style=\"padding:8px 12px; border:1px solid #BDBDBD;\">DIN 51757<\/td>\n<\/tr>\n<\/table>\n<p><!-- CHARACTERISTICS Section --><\/p>\n<div style=\"font-weight:bold; text-transform:uppercase; border-bottom:2px solid #9DBB2F; padding-bottom:6px; margin:30px 0 10px 0;\">\n  CARACT\u00c9RISTIQUES\n<\/div>\n<table width=\"100%\" cellpadding=\"0\" cellspacing=\"0\" style=\"border-collapse:collapse; width:100%; max-width:100%;\">\n<tr>\n<th align=\"left\" style=\"background:#7A7A7A; color:#fff; padding:8px 12px; border:1px solid #BDBDBD;\">CARACT\u00c9RISTIQUES<\/th>\n<th align=\"left\" style=\"background:#7A7A7A; color:#fff; padding:8px 12px; border:1px solid #BDBDBD;\">VALEURS<\/th>\n<th align=\"left\" style=\"background:#7A7A7A; color:#fff; padding:8px 12px; border:1px solid #BDBDBD;\">M\u00c9THODES<\/th>\n<\/tr>\n<tr>\n<td style=\"padding:8px 12px; border:1px solid #BDBDBD;\">Point \u00e9clair (PMCC)<\/td>\n<td style=\"padding:8px 12px; border:1px solid #BDBDBD;\">60\u00b0C \/ 140 \u00b0F<\/td>\n<td style=\"padding:8px 12px; border:1px solid #BDBDBD;\">ASTM D93<\/td>\n<\/tr>\n<tr style=\"background:#E6E6E6;\">\n<td style=\"padding:8px 12px; border:1px solid #BDBDBD;\">Viscosit\u00e9 \u00e0 25\u00b0C<\/td>\n<td style=\"padding:8px 12px; border:1px solid #BDBDBD;\">2.5 mm\u00b2\/s<\/td>\n<td style=\"padding:8px 12px; border:1px solid #BDBDBD;\">ASTM D445<\/td>\n<\/tr>\n<tr>\n<td style=\"padding:8px 12px; border:1px solid #BDBDBD;\">Tension de surface \u00e0 20\u00b0C (dynes\/cm)<\/td>\n<td style=\"padding:8px 12px; border:1px solid #BDBDBD;\">23<\/td>\n<td style=\"padding:8px 12px; border:1px solid #BDBDBD;\">ASTM D971<\/td>\n<\/tr>\n<tr style=\"background:#E6E6E6;\">\n<td style=\"padding:8px 12px; border:1px solid #BDBDBD;\">Indice de r\u00e9fraction<\/td>\n<td style=\"padding:8px 12px; border:1px solid #BDBDBD;\">1.42<\/td>\n<td style=\"padding:8px 12px; border:1px solid #BDBDBD;\">ASTM D1218<\/td>\n<\/tr>\n<tr>\n<td style=\"padding:8px 12px; border:1px solid #BDBDBD;\">COV<\/td>\n<td style=\"padding:8px 12px; border:1px solid #BDBDBD;\">762 g\/L<\/td>\n<td style=\"padding:8px 12px; border:1px solid #BDBDBD;\"><\/td>\n<\/tr>\n<\/table>\n","protected":false},"excerpt":{"rendered":"<ul>\n<li>Fluide d&rsquo;ass\u00e8chement<\/li>\n<li>Proc\u00e9d\u00e9 de s\u00e9chage par solvant<\/li>\n<li>S\u00e9paration rapide<\/li>\n<\/ul>\n","protected":false},"featured_media":24449,"comment_status":"closed","ping_status":"closed","template":"","meta":{"_acf_changed":false,"inline_featured_image":false},"product_brand":[],"product_cat":[953,2825],"product_tag":[4241,4269,4289,4245,4273,4349,4184,2155,3690,4345,4293,4445,500,3689],"class_list":{"0":"post-31813","1":"product","2":"type-product","3":"status-publish","4":"has-post-thumbnail","6":"product_cat-nettoyage","7":"product_cat-solutions-de-solvants-de-sechage","8":"product_tag-aerospatiale-fr","9":"product_tag-automobile","10":"product_tag-fluides-de-deshydratation","11":"product_tag-industrie-aerospatiale-fr","12":"product_tag-industrie-automobile","13":"product_tag-industrie-de-la-micromecanique","14":"product_tag-liquides-de-nettoyage-solvants-fr","15":"product_tag-mc-fr","16":"product_tag-mc-105-fr","17":"product_tag-micromecanique","18":"product_tag-sechage","19":"product_tag-sechage-par-solvant","20":"product_tag-solvant","21":"product_tag-topklean-mc-105-fr","22":"pa_brand-topklean-fr-2","23":"pa_features-adapte-aux-bases-hydrocarbonees","24":"pa_product-category-fluides-de-deshydratation","25":"pa_product-category-liquides-de-nettoyage-solvants","27":"first","28":"instock","29":"shipping-taxable","30":"product-type-simple"},"acf":[],"_links":{"self":[{"href":"https:\/\/www.inventec.dehon.com\/fr\/wp-json\/wp\/v2\/product\/31813","targetHints":{"allow":["GET"]}}],"collection":[{"href":"https:\/\/www.inventec.dehon.com\/fr\/wp-json\/wp\/v2\/product"}],"about":[{"href":"https:\/\/www.inventec.dehon.com\/fr\/wp-json\/wp\/v2\/types\/product"}],"replies":[{"embeddable":true,"href":"https:\/\/www.inventec.dehon.com\/fr\/wp-json\/wp\/v2\/comments?post=31813"}],"wp:featuredmedia":[{"embeddable":true,"href":"https:\/\/www.inventec.dehon.com\/fr\/wp-json\/wp\/v2\/media\/24449"}],"wp:attachment":[{"href":"https:\/\/www.inventec.dehon.com\/fr\/wp-json\/wp\/v2\/media?parent=31813"}],"wp:term":[{"taxonomy":"product_brand","embeddable":true,"href":"https:\/\/www.inventec.dehon.com\/fr\/wp-json\/wp\/v2\/product_brand?post=31813"},{"taxonomy":"product_cat","embeddable":true,"href":"https:\/\/www.inventec.dehon.com\/fr\/wp-json\/wp\/v2\/product_cat?post=31813"},{"taxonomy":"product_tag","embeddable":true,"href":"https:\/\/www.inventec.dehon.com\/fr\/wp-json\/wp\/v2\/product_tag?post=31813"}],"curies":[{"name":"wp","href":"https:\/\/api.w.org\/{rel}","templated":true}]}}