{"id":31633,"date":"2025-09-12T09:37:29","date_gmt":"2025-09-12T09:37:29","guid":{"rendered":"https:\/\/www.inventec.dehon.com\/?post_type=product&#038;p=31633"},"modified":"2026-01-29T10:36:29","modified_gmt":"2026-01-29T09:36:29","slug":"promosolv-de1","status":"publish","type":"product","link":"https:\/\/www.inventec.dehon.com\/fr\/product\/promosolv-de1\/","title":{"rendered":"PROMOSOLV DE1"},"content":{"rendered":"<p><img decoding=\"async\" src=\"https:\/\/www.inventec.dehon.com\/wp-content\/uploads\/2021\/03\/PROMOSOLV-drum-colorless-Ecoprog-600x600.png\" alt=\"PROMOSOLV DE1\" class=\"responsive-img\" align=\"right\" style=\"border-radius:10px; margin-bottom:10px; margin-top:-10px; margin-left:15px; width:300px\" \/><\/p>\n<h2 style=\"color: #9bc947; margin-bottom: 15px;\">Solvant pour la fabrication additive, l&rsquo;\u00e9limination d&rsquo;huile<BR>et de graisse<\/h2>\n<ul>\n<li>\u00c9limination d&rsquo;une large gamme de contaminants<\/li>\n<li>Proc\u00e9d\u00e9 phase vapeur<\/li>\n<li>Alternative au 3M Novec 71DE<\/li>\n<\/ul>\n<h5>PROMOSOLV DE1<\/h5>\n<p>A \u00e9t\u00e9 d\u00e9velopp\u00e9 pour remplacer le trichlor\u00e9thyl\u00e8ne, le NPB et d&rsquo;autres solvants ayant un impact \u00e9lev\u00e9 sur la sant\u00e9, la s\u00e9curit\u00e9 et l&rsquo;environnement. Tout en r\u00e9duisant consid\u00e9rablement l&rsquo;impact HSE, le pouvoir d\u00e9graissant est \u00e0 un niveau \u00e9quivalent. La tr\u00e8s faible tension de surface permet de p\u00e9n\u00e9trer dans des espaces tr\u00e8s \u00e9troits ou difficiles d&rsquo;acc\u00e8s, assurant un nettoyage et un rin\u00e7age en profondeur.<\/p>\n<p>Il est d\u00e9di\u00e9 \u00e0 l\u2019\u00e9limination de la plupart des types d\u2019huiles et de graisses, \u00e0 l\u2019exception des lubrifiants \u00e0 base d\u2019eau. Il convient \u00e9galement pour \u00e9liminer les particules. Selon la nature des mat\u00e9riaux polym\u00e9ris\u00e9s, certains vernis, adh\u00e9sifs, encres &#038; peintures pourront \u00e9galement \u00eatre \u00e9limin\u00e9s. En outre, ce produit est \u00e9quivalent au Novec 71DE, produit amen\u00e9 \u00e0 dispara\u00eetre, car il poss\u00e8de la m\u00eame proportion de composants et les m\u00eames propri\u00e9t\u00e9s.<\/p>\n<p>Le <strong>PROMOSOLV DE1<\/strong> est compatible avec tous les m\u00e9taux et alliages, y compris les plus sensibles. Il offre \u00e9galement une bonne compatibilit\u00e9 avec la plupart des plastiques et \u00e9lastom\u00e8res, cependant il est n\u00e9cessaire d&rsquo;effectuer un test avant utilisation.<\/p>\n<p>Le <strong>PROMOSOLV DE1<\/strong> est formul\u00e9 dans un souci de s\u00e9curit\u00e9. Sa composition poss\u00e8de d&rsquo;excellentes propri\u00e9t\u00e9s de suppression de l&rsquo;inflammabilit\u00e9 et est une formulation az\u00e9otropique, ce qui lui conf\u00e8re une tr\u00e8s grande stabilit\u00e9 lorsqu&rsquo;il est utilis\u00e9 dans un \u00e9quipement. Certains produits sur le march\u00e9 peuvent perdre leur compos\u00e9 de suppression de l&rsquo;inflammabilit\u00e9 en raison de l&rsquo;\u00e9vaporation lorsqu&rsquo;ils sont utilis\u00e9s dans un \u00e9quipement.<\/p>\n<div style=\"font-family:Lato, sans-serif; color:#333;\">\n<p>  <!-- SP\u00c9CIFICATIONS --><\/p>\n<div style=\"font-weight:bold; text-transform:uppercase; border-bottom:2px solid #9DBB2F; padding-bottom:6px; margin-bottom:10px;\">\n    SP\u00c9CIFICATIONS\n  <\/div>\n<table width=\"100%\" cellpadding=\"0\" cellspacing=\"0\" style=\"border-collapse:collapse; width:100%; max-width:100%;\">\n<tr>\n<th align=\"left\" style=\"background:#7A7A7A; color:#fff; padding:8px 12px; border:1px solid #BDBDBD;\">SP\u00c9CIFICATIONS<\/th>\n<th align=\"left\" style=\"background:#7A7A7A; color:#fff; padding:8px 12px; border:1px solid #BDBDBD;\">VALEURS<\/th>\n<th align=\"left\" style=\"background:#7A7A7A; color:#fff; padding:8px 12px; border:1px solid #BDBDBD;\">M\u00c9THODES<\/th>\n<\/tr>\n<tr>\n<td style=\"padding:8px 12px; border:1px solid #BDBDBD;\">Aspect<\/td>\n<td style=\"padding:8px 12px; border:1px solid #BDBDBD;\">Transparent, incolore<\/td>\n<td style=\"padding:8px 12px; border:1px solid #BDBDBD;\">Visuelle<\/td>\n<\/tr>\n<tr style=\"background:#E6E6E6;\">\n<td style=\"padding:8px 12px; border:1px solid #BDBDBD;\">\u00c9ther m\u00e9thoxy-nonafluorobutane<\/td>\n<td style=\"padding:8px 12px; border:1px solid #BDBDBD;\">50,0% \u00b1 1,0<\/td>\n<td style=\"padding:8px 12px; border:1px solid #BDBDBD;\">Interne \/ BRY-MO-121<\/td>\n<\/tr>\n<tr>\n<td style=\"padding:8px 12px; border:1px solid #BDBDBD;\">1,2- Transdichloro\u00e9thyl\u00e8ne<\/td>\n<td style=\"padding:8px 12px; border:1px solid #BDBDBD;\">50,0% \u00b1 1,0<\/td>\n<td style=\"padding:8px 12px; border:1px solid #BDBDBD;\">Interne \/ BRY-MO-121<\/td>\n<\/tr>\n<\/table>\n<p>  <!-- CARACT\u00c9RISTIQUES --><\/p>\n<div style=\"font-weight:bold; text-transform:uppercase; border-bottom:2px solid #9DBB2F; padding-bottom:6px; margin:30px 0 10px 0;\">\n    CARACT\u00c9RISTIQUES\n  <\/div>\n<table width=\"100%\" cellpadding=\"0\" cellspacing=\"0\" style=\"border-collapse:collapse; width:100%; max-width:100%;\">\n<tr>\n<th align=\"left\" style=\"background:#7A7A7A; color:#fff; padding:8px 12px; border:1px solid #BDBDBD;\">CARACT\u00c9RISTIQUES<\/th>\n<th align=\"left\" style=\"background:#7A7A7A; color:#fff; padding:8px 12px; border:1px solid #BDBDBD;\">VALEURS<\/th>\n<\/tr>\n<tr>\n<td style=\"padding:8px 12px; border:1px solid #BDBDBD;\">Point d&rsquo;\u00e9bullition (\u00b0C\/\u00b0F)<\/td>\n<td style=\"padding:8px 12px; border:1px solid #BDBDBD;\">41 \/ 106<\/td>\n<\/tr>\n<tr style=\"background:#E6E6E6;\">\n<td style=\"padding:8px 12px; border:1px solid #BDBDBD;\">Tension de surface (dynes\/cm)<\/td>\n<td style=\"padding:8px 12px; border:1px solid #BDBDBD;\">16,6<\/td>\n<\/tr>\n<tr>\n<td style=\"padding:8px 12px; border:1px solid #BDBDBD;\">Point \u00e9clair<\/td>\n<td style=\"padding:8px 12px; border:1px solid #BDBDBD;\">Aucun<\/td>\n<\/tr>\n<tr style=\"background:#E6E6E6;\">\n<td style=\"padding:8px 12px; border:1px solid #BDBDBD;\">Masse volumique (g\/cm3)<\/td>\n<td style=\"padding:8px 12px; border:1px solid #BDBDBD;\">1,37<\/td>\n<\/tr>\n<tr>\n<td style=\"padding:8px 12px; border:1px solid #BDBDBD;\">Puret\u00e9 (% poids)<\/td>\n<td style=\"padding:8px 12px; border:1px solid #BDBDBD;\">&gt;99,5<\/td>\n<\/tr>\n<tr style=\"background:#E6E6E6;\">\n<td style=\"padding:8px 12px; border:1px solid #BDBDBD;\">Viscosit\u00e9 dynamique (mPa.s \u00e0 25\u00b0C)<\/td>\n<td style=\"padding:8px 12px; border:1px solid #BDBDBD;\">0,43<\/td>\n<\/tr>\n<tr>\n<td style=\"padding:8px 12px; border:1px solid #BDBDBD;\">Pression de vapeur (kPa \u00e0 25\u00b0C)<\/td>\n<td style=\"padding:8px 12px; border:1px solid #BDBDBD;\">51<\/td>\n<\/tr>\n<\/table>\n<\/div>\n","protected":false},"excerpt":{"rendered":"<ul>\n<li>\u00c9limination d&rsquo;une large gamme de contaminants<\/li>\n<li>Proc\u00e9d\u00e9 phase vapeur<\/li>\n<li>Alternative au 3M Novec 71DE<\/li>\n<\/ul>\n<p><a href=\"https:\/\/www.inventec.dehon.com\/wp-content\/uploads\/2025\/09\/GW-Score-42.png\"><img decoding=\"async\" class=\"alignnone size-full wp-image-17026\" src=\"https:\/\/www.inventec.dehon.com\/wp-content\/uploads\/2025\/09\/GW-Score-42.png\" alt=\"GW Score 42\" width=\"334\" \/><\/a><\/p>\n","protected":false},"featured_media":2276,"comment_status":"closed","ping_status":"closed","template":"","meta":{"_acf_changed":false,"inline_featured_image":false},"product_brand":[],"product_cat":[2827,2826,742,953],"product_tag":[3680,4321,4393,4409,4184,4369,4767,3679,4598,4794],"class_list":{"0":"post-31633","1":"product","2":"type-product","3":"status-publish","4":"has-post-thumbnail","6":"product_cat-degraissage-de-divers-composants-metalliques","7":"product_cat-deshuilage-de-divers-composants-metalliques","8":"product_cat-elimination-des-particules","9":"product_cat-nettoyage","10":"product_tag-de1-fr","11":"product_tag-elimination-des-graisses-fr","12":"product_tag-elimination-des-huiles-fr","13":"product_tag-elimination-des-particules-fr","14":"product_tag-liquides-de-nettoyage-solvants-fr","15":"product_tag-mono-solvant","16":"product_tag-phase-vapeur","17":"product_tag-promosolv-de1-fr","18":"product_tag-recyclable","19":"product_tag-rincage","20":"pa_application-elimination-des-graisses","21":"pa_application-elimination-des-huiles","22":"pa_application-elimination-des-particules","23":"pa_brand-promosolv-fr-2","24":"pa_features-adapte-aux-bases-hydrocarbonees","25":"pa_features-recyclable","26":"pa_processes-chasse-deau","27":"pa_processes-mono-solvant","28":"pa_product-category-liquides-de-nettoyage-solvants","30":"first","31":"instock","32":"shipping-taxable","33":"product-type-simple"},"acf":[],"_links":{"self":[{"href":"https:\/\/www.inventec.dehon.com\/fr\/wp-json\/wp\/v2\/product\/31633","targetHints":{"allow":["GET"]}}],"collection":[{"href":"https:\/\/www.inventec.dehon.com\/fr\/wp-json\/wp\/v2\/product"}],"about":[{"href":"https:\/\/www.inventec.dehon.com\/fr\/wp-json\/wp\/v2\/types\/product"}],"replies":[{"embeddable":true,"href":"https:\/\/www.inventec.dehon.com\/fr\/wp-json\/wp\/v2\/comments?post=31633"}],"wp:featuredmedia":[{"embeddable":true,"href":"https:\/\/www.inventec.dehon.com\/fr\/wp-json\/wp\/v2\/media\/2276"}],"wp:attachment":[{"href":"https:\/\/www.inventec.dehon.com\/fr\/wp-json\/wp\/v2\/media?parent=31633"}],"wp:term":[{"taxonomy":"product_brand","embeddable":true,"href":"https:\/\/www.inventec.dehon.com\/fr\/wp-json\/wp\/v2\/product_brand?post=31633"},{"taxonomy":"product_cat","embeddable":true,"href":"https:\/\/www.inventec.dehon.com\/fr\/wp-json\/wp\/v2\/product_cat?post=31633"},{"taxonomy":"product_tag","embeddable":true,"href":"https:\/\/www.inventec.dehon.com\/fr\/wp-json\/wp\/v2\/product_tag?post=31633"}],"curies":[{"name":"wp","href":"https:\/\/api.w.org\/{rel}","templated":true}]}}