{"id":31501,"date":"2025-09-10T13:33:31","date_gmt":"2025-09-10T13:33:31","guid":{"rendered":"https:\/\/www.inventec.dehon.com\/?post_type=product&#038;p=31501"},"modified":"2026-01-22T16:12:46","modified_gmt":"2026-01-22T15:12:46","slug":"promosolv-coat-ut10d-uv","status":"publish","type":"product","link":"https:\/\/www.inventec.dehon.com\/fr\/product\/promosolv-coat-ut10d-uv\/","title":{"rendered":"PROMOSOLV COAT UT10D-UV"},"content":{"rendered":"<p><img decoding=\"async\" src=\"https:\/\/www.inventec.dehon.com\/wp-content\/uploads\/2021\/04\/PROMOSOLV-Coat-drum-600x600.png\" alt=\"PROMOSOLV COAT UT10D-UV\" class=\"responsive-img\" align=\"right\" style=\"border-radius:10px; margin-bottom:10px; margin-top:-10px; margin-left:15px; width:300px\" \/><\/p>\n<h2 style=\"color:#9bc947; margin-bottom:15px\">Solvant porteur haute performance pour rev\u00eatements ultra-fins<\/h2>\n<ul>\n<li>Rev\u00eatement ultra-fins<\/li>\n<li>Proc\u00e9d\u00e9 de trempage<\/li>\n<li>Avec traceur UV<\/li>\n<\/ul>\n<h5>PROMOSOLV COAT UT10D-UV<\/h5>\n<p>Est un rev\u00eatement ultra-fin transparent, hydrophobe et ol\u00e9ophobe, destin\u00e9 \u00e0 prot\u00e9ger les composants \u00e9lectroniques et autres surfaces contre l&rsquo;humidit\u00e9, la corrosion et d&rsquo;autres conditions environnementales susceptibles de compromettre la fiabilit\u00e9 de l&rsquo;appareil ou de la surface. Il adh\u00e8re \u00e0 une grande vari\u00e9t\u00e9 de substrats tels que le plastique, le verre, le m\u00e9tal et la c\u00e9ramique.<\/p>\n<p>Le <strong>PROMOSOLV COAT UT10D-UV<\/strong> est sp\u00e9cialement con\u00e7u pour fonctionner parfaitement avec les appareils de d\u00e9tection de teneur en solides. Bien qu&rsquo;il utilise le m\u00eame polym\u00e8re UT10 que le <a href=\"https:\/\/www.inventec.dehon.com\/fr\/product\/promosolv-coat-ut10-uv\/\"><strong>PROMOSOLV COAT UT10-UV<\/strong><\/a>, il contient un solvant porteur diff\u00e9rent. De ce fait, les propri\u00e9t\u00e9s du film sec restent identiques.<\/p>\n<p>Ce rev\u00eatement ne n\u00e9cessite ni chaleur ni lumi\u00e8re UV pour durcir. Ils durcissent en moins d&rsquo;une minute \u00e0 temp\u00e9rature ambiante. Cela acc\u00e9l\u00e8re le temps de traitement et r\u00e9duit le besoin d&rsquo;investir dans des \u00e9quipements de s\u00e9chage.<\/p>\n<p>Le <strong>PROMOSOLV COAT UT10D-UV<\/strong> est formul\u00e9 avec un traceur UV pour une d\u00e9tection facile sous lumi\u00e8re UV pour faciliter le contr\u00f4le qualit\u00e9. Le rev\u00eatement est disponible en diff\u00e9rentes pr\u00e9parations \u00e0 teneur solide variable, ce qui permet d\u2019obtenir diff\u00e9rentes \u00e9paisseurs de film sec. Dans le cas d&rsquo;un proc\u00e9d\u00e9 de trempage, la version \u00e0 8 % est \u00e9galement utilis\u00e9e pour compl\u00e9ter la teneur en mati\u00e8res solides du bain de rev\u00eatement.<\/p>\n<div style=\"display:flex; flex-wrap:wrap; justify-content:space-between;\">\n<p>  <!-- WITHOUT COATING --><\/p>\n<div style=\"text-align:center; margin-left:-45px\">\n    <strong style=\"font-size:18px; display:block; margin-bottom:-45px\"><br \/>\n      PCBA Sans rev\u00eatement<br \/>\n    <\/strong><br \/>\n    <a href=\"https:\/\/www.inventec.dehon.com\/wp-content\/uploads\/2021\/02\/DSC_3117-scaled.jpg\" rel=\"inv-colorbox\" title=\"PROMOSOLV COAT UT10D-UV\"><br \/>\n      <img decoding=\"async\" \n        src=\"https:\/\/www.inventec.dehon.com\/wp-content\/uploads\/2021\/02\/DSC_3117-300x200.jpg\"\n        alt=\"PROMOSOLV COAT UT10 Without coating\"\n        style=\"max-width:100%; height:auto; margin-top:0; border-radius:10px\"\n      \/><br \/>\n    <\/a>\n  <\/div>\n<p>  <!-- WITH COATING --><\/p>\n<div style=\"text-align:center; margin-left:-30px\">\n    <strong style=\"font-size:18px; display:block; margin-bottom:-45px\"><br \/>\n      PCBA Avec rev\u00eatement<br \/>\n    <\/strong><br \/>\n    <a href=\"https:\/\/www.inventec.dehon.com\/wp-content\/uploads\/2021\/03\/DSC_3231-scaled.jpg\" rel=\"inv-colorbox\" title=\"PROMOSOLV COAT UT10D-UV\"><br \/>\n      <img decoding=\"async\" \n        src=\"https:\/\/www.inventec.dehon.com\/wp-content\/uploads\/2021\/03\/DSC_3231-300x200.jpg\"\n        alt=\"With coating PROMOSOLV COAT UT10\"\n        style=\"max-width:100%; height:auto; margin-top:0; border-radius:10px\"\n      \/><br \/>\n    <\/a>\n  <\/div>\n<\/div>\n<p><BR><BR><\/p>\n<p><!-- PROPRI\u00c9T\u00c9S Section --><\/p>\n<div style=\"font-weight:bold; text-transform:uppercase; border-bottom:2px solid #9DBB2F; padding-bottom:6px; margin-bottom:10px;\">\n  PROPRI\u00c9T\u00c9S\n<\/div>\n<table width=\"100%\" cellpadding=\"0\" cellspacing=\"0\" style=\"border-collapse:collapse; width:100%; max-width:100%;\">\n<tr>\n<th align=\"left\" style=\"background:#7A7A7A; color:#fff; padding:8px 12px; border:1px solid #BDBDBD;\">Contenu solide (poids %)<\/th>\n<th align=\"left\" style=\"background:#7A7A7A; color:#fff; padding:8px 12px; border:1px solid #BDBDBD;\">\u00c9paisseur du film<\/th>\n<\/tr>\n<tr>\n<td style=\"padding:8px 12px; border:1px solid #BDBDBD;\">2%<\/td>\n<td style=\"padding:8px 12px; border:1px solid #BDBDBD;\">Trempage : 0,1\u20130,2 microns \/ Pulv\u00e9risation : non applicable<\/td>\n<\/tr>\n<tr style=\"background:#E6E6E6;\">\n<td style=\"padding:8px 12px; border:1px solid #BDBDBD;\">8%<\/td>\n<td style=\"padding:8px 12px; border:1px solid #BDBDBD;\">Trempage : 0,8\u20131 microns \/ Pulv\u00e9risation : non applicable<\/td>\n<\/tr>\n<\/table>\n<p><!-- PROPRI\u00c9T\u00c9S DU LIQUIDE Section --><\/p>\n<div style=\"font-weight:bold; text-transform:uppercase; border-bottom:2px solid #9DBB2F; padding-bottom:6px; margin:30px 0 10px 0;\">\n  PROPRI\u00c9T\u00c9S DU LIQUIDE\n<\/div>\n<table width=\"100%\" cellpadding=\"0\" cellspacing=\"0\" style=\"border-collapse:collapse; width:100%; max-width:100%;\">\n<tr>\n<th align=\"left\" style=\"background:#7A7A7A; color:#fff; padding:8px 12px; border:1px solid #BDBDBD;\">CARACT\u00c9RISTIQUES<\/th>\n<th align=\"left\" style=\"background:#7A7A7A; color:#fff; padding:8px 12px; border:1px solid #BDBDBD;\">VALEURS<\/th>\n<\/tr>\n<tr>\n<td style=\"padding:8px 12px; border:1px solid #BDBDBD;\">Nature chimique<\/td>\n<td style=\"padding:8px 12px; border:1px solid #BDBDBD;\">Fluoropolym\u00e8re<\/td>\n<\/tr>\n<tr style=\"background:#E6E6E6;\">\n<td style=\"padding:8px 12px; border:1px solid #BDBDBD;\">Apparence<\/td>\n<td style=\"padding:8px 12px; border:1px solid #BDBDBD;\">Clair \u00e0 l\u00e9g\u00e8rement trouble<\/td>\n<\/tr>\n<tr>\n<td style=\"padding:8px 12px; border:1px solid #BDBDBD;\">Masse volumique (g\/cm\u00b3) \u00e0 20\u00b0C<\/td>\n<td style=\"padding:8px 12px; border:1px solid #BDBDBD;\">1,4<\/td>\n<\/tr>\n<tr style=\"background:#E6E6E6;\">\n<td style=\"padding:8px 12px; border:1px solid #BDBDBD;\">Type de solvant<\/td>\n<td style=\"padding:8px 12px; border:1px solid #BDBDBD;\">Hydrofluoro\u00e9ther<\/td>\n<\/tr>\n<tr>\n<td style=\"padding:8px 12px; border:1px solid #BDBDBD;\">Nom du produit solvant<\/td>\n<td style=\"padding:8px 12px; border:1px solid #BDBDBD;\">DILUENT 10D<\/td>\n<\/tr>\n<tr style=\"background:#E6E6E6;\">\n<td style=\"padding:8px 12px; border:1px solid #BDBDBD;\">Point d\u2019\u00e9bullition du solvant<\/td>\n<td style=\"padding:8px 12px; border:1px solid #BDBDBD;\">61\u00b0C \/ 142\u00b0F<\/td>\n<\/tr>\n<tr>\n<td style=\"padding:8px 12px; border:1px solid #BDBDBD;\">Point \u00e9clair<\/td>\n<td style=\"padding:8px 12px; border:1px solid #BDBDBD;\">Aucun<\/td>\n<\/tr>\n<tr style=\"background:#E6E6E6;\">\n<td style=\"padding:8px 12px; border:1px solid #BDBDBD;\">Viscosit\u00e9 (cSt)<\/td>\n<td style=\"padding:8px 12px; border:1px solid #BDBDBD;\">~1<\/td>\n<\/tr>\n<tr>\n<td style=\"padding:8px 12px; border:1px solid #BDBDBD;\">Tension de surface (mN\/m ou dynes\/cm)<\/td>\n<td style=\"padding:8px 12px; border:1px solid #BDBDBD;\">13,6<\/td>\n<\/tr>\n<\/table>\n<p><!-- PROPRI\u00c9T\u00c9S DU FILM Section --><\/p>\n<div style=\"font-weight:bold; text-transform:uppercase; border-bottom:2px solid #9DBB2F; padding-bottom:6px; margin:30px 0 10px 0;\">\n  PROPRI\u00c9T\u00c9S DU FILM\n<\/div>\n<table width=\"100%\" cellpadding=\"0\" cellspacing=\"0\" style=\"border-collapse:collapse; width:100%; max-width:100%;\">\n<tr>\n<th align=\"left\" style=\"background:#7A7A7A; color:#fff; padding:8px 12px; border:1px solid #BDBDBD;\">CARACT\u00c9RISTIQUES<\/th>\n<th align=\"left\" style=\"background:#7A7A7A; color:#fff; padding:8px 12px; border:1px solid #BDBDBD;\">VALEURS<\/th>\n<\/tr>\n<tr>\n<td style=\"padding:8px 12px; border:1px solid #BDBDBD;\">Apparence<\/td>\n<td style=\"padding:8px 12px; border:1px solid #BDBDBD;\">Clair, incolore<\/td>\n<\/tr>\n<tr style=\"background:#E6E6E6;\">\n<td style=\"padding:8px 12px; border:1px solid #BDBDBD;\">\u00c9nergie de surface (dynes\/cm)<\/td>\n<td style=\"padding:8px 12px; border:1px solid #BDBDBD;\">5\u201310<\/td>\n<\/tr>\n<tr>\n<td style=\"padding:8px 12px; border:1px solid #BDBDBD;\">Angle de contact (ASTM D7334-08)<\/td>\n<td style=\"padding:8px 12px; border:1px solid #BDBDBD;\">Eau 120\u00b0 \u2013 Huile 80\u00b0<\/td>\n<\/tr>\n<tr style=\"background:#E6E6E6;\">\n<td style=\"padding:8px 12px; border:1px solid #BDBDBD;\">Stabilit\u00e9 \u00e0 la chaleur<\/td>\n<td style=\"padding:8px 12px; border:1px solid #BDBDBD;\">150\u00b0C en continu \/ 250\u00b0C pendant 1 heure<\/td>\n<\/tr>\n<tr>\n<td style=\"padding:8px 12px; border:1px solid #BDBDBD;\">R\u00e9parabilit\u00e9 par soudure<\/td>\n<td style=\"padding:8px 12px; border:1px solid #BDBDBD;\">Oui<\/td>\n<\/tr>\n<tr style=\"background:#E6E6E6;\">\n<td style=\"padding:8px 12px; border:1px solid #BDBDBD;\">R\u00e9sistance aux solvants et aux produits chimiques<\/td>\n<td style=\"padding:8px 12px; border:1px solid #BDBDBD;\">Excellente<\/td>\n<\/tr>\n<tr>\n<td style=\"padding:8px 12px; border:1px solid #BDBDBD;\">Indice de r\u00e9fraction<\/td>\n<td style=\"padding:8px 12px; border:1px solid #BDBDBD;\">~1,35<\/td>\n<\/tr>\n<tr style=\"background:#E6E6E6;\">\n<td style=\"padding:8px 12px; border:1px solid #BDBDBD;\">Tg (temp\u00e9rature de transition vitreuse)<\/td>\n<td style=\"padding:8px 12px; border:1px solid #BDBDBD;\">75\u00b0C<\/td>\n<\/tr>\n<tr>\n<td style=\"padding:8px 12px; border:1px solid #BDBDBD;\">Rigidit\u00e9 di\u00e9lectrique<\/td>\n<td style=\"padding:8px 12px; border:1px solid #BDBDBD;\">2500 V\/mil (2500 V\/25\u03bcm)<\/td>\n<\/tr>\n<tr style=\"background:#E6E6E6;\">\n<td style=\"padding:8px 12px; border:1px solid #BDBDBD;\">Constante di\u00e9lectrique<\/td>\n<td style=\"padding:8px 12px; border:1px solid #BDBDBD;\">2,25 @100 KHz<\/td>\n<\/tr>\n<tr>\n<td style=\"padding:8px 12px; border:1px solid #BDBDBD;\">Facteur de dissipation<\/td>\n<td style=\"padding:8px 12px; border:1px solid #BDBDBD;\">0,016 @100 KHz<\/td>\n<\/tr>\n<tr style=\"background:#E6E6E6;\">\n<td style=\"padding:8px 12px; border:1px solid #BDBDBD;\">R\u00e9sistivit\u00e9 volumique<\/td>\n<td style=\"padding:8px 12px; border:1px solid #BDBDBD;\">4,5 \u00d7 10\u00b9\u2075 \u03a9\u00b7cm<\/td>\n<\/tr>\n<tr>\n<td style=\"padding:8px 12px; border:1px solid #BDBDBD;\">Certificats d\u2019ininflammabilit\u00e9<\/td>\n<td style=\"padding:8px 12px; border:1px solid #BDBDBD;\">UL94 V-0 \/ NF EN 60695-11-10<BR>Fichier UL:  E547067<\/td>\n<\/tr>\n<\/table>\n","protected":false},"excerpt":{"rendered":"<ul>\n<li>Rev\u00eatement ultra-fins<\/li>\n<li>Proc\u00e9d\u00e9 de trempage<\/li>\n<li>Avec traceur UV<\/li>\n<\/ul>\n","protected":false},"featured_media":2569,"comment_status":"closed","ping_status":"closed","template":"","meta":{"_acf_changed":false,"inline_featured_image":false},"product_brand":[],"product_cat":[951,904],"product_tag":[4634,4638,1760,4650,4646,3745,1821,1820,5671,4654,4658,4277,4666,4670,1822,1823,5673,5672,1794],"class_list":{"0":"post-31501","1":"product","2":"type-product","3":"status-publish","4":"has-post-thumbnail","6":"product_cat-revetements","7":"product_cat-revetements-ultra-fins","8":"product_tag-appliquer-au-pinceau","9":"product_tag-appliquer-par-immersion","10":"product_tag-coat-fr","11":"product_tag-composants-electroniques","12":"product_tag-durcissement","13":"product_tag-pcb-fr","14":"product_tag-promosolv-fr","15":"product_tag-promosolv-coat-ut10-uv-fr","16":"product_tag-promosolv-coat-ut10d-uv","17":"product_tag-reparable","18":"product_tag-reparable-a-travers-la-soudure","19":"product_tag-revetements-fr","20":"product_tag-revetements-ultra-fins-fr","21":"product_tag-traceur-uv","22":"product_tag-ut-10-fr","23":"product_tag-ut-10-uv-fr","24":"product_tag-ut10d","25":"product_tag-ut10d-uv","26":"product_tag-uv-fr","27":"pa_application-pcb-composants-electroniques","28":"pa_brand-promosolv-coat-fr","29":"pa_features-reparable-par-soudure-traversante","30":"pa_features-traceur-uv","31":"pa_processes-ppplication-au-pinceau","32":"pa_processes-application-par-trempage","33":"pa_processes-polymerisation-a-temperature-ambiante","34":"pa_product-category-revetements-ultra-fins","36":"first","37":"instock","38":"shipping-taxable","39":"product-type-simple"},"acf":[],"_links":{"self":[{"href":"https:\/\/www.inventec.dehon.com\/fr\/wp-json\/wp\/v2\/product\/31501","targetHints":{"allow":["GET"]}}],"collection":[{"href":"https:\/\/www.inventec.dehon.com\/fr\/wp-json\/wp\/v2\/product"}],"about":[{"href":"https:\/\/www.inventec.dehon.com\/fr\/wp-json\/wp\/v2\/types\/product"}],"replies":[{"embeddable":true,"href":"https:\/\/www.inventec.dehon.com\/fr\/wp-json\/wp\/v2\/comments?post=31501"}],"wp:featuredmedia":[{"embeddable":true,"href":"https:\/\/www.inventec.dehon.com\/fr\/wp-json\/wp\/v2\/media\/2569"}],"wp:attachment":[{"href":"https:\/\/www.inventec.dehon.com\/fr\/wp-json\/wp\/v2\/media?parent=31501"}],"wp:term":[{"taxonomy":"product_brand","embeddable":true,"href":"https:\/\/www.inventec.dehon.com\/fr\/wp-json\/wp\/v2\/product_brand?post=31501"},{"taxonomy":"product_cat","embeddable":true,"href":"https:\/\/www.inventec.dehon.com\/fr\/wp-json\/wp\/v2\/product_cat?post=31501"},{"taxonomy":"product_tag","embeddable":true,"href":"https:\/\/www.inventec.dehon.com\/fr\/wp-json\/wp\/v2\/product_tag?post=31501"}],"curies":[{"name":"wp","href":"https:\/\/api.w.org\/{rel}","templated":true}]}}