{"id":31257,"date":"2025-09-05T07:21:32","date_gmt":"2025-09-05T07:21:32","guid":{"rendered":"https:\/\/www.inventec.dehon.com\/?post_type=product&#038;p=31257"},"modified":"2026-03-16T12:45:29","modified_gmt":"2026-03-16T11:45:29","slug":"promosolv-de2","status":"publish","type":"product","link":"https:\/\/www.inventec.dehon.com\/fr\/product\/promosolv-de2\/","title":{"rendered":"PROMOSOLV DE2"},"content":{"rendered":"<p><img decoding=\"async\" src=\"https:\/\/www.inventec.dehon.com\/wp-content\/uploads\/2021\/03\/PROMOSOLV-drum-colorless-Ecoprog-600x600.png\" alt=\"PROMOSOLV DE2\" class=\"responsive-img\" align=\"right\" style=\"border-radius:10px; margin-bottom:10px; margin-top:-10px; margin-left:15px; width:300px\" \/><\/p>\n<h2 style=\"color: #9bc947; margin-bottom: 15px;\">Solvant pour l\u2019\u00e9limination des cires, particules, huiles et graisses<\/h2>\n<ul>\n<li>\u00c9limination d&rsquo;une large gamme de contaminants<\/li>\n<li>Proc\u00e9d\u00e9 phase vapeur<\/li>\n<li>Alternative au 3M Novec 72DE<\/li>\n<\/ul>\n<h5>PROMOSOLV DE2<\/h5>\n<p>A \u00e9t\u00e9 d\u00e9velopp\u00e9 comme un substitut direct au trichlor\u00e9thyl\u00e8ne, au NPB et \u00e0 d\u2019autres solvants ayant un fort impact sur la sant\u00e9, la s\u00e9curit\u00e9 et l\u2019environnement. Tout en r\u00e9duisant substantiellement l\u2019impact HSE, le pouvoir d\u00e9graissant est d\u2019un niveau \u00e9quivalent. La tr\u00e8s faible tension superficielle permet de p\u00e9n\u00e9trer dans les espaces tr\u00e8s \u00e9troits ou difficiles d&rsquo;acc\u00e8s, en assurant un nettoyage et un rin\u00e7age en profondeur.<\/p>\n<p>Il est destin\u00e9 \u00e0 \u00e9liminer la plupart des huiles et des graisses, \u00e0 l&rsquo;exception des lubrifiants \u00e0 base d&rsquo;eau. De plus, il convient pour \u00e9liminer les cires et les particules. Selon la nature des mat\u00e9riaux polym\u00e9ris\u00e9s, certains vernis, adh\u00e9sifs, encres et peintures peuvent \u00e9galement \u00eatre \u00e9limin\u00e9s. De plus, il est <strong>\u00e9quivalent au 3M Novec 72DE<\/strong>, d\u00e9sormais retir\u00e9 du march\u00e9, car il pr\u00e9sente la m\u00eame proportion de composants et les m\u00eames propri\u00e9t\u00e9s.<\/p>\n<p>Compatible avec tous les m\u00e9taux et alliages, y compris les plus sensibles. Il offre \u00e9galement une bonne compatibilit\u00e9 avec la plupart des plastiques et \u00e9lastom\u00e8res, cependant il est n\u00e9cessaire d&rsquo;effectuer un test avant utilisation.<\/p>\n<p>Le <strong>PROMOSOLV DE2<\/strong> a \u00e9t\u00e9 formul\u00e9 dans un souci de s\u00e9curit\u00e9. Sa composition poss\u00e8de d&rsquo;excellentes propri\u00e9t\u00e9s de suppression de l&rsquo;inflammabilit\u00e9 et est une formulation az\u00e9otropique, ce qui lui conf\u00e8re une tr\u00e8s grande stabilit\u00e9 lorsqu&rsquo;elle est utilis\u00e9e dans un \u00e9quipement. Certains produits sur le march\u00e9 peuvent perdre leur compos\u00e9 de suppression de l&rsquo;inflammabilit\u00e9 en raison de l&rsquo;\u00e9vaporation lorsqu&rsquo;ils sont utilis\u00e9s dans un \u00e9quipement.<\/p>\n<div style=\"font-family:Lato, sans-serif; color:#333;\">\n<p>  <!-- SP\u00c9CIFICATIONS Section --><\/p>\n<div style=\"font-weight:bold; text-transform:uppercase; border-bottom:2px solid #9DBB2F; padding-bottom:6px; margin-bottom:10px;\">\n    SP\u00c9CIFICATIONS\n  <\/div>\n<table width=\"100%\" cellpadding=\"0\" cellspacing=\"0\" style=\"border-collapse:collapse; width:100%; max-width:100%;\">\n<tr>\n<th align=\"left\" style=\"background:#7A7A7A; color:#fff; padding:8px 12px; border:1px solid #BDBDBD;\">SP\u00c9CIFICATIONS<\/th>\n<th align=\"left\" style=\"background:#7A7A7A; color:#fff; padding:8px 12px; border:1px solid #BDBDBD;\">VALEURS<\/th>\n<th align=\"left\" style=\"background:#7A7A7A; color:#fff; padding:8px 12px; border:1px solid #BDBDBD;\">M\u00c9THODES<\/th>\n<\/tr>\n<tr>\n<td style=\"padding:8px 12px; border:1px solid #BDBDBD;\">Aspect<\/td>\n<td style=\"padding:8px 12px; border:1px solid #BDBDBD;\">Transparent, incolore<\/td>\n<td style=\"padding:8px 12px; border:1px solid #BDBDBD;\">Visuelle<\/td>\n<\/tr>\n<tr style=\"background:#E6E6E6;\">\n<td style=\"padding:8px 12px; border:1px solid #BDBDBD;\">Puret\u00e9 (% poids)<\/td>\n<td style=\"padding:8px 12px; border:1px solid #BDBDBD;\">&gt;99.5<\/td>\n<td style=\"padding:8px 12px; border:1px solid #BDBDBD;\">Interne \/ BRY-MO-121<\/td>\n<\/tr>\n<\/table>\n<p>  <!-- CARACT\u00c9RISTIQUES Section --><\/p>\n<div style=\"font-weight:bold; text-transform:uppercase; border-bottom:2px solid #9DBB2F; padding-bottom:6px; margin:30px 0 10px 0;\">\n    CARACT\u00c9RISTIQUES\n  <\/div>\n<table width=\"100%\" cellpadding=\"0\" cellspacing=\"0\" style=\"border-collapse:collapse; width:100%; max-width:100%;\">\n<tr>\n<th align=\"left\" style=\"background:#7A7A7A; color:#fff; padding:8px 12px; border:1px solid #BDBDBD;\">CARACT\u00c9RISTIQUES<\/th>\n<th align=\"left\" style=\"background:#7A7A7A; color:#fff; padding:8px 12px; border:1px solid #BDBDBD;\">VALEURS<\/th>\n<\/tr>\n<tr>\n<td style=\"padding:8px 12px; border:1px solid #BDBDBD;\">Point d&rsquo;\u00e9bullition<\/td>\n<td style=\"padding:8px 12px; border:1px solid #BDBDBD;\">44\u00b0C \/ 111\u00b0F<\/td>\n<\/tr>\n<tr style=\"background:#E6E6E6;\">\n<td style=\"padding:8px 12px; border:1px solid #BDBDBD;\">Tension de surface (dynes\/cm)<\/td>\n<td style=\"padding:8px 12px; border:1px solid #BDBDBD;\">19<\/td>\n<\/tr>\n<tr>\n<td style=\"padding:8px 12px; border:1px solid #BDBDBD;\">Point \u00e9clair<\/td>\n<td style=\"padding:8px 12px; border:1px solid #BDBDBD;\">Aucun<\/td>\n<\/tr>\n<tr style=\"background:#E6E6E6;\">\n<td style=\"padding:8px 12px; border:1px solid #BDBDBD;\">Masse volumique (g\/cm3)<\/td>\n<td style=\"padding:8px 12px; border:1px solid #BDBDBD;\">1.28<\/td>\n<\/tr>\n<tr>\n<td style=\"padding:8px 12px; border:1px solid #BDBDBD;\">Viscosit\u00e9 (cSt)<\/td>\n<td style=\"padding:8px 12px; border:1px solid #BDBDBD;\">0.35<\/td>\n<\/tr>\n<tr style=\"background:#E6E6E6;\">\n<td style=\"padding:8px 12px; border:1px solid #BDBDBD;\">Chaleur de vaporisation (Cal\/g au point d&rsquo;\u00e9bullition)<\/td>\n<td style=\"padding:8px 12px; border:1px solid #BDBDBD;\">52<\/td>\n<\/tr>\n<\/table>\n<\/div>\n","protected":false},"excerpt":{"rendered":"<ul>\n<li>\u00c9limination d&rsquo;une large gamme de contaminants<\/li>\n<li>Proc\u00e9d\u00e9 phase vapeur<\/li>\n<li>Alternative au 3M Novec 72DE<\/li>\n<\/ul>\n","protected":false},"featured_media":2276,"comment_status":"closed","ping_status":"closed","template":"","meta":{"_acf_changed":false,"inline_featured_image":false},"product_brand":[],"product_cat":[2827,2826,2834,742,953],"product_tag":[4481,3473,4485,4321,4393,4409,4184,4369,4767,3472,4598,500],"class_list":{"0":"post-31257","1":"product","2":"type-product","3":"status-publish","4":"has-post-thumbnail","6":"product_cat-degraissage-de-divers-composants-metalliques","7":"product_cat-deshuilage-de-divers-composants-metalliques","8":"product_cat-elimination-de-la-cire-apres-polissage","9":"product_cat-elimination-des-particules","10":"product_cat-nettoyage","11":"product_tag-cire-fr","12":"product_tag-de2-fr","13":"product_tag-elimination-de-la-cire-fr","14":"product_tag-elimination-des-graisses-fr","15":"product_tag-elimination-des-huiles-fr","16":"product_tag-elimination-des-particules-fr","17":"product_tag-liquides-de-nettoyage-solvants-fr","18":"product_tag-mono-solvant","19":"product_tag-phase-vapeur","20":"product_tag-promosolv-de2-fr","21":"product_tag-recyclable","22":"product_tag-solvant","23":"pa_application-elimination-de-la-cire","24":"pa_application-elimination-des-graisses","25":"pa_application-elimination-des-huiles","26":"pa_application-elimination-des-particules","27":"pa_brand-promosolv-fr-2","28":"pa_features-adapte-aux-bases-hydrocarbonees","29":"pa_features-recyclable","30":"pa_processes-mono-solvant","31":"pa_product-category-liquides-de-nettoyage-solvants","33":"first","34":"instock","35":"shipping-taxable","36":"product-type-simple"},"acf":[],"_links":{"self":[{"href":"https:\/\/www.inventec.dehon.com\/fr\/wp-json\/wp\/v2\/product\/31257","targetHints":{"allow":["GET"]}}],"collection":[{"href":"https:\/\/www.inventec.dehon.com\/fr\/wp-json\/wp\/v2\/product"}],"about":[{"href":"https:\/\/www.inventec.dehon.com\/fr\/wp-json\/wp\/v2\/types\/product"}],"replies":[{"embeddable":true,"href":"https:\/\/www.inventec.dehon.com\/fr\/wp-json\/wp\/v2\/comments?post=31257"}],"wp:featuredmedia":[{"embeddable":true,"href":"https:\/\/www.inventec.dehon.com\/fr\/wp-json\/wp\/v2\/media\/2276"}],"wp:attachment":[{"href":"https:\/\/www.inventec.dehon.com\/fr\/wp-json\/wp\/v2\/media?parent=31257"}],"wp:term":[{"taxonomy":"product_brand","embeddable":true,"href":"https:\/\/www.inventec.dehon.com\/fr\/wp-json\/wp\/v2\/product_brand?post=31257"},{"taxonomy":"product_cat","embeddable":true,"href":"https:\/\/www.inventec.dehon.com\/fr\/wp-json\/wp\/v2\/product_cat?post=31257"},{"taxonomy":"product_tag","embeddable":true,"href":"https:\/\/www.inventec.dehon.com\/fr\/wp-json\/wp\/v2\/product_tag?post=31257"}],"curies":[{"name":"wp","href":"https:\/\/api.w.org\/{rel}","templated":true}]}}