{"id":30957,"date":"2025-09-01T09:34:57","date_gmt":"2025-09-01T09:34:57","guid":{"rendered":"https:\/\/www.inventec.dehon.com\/?post_type=product&#038;p=30957"},"modified":"2026-01-22T16:12:20","modified_gmt":"2026-01-22T15:12:20","slug":"promosolv-coat-diluent-10d","status":"publish","type":"product","link":"https:\/\/www.inventec.dehon.com\/fr\/product\/promosolv-coat-diluent-10d\/","title":{"rendered":"PROMOSOLV COAT DILUENT 10D"},"content":{"rendered":"<p><img decoding=\"async\" src=\"https:\/\/www.inventec.dehon.com\/wp-content\/uploads\/2025\/09\/Promosolv-Coat-Range-Jerrycan-600x600.jpg\" alt=\"PROMOSOLV COAT DILUENT 10D\" class=\"responsive-img\" align=\"right\" style=\"border-radius:10px; margin-bottom:10px; margin-top:-10px; margin-left:15px; width:300px\" \/><\/p>\n<h2 style=\"color:#9bc947; margin-bottom:15px\">Solvant porteur haute performance pour rev\u00eatements ultra-fins<\/h2>\n<ul>\n<li>Solvant pour diluer le rev\u00eatement UT10D<\/li>\n<li>Proc\u00e9d\u00e9 de trempage<\/li>\n<li>Ininflammable<\/li>\n<\/ul>\n<h5>PROMOSOLV COAT DILUENT 10D<\/h5>\n<p>Est utilis\u00e9 pour diluer nos vernis ultra-fins UT10D et UT10D-UV. G\u00e9n\u00e9ralement utilis\u00e9 lorsque la teneur en solides est trop \u00e9lev\u00e9e en raison de l&rsquo;\u00e9vaporation du solvant. L&rsquo;ajout du <strong>DILUENT 10D<\/strong> permet de r\u00e9duire la teneur en mati\u00e8res solides et, par cons\u00e9quent, l&rsquo;\u00e9paisseur du rev\u00eatement. Le <strong>PROMOSOLV COAT DILUENT 10D<\/strong> peut \u00e9galement \u00eatre utilis\u00e9 pour enlever le rev\u00eatement ou pour nettoyer les buses et l&rsquo;\u00e9quipement.<\/p>\n<p><!-- PROPRI\u00c9T\u00c9S Section --><\/p>\n<div style=\"font-weight:bold; text-transform:uppercase; border-bottom:2px solid #9DBB2F; padding-bottom:6px; margin-bottom:10px;\">\n  PROPRI\u00c9T\u00c9S\n<\/div>\n<table width=\"100%\" cellpadding=\"0\" cellspacing=\"0\" style=\"border-collapse:collapse; width:100%; max-width:100%;\">\n<tr>\n<th align=\"left\" style=\"background:#7A7A7A; color:#fff; padding:8px 12px; border:1px solid #BDBDBD;\">\n      Caract\u00e9ristiques\n    <\/th>\n<th align=\"left\" style=\"background:#7A7A7A; color:#fff; padding:8px 12px; border:1px solid #BDBDBD;\">\n      PROMOSOLV COAT DILUENT 10D\n    <\/th>\n<\/tr>\n<tr>\n<td style=\"padding:8px 12px; border:1px solid #BDBDBD;\">Nature chimique<\/td>\n<td style=\"padding:8px 12px; border:1px solid #BDBDBD;\">Fluoropolym\u00e8re<\/td>\n<\/tr>\n<tr style=\"background:#E6E6E6;\">\n<td style=\"padding:8px 12px; border:1px solid #BDBDBD;\">Apparence<\/td>\n<td style=\"padding:8px 12px; border:1px solid #BDBDBD;\">Clair \u00e0 l\u00e9g\u00e8rement trouble<\/td>\n<\/tr>\n<tr>\n<td style=\"padding:8px 12px; border:1px solid #BDBDBD;\">Masse volumique (g\/cm\u00b3) \u00e0 20\u00b0C<\/td>\n<td style=\"padding:8px 12px; border:1px solid #BDBDBD;\">1,5<\/td>\n<\/tr>\n<tr style=\"background:#E6E6E6;\">\n<td style=\"padding:8px 12px; border:1px solid #BDBDBD;\">Type de solvant<\/td>\n<td style=\"padding:8px 12px; border:1px solid #BDBDBD;\">Hydrofluoro\u00e9ther<\/td>\n<\/tr>\n<tr>\n<td style=\"padding:8px 12px; border:1px solid #BDBDBD;\">Point d&rsquo;\u00e9bullition du solvant<\/td>\n<td style=\"padding:8px 12px; border:1px solid #BDBDBD;\">60\u201362\u00b0C<\/td>\n<\/tr>\n<tr style=\"background:#E6E6E6;\">\n<td style=\"padding:8px 12px; border:1px solid #BDBDBD;\">Point \u00e9clair<\/td>\n<td style=\"padding:8px 12px; border:1px solid #BDBDBD;\">Aucun<\/td>\n<\/tr>\n<tr>\n<td style=\"padding:8px 12px; border:1px solid #BDBDBD;\">Viscosit\u00e9 (cSt)<\/td>\n<td style=\"padding:8px 12px; border:1px solid #BDBDBD;\">~1<\/td>\n<\/tr>\n<\/table>\n","protected":false},"excerpt":{"rendered":"<ul>\n<li>Solvant pour diluer le rev\u00eatement UT10<\/li>\n<li>Proc\u00e9d\u00e9 de trempage<\/li>\n<li>Ininflammable<\/li>\n<\/ul>\n","protected":false},"featured_media":30952,"comment_status":"closed","ping_status":"closed","template":"","meta":{"_acf_changed":false,"inline_featured_image":false},"product_brand":[],"product_cat":[951,904],"product_tag":[4638,4642,3079,4662,1729,3080,4674,4385,3078,4453,4277],"class_list":{"0":"post-30957","1":"product","2":"type-product","3":"status-publish","4":"has-post-thumbnail","6":"product_cat-revetements","7":"product_cat-revetements-ultra-fins","8":"product_tag-appliquer-par-immersion","9":"product_tag-appliquer-par-pulverisation-selective","10":"product_tag-coat-diluent-10d-fr","11":"product_tag-diluants-fr","12":"product_tag-diluent-fr","13":"product_tag-diluent-10d-fr","14":"product_tag-dilution","15":"product_tag-non-inflammable","16":"product_tag-promosolv-coat-diluent-10d-fr","17":"product_tag-pulverisation","18":"product_tag-revetements-fr","19":"pa_brand-promosolv-coat-fr","20":"pa_processes-application-par-trempage","21":"pa_product-category-diluants","23":"first","24":"instock","25":"shipping-taxable","26":"product-type-simple"},"acf":[],"_links":{"self":[{"href":"https:\/\/www.inventec.dehon.com\/fr\/wp-json\/wp\/v2\/product\/30957","targetHints":{"allow":["GET"]}}],"collection":[{"href":"https:\/\/www.inventec.dehon.com\/fr\/wp-json\/wp\/v2\/product"}],"about":[{"href":"https:\/\/www.inventec.dehon.com\/fr\/wp-json\/wp\/v2\/types\/product"}],"replies":[{"embeddable":true,"href":"https:\/\/www.inventec.dehon.com\/fr\/wp-json\/wp\/v2\/comments?post=30957"}],"wp:featuredmedia":[{"embeddable":true,"href":"https:\/\/www.inventec.dehon.com\/fr\/wp-json\/wp\/v2\/media\/30952"}],"wp:attachment":[{"href":"https:\/\/www.inventec.dehon.com\/fr\/wp-json\/wp\/v2\/media?parent=30957"}],"wp:term":[{"taxonomy":"product_brand","embeddable":true,"href":"https:\/\/www.inventec.dehon.com\/fr\/wp-json\/wp\/v2\/product_brand?post=30957"},{"taxonomy":"product_cat","embeddable":true,"href":"https:\/\/www.inventec.dehon.com\/fr\/wp-json\/wp\/v2\/product_cat?post=30957"},{"taxonomy":"product_tag","embeddable":true,"href":"https:\/\/www.inventec.dehon.com\/fr\/wp-json\/wp\/v2\/product_tag?post=30957"}],"curies":[{"name":"wp","href":"https:\/\/api.w.org\/{rel}","templated":true}]}}