{"id":29476,"date":"2025-06-23T12:18:53","date_gmt":"2025-06-23T12:18:53","guid":{"rendered":"https:\/\/www.inventec.dehon.com\/?post_type=product&#038;p=29476"},"modified":"2026-01-29T10:25:49","modified_gmt":"2026-01-29T09:25:49","slug":"promosolv-dr3-bo","status":"publish","type":"product","link":"https:\/\/www.inventec.dehon.com\/fr\/product\/promosolv-dr3-bo\/","title":{"rendered":"PROMOSOLV DR3\/BO"},"content":{"rendered":"<p><img decoding=\"async\" src=\"https:\/\/www.inventec.dehon.com\/wp-content\/uploads\/2021\/03\/PROMOSOLV-drum-colorless-Ecoprog-600x600.png\" alt=\"PROMOSOLV DR3\/BO\" class=\"responsive-img\" align=\"right\" style=\"border-radius:10px; margin-bottom:10px; margin-top:-10px; margin-left:15px; width:300px\" \/><\/p>\n<h2 style=\"color:#9bc947; margin-bottom:15px\">Solvant de nettoyage et de rin\u00e7age l\u00e9ger<\/h2>\n<ul>\n<li>Nettoyage l\u00e9ger<\/li>\n<li>Proc\u00e9d\u00e9 solvants<\/li>\n<li>RNV Ultra bas<\/li>\n<li>Approuv\u00e9 selon Boeing DPM8853<\/li>\n<li>Conforme \u00e0 la norme A-A-59150<\/li>\n<li>3M Novec 7100 remplacement<\/li>\n<\/ul>\n<h5>PROMOSOLV DR3\/BO<\/h5>\n<p>Est un fluide de nettoyage \u00e0 base de solvant non inflammable, d\u00e9di\u00e9 au nettoyage l\u00e9ger et \u00e0 l\u2019\u00e9limination des particules.<\/p>\n<p>Il poss\u00e8de les m\u00eames propri\u00e9t\u00e9s chimiques que le <a href=\"https:\/\/www.inventec.dehon.com\/fr\/product\/promosolv-dr3\/\">PROMOSOLV DR3<\/a> mais avec l\u2019avantage suppl\u00e9mentaire d\u2019avoir un RNV ultra bas. Cela le rend particuli\u00e8rement adapt\u00e9 au nettoyage ou au rin\u00e7age d\u2019applications tr\u00e8s sensibles telles que les syst\u00e8mes de distribution d\u2019oxyg\u00e8ne et la fabrication de disques durs.<\/p>\n<p>La tr\u00e8s faible tension de surface permet de p\u00e9n\u00e9trer dans des espaces \u00e9troits ou difficiles d\u2019acc\u00e8s, assurant un nettoyage en profondeur et complet.<\/p>\n<p>Le <strong>PROMOSOLV DR3\/BO<\/strong> est compatible avec tous les m\u00e9taux et alliages, y compris les plus sensibles. Il offre \u00e9galement une bonne compatibilit\u00e9 avec la plupart des plastiques et \u00e9lastom\u00e8res, cependant il est n\u00e9cessaire d&rsquo;effectuer un test avant utilisation.<\/p>\n<p>Le <strong>PROMOSOLV DR3\/BO<\/strong> a \u00e9t\u00e9 approuv\u00e9 par Boeing Space et r\u00e9pond \u00e0 la sp\u00e9cification NPFC &#8211; A-A-59150 Compos\u00e9 nettoyant, Solvant, Hydrofluoro\u00e9ther (HFE) et Boeing DPM 8853.<\/p>\n<p>En r\u00e8gle g\u00e9n\u00e9rale, il peut \u00eatre utilis\u00e9 pour le <strong>nettoyage des outils \u00e0 oxyg\u00e8ne,<\/strong> le <strong>nettoyage des jauges des syst\u00e8mes d&rsquo;oxyg\u00e8ne<\/strong>, <strong>les syst\u00e8mes de stockage et de distribution d&rsquo;oxyg\u00e8ne<\/strong>, <strong>la v\u00e9rification et le nettoyage des syst\u00e8mes d&rsquo;oxyg\u00e8ne des engins spatiaux<\/strong>, les applications de commande de l&rsquo;aviation et des missiles, les syst\u00e8mes d&rsquo;air comprim\u00e9 \u00e0 bord des navires, le d\u00e9p\u00f4t de lubrifiants et d&rsquo;additifs lubrifiants sur les supports de disque dur, le nettoyage des ensembles de t\u00eate de cardan, l&rsquo;\u00e9limination des particules dans les appareils de haute fiabilit\u00e9 et les \u00e9quipements de comptage de particules.<\/p>\n<div style=\"font-family:Lato, sans-serif; color:#333;\">\n<p>  <!-- SP\u00c9CIFICATIONS Section --><\/p>\n<div style=\"font-weight:bold; text-transform:uppercase; border-bottom:2px solid #9DBB2F; padding-bottom:6px; margin-bottom:10px;\">\n    SP\u00c9CIFICATIONS\n  <\/div>\n<table width=\"100%\" cellpadding=\"0\" cellspacing=\"0\" style=\"border-collapse:collapse; width:100%; max-width:100%;\">\n<tr>\n<th align=\"left\" style=\"background:#7A7A7A; color:#fff; padding:8px 12px; border:1px solid #BDBDBD;\">SP\u00c9CIFICATIONS<\/th>\n<th align=\"left\" style=\"background:#7A7A7A; color:#fff; padding:8px 12px; border:1px solid #BDBDBD;\">VALEURS<\/th>\n<th align=\"left\" style=\"background:#7A7A7A; color:#fff; padding:8px 12px; border:1px solid #BDBDBD;\">M\u00c9THODES<\/th>\n<\/tr>\n<tr>\n<td style=\"padding:8px 12px; border:1px solid #BDBDBD;\">Aspect<\/td>\n<td style=\"padding:8px 12px; border:1px solid #BDBDBD;\">Transparent, incolore<\/td>\n<td style=\"padding:8px 12px; border:1px solid #BDBDBD;\">Visuelle<\/td>\n<\/tr>\n<tr style=\"background:#E6E6E6;\">\n<td style=\"padding:8px 12px; border:1px solid #BDBDBD;\">Puret\u00e9 (% poids)<\/td>\n<td style=\"padding:8px 12px; border:1px solid #BDBDBD;\">>99.5<\/td>\n<td style=\"padding:8px 12px; border:1px solid #BDBDBD;\">Interne \/ BRY-MO-121<\/td>\n<\/tr>\n<tr>\n<td style=\"padding:8px 12px; border:1px solid #BDBDBD;\">Teneur en eau (ppm en poids)<\/td>\n<td style=\"padding:8px 12px; border:1px solid #BDBDBD;\"><50<\/td>\n<td style=\"padding:8px 12px; border:1px solid #BDBDBD;\">Interne \/ BRY-MO-044<\/td>\n<\/tr>\n<tr style=\"background:#E6E6E6;\">\n<td style=\"padding:8px 12px; border:1px solid #BDBDBD;\">R\u00e9sidu non volatil (mg\/L)<\/td>\n<td style=\"padding:8px 12px; border:1px solid #BDBDBD;\"><1<\/td>\n<td style=\"padding:8px 12px; border:1px solid #BDBDBD;\">Interne \/ BRY-MO-131<\/td>\n<\/tr>\n<tr>\n<td style=\"padding:8px 12px; border:1px solid #BDBDBD;\">Indice d\u2019acide (mgKOH\/g)<\/td>\n<td style=\"padding:8px 12px; border:1px solid #BDBDBD;\"><0.01<\/td>\n<td style=\"padding:8px 12px; border:1px solid #BDBDBD;\">Interne \/ BRY-MO-042<\/td>\n<\/tr>\n<tr style=\"background:#E6E6E6;\">\n<td style=\"padding:8px 12px; border:1px solid #BDBDBD;\">Particules<\/td>\n<td style=\"padding:8px 12px; border:1px solid #BDBDBD;\">\n        &gt;5 microns : &lt;3\/ml<br \/>\n        &gt;1 micron : &lt;5\/ml<br \/>\n        &gt;1\/2 micron : &lt;16\/ml\n      <\/td>\n<td style=\"padding:8px 12px; border:1px solid #BDBDBD;\">Interne \/ BRY-MO-125<\/td>\n<\/tr>\n<\/table>\n<p>  <!-- CARACT\u00c9RISTIQUES Section --><\/p>\n<div style=\"font-weight:bold; text-transform:uppercase; border-bottom:2px solid #9DBB2F; padding-bottom:6px; margin:30px 0 10px 0;\">\n    CARACT\u00c9RISTIQUES\n  <\/div>\n<table width=\"100%\" cellpadding=\"0\" cellspacing=\"0\" style=\"border-collapse:collapse; width:100%; max-width:100%;\">\n<tr>\n<th align=\"left\" style=\"background:#7A7A7A; color:#fff; padding:8px 12px; border:1px solid #BDBDBD;\">CARACT\u00c9RISTIQUES<\/th>\n<th align=\"left\" style=\"background:#7A7A7A; color:#fff; padding:8px 12px; border:1px solid #BDBDBD;\">VALEURS<\/th>\n<\/tr>\n<tr>\n<td style=\"padding:8px 12px; border:1px solid #BDBDBD;\">Point d&rsquo;\u00e9bullition<\/td>\n<td style=\"padding:8px 12px; border:1px solid #BDBDBD;\">61\u00b0C\/142\u00b0F<\/td>\n<\/tr>\n<tr style=\"background:#E6E6E6;\">\n<td style=\"padding:8px 12px; border:1px solid #BDBDBD;\">Point de cong\u00e9lation<\/td>\n<td style=\"padding:8px 12px; border:1px solid #BDBDBD;\">-135\u00b0C\/-211\u00b0F<\/td>\n<\/tr>\n<tr>\n<td style=\"padding:8px 12px; border:1px solid #BDBDBD;\">Point \u00e9clair<\/td>\n<td style=\"padding:8px 12px; border:1px solid #BDBDBD;\">Non<\/td>\n<\/tr>\n<tr style=\"background:#E6E6E6;\">\n<td style=\"padding:8px 12px; border:1px solid #BDBDBD;\">Masse volumique (g\/cm3)<\/td>\n<td style=\"padding:8px 12px; border:1px solid #BDBDBD;\">1.52<\/td>\n<\/tr>\n<tr>\n<td style=\"padding:8px 12px; border:1px solid #BDBDBD;\">Tension de surface (dynes\/cm)<\/td>\n<td style=\"padding:8px 12px; border:1px solid #BDBDBD;\">13.6<\/td>\n<\/tr>\n<tr style=\"background:#E6E6E6;\">\n<td style=\"padding:8px 12px; border:1px solid #BDBDBD;\">Pression de vapeur (mm Hg)<\/td>\n<td style=\"padding:8px 12px; border:1px solid #BDBDBD;\">202<\/td>\n<\/tr>\n<tr>\n<td style=\"padding:8px 12px; border:1px solid #BDBDBD;\">Viscosit\u00e9 dynamique (mPa.s)<\/td>\n<td style=\"padding:8px 12px; border:1px solid #BDBDBD;\">0.75<\/td>\n<\/tr>\n<tr style=\"background:#E6E6E6;\">\n<td style=\"padding:8px 12px; border:1px solid #BDBDBD;\">Chaleur latente de vaporisation (kJ\/Kg@bp)<\/td>\n<td style=\"padding:8px 12px; border:1px solid #BDBDBD;\">112<\/td>\n<\/tr>\n<tr>\n<td style=\"padding:8px 12px; border:1px solid #BDBDBD;\">Chaleur sp\u00e9cifique (kJ\/Kg.K)<\/td>\n<td style=\"padding:8px 12px; border:1px solid #BDBDBD;\">1.17<\/td>\n<\/tr>\n<\/table>\n<\/div>\n","protected":false},"excerpt":{"rendered":"<ul>\n<li>Nettoyage l\u00e9ger<\/li>\n<li>Proc\u00e9d\u00e9 solvants<\/li>\n<li>RNV Ultra bas<\/li>\n<li>Approuv\u00e9 selon Boeing DPM8853<\/li>\n<li>Conforme \u00e0 la norme A-A-59150<\/li>\n<li>3M Novec 7100 remplacement<\/li>\n<\/ul>\n<p><a href=\"https:\/\/www.inventec.dehon.com\/wp-content\/uploads\/2021\/12\/GW-Score-10.png\"><img decoding=\"async\" class=\"alignnone wp-image-15251\" src=\"https:\/\/www.inventec.dehon.com\/wp-content\/uploads\/2021\/12\/GW-Score-10.png\" alt=\"\" width=\"40\" height=\"34\" \/><\/a><\/p>\n","protected":false},"featured_media":2276,"comment_status":"closed","ping_status":"closed","template":"","meta":{"_acf_changed":false,"inline_featured_image":false},"product_brand":[],"product_cat":[953,2824,2825],"product_tag":[4281,2645,4409,4325,4184,4739,4731,4727,1821,2644,4598,4445,4763,4735],"class_list":{"0":"post-29476","1":"product","2":"type-product","3":"status-publish","4":"has-post-thumbnail","6":"product_cat-nettoyage","7":"product_cat-solutions-de-solvants-de-rincage","8":"product_cat-solutions-de-solvants-de-sechage","9":"product_tag-co-solvant","10":"product_tag-dr3-fr","11":"product_tag-elimination-des-particules-fr","12":"product_tag-greenway","13":"product_tag-liquides-de-nettoyage-solvants-fr","14":"product_tag-nettoyage-des-systemes-a-oxygene-fr","15":"product_tag-nettoyage-oxygene","16":"product_tag-oxygene-fr","17":"product_tag-promosolv-fr","18":"product_tag-promosolv-dr3-fr","19":"product_tag-recyclable","20":"product_tag-sechage-par-solvant","21":"product_tag-solvant-de-rincage","22":"product_tag-systemes-a-oxygene","23":"pa_application-elimination-des-particules","24":"pa_application-nettoyage-des-systemes-a-oxygene","25":"pa_brand-promosolv-fr-2","26":"pa_features-greenway","27":"pa_features-recyclable","28":"pa_processes-co-solvant","29":"pa_processes-rincage-au-solvant","30":"pa_processes-solvant-de-sechage","31":"pa_product-category-liquides-de-nettoyage-solvants","33":"first","34":"instock","35":"shipping-taxable","36":"product-type-simple"},"acf":[],"_links":{"self":[{"href":"https:\/\/www.inventec.dehon.com\/fr\/wp-json\/wp\/v2\/product\/29476","targetHints":{"allow":["GET"]}}],"collection":[{"href":"https:\/\/www.inventec.dehon.com\/fr\/wp-json\/wp\/v2\/product"}],"about":[{"href":"https:\/\/www.inventec.dehon.com\/fr\/wp-json\/wp\/v2\/types\/product"}],"replies":[{"embeddable":true,"href":"https:\/\/www.inventec.dehon.com\/fr\/wp-json\/wp\/v2\/comments?post=29476"}],"wp:featuredmedia":[{"embeddable":true,"href":"https:\/\/www.inventec.dehon.com\/fr\/wp-json\/wp\/v2\/media\/2276"}],"wp:attachment":[{"href":"https:\/\/www.inventec.dehon.com\/fr\/wp-json\/wp\/v2\/media?parent=29476"}],"wp:term":[{"taxonomy":"product_brand","embeddable":true,"href":"https:\/\/www.inventec.dehon.com\/fr\/wp-json\/wp\/v2\/product_brand?post=29476"},{"taxonomy":"product_cat","embeddable":true,"href":"https:\/\/www.inventec.dehon.com\/fr\/wp-json\/wp\/v2\/product_cat?post=29476"},{"taxonomy":"product_tag","embeddable":true,"href":"https:\/\/www.inventec.dehon.com\/fr\/wp-json\/wp\/v2\/product_tag?post=29476"}],"curies":[{"name":"wp","href":"https:\/\/api.w.org\/{rel}","templated":true}]}}