{"id":28269,"date":"2025-05-06T12:33:13","date_gmt":"2025-05-06T12:33:13","guid":{"rendered":"https:\/\/www.inventec.dehon.com\/?post_type=product&#038;p=28269"},"modified":"2026-01-20T11:44:34","modified_gmt":"2026-01-20T10:44:34","slug":"thermasolv-cf5","status":"publish","type":"product","link":"https:\/\/www.inventec.dehon.com\/fr\/product\/thermasolv-cf5\/","title":{"rendered":"THERMASOLV CF5"},"content":{"rendered":"<p><img decoding=\"async\" src=\"https:\/\/www.inventec.dehon.com\/wp-content\/uploads\/2023\/09\/Thermasolv-Greenway-600x600.jpg\" alt=\"THERMASOLV CF5\" class=\"responsive-img\" align=\"right\" style=\"border-radius:10px; margin-bottom:10px; margin-top:-10px; margin-left:15px; width:300px\" \/><\/p>\n<h2 style=\"color:#9bc947; margin-bottom:15px\">Fluides de refroidissement di\u00e9lectriques pour les appareils \u00e9lectroniques et \u00e9lectriques<\/h2>\n<ul>\n<li>Fluide de transfert thermique di\u00e9lectrique<\/li>\n<li>Point d&rsquo;\u00e9buillition: 110\u00b0C\/231\u00b0F<\/li>\n<li>GWP ULTRA FAIBLE : 2,5<\/li>\n<\/ul>\n<p><h5>THERMASOLV CF5<\/h5>\n<p>Est un fluide caloporteur di\u00e9lectrique, d\u00e9di\u00e9 aux syst\u00e8mes monophas\u00e9s \u00e0 immersion ou \u00e0 refroidissement direct. Ses propri\u00e9t\u00e9s d&rsquo;isolation \u00e9lectrique \u00e9lev\u00e9es permettent d&rsquo;immerger les appareils \u00e9lectroniques et \u00e9lectriques sous tension dans le fluide. Les caract\u00e9ristiques favorables de viscosit\u00e9, de densit\u00e9 et de tension de surface du produit permettent un contact optimal avec la surface, ce qui contribue \u00e0 des performances de transfert de chaleur sup\u00e9rieures.<\/p>\n<p>Sa tr\u00e8s bonne compatibilit\u00e9 avec tous les m\u00e9taux, une large gamme de plastiques et d&rsquo;\u00e9lastom\u00e8res et la stabilit\u00e9 chimique du fluide font de <strong>THERMASOLV CF5<\/strong> un fluide id\u00e9al pour le refroidissement par immersion.<\/p>\n<p><strong>THERMASOLV CF5<\/strong> est formul\u00e9 dans un souci de s\u00e9curit\u00e9. Il est non toxique, ne mentionne aucune phrase EUH, est ininflammable et n&rsquo;a pas de point d&rsquo;\u00e9clair. Il s&rsquo;agit \u00e9galement d&rsquo;une excellente solution durable puisqu&rsquo;il ne contient pas d&rsquo;ODP, a un GWP tr\u00e8s faible et peut \u00eatre propos\u00e9 au recyclage en cas de besoin.<\/p>\n<p><!-- SP\u00c9CIFICATIONS Section --><\/p>\n<div style=\"font-weight:bold; border-bottom:2px solid #9DBB2F; padding-bottom:6px; margin-bottom:10px;\">\n  SP\u00c9CIFICATIONS\n<\/div>\n<table width=\"100%\" cellpadding=\"0\" cellspacing=\"0\" style=\"border-collapse:collapse; width:100%; max-width:100%;\">\n<tr>\n<th align=\"left\" style=\"background:#7A7A7A; color:#fff; padding:8px 12px; border:1px solid #BDBDBD;\">SP\u00c9CIFICATIONS<\/th>\n<th align=\"left\" style=\"background:#7A7A7A; color:#fff; padding:8px 12px; border:1px solid #BDBDBD;\">VALEURS<\/th>\n<th align=\"left\" style=\"background:#7A7A7A; color:#fff; padding:8px 12px; border:1px solid #BDBDBD;\">M\u00c9THODES<\/th>\n<\/tr>\n<tr>\n<td style=\"padding:8px 12px; border:1px solid #BDBDBD;\">Aspect<\/td>\n<td style=\"padding:8px 12px; border:1px solid #BDBDBD;\">Incolore, transparent<\/td>\n<td style=\"padding:8px 12px; border:1px solid #BDBDBD;\">Visuel<\/td>\n<\/tr>\n<tr style=\"background:#E6E6E6;\">\n<td style=\"padding:8px 12px; border:1px solid #BDBDBD;\">Puret\u00e9 (%)<\/td>\n<td style=\"padding:8px 12px; border:1px solid #BDBDBD;\">>99.0<\/td>\n<td style=\"padding:8px 12px; border:1px solid #BDBDBD;\">Interne<\/td>\n<\/tr>\n<\/table>\n<p><!-- CARACT\u00c9RISTIQUES Section --><\/p>\n<div style=\"font-weight:bold; border-bottom:2px solid #9DBB2F; padding-bottom:6px; margin:30px 0 10px 0;\">\n  CARACT\u00c9RISTIQUES\n<\/div>\n<table width=\"100%\" cellpadding=\"0\" cellspacing=\"0\" style=\"border-collapse:collapse; width:100%; max-width:100%;\">\n<tr>\n<th align=\"left\" style=\"background:#7A7A7A; color:#fff; padding:8px 12px; border:1px solid #BDBDBD;\">CARACT\u00c9RISTIQUES<\/th>\n<th align=\"left\" style=\"background:#7A7A7A; color:#fff; padding:8px 12px; border:1px solid #BDBDBD;\">VALEURS<\/th>\n<\/tr>\n<tr>\n<td style=\"padding:8px 12px; border:1px solid #BDBDBD;\">Point \u00e9clair<\/td>\n<td style=\"padding:8px 12px; border:1px solid #BDBDBD;\">Non<\/td>\n<\/tr>\n<tr style=\"background:#E6E6E6;\">\n<td style=\"padding:8px 12px; border:1px solid #BDBDBD;\">Point d&rsquo;\u00e9bullition (\u00b0C\/\u00b0F)<\/td>\n<td style=\"padding:8px 12px; border:1px solid #BDBDBD;\">110\u00b0C\/230\u00b0F<\/td>\n<\/tr>\n<tr>\n<td style=\"padding:8px 12px; border:1px solid #BDBDBD;\">Point de cong\u00e9lation (\u00b0C\/\u00b0F)<\/td>\n<td style=\"padding:8px 12px; border:1px solid #BDBDBD;\">-90\u00b0C\/-130\u00b0F<\/td>\n<\/tr>\n<tr style=\"background:#E6E6E6;\">\n<td style=\"padding:8px 12px; border:1px solid #BDBDBD;\">Temp\u00e9rature critique (\u00b0C\/\u00b0F)<\/td>\n<td style=\"padding:8px 12px; border:1px solid #BDBDBD;\">240\u00b0C\/464\u00b0F<\/td>\n<\/tr>\n<tr>\n<td style=\"padding:8px 12px; border:1px solid #BDBDBD;\">Tension de surface (dynes\/cm)<\/td>\n<td style=\"padding:8px 12px; border:1px solid #BDBDBD;\">18<\/td>\n<\/tr>\n<tr style=\"background:#E6E6E6;\">\n<td style=\"padding:8px 12px; border:1px solid #BDBDBD;\">Pression de vapeur (kPa \u00e0 25\u00b0C)<\/td>\n<td style=\"padding:8px 12px; border:1px solid #BDBDBD;\">2.9<\/td>\n<\/tr>\n<tr>\n<td style=\"padding:8px 12px; border:1px solid #BDBDBD;\">Chaleur de vaporisation (kJ\/kg @BP)<\/td>\n<td style=\"padding:8px 12px; border:1px solid #BDBDBD;\">115<\/td>\n<\/tr>\n<tr style=\"background:#E6E6E6;\">\n<td style=\"padding:8px 12px; border:1px solid #BDBDBD;\">Densit\u00e9 du liquide (g\/mL \u00e0 25\u00b0C)<\/td>\n<td style=\"padding:8px 12px; border:1px solid #BDBDBD;\">1,58<\/td>\n<\/tr>\n<tr>\n<td style=\"padding:8px 12px; border:1px solid #BDBDBD;\">Viscosit\u00e9 cin\u00e9matique (cSt \u00e0 25\u00b0C)<\/td>\n<td style=\"padding:8px 12px; border:1px solid #BDBDBD;\">0,71<\/td>\n<\/tr>\n<tr style=\"background:#E6E6E6;\">\n<td style=\"padding:8px 12px; border:1px solid #BDBDBD;\">Capacit\u00e9 thermique (kJ\/kg-K)<\/td>\n<td style=\"padding:8px 12px; border:1px solid #BDBDBD;\">1,24<\/td>\n<\/tr>\n<tr>\n<td style=\"padding:8px 12px; border:1px solid #BDBDBD;\">Constante di\u00e9lectrique (\u00e0 1 kHz\/25\u00b0C)<\/td>\n<td style=\"padding:8px 12px; border:1px solid #BDBDBD;\">5.5<\/td>\n<\/tr>\n<tr style=\"background:#E6E6E6;\">\n<td style=\"padding:8px 12px; border:1px solid #BDBDBD;\">R\u00e9sistivit\u00e9 (Ohm-cm)<\/td>\n<td style=\"padding:8px 12px; border:1px solid #BDBDBD;\">>10\u2079<\/td>\n<\/tr>\n<tr>\n<td style=\"padding:8px 12px; border:1px solid #BDBDBD;\">Conductivit\u00e9 thermique (W\/m-K)<\/td>\n<td style=\"padding:8px 12px; border:1px solid #BDBDBD;\">0.077<\/td>\n<\/tr>\n<tr style=\"background:#E6E6E6;\">\n<td style=\"padding:8px 12px; border:1px solid #BDBDBD;\">Solubilit\u00e9 du fluide dans l&rsquo;eau (ppm en poids)<\/td>\n<td style=\"padding:8px 12px; border:1px solid #BDBDBD;\"><1<\/td>\n<\/tr>\n<tr>\n<td style=\"padding:8px 12px; border:1px solid #BDBDBD;\">Solubilit\u00e9 de l&rsquo;eau dans le fluide (ppm en poids)<\/td>\n<td style=\"padding:8px 12px; border:1px solid #BDBDBD;\">80<\/td>\n<\/tr>\n<\/table>\n","protected":false},"excerpt":{"rendered":"<ul>\n<li>Fluide de transfert thermique di\u00e9lectrique<\/li>\n<li>Point d&rsquo;\u00e9buillition: 110\u00b0C\/231\u00b0F<\/li>\n<li>GWP ULTRA FAIBLE : 2,5<\/li>\n<\/ul>\n<p><a href=\"https:\/\/www.inventec.dehon.com\/wp-content\/uploads\/2025\/05\/GW-Score-20.png\"><img decoding=\"async\" class=\"alignnone size-full wp-image-16185\" src=\"https:\/\/www.inventec.dehon.com\/wp-content\/uploads\/2025\/05\/GW-Score-20.png\" alt=\"Greenway Score 20\" width=\"278\" \/><\/a><\/p>\n","protected":false},"featured_media":15869,"comment_status":"closed","ping_status":"closed","template":"","meta":{"_acf_changed":false,"inline_featured_image":false},"product_brand":[],"product_cat":[1180,1258],"product_tag":[4513,4610,3604,4550,4542,4534,4602,4325,4554,4558,4562,4465,4598,4517,4594,4529,3603],"class_list":{"0":"post-28269","1":"product","2":"type-product","3":"status-publish","4":"has-post-thumbnail","6":"product_cat-refroidissement","7":"product_cat-refroidisseurs","8":"product_tag-1-phase","9":"product_tag-a-base-de-solvant","10":"product_tag-cf5-fr","11":"product_tag-ebullition-elevee","12":"product_tag-fluide-caloporteur","13":"product_tag-fluides-caloporteurs-dielectriques","14":"product_tag-gravure-semiconducteur","15":"product_tag-greenway","16":"product_tag-point-debullition-eleve","17":"product_tag-point-de-congelation-eleve","18":"product_tag-point-de-solidification-eleve","19":"product_tag-prg-ultra-faible","20":"product_tag-recyclable","21":"product_tag-refroidissement-1-phase","22":"product_tag-refroidissement-monophase","23":"product_tag-refroidisseurs","24":"product_tag-thermasolv-cf5-fr","25":"pa_application-semi-conducteur-gravure","26":"pa_brand-thermasolv-fr-2","27":"pa_features-a-base-de-solvant","28":"pa_features-greenway","29":"pa_features-point-debullition-eleve-90-c","30":"pa_features-point-de-congelation-eleve-100-c","31":"pa_features-recyclable","32":"pa_features-refroidissement-monophase","33":"pa_features-prg-tres-faible","34":"pa_processes-refroidisseurs","35":"pa_product-category-fluides-caloporteurs-dielectriques","37":"first","38":"instock","39":"shipping-taxable","40":"product-type-simple"},"acf":[],"_links":{"self":[{"href":"https:\/\/www.inventec.dehon.com\/fr\/wp-json\/wp\/v2\/product\/28269","targetHints":{"allow":["GET"]}}],"collection":[{"href":"https:\/\/www.inventec.dehon.com\/fr\/wp-json\/wp\/v2\/product"}],"about":[{"href":"https:\/\/www.inventec.dehon.com\/fr\/wp-json\/wp\/v2\/types\/product"}],"replies":[{"embeddable":true,"href":"https:\/\/www.inventec.dehon.com\/fr\/wp-json\/wp\/v2\/comments?post=28269"}],"wp:featuredmedia":[{"embeddable":true,"href":"https:\/\/www.inventec.dehon.com\/fr\/wp-json\/wp\/v2\/media\/15869"}],"wp:attachment":[{"href":"https:\/\/www.inventec.dehon.com\/fr\/wp-json\/wp\/v2\/media?parent=28269"}],"wp:term":[{"taxonomy":"product_brand","embeddable":true,"href":"https:\/\/www.inventec.dehon.com\/fr\/wp-json\/wp\/v2\/product_brand?post=28269"},{"taxonomy":"product_cat","embeddable":true,"href":"https:\/\/www.inventec.dehon.com\/fr\/wp-json\/wp\/v2\/product_cat?post=28269"},{"taxonomy":"product_tag","embeddable":true,"href":"https:\/\/www.inventec.dehon.com\/fr\/wp-json\/wp\/v2\/product_tag?post=28269"}],"curies":[{"name":"wp","href":"https:\/\/api.w.org\/{rel}","templated":true}]}}