{"id":25535,"date":"2025-02-26T15:22:25","date_gmt":"2025-02-26T15:22:25","guid":{"rendered":"https:\/\/www.inventec.dehon.com\/?post_type=product&#038;p=25535"},"modified":"2026-01-22T11:10:45","modified_gmt":"2026-01-22T10:10:45","slug":"ecorel-free-0307-vm","status":"publish","type":"product","link":"https:\/\/www.inventec.dehon.com\/fr\/product\/ecorel-free-0307-vm\/","title":{"rendered":"ECOREL FREE 0307-VM"},"content":{"rendered":"<p><img decoding=\"async\" src=\"https:\/\/www.inventec.dehon.com\/wp-content\/uploads\/2021\/01\/Ecorel-Free-600x600.png\" alt=\"ECOREL FREE 0307-VM\" class=\"responsive-img\" align=\"right\" style=\"border-radius:10px; margin-bottom:10px; margin-top:-10px; margin-left:15px; width:300px\" \/><\/p>\n<h2 style=\"color:#9bc947; margin-bottom:15px\">Optimis\u00e9 pour les \u00e9lectroniques \u00e0 fort volume avec des performances stables de cr\u00e8me \u00e0 braser<\/h2>\n<ul>\n<li>Cr\u00e8me \u00e0 braser sans plomb sac0307<\/li>\n<li>Proc\u00e9d\u00e9 de s\u00e9rigraphie SMT sans nettoyage<\/li>\n<li>Production \u00e0 grande volume et assemblage robuste<\/li>\n<\/ul>\n<h5>ECOREL FREE 0307-VM<\/h5>\n<p>est sp\u00e9cialement con\u00e7ue pour r\u00e9pondre aux besoins de l&rsquo;\u00e9lectronique en production intensive avec une cr\u00e8me \u00e0 braser \u00e9quilibr\u00e9e garantissant un proc\u00e9d\u00e9 d&rsquo;assemblage stable. Il s&rsquo;agit d&rsquo;une cr\u00e8me \u00e0 braser No Clean combinant les propri\u00e9t\u00e9s m\u00e9tallurgiques d&rsquo;un alliage \u00e0 faible teneur en argent avec la chimie haute performance de la gamme ECOREL\u2122. Outre les avantages en termes de co\u00fbts, un alliage \u00e0 faible teneur en argent offre \u00e9galement une meilleure r\u00e9sistance aux chocs.<\/p>\n<p>Cette cr\u00e8me \u00e0 braser pr\u00e9sente une excellente cosm\u00e9tique visuelle des joints de soudure avec des r\u00e9sidus transparents, m\u00eame apr\u00e8s plusieurs cycles de refusion. Elle pr\u00e9sente un rendement \u00e9lev\u00e9 au premier passage en ICT et une tr\u00e8s bonne mouillabilit\u00e9 sur diff\u00e9rentes finitions de cartes, y compris l&rsquo;OSP.<\/p>\n<p><strong>ECOREL FREE 0307-VM<\/strong> est la cr\u00e8me id\u00e9ale en termes de rapport co\u00fbt\/performance pour la fabrication de produits \u00e9lectroniques grand public, bruns et blancs. La chimie du 0307-VM est \u00e9galement disponible dans d&rsquo;autres alliages.<\/p>\n<p><!-- FEATURES Section --><\/p>\n<div style=\"font-weight:bold; text-transform:uppercase; border-bottom:2px solid #9DBB2F; padding-bottom:6px; margin-bottom:10px;\">\n  PROPRI\u00c9T\u00c9S\n<\/div>\n<p style=\"font-size:0.85em;\">*L&rsquo;\u00e9quipement utilis\u00e9 pour tester la viscosit\u00e9 de la pompe \u00e0 spirale est le Malcom \u00e0 une vitesse de rotation de 10 tr\/min.<\/p>\n<table width=\"100%\" cellpadding=\"0\" cellspacing=\"0\" style=\"border-collapse:collapse; width:100%; max-width:100%;\">\n<tr>\n<th align=\"left\" style=\"background:#7A7A7A; color:#fff; padding:8px 12px; border:1px solid #BDBDBD;\">\n      SP\u00c9CIFICATIONS\n    <\/th>\n<th align=\"left\" style=\"background:#7A7A7A; color:#fff; padding:8px 12px; border:1px solid #BDBDBD;\">\n      ECOREL FREE 0307-VM\n    <\/th>\n<th align=\"left\" style=\"background:#7A7A7A; color:#fff; padding:8px 12px; border:1px solid #BDBDBD;\">\n      ECOREL FREE 0307-VM T4\n    <\/th>\n<\/tr>\n<tr>\n<td style=\"padding:8px 12px; border:1px solid #BDBDBD;\">Alliage<\/td>\n<td style=\"padding:8px 12px; border:1px solid #BDBDBD;\">Sn99Ag0.3Cu0.7<\/td>\n<td style=\"padding:8px 12px; border:1px solid #BDBDBD;\">Sn99Ag0.3Cu0.7<\/td>\n<\/tr>\n<tr style=\"background:#E6E6E6;\">\n<td style=\"padding:8px 12px; border:1px solid #BDBDBD;\">Point de fusion (\u00b0C\/\u00b0F)<\/td>\n<td style=\"padding:8px 12px; border:1px solid #BDBDBD;\">217 \/ 422<\/td>\n<td style=\"padding:8px 12px; border:1px solid #BDBDBD;\">217 \/ 422<\/td>\n<\/tr>\n<tr>\n<td style=\"padding:8px 12px; border:1px solid #BDBDBD;\">Teneur en m\u00e9tal (%)<\/td>\n<td style=\"padding:8px 12px; border:1px solid #BDBDBD;\">88 \u00b1 0,5<\/td>\n<td style=\"padding:8px 12px; border:1px solid #BDBDBD;\">88 \u00b1 0,5<\/td>\n<\/tr>\n<tr style=\"background:#E6E6E6;\">\n<td style=\"padding:8px 12px; border:1px solid #BDBDBD;\">R\u00e9sidus post-refusion<\/td>\n<td style=\"padding:8px 12px; border:1px solid #BDBDBD;\">Environ 5 % en poids\/poids<\/td>\n<td style=\"padding:8px 12px; border:1px solid #BDBDBD;\">Environ 5 % en poids\/poids<\/td>\n<\/tr>\n<tr>\n<td style=\"padding:8px 12px; border:1px solid #BDBDBD;\">Teneur en halog\u00e8ne<\/td>\n<td style=\"padding:8px 12px; border:1px solid #BDBDBD;\">Sans halog\u00e8ne<\/td>\n<td style=\"padding:8px 12px; border:1px solid #BDBDBD;\">Sans halog\u00e8ne<\/td>\n<\/tr>\n<tr style=\"background:#E6E6E6;\">\n<td style=\"padding:8px 12px; border:1px solid #BDBDBD;\">Taille de la poudre<\/td>\n<td style=\"padding:8px 12px; border:1px solid #BDBDBD;\">25\u201345 microns \/ Type 3<\/td>\n<td style=\"padding:8px 12px; border:1px solid #BDBDBD;\">20\u201338 microns \/ Type 4<\/td>\n<\/tr>\n<tr>\n<td style=\"padding:8px 12px; border:1px solid #BDBDBD;\">Viscosit\u00e9 pompe \u00e0 spirale* (Pa.s 25\u00b0C)<\/td>\n<td style=\"padding:8px 12px; border:1px solid #BDBDBD;\">Standard 135<\/td>\n<td style=\"padding:8px 12px; border:1px solid #BDBDBD;\">Standard 135<\/td>\n<\/tr>\n<\/table>\n<p><!-- FUNCTIONAL TESTS Section --><\/p>\n<div style=\"font-weight:bold; text-transform:uppercase; border-bottom:2px solid #9DBB2F; padding-bottom:6px; margin-bottom:10px;\">\n  CARACT\u00c9RISTIQUES\n<\/div>\n<table width=\"100%\" cellpadding=\"0\" cellspacing=\"0\" style=\"border-collapse:collapse; width:100%; max-width:100%;\">\n<tr>\n<th align=\"left\" style=\"background:#7A7A7A; color:#fff; padding:8px 12px; border:1px solid #BDBDBD;\">\n      CARACT\u00c9RISTIQUES\n    <\/th>\n<th align=\"left\" style=\"background:#7A7A7A; color:#fff; padding:8px 12px; border:1px solid #BDBDBD;\">\n      VALEURS\n    <\/th>\n<th align=\"left\" style=\"background:#7A7A7A; color:#fff; padding:8px 12px; border:1px solid #BDBDBD;\">\n      M\u00c9THODE\n    <\/th>\n<\/tr>\n<tr>\n<td style=\"padding:8px 12px; border:1px solid #BDBDBD;\">Classement des flux<\/td>\n<td style=\"padding:8px 12px; border:1px solid #BDBDBD;\">\n      ROL0<br \/>113\n    <\/td>\n<td style=\"padding:8px 12px; border:1px solid #BDBDBD;\">\n      ANSI\/J-STD-004<br \/>ISO 9454\n    <\/td>\n<\/tr>\n<tr style=\"background:#E6E6E6;\">\n<td style=\"padding:8px 12px; border:1px solid #BDBDBD;\">Test de billes de soudure<\/td>\n<td style=\"padding:8px 12px; border:1px solid #BDBDBD;\">Passe<\/td>\n<td style=\"padding:8px 12px; border:1px solid #BDBDBD;\">ANSI\/J-STD-005<\/td>\n<\/tr>\n<tr>\n<td style=\"padding:8px 12px; border:1px solid #BDBDBD;\">Miroir de cuivre<\/td>\n<td style=\"padding:8px 12px; border:1px solid #BDBDBD;\">Passe<\/td>\n<td style=\"padding:8px 12px; border:1px solid #BDBDBD;\">ANSI\/J-STD-004<\/td>\n<\/tr>\n<tr style=\"background:#E6E6E6;\">\n<td style=\"padding:8px 12px; border:1px solid #BDBDBD;\">Corrosion du cuivre<\/td>\n<td style=\"padding:8px 12px; border:1px solid #BDBDBD;\">Passe<\/td>\n<td style=\"padding:8px 12px; border:1px solid #BDBDBD;\">ANSI\/J-STD-004<\/td>\n<\/tr>\n<tr>\n<td style=\"padding:8px 12px; border:1px solid #BDBDBD;\">SIR (IPC)<\/td>\n<td style=\"padding:8px 12px; border:1px solid #BDBDBD;\">Passe<\/td>\n<td style=\"padding:8px 12px; border:1px solid #BDBDBD;\">ANSI\/J-STD-004<\/td>\n<\/tr>\n<tr style=\"background:#E6E6E6;\">\n<td style=\"padding:8px 12px; border:1px solid #BDBDBD;\">SIR (Bellcore)<\/td>\n<td style=\"padding:8px 12px; border:1px solid #BDBDBD;\">Passe<\/td>\n<td style=\"padding:8px 12px; border:1px solid #BDBDBD;\">Bellcore<\/td>\n<\/tr>\n<tr>\n<td style=\"padding:8px 12px; border:1px solid #BDBDBD;\">\u00c9lectromigration (IPC \/ Bellcore)<\/td>\n<td style=\"padding:8px 12px; border:1px solid #BDBDBD;\">Passe<\/td>\n<td style=\"padding:8px 12px; border:1px solid #BDBDBD;\">ANSI\/J-STD-004 \/ Bellcore<\/td>\n<\/tr>\n<\/table>\n","protected":false},"excerpt":{"rendered":"<ul>\n<li>Cr\u00e8me \u00e0 braser sans plomb sac0307<\/li>\n<li>Proc\u00e9d\u00e9 de s\u00e9rigraphie SMT sans nettoyage<\/li>\n<li>Production \u00e0 grande volume et assemblage robuste<\/li>\n<\/ul>\n<p><a href=\"https:\/\/www.inventec.dehon.com\/wp-content\/uploads\/2021\/04\/GW-Score-40-e1717773466307.png\"><img decoding=\"async\" src=\"https:\/\/www.inventec.dehon.com\/wp-content\/uploads\/2021\/04\/GW-Score-40-e1717773466307.png\" alt=\"\" width=\"278\" height=\"236\"\/><\/a><\/p>\n","protected":false},"featured_media":2226,"comment_status":"closed","ping_status":"closed","template":"","meta":{"_acf_changed":false,"inline_featured_image":false},"product_brand":[],"product_cat":[257],"product_tag":[1694,5086,5209,5229,5213,5090,1693,1281,5189,5153,5160,5161,5082,3991,5217,1682,3992,5240,5243,1695],"class_list":{"0":"post-25535","1":"product","2":"type-product","3":"status-publish","4":"has-post-thumbnail","6":"product_cat-brasage","7":"product_tag-0307-fr","8":"product_tag-alliage-sans-plomb","9":"product_tag-brasage-smt-fr","10":"product_tag-brasage-tht-fr","11":"product_tag-creme-a-braser-fr","12":"product_tag-creme-a-braser-sans-plomb","13":"product_tag-ecorel-free-0307-vm-fr","14":"product_tag-free-fr","15":"product_tag-impression","16":"product_tag-poudre","17":"product_tag-poudre-type-3","18":"product_tag-poudre-type-4","19":"product_tag-sans-plomb","20":"product_tag-smt-fr","21":"product_tag-t3","22":"product_tag-t4-fr","23":"product_tag-tht-fr","24":"product_tag-type-3","25":"product_tag-type-4","26":"product_tag-vm-fr","27":"pa_application-brasage-smt-tht","28":"pa_brand-ecorel-fr-2","29":"pa_features-alliage-sans-plomb","30":"pa_features-alliage-zero-faible-argent","31":"pa_features-poudre-type-3-4","32":"pa_processes-impression","33":"pa_product-category-creme-a-braser","35":"first","36":"instock","37":"shipping-taxable","38":"product-type-simple"},"acf":[],"_links":{"self":[{"href":"https:\/\/www.inventec.dehon.com\/fr\/wp-json\/wp\/v2\/product\/25535","targetHints":{"allow":["GET"]}}],"collection":[{"href":"https:\/\/www.inventec.dehon.com\/fr\/wp-json\/wp\/v2\/product"}],"about":[{"href":"https:\/\/www.inventec.dehon.com\/fr\/wp-json\/wp\/v2\/types\/product"}],"replies":[{"embeddable":true,"href":"https:\/\/www.inventec.dehon.com\/fr\/wp-json\/wp\/v2\/comments?post=25535"}],"wp:featuredmedia":[{"embeddable":true,"href":"https:\/\/www.inventec.dehon.com\/fr\/wp-json\/wp\/v2\/media\/2226"}],"wp:attachment":[{"href":"https:\/\/www.inventec.dehon.com\/fr\/wp-json\/wp\/v2\/media?parent=25535"}],"wp:term":[{"taxonomy":"product_brand","embeddable":true,"href":"https:\/\/www.inventec.dehon.com\/fr\/wp-json\/wp\/v2\/product_brand?post=25535"},{"taxonomy":"product_cat","embeddable":true,"href":"https:\/\/www.inventec.dehon.com\/fr\/wp-json\/wp\/v2\/product_cat?post=25535"},{"taxonomy":"product_tag","embeddable":true,"href":"https:\/\/www.inventec.dehon.com\/fr\/wp-json\/wp\/v2\/product_tag?post=25535"}],"curies":[{"name":"wp","href":"https:\/\/api.w.org\/{rel}","templated":true}]}}