{"id":22205,"date":"2024-12-13T13:50:00","date_gmt":"2024-12-13T13:50:00","guid":{"rendered":"https:\/\/www.inventec.dehon.com\/?post_type=product&#038;p=22205"},"modified":"2026-01-22T10:01:04","modified_gmt":"2026-01-22T09:01:04","slug":"ecorel-sp-16lvd","status":"publish","type":"product","link":"https:\/\/www.inventec.dehon.com\/fr\/product\/ecorel-sp-16lvd\/","title":{"rendered":"ECOREL SP-16LVD"},"content":{"rendered":"<p><img decoding=\"async\" src=\"https:\/\/www.inventec.dehon.com\/wp-content\/uploads\/2021\/04\/Ecorel-easy-600x600.png\" alt=\"ECOREL SP-16LVD\" class=\"responsive-img\" align=\"right\" style=\"border-radius:10px; margin-bottom:10px; margin-top:-10px; margin-left:15px; width:300px\" \/><\/p>\n<h2 style=\"color:#9bc947; margin-bottom:15px\">Minimise les risques de corrosion<\/h2>\n<ul>\n<li>Cr\u00e8me \u00e0 braser au Sn63Pb37 plomb\u00e9e<\/li>\n<li>Processus d&rsquo;impression SMT No Clean<\/li>\n<li>Faible taux de vide<\/li>\n<\/ul>\n<h5>ECOREL SP-16LVD<\/h5>\n<p>Con\u00e7ue sp\u00e9cialement pour r\u00e9duire la dimension et la quantit\u00e9 de vides dans les applications SMT o\u00f9 l&rsquo;utilisation de cr\u00e8me plomb\u00e9e est encore autoris\u00e9e. Cela est particuli\u00e8rement avantageux lors de la soudure de composants \u00e0 terminaison inf\u00e9rieure et pour les applications o\u00f9 une gestion thermique optimale est cruciale. La r\u00e9duction des vides contribue \u00e0 une meilleure dissipation thermique, \u00e0 une connexion \u00e9lectrique plus fiable et \u00e0 une meilleure r\u00e9sistance des joints de soudure inter-m\u00e9talliques.<\/p>\n<p>Il s&rsquo;agit d&rsquo;une p\u00e2te \u00e0 souder sans nettoyage combinant les propri\u00e9t\u00e9s m\u00e9tallurgiques d&rsquo;un alliage Sn63Pb37 avec la chimie haute performance de la gamme <strong>ECOREL 16LVD<\/strong>.<\/p>\n<p>Cette cr\u00e8me \u00e0 braser est \u00e9galement bien \u00e9quilibr\u00e9e en termes de mouillabilit\u00e9, de fiabilit\u00e9, de bonne compatibilit\u00e9 avec la plupart des rev\u00eatements conformes du march\u00e9 et laisse des r\u00e9sidus clairs et transparents.<\/p>\n<p>La chimie 16LVD de ce produit est \u00e9galement disponible avec d&rsquo;autres alliages ou tailles de particules sur demande.<\/p>\n<p><!-- PROPRI\u00c9T\u00c9S Section --><\/p>\n<div style=\"font-weight:bold; text-transform:uppercase; border-bottom:2px solid #9DBB2F; padding-bottom:6px; margin-bottom:10px;\">\n  PROPRI\u00c9T\u00c9S\n<\/div>\n<table width=\"100%\" cellpadding=\"0\" cellspacing=\"0\" style=\"border-collapse:collapse; width:100%; max-width:100%;\">\n<tr>\n<th align=\"left\" style=\"background:#7A7A7A; color:#fff; padding:8px 12px; border:1px solid #BDBDBD;\">\n      SP\u00c9CIFICATIONS\n    <\/th>\n<th align=\"left\" style=\"background:#7A7A7A; color:#fff; padding:8px 12px; border:1px solid #BDBDBD;\">\n      ECOREL SP-16LVD 89.5T4\n    <\/th>\n<th align=\"left\" style=\"background:#7A7A7A; color:#fff; padding:8px 12px; border:1px solid #BDBDBD;\">\n      ECOREL SP-16LVD 89.0T5\n    <\/th>\n<\/tr>\n<tr>\n<td style=\"padding:8px 12px; border:1px solid #BDBDBD;\">Alliage<\/td>\n<td style=\"padding:8px 12px; border:1px solid #BDBDBD;\">Sn63Pb37<\/td>\n<td style=\"padding:8px 12px; border:1px solid #BDBDBD;\">Sn63Pb37<\/td>\n<\/tr>\n<tr style=\"background:#E6E6E6;\">\n<td style=\"padding:8px 12px; border:1px solid #BDBDBD;\">Point de fusion (\u00b0C\/\u00b0F)<\/td>\n<td style=\"padding:8px 12px; border:1px solid #BDBDBD;\">178\u00b0C \/ 383\u00b0F<\/td>\n<td style=\"padding:8px 12px; border:1px solid #BDBDBD;\">178\u00b0C \/ 383\u00b0F<\/td>\n<\/tr>\n<tr>\n<td style=\"padding:8px 12px; border:1px solid #BDBDBD;\">Teneur en m\u00e9tal (%)<\/td>\n<td style=\"padding:8px 12px; border:1px solid #BDBDBD;\">89,5 \u00b1 0,5<\/td>\n<td style=\"padding:8px 12px; border:1px solid #BDBDBD;\">89 \u00b1 0,5<\/td>\n<\/tr>\n<tr style=\"background:#E6E6E6;\">\n<td style=\"padding:8px 12px; border:1px solid #BDBDBD;\">R\u00e9sidus post-refusion<\/td>\n<td style=\"padding:8px 12px; border:1px solid #BDBDBD;\">Environ 6 % en poids\/poids<\/td>\n<td style=\"padding:8px 12px; border:1px solid #BDBDBD;\">Environ 6 % en poids\/poids<\/td>\n<\/tr>\n<tr>\n<td style=\"padding:8px 12px; border:1px solid #BDBDBD;\">Teneur en halog\u00e8ne<\/td>\n<td style=\"padding:8px 12px; border:1px solid #BDBDBD;\">Sans halog\u00e8ne<\/td>\n<td style=\"padding:8px 12px; border:1px solid #BDBDBD;\">Sans halog\u00e8ne<\/td>\n<\/tr>\n<tr style=\"background:#E6E6E6;\">\n<td style=\"padding:8px 12px; border:1px solid #BDBDBD;\">Taille de la poudre<\/td>\n<td style=\"padding:8px 12px; border:1px solid #BDBDBD;\">20 \u2013 38 microns \/ Type 4<\/td>\n<td style=\"padding:8px 12px; border:1px solid #BDBDBD;\">15 \u2013 25 microns \/ Type 5<\/td>\n<\/tr>\n<tr>\n<td style=\"padding:8px 12px; border:1px solid #BDBDBD;\">\n      Viscosit\u00e9 pompe \u00e0 spirale* (Pa.s 25\u00b0C)\n    <\/td>\n<td style=\"padding:8px 12px; border:1px solid #BDBDBD;\">**Typique 135<\/td>\n<td style=\"padding:8px 12px; border:1px solid #BDBDBD;\">**Typique 135<\/td>\n<\/tr>\n<\/table>\n<p style=\"font-size:0.85em;\">*L&rsquo;\u00e9quipement utilis\u00e9 pour tester la viscosit\u00e9 de la pompe \u00e0 spirale est le Malcom \u00e0 une vitesse de rotation de 10 tr\/min.<br \/>**De l\u00e9gers ajustements de viscosit\u00e9 peuvent se produire apr\u00e8s finalisation de la proc\u00e9dure compl\u00e8te de test d\u2019industrialisation.<\/p>\n<p><!-- CARACT\u00c9RISTIQUES Section --><\/p>\n<div style=\"font-weight:bold; text-transform:uppercase; border-bottom:2px solid #9DBB2F; padding-bottom:6px; margin-bottom:10px;\">\n  CARACT\u00c9RISTIQUES\n<\/div>\n<table width=\"100%\" cellpadding=\"0\" cellspacing=\"0\" style=\"border-collapse:collapse; width:100%; max-width:100%;\">\n<tr>\n<th align=\"left\" style=\"background:#7A7A7A; color:#fff; padding:8px 12px; border:1px solid #BDBDBD;\">\n      CARACT\u00c9RISTIQUES\n    <\/th>\n<th align=\"left\" style=\"background:#7A7A7A; color:#fff; padding:8px 12px; border:1px solid #BDBDBD;\">\n      VALEURS\n    <\/th>\n<th align=\"left\" style=\"background:#7A7A7A; color:#fff; padding:8px 12px; border:1px solid #BDBDBD;\">\n      M\u00c9THODE\n    <\/th>\n<\/tr>\n<tr>\n<td style=\"padding:8px 12px; border:1px solid #BDBDBD;\">Classement des flux<\/td>\n<td style=\"padding:8px 12px; border:1px solid #BDBDBD;\">\n      ROL0<br \/>\n      113\n    <\/td>\n<td style=\"padding:8px 12px; border:1px solid #BDBDBD;\">\n      ANSI\/J-STD-004<br \/>\n      ISO 9454\n    <\/td>\n<\/tr>\n<tr style=\"background:#E6E6E6;\">\n<td style=\"padding:8px 12px; border:1px solid #BDBDBD;\">Test de billes de soudure<\/td>\n<td style=\"padding:8px 12px; border:1px solid #BDBDBD;\">Passe<\/td>\n<td style=\"padding:8px 12px; border:1px solid #BDBDBD;\">ANSI\/J-STD-005<\/td>\n<\/tr>\n<tr>\n<td style=\"padding:8px 12px; border:1px solid #BDBDBD;\">Miroir de cuivre<\/td>\n<td style=\"padding:8px 12px; border:1px solid #BDBDBD;\">Passe<\/td>\n<td style=\"padding:8px 12px; border:1px solid #BDBDBD;\">ANSI\/J-STD-004<\/td>\n<\/tr>\n<tr style=\"background:#E6E6E6;\">\n<td style=\"padding:8px 12px; border:1px solid #BDBDBD;\">Corrosion du cuivre<\/td>\n<td style=\"padding:8px 12px; border:1px solid #BDBDBD;\">Passe<\/td>\n<td style=\"padding:8px 12px; border:1px solid #BDBDBD;\">ANSI\/J-STD-004<\/td>\n<\/tr>\n<tr>\n<td style=\"padding:8px 12px; border:1px solid #BDBDBD;\">SIR (IPC)<\/td>\n<td style=\"padding:8px 12px; border:1px solid #BDBDBD;\">Passe<\/td>\n<td style=\"padding:8px 12px; border:1px solid #BDBDBD;\">ANSI\/J-STD-004<\/td>\n<\/tr>\n<tr style=\"background:#E6E6E6;\">\n<td style=\"padding:8px 12px; border:1px solid #BDBDBD;\">SIR (Bellcore)<\/td>\n<td style=\"padding:8px 12px; border:1px solid #BDBDBD;\">Passe<\/td>\n<td style=\"padding:8px 12px; border:1px solid #BDBDBD;\">Bellcore<\/td>\n<\/tr>\n<tr>\n<td style=\"padding:8px 12px; border:1px solid #BDBDBD;\">\u00c9lectromigration (IPC \/ Bellcore)<\/td>\n<td style=\"padding:8px 12px; border:1px solid #BDBDBD;\">Passe<\/td>\n<td style=\"padding:8px 12px; border:1px solid #BDBDBD;\">ANSI\/J-STD-004 \/ Bellcore<\/td>\n<\/tr>\n<\/table>\n","protected":false},"excerpt":{"rendered":"<ul>\n<li>Sn63Pb37 leaded solder paste<\/li>\n<li>No clean SMT printing process<\/li>\n<li>Low voiding<\/li>\n<\/ul>\n<p><a href=\"https:\/\/www.inventec.dehon.com\/wp-content\/uploads\/2024\/06\/Capture-decran-2024-06-20-1.png\"><img decoding=\"async\" class=\"alignleft size-full wp-image-17773\" src=\"https:\/\/www.inventec.dehon.com\/wp-content\/uploads\/2024\/06\/Capture-decran-2024-06-20-1.png\" alt=\"\" width=\"283\" height=\"259\" \/><\/a><\/p>\n","protected":false},"featured_media":3488,"comment_status":"closed","ping_status":"closed","template":"","meta":{"_acf_changed":false,"inline_featured_image":false},"product_brand":[],"product_cat":[2798],"product_tag":[5098,5058,5209,5229,5213,5102,1556,5122,5126,5054,5189,1324,5094,5153,5160,5161,5162,3991,1558,1557,5217,1682,5221,3992,5240,5243,5241],"class_list":{"0":"post-22205","1":"product","2":"type-product","3":"status-publish","4":"has-post-thumbnail","6":"industries-equipement-medical-scanners","7":"product_cat-cremes-a-braser-smt-a-haute-fiabilite","8":"product_tag-alliage-au-plomb","9":"product_tag-alliage-haute-fiabilite","10":"product_tag-brasage-smt-fr","11":"product_tag-brasage-tht-fr","12":"product_tag-creme-a-braser-fr","13":"product_tag-creme-a-braser-au-plomb","14":"product_tag-ecorel-sp-16lvd-fr","15":"product_tag-faible-porosite","16":"product_tag-faibles-porosites","17":"product_tag-haute-fiabilite","18":"product_tag-impression","19":"product_tag-lvd-fr","20":"product_tag-plomb","21":"product_tag-poudre","22":"product_tag-poudre-type-3","23":"product_tag-poudre-type-4","24":"product_tag-poudre-type-5","25":"product_tag-smt-fr","26":"product_tag-sp-16-fr","27":"product_tag-sp-16lvd-fr","28":"product_tag-t3","29":"product_tag-t4-fr","30":"product_tag-t5","31":"product_tag-tht-fr","32":"product_tag-type-3","33":"product_tag-type-4","34":"product_tag-type-5","35":"pa_application-brasage-smt-tht","36":"pa_brand-ecorel-fr-2","37":"pa_features-alliage-avec-plomb","38":"pa_features-alliage-haute-fiabilite","39":"pa_features-faible-taux-de-vide","40":"pa_features-poudre-type-3-4","41":"pa_features-poudre-type-5","42":"pa_processes-impression","43":"pa_product-category-creme-a-braser","45":"first","46":"instock","47":"shipping-taxable","48":"product-type-simple"},"acf":[],"_links":{"self":[{"href":"https:\/\/www.inventec.dehon.com\/fr\/wp-json\/wp\/v2\/product\/22205","targetHints":{"allow":["GET"]}}],"collection":[{"href":"https:\/\/www.inventec.dehon.com\/fr\/wp-json\/wp\/v2\/product"}],"about":[{"href":"https:\/\/www.inventec.dehon.com\/fr\/wp-json\/wp\/v2\/types\/product"}],"replies":[{"embeddable":true,"href":"https:\/\/www.inventec.dehon.com\/fr\/wp-json\/wp\/v2\/comments?post=22205"}],"wp:featuredmedia":[{"embeddable":true,"href":"https:\/\/www.inventec.dehon.com\/fr\/wp-json\/wp\/v2\/media\/3488"}],"wp:attachment":[{"href":"https:\/\/www.inventec.dehon.com\/fr\/wp-json\/wp\/v2\/media?parent=22205"}],"wp:term":[{"taxonomy":"product_brand","embeddable":true,"href":"https:\/\/www.inventec.dehon.com\/fr\/wp-json\/wp\/v2\/product_brand?post=22205"},{"taxonomy":"product_cat","embeddable":true,"href":"https:\/\/www.inventec.dehon.com\/fr\/wp-json\/wp\/v2\/product_cat?post=22205"},{"taxonomy":"product_tag","embeddable":true,"href":"https:\/\/www.inventec.dehon.com\/fr\/wp-json\/wp\/v2\/product_tag?post=22205"}],"curies":[{"name":"wp","href":"https:\/\/api.w.org\/{rel}","templated":true}]}}