{"id":20769,"date":"2023-06-29T12:39:49","date_gmt":"2023-06-29T12:39:49","guid":{"rendered":"https:\/\/www.inventec.dehon.com\/?post_type=product&#038;p=20769"},"modified":"2026-01-28T10:41:22","modified_gmt":"2026-01-28T09:41:22","slug":"promoclean-tp-178","status":"publish","type":"product","link":"https:\/\/www.inventec.dehon.com\/fr\/product\/promoclean-tp-178\/","title":{"rendered":"PROMOCLEAN TP 178"},"content":{"rendered":"<p><img decoding=\"async\" src=\"https:\/\/www.inventec.dehon.com\/wp-content\/uploads\/2021\/04\/PROMOCLEAN-canister-blue.png\" alt=\"PROMOCLEAN TP 178\" class=\"responsive-img\" align=\"right\" style=\"border-radius:10px; margin-bottom:10px; margin-top:-10px; margin-left:15px; width:300px\" \/><\/p>\n<h2 style=\"color:#9bc947; margin-bottom:15px\">\u00c9limination des oxydes, r\u00e9sidus min\u00e9raux et polissage liquide de diamant<\/h2>\n<ul>\n<li>Elimination des residus d\u2019oxydes, de mineraux &#038; liquide de polissage diamant<\/li>\n<li>Proc\u00e9d\u00e9 d&rsquo;immersion aqueuse par ultrasons<\/li>\n<li>Substitut des nettoyants \u00e0 base d&rsquo;acide phosphorique<\/li>\n<\/ul>\n<h5>PROMOCLEAN TP 178<\/h5>\n<p>Est sp\u00e9cialement con\u00e7u pour \u00e9liminer les r\u00e9sidus d\u2019oxydes, de min\u00e9raux (comme le calcaire ou les traces de doigts) et le liquide de polissage diamant dans un proc\u00e9d\u00e9 d&rsquo;immersion aqueuse. Gr\u00e2ce \u00e0 son pH acide, Il offre d&rsquo;excellentes performances de nettoyage et peut \u00eatre utilis\u00e9 sur la plupart des m\u00e9taux tels que l&rsquo;Inox, les alliages ferreux, le cuivre, le titane, l&rsquo;aluminium, l&rsquo;or et l&rsquo;argent.<\/p>\n<p>Ce produit peut \u00e9galement \u00eatre utilis\u00e9 comme agent de brillance pour rendre le laiton et les alliages l\u00e9gers plus brillants. Cependant, la bonne dilution et les param\u00e8tres du proc\u00e9d\u00e9 doivent \u00eatre confirm\u00e9s. Il s\u2019agit d\u2019un produit concentr\u00e9 qui s&rsquo;utilise dilu\u00e9 avec de l&rsquo;eau d\u00e9min\u00e9ralis\u00e9e. Gr\u00e2ce \u00e0 ses excellentes propri\u00e9t\u00e9s ch\u00e9latrices, il peut \u00e9galement \u00eatre dilu\u00e9 dans l&rsquo;eau du robinet sans risque de d\u00e9p\u00f4t de calcaire.<\/p>\n<p>Du point de vue de la durabilit\u00e9, le d\u00e9tergent <strong>PROMOCLEAN TP 178<\/strong> ne contient pas de compos\u00e9s phosphor\u00e9s et contribue \u00e0 limiter la d\u00e9gradation \u00e9cologique des plans d&rsquo;eau et des rivi\u00e8res.<\/p>\n<div style=\"font-family:Lato; color:#333;\">\n<div style=\"font-weight:bold; border-bottom:2px solid #9DBB2F; padding-bottom:6px; margin-bottom:10px;\">\n    SP\u00c9CIFICATIONS\n  <\/div>\n<table width=\"100%\" cellpadding=\"0\" cellspacing=\"0\" style=\"border-collapse:collapse; width:100%; max-width:100%;\">\n<tr>\n<th align=\"left\" style=\"background:#7A7A7A; color:#fff; padding:8px 12px; border:1px solid #BDBDBD;\">\n        SP\u00c9CIFICATIONS\n      <\/th>\n<th align=\"left\" style=\"background:#7A7A7A; color:#fff; padding:8px 12px; border:1px solid #BDBDBD;\">\n        VALEURS\n      <\/th>\n<th align=\"left\" style=\"background:#7A7A7A; color:#fff; padding:8px 12px; border:1px solid #BDBDBD;\">\n        M\u00c9THODES\n      <\/th>\n<\/tr>\n<tr>\n<td style=\"padding:8px 12px; border:1px solid #BDBDBD;\">Aspect<\/td>\n<td style=\"padding:8px 12px; border:1px solid #BDBDBD;\">Liquide jaune<\/td>\n<td style=\"padding:8px 12px; border:1px solid #BDBDBD;\">Visuelle<\/td>\n<\/tr>\n<tr style=\"background:#E6E6E6;\">\n<td style=\"padding:8px 12px; border:1px solid #BDBDBD;\">Masse volumique \u00e0 20\u00b0C (g\/ml)<\/td>\n<td style=\"padding:8px 12px; border:1px solid #BDBDBD;\">1,06 \u00b1 0,01<\/td>\n<td style=\"padding:8px 12px; border:1px solid #BDBDBD;\">BRY-MO-028<\/td>\n<\/tr>\n<tr>\n<td style=\"padding:8px 12px; border:1px solid #BDBDBD;\">pH du produit pur<\/td>\n<td style=\"padding:8px 12px; border:1px solid #BDBDBD;\">2,1<\/td>\n<td style=\"padding:8px 12px; border:1px solid #BDBDBD;\">BRY-MO-011<\/td>\n<\/tr>\n<\/table>\n<\/div>\n<div style=\"font-family:Lato; color:#333; margin-top:30px;\">\n<div style=\"font-weight:bold; border-bottom:2px solid #9DBB2F; padding-bottom:6px; margin-bottom:10px;\">\n    CARACT\u00c9RISTIQUES\n  <\/div>\n<table width=\"100%\" cellpadding=\"0\" cellspacing=\"0\" style=\"border-collapse:collapse; width:100%; max-width:100%;\">\n<tr>\n<th align=\"left\" style=\"background:#7A7A7A; color:#fff; padding:8px 12px; border:1px solid #BDBDBD;\">\n        CARACT\u00c9RISTIQUES\n      <\/th>\n<th align=\"left\" style=\"background:#7A7A7A; color:#fff; padding:8px 12px; border:1px solid #BDBDBD;\">\n        VALEURS\n      <\/th>\n<\/tr>\n<tr>\n<td style=\"padding:8px 12px; border:1px solid #BDBDBD;\">Tension de surface \u00e0 1%<\/td>\n<td style=\"padding:8px 12px; border:1px solid #BDBDBD;\">28 Dynes \/cm2<\/td>\n<\/tr>\n<tr style=\"background:#E6E6E6;\">\n<td style=\"padding:8px 12px; border:1px solid #BDBDBD;\">Solubilit\u00e9 \u00e0 l&rsquo;eau<\/td>\n<td style=\"padding:8px 12px; border:1px solid #BDBDBD;\">Totalement soluble<\/td>\n<\/tr>\n<\/table>\n<\/div>\n","protected":false},"excerpt":{"rendered":"<ul>\n<li>Elimination des residus d\u2019oxydes, de mineraux &#038; liquide de polissage diamant<\/li>\n<li>Proc\u00e9d\u00e9 d&rsquo;immersion aqueuse par ultrasons<\/li>\n<li>Substitut des nettoyants \u00e0 base d&rsquo;acide phosphorique<\/li>\n<\/ul>\n<p><a href=\"https:\/\/www.inventec.dehon.com\/wp-content\/uploads\/2023\/06\/GW-Score-32.png\"><img decoding=\"async\" class=\"alignnone wp-image-15186\" src=\"https:\/\/www.inventec.dehon.com\/wp-content\/uploads\/2023\/06\/GW-Score-32.png\" alt=\"\" width=\"40\" height=\"34\" \/><\/a><\/p>\n","protected":false},"featured_media":2431,"comment_status":"closed","ping_status":"closed","template":"","meta":{"_acf_changed":false,"inline_featured_image":false},"product_brand":[],"product_cat":[694,2831,953],"product_tag":[2445,4417,4806,4810,4325,4257,4261,4253,4353,4401,2443,2060,2444,4469],"class_list":{"0":"post-20769","1":"product","2":"type-product","3":"status-publish","4":"has-post-thumbnail","6":"product_cat-decapage-desoxydation","7":"product_cat-elimination-de-liquide-de-polissage-diamante","8":"product_cat-nettoyage","9":"product_tag-178-fr","10":"product_tag-elimination-de-la-pate-a-polir-fr","11":"product_tag-elimination-des-mineraux-fr","12":"product_tag-elimination-des-oxydes-fr","13":"product_tag-greenway","14":"product_tag-immersion-aqueuse","15":"product_tag-immersion-aqueuse-ultrasonique","16":"product_tag-liquides-de-nettoyage-aqueux-fr","17":"product_tag-mineraux-fr","18":"product_tag-oxydes-fr","19":"product_tag-promoclean-tp-178-fr","20":"product_tag-tp-fr","21":"product_tag-tp-178-fr","22":"product_tag-ultrason","23":"pa_application-elimination-de-la-pate-a-polir","24":"pa_application-elimination-des-oxydes-mineraux","25":"pa_brand-promoclean-fr","26":"pa_features-greenway","27":"pa_processes-immersion-ultrasonique-aqueuse","28":"pa_product-category-liquides-de-nettoyage-aqueux","30":"first","31":"instock","32":"shipping-taxable","33":"product-type-simple"},"acf":[],"_links":{"self":[{"href":"https:\/\/www.inventec.dehon.com\/fr\/wp-json\/wp\/v2\/product\/20769","targetHints":{"allow":["GET"]}}],"collection":[{"href":"https:\/\/www.inventec.dehon.com\/fr\/wp-json\/wp\/v2\/product"}],"about":[{"href":"https:\/\/www.inventec.dehon.com\/fr\/wp-json\/wp\/v2\/types\/product"}],"replies":[{"embeddable":true,"href":"https:\/\/www.inventec.dehon.com\/fr\/wp-json\/wp\/v2\/comments?post=20769"}],"wp:featuredmedia":[{"embeddable":true,"href":"https:\/\/www.inventec.dehon.com\/fr\/wp-json\/wp\/v2\/media\/2431"}],"wp:attachment":[{"href":"https:\/\/www.inventec.dehon.com\/fr\/wp-json\/wp\/v2\/media?parent=20769"}],"wp:term":[{"taxonomy":"product_brand","embeddable":true,"href":"https:\/\/www.inventec.dehon.com\/fr\/wp-json\/wp\/v2\/product_brand?post=20769"},{"taxonomy":"product_cat","embeddable":true,"href":"https:\/\/www.inventec.dehon.com\/fr\/wp-json\/wp\/v2\/product_cat?post=20769"},{"taxonomy":"product_tag","embeddable":true,"href":"https:\/\/www.inventec.dehon.com\/fr\/wp-json\/wp\/v2\/product_tag?post=20769"}],"curies":[{"name":"wp","href":"https:\/\/api.w.org\/{rel}","templated":true}]}}