{"id":20684,"date":"2023-06-29T09:55:15","date_gmt":"2023-06-29T09:55:15","guid":{"rendered":"https:\/\/www.inventec.dehon.com\/?post_type=product&#038;p=20684"},"modified":"2026-01-28T10:19:23","modified_gmt":"2026-01-28T09:19:23","slug":"promoclean-tp-125","status":"publish","type":"product","link":"https:\/\/www.inventec.dehon.com\/fr\/product\/promoclean-tp-125\/","title":{"rendered":"PROMOCLEAN TP 125"},"content":{"rendered":"<p><img decoding=\"async\" src=\"https:\/\/www.inventec.dehon.com\/wp-content\/uploads\/2021\/04\/PROMOCLEAN-canister-blue.png\" alt=\"PROMOCLEAN TP 125\" class=\"responsive-img\" align=\"right\" style=\"border-radius:10px; margin-bottom:10px; margin-top:-10px; margin-left:15px; width:300px\" \/><\/p>\n<h2 style=\"color:#9bc947; margin-bottom:15px\">P\u00e2te de polissage nettoyante<\/h2>\n<ul>\n<li>\u00c9limine r\u00e9sidus de combustion, oxydes, p\u00e2tes \u00e0 polir &#038; graisses<\/li>\n<li>Proc\u00e9d\u00e9 d&rsquo;immersion aqueuse par ultrasons<\/li>\n<li>Tr\u00e8s fort pouvoir nettoyant<\/li>\n<\/ul>\n<h5>PROMOCLEAN TP 125<\/h5>\n<p>Est sp\u00e9cialement con\u00e7u pour l&rsquo;\u00e9limination de polluants forts en grande quantit\u00e9 dans un proc\u00e9d\u00e9 d&rsquo;immersion aqueuse avec ultrasons. Son pH \u00e9lev\u00e9 permet un nettoyage efficace par saponification des graisses lourdes, des huiles, des r\u00e9sidus de combustion, des oxydes et des p\u00e2tes \u00e0 polir dans la production de pi\u00e8ces m\u00e9talliques ou pour les op\u00e9rations de maintenance.<\/p>\n<p>C&rsquo;est un produit concentr\u00e9 qui s&rsquo;utilise dilu\u00e9 avec de l&rsquo;eau DI ou du r\u00e9seau sans risque de d\u00e9p\u00f4ts calcaires, gr\u00e2ce \u00e0 ses excellentes propri\u00e9t\u00e9s ch\u00e9latrices.<\/p>\n<p><strong>PROMOCLEAN TP 125<\/strong> est d\u00e9di\u00e9 \u00e0 l&rsquo;acier, au fer, aux alliages ferreux et au cuivre mais ne peut pas \u00eatre utilis\u00e9 sur des m\u00e9taux sensibles comme l&rsquo;aluminium ou d&rsquo;autres alliages l\u00e9gers.<\/p>\n<div style=\"font-family:Lato; color:#333;\">\n<div style=\"font-weight:bold; border-bottom:2px solid #9DBB2F; padding-bottom:6px; margin-bottom:10px;\">\n    SP\u00c9CIFICATIONS\n  <\/div>\n<table width=\"100%\" cellpadding=\"0\" cellspacing=\"0\" style=\"border-collapse:collapse; width:100%; max-width:100%;\">\n<tr>\n<th align=\"left\" style=\"background:#7A7A7A; color:#fff; padding:8px 12px; border:1px solid #BDBDBD;\">\n        SP\u00c9CIFICATIONS\n      <\/th>\n<th align=\"left\" style=\"background:#7A7A7A; color:#fff; padding:8px 12px; border:1px solid #BDBDBD;\">\n        VALEURS\n      <\/th>\n<th align=\"left\" style=\"background:#7A7A7A; color:#fff; padding:8px 12px; border:1px solid #BDBDBD;\">\n        METHODES\n      <\/th>\n<\/tr>\n<tr>\n<td style=\"padding:8px 12px; border:1px solid #BDBDBD;\">Aspect<\/td>\n<td style=\"padding:8px 12px; border:1px solid #BDBDBD;\">Jaune<\/td>\n<td style=\"padding:8px 12px; border:1px solid #BDBDBD;\">Visuelle<\/td>\n<\/tr>\n<tr style=\"background:#E6E6E6;\">\n<td style=\"padding:8px 12px; border:1px solid #BDBDBD;\">Masse volumique \u00e0 20\u00b0C (g\/ml)<\/td>\n<td style=\"padding:8px 12px; border:1px solid #BDBDBD;\">1,49 \u00b1 0,02<\/td>\n<td style=\"padding:8px 12px; border:1px solid #BDBDBD;\">BRY-MO-028<\/td>\n<\/tr>\n<tr>\n<td style=\"padding:8px 12px; border:1px solid #BDBDBD;\">pH \u00e0 1%<\/td>\n<td style=\"padding:8px 12px; border:1px solid #BDBDBD;\">12,8 \u00b1 0,5<\/td>\n<td style=\"padding:8px 12px; border:1px solid #BDBDBD;\">BRY-MO-011<\/td>\n<\/tr>\n<\/table>\n<\/div>\n<div style=\"font-family:Lato; color:#333;\">\n<div style=\"font-weight:bold; border-bottom:2px solid #9DBB2F; padding-bottom:6px; margin:30px 0 10px;\">\n    CARACT\u00c9RISTIQUES\n  <\/div>\n<table width=\"100%\" cellpadding=\"0\" cellspacing=\"0\" style=\"border-collapse:collapse; width:100%; max-width:100%;\">\n<tr>\n<th align=\"left\" style=\"background:#7A7A7A; color:#fff; padding:8px 12px; border:1px solid #BDBDBD;\">\n        CARACT\u00c9RISTIQUES\n      <\/th>\n<th align=\"left\" style=\"background:#7A7A7A; color:#fff; padding:8px 12px; border:1px solid #BDBDBD;\">\n        VALEURS\n      <\/th>\n<\/tr>\n<tr>\n<td style=\"padding:8px 12px; border:1px solid #BDBDBD;\">Tension de surface \u00e0 1%<\/td>\n<td style=\"padding:8px 12px; border:1px solid #BDBDBD;\">45 Dynes \/cm2<\/td>\n<\/tr>\n<tr style=\"background:#E6E6E6;\">\n<td style=\"padding:8px 12px; border:1px solid #BDBDBD;\">Solubilit\u00e9 dans l&rsquo;eau<\/td>\n<td style=\"padding:8px 12px; border:1px solid #BDBDBD;\">Totalement soluble<\/td>\n<\/tr>\n<tr>\n<td style=\"padding:8px 12px; border:1px solid #BDBDBD;\">Indice de r\u00e9fraction 20\u00b0C<\/td>\n<td style=\"padding:8px 12px; border:1px solid #BDBDBD;\">1,43<\/td>\n<\/tr>\n<\/table>\n<\/div>\n","protected":false},"excerpt":{"rendered":"<ul>\n<li>\u00c9limine r\u00e9sidus de combustion, oxydes, p\u00e2tes \u00e0 polir &#038; graisses<\/li>\n<li>Proc\u00e9d\u00e9 d&rsquo;immersion aqueuse par ultrasons<\/li>\n<li>Tr\u00e8s fort pouvoir nettoyant<\/li>\n<\/ul>\n<p><a href=\"https:\/\/www.inventec.dehon.com\/wp-content\/uploads\/2023\/06\/GW-Score-39.png\"><img decoding=\"async\" class=\"alignnone wp-image-14973\" src=\"https:\/\/www.inventec.dehon.com\/wp-content\/uploads\/2023\/06\/GW-Score-39.png\" alt=\"\" width=\"40\" height=\"34\" \/><\/a><\/p>\n","protected":false},"featured_media":2431,"comment_status":"closed","ping_status":"closed","template":"","meta":{"_acf_changed":false,"inline_featured_image":false},"product_brand":[],"product_cat":[2827,2826,2832],"product_tag":[2430,4822,5413,4417,4321,4393,4810,4253,4401,2003,2428,4790,2060,2429],"class_list":{"0":"post-20684","1":"product","2":"type-product","3":"status-publish","4":"has-post-thumbnail","6":"product_cat-degraissage-de-divers-composants-metalliques","7":"product_cat-deshuilage-de-divers-composants-metalliques","8":"product_cat-elimination-pate-a-polir-apres-polissage","9":"product_tag-125-fr","10":"product_tag-a-base-deau","11":"product_tag-degraissage-fr","12":"product_tag-elimination-de-la-pate-a-polir-fr","13":"product_tag-elimination-des-graisses-fr","14":"product_tag-elimination-des-huiles-fr","15":"product_tag-elimination-des-oxydes-fr","16":"product_tag-liquides-de-nettoyage-aqueux-fr","17":"product_tag-oxydes-fr","18":"product_tag-promoclean-fr","19":"product_tag-promoclean-tp-125-fr","20":"product_tag-residus-brules","21":"product_tag-tp-fr","22":"product_tag-tp-125-fr","23":"pa_application-elimination-de-la-pate-a-polir","24":"pa_application-elimination-des-graisses","25":"pa_application-elimination-des-huiles","26":"pa_brand-promoclean-fr","27":"pa_features-adapte-aux-bases-aqueuses","28":"pa_product-category-liquides-de-nettoyage-aqueux","30":"first","31":"instock","32":"shipping-taxable","33":"product-type-simple"},"acf":[],"_links":{"self":[{"href":"https:\/\/www.inventec.dehon.com\/fr\/wp-json\/wp\/v2\/product\/20684","targetHints":{"allow":["GET"]}}],"collection":[{"href":"https:\/\/www.inventec.dehon.com\/fr\/wp-json\/wp\/v2\/product"}],"about":[{"href":"https:\/\/www.inventec.dehon.com\/fr\/wp-json\/wp\/v2\/types\/product"}],"replies":[{"embeddable":true,"href":"https:\/\/www.inventec.dehon.com\/fr\/wp-json\/wp\/v2\/comments?post=20684"}],"wp:featuredmedia":[{"embeddable":true,"href":"https:\/\/www.inventec.dehon.com\/fr\/wp-json\/wp\/v2\/media\/2431"}],"wp:attachment":[{"href":"https:\/\/www.inventec.dehon.com\/fr\/wp-json\/wp\/v2\/media?parent=20684"}],"wp:term":[{"taxonomy":"product_brand","embeddable":true,"href":"https:\/\/www.inventec.dehon.com\/fr\/wp-json\/wp\/v2\/product_brand?post=20684"},{"taxonomy":"product_cat","embeddable":true,"href":"https:\/\/www.inventec.dehon.com\/fr\/wp-json\/wp\/v2\/product_cat?post=20684"},{"taxonomy":"product_tag","embeddable":true,"href":"https:\/\/www.inventec.dehon.com\/fr\/wp-json\/wp\/v2\/product_tag?post=20684"}],"curies":[{"name":"wp","href":"https:\/\/api.w.org\/{rel}","templated":true}]}}