{"id":20447,"date":"2023-06-27T08:21:48","date_gmt":"2023-06-27T08:21:48","guid":{"rendered":"https:\/\/www.inventec.dehon.com\/?post_type=product&#038;p=20447"},"modified":"2026-01-27T15:32:58","modified_gmt":"2026-01-27T14:32:58","slug":"promoclean-disper-22","status":"publish","type":"product","link":"https:\/\/www.inventec.dehon.com\/fr\/product\/promoclean-disper-22\/","title":{"rendered":"PROMOCLEAN DISPER 22"},"content":{"rendered":"<p><img decoding=\"async\" src=\"https:\/\/www.inventec.dehon.com\/wp-content\/uploads\/2021\/04\/PROMOCLEAN-canister-blue.png\" alt=\"PROMOCLEAN DISPER 22\" class=\"responsive-img\" align=\"right\" style=\"border-radius:10px; margin-bottom:10px; margin-top:-10px; margin-left:15px; width:300px\" \/><\/p>\n<h2 style=\"color:#9bc947; margin-bottom:15px\">D\u00e9graissant haute performance<\/h2>\n<ul>\n<li>\u00c9limine graisses, huiles lourdes, r\u00e9sidus de combustion et oxydes<\/li>\n<li>Proc\u00e9d\u00e9 aspersion aqueuse<\/li>\n<li>Fort pouvoir nettoyant sur les m\u00e9taux ferreux<\/li>\n<\/ul>\n<h5>PROMOCLEAN DISPER 22<\/h5>\n<p>Le <strong>PROMOCLEAN DISPER 22<\/strong> est sp\u00e9cialement con\u00e7u pour l&rsquo;\u00e9limination des graisses, des huiles lourdes \u00e0 haute viscosit\u00e9, des r\u00e9sidus organiques et min\u00e9raux br\u00fbl\u00e9s et des oxydes. Gr\u00e2ce \u00e0 ses excellentes propri\u00e9t\u00e9s anti-mousse, il est d\u00e9di\u00e9 aux proc\u00e9d\u00e9s aspersion aqueuse, rin\u00e7age ou jets immerg\u00e9s.<\/p>\n<p>Malgr\u00e9 son pH \u00e9lev\u00e9 permettant un nettoyage efficace, il n&rsquo;endommage pas l&rsquo;acier, le fer et les alliages ferreux. Il ne convient pas aux m\u00e9taux sensibles comme l&rsquo;aluminium et les alliages l\u00e9gers.<\/p>\n<div style=\"font-family:Lato; color:#333;\">\n<div style=\"font-weight:bold; border-bottom:2px solid #9DBB2F; padding-bottom:6px; margin-bottom:10px;\">\n    SP\u00c9CIFICATIONS\n  <\/div>\n<table width=\"100%\" cellpadding=\"0\" cellspacing=\"0\" style=\"border-collapse:collapse; width:100%; max-width:100%;\">\n<tr>\n<th align=\"left\" style=\"background:#7A7A7A; color:#fff; padding:8px 12px; border:1px solid #BDBDBD;\">\n        SP\u00c9CIFICATIONS\n      <\/th>\n<th align=\"left\" style=\"background:#7A7A7A; color:#fff; padding:8px 12px; border:1px solid #BDBDBD;\">\n        VALEURS\n      <\/th>\n<th align=\"left\" style=\"background:#7A7A7A; color:#fff; padding:8px 12px; border:1px solid #BDBDBD;\">\n        M\u00c9THODES\n      <\/th>\n<\/tr>\n<tr>\n<td style=\"padding:8px 12px; border:1px solid #BDBDBD;\">Aspect<\/td>\n<td style=\"padding:8px 12px; border:1px solid #BDBDBD;\">Liquide incolore \u00e0 jaune<\/td>\n<td style=\"padding:8px 12px; border:1px solid #BDBDBD;\">Visuelle<\/td>\n<\/tr>\n<tr style=\"background:#E6E6E6;\">\n<td style=\"padding:8px 12px; border:1px solid #BDBDBD;\">Masse volumique \u00e0 20\u00b0C (g\/ml)<\/td>\n<td style=\"padding:8px 12px; border:1px solid #BDBDBD;\">1,49 \u00b1 0,01<\/td>\n<td style=\"padding:8px 12px; border:1px solid #BDBDBD;\">BRY-MO-028<\/td>\n<\/tr>\n<tr>\n<td style=\"padding:8px 12px; border:1px solid #BDBDBD;\">pH \u00e0 1%<\/td>\n<td style=\"padding:8px 12px; border:1px solid #BDBDBD;\">12,8 \u00b1 0,5<\/td>\n<td style=\"padding:8px 12px; border:1px solid #BDBDBD;\">BRY-MO-011<\/td>\n<\/tr>\n<\/table>\n<\/div>\n<div style=\"font-family:Lato; color:#333;\">\n<div style=\"font-weight:bold; border-bottom:2px solid #9DBB2F; padding-bottom:6px; margin:30px 0 10px;\">\n    CARACT\u00c9RISTIQUES\n  <\/div>\n<table width=\"100%\" cellpadding=\"0\" cellspacing=\"0\" style=\"border-collapse:collapse; width:100%; max-width:100%;\">\n<tr>\n<th align=\"left\" style=\"background:#7A7A7A; color:#fff; padding:8px 12px; border:1px solid #BDBDBD;\">\n        CARACT\u00c9RISTIQUES\n      <\/th>\n<th align=\"left\" style=\"background:#7A7A7A; color:#fff; padding:8px 12px; border:1px solid #BDBDBD;\">\n        VALEURS\n      <\/th>\n<\/tr>\n<tr>\n<td style=\"padding:8px 12px; border:1px solid #BDBDBD;\">Solubilit\u00e9 dans l\u2019eau<\/td>\n<td style=\"padding:8px 12px; border:1px solid #BDBDBD;\">Totalement soluble<\/td>\n<\/tr>\n<tr style=\"background:#E6E6E6;\">\n<td style=\"padding:8px 12px; border:1px solid #BDBDBD;\">Indice de r\u00e9fraction 20\u00b0C<\/td>\n<td style=\"padding:8px 12px; border:1px solid #BDBDBD;\">1,43<\/td>\n<\/tr>\n<\/table>\n<\/div>\n","protected":false},"excerpt":{"rendered":"<ul>\n<li>\u00c9limine graisses, huiles lourdes, r\u00e9sidus de combustion et oxydes<\/li>\n<li>Proc\u00e9d\u00e9 aspersion aqueuse<\/li>\n<li>Fort pouvoir nettoyant sur les m\u00e9taux ferreux<\/li>\n<\/ul>\n<p><a href=\"https:\/\/www.inventec.dehon.com\/wp-content\/uploads\/2023\/06\/GW-Score-39.png\"><img decoding=\"async\" class=\"alignnone wp-image-14973\" src=\"https:\/\/www.inventec.dehon.com\/wp-content\/uploads\/2023\/06\/GW-Score-39.png\" alt=\"\" width=\"40\" height=\"34\" \/><\/a><\/p>\n","protected":false},"featured_media":2431,"comment_status":"closed","ping_status":"closed","template":"","meta":{"_acf_changed":false,"inline_featured_image":false},"product_brand":[],"product_cat":[694,2827,2826,953],"product_tag":[2387,4822,5413,2022,2386,4321,4393,4806,4810,496,4253,4353,4401,2003,2385],"class_list":{"0":"post-20447","1":"product","2":"type-product","3":"status-publish","4":"has-post-thumbnail","6":"industries-groupe-motopropulseur","7":"industries-moteurs","8":"industries-systemes-datterrissage","9":"product_cat-decapage-desoxydation","10":"product_cat-degraissage-de-divers-composants-metalliques","11":"product_cat-deshuilage-de-divers-composants-metalliques","12":"product_cat-nettoyage","13":"product_tag-22-fr","14":"product_tag-a-base-deau","15":"product_tag-degraissage-fr","16":"product_tag-disper-fr","17":"product_tag-disper-22-fr","18":"product_tag-elimination-des-graisses-fr","19":"product_tag-elimination-des-huiles-fr","20":"product_tag-elimination-des-mineraux-fr","21":"product_tag-elimination-des-oxydes-fr","22":"product_tag-liquide","23":"product_tag-liquides-de-nettoyage-aqueux-fr","24":"product_tag-mineraux-fr","25":"product_tag-oxydes-fr","26":"product_tag-promoclean-fr","27":"product_tag-promoclean-disper-22-fr","28":"pa_application-elimination-des-graisses","29":"pa_application-elimination-des-huiles","30":"pa_application-elimination-des-oxydes-mineraux","31":"pa_brand-promoclean-fr","32":"pa_features-adapte-aux-bases-aqueuses","33":"pa_product-category-liquides-de-nettoyage-aqueux","35":"first","36":"instock","37":"shipping-taxable","38":"product-type-simple"},"acf":[],"_links":{"self":[{"href":"https:\/\/www.inventec.dehon.com\/fr\/wp-json\/wp\/v2\/product\/20447","targetHints":{"allow":["GET"]}}],"collection":[{"href":"https:\/\/www.inventec.dehon.com\/fr\/wp-json\/wp\/v2\/product"}],"about":[{"href":"https:\/\/www.inventec.dehon.com\/fr\/wp-json\/wp\/v2\/types\/product"}],"replies":[{"embeddable":true,"href":"https:\/\/www.inventec.dehon.com\/fr\/wp-json\/wp\/v2\/comments?post=20447"}],"wp:featuredmedia":[{"embeddable":true,"href":"https:\/\/www.inventec.dehon.com\/fr\/wp-json\/wp\/v2\/media\/2431"}],"wp:attachment":[{"href":"https:\/\/www.inventec.dehon.com\/fr\/wp-json\/wp\/v2\/media?parent=20447"}],"wp:term":[{"taxonomy":"product_brand","embeddable":true,"href":"https:\/\/www.inventec.dehon.com\/fr\/wp-json\/wp\/v2\/product_brand?post=20447"},{"taxonomy":"product_cat","embeddable":true,"href":"https:\/\/www.inventec.dehon.com\/fr\/wp-json\/wp\/v2\/product_cat?post=20447"},{"taxonomy":"product_tag","embeddable":true,"href":"https:\/\/www.inventec.dehon.com\/fr\/wp-json\/wp\/v2\/product_tag?post=20447"}],"curies":[{"name":"wp","href":"https:\/\/api.w.org\/{rel}","templated":true}]}}