{"id":20358,"date":"2023-06-27T07:29:23","date_gmt":"2023-06-27T07:29:23","guid":{"rendered":"https:\/\/www.inventec.dehon.com\/?post_type=product&#038;p=20358"},"modified":"2026-01-27T14:57:02","modified_gmt":"2026-01-27T13:57:02","slug":"promoclean-dewax","status":"publish","type":"product","link":"https:\/\/www.inventec.dehon.com\/fr\/product\/promoclean-dewax\/","title":{"rendered":"PROMOCLEAN DEWAX+"},"content":{"rendered":"<p><img decoding=\"async\" src=\"https:\/\/www.inventec.dehon.com\/wp-content\/uploads\/2021\/04\/PROMOCLEAN-canister-blue.png\" alt=\"PROMOCLEAN DEWAX+\" class=\"responsive-img\" align=\"right\" style=\"border-radius:10px; margin-bottom:10px; margin-top:-10px; margin-left:15px; width:300px\" \/><\/p>\n<h2 style=\"color:#9bc947; margin-bottom:15px\">Liquide de nettoyage pour r\u00e9sidus de cire<\/h2>\n<ul>\n<li>\u00c9liminer les r\u00e9sidus de cire, d&rsquo;oxydes l\u00e9gers et de min\u00e9raux<\/li>\n<li>Proc\u00e9d\u00e9 d&rsquo;immersion aqueuse par ultrasons<\/li>\n<li>S\u00e9paration de phase parfaite et durable<\/li>\n<\/ul>\n<h5>PROMOCLEAN DEWAX+<\/h5>\n<p>Est sp\u00e9cialement con\u00e7u pour \u00e9liminer la cire apr\u00e8s traitement de surface, les oxydes l\u00e9gers et les r\u00e9sidus min\u00e9raux (tels que le calcaire ou les traces de doigts). C&rsquo;est une alternative plus durable aux solvants chlor\u00e9s. Gr\u00e2ce \u00e0 sa capacit\u00e9 \u00e0 \u00e9liminer les oxydes, il est \u00e9galement parfait pour nettoyer avant un rev\u00eatement ou un traitement de surface comme le PVD, mais la bonne dilution et les param\u00e8tres du proc\u00e9d\u00e9 doivent \u00eatre confirm\u00e9s.<\/p>\n<p>Il s\u2019utilise dans un proc\u00e9d\u00e9 d&rsquo;immersion aqueuse avec ultrasons. Avec un pH moyennement acide, il offre d&rsquo;excellentes performances de nettoyage et peut \u00eatre utilis\u00e9 sur la plupart des m\u00e9taux tels que l&rsquo;inox, le laiton, l&rsquo;aluminium, l&rsquo;or, l&rsquo;argent et d\u2019autres alliages ferreux et cuivreux. Il donne \u00e9galement un aspect brillant aux surfaces m\u00e9talliques apr\u00e8s le nettoyage. <\/p>\n<p>Le <strong>PROMOCLEAN DEWAX+<\/strong> est un produit concentr\u00e9 qui s&rsquo;utilise dilu\u00e9 avec de l&rsquo;eau DI ou du r\u00e9seau sans risque de d\u00e9p\u00f4ts calcaires, gr\u00e2ce \u00e0 ses excellentes propri\u00e9t\u00e9s ch\u00e9latrices.  <\/p>\n<div style=\"font-family:Lato; color:#333;\">\n<div style=\"font-weight:bold; border-bottom:2px solid #9DBB2F; padding-bottom:6px; margin-bottom:10px;\">\n    SP\u00c9CIFICATIONS\n  <\/div>\n<table width=\"100%\" cellpadding=\"0\" cellspacing=\"0\" style=\"border-collapse:collapse; width:100%; max-width:100%;\">\n<tr>\n<th align=\"left\" style=\"background:#7A7A7A; color:#fff; padding:8px 12px; border:1px solid #BDBDBD;\">\n        Sp\u00e9cifications\n      <\/th>\n<th align=\"left\" style=\"background:#7A7A7A; color:#fff; padding:8px 12px; border:1px solid #BDBDBD;\">\n        Valeurs\n      <\/th>\n<th align=\"left\" style=\"background:#7A7A7A; color:#fff; padding:8px 12px; border:1px solid #BDBDBD;\">\n        M\u00e9thodes\n      <\/th>\n<\/tr>\n<tr>\n<td style=\"padding:8px 12px; border:1px solid #BDBDBD;\">Aspect<\/td>\n<td style=\"padding:8px 12px; border:1px solid #BDBDBD;\">Liquide jaune fonc\u00e9<\/td>\n<td style=\"padding:8px 12px; border:1px solid #BDBDBD;\">Visuelle<\/td>\n<\/tr>\n<tr style=\"background:#E6E6E6;\">\n<td style=\"padding:8px 12px; border:1px solid #BDBDBD;\">Masse volumique \u00e0 20\u00b0C (g\/ml)<\/td>\n<td style=\"padding:8px 12px; border:1px solid #BDBDBD;\">1,02 \u00b1 0,01<\/td>\n<td style=\"padding:8px 12px; border:1px solid #BDBDBD;\">BRY-MO 028<\/td>\n<\/tr>\n<tr>\n<td style=\"padding:8px 12px; border:1px solid #BDBDBD;\">pH du produit pur<\/td>\n<td style=\"padding:8px 12px; border:1px solid #BDBDBD;\">4,7 \u00b1 0,5<\/td>\n<td style=\"padding:8px 12px; border:1px solid #BDBDBD;\">BRY-MO 011<\/td>\n<\/tr>\n<tr style=\"background:#E6E6E6;\">\n<td style=\"padding:8px 12px; border:1px solid #BDBDBD;\">pH \u00e0 1%<\/td>\n<td style=\"padding:8px 12px; border:1px solid #BDBDBD;\">5,1 \u00b1 0,5<\/td>\n<td style=\"padding:8px 12px; border:1px solid #BDBDBD;\">BRY-MO 011<\/td>\n<\/tr>\n<\/table>\n<\/div>\n<div style=\"font-family:Lato; color:#333;\">\n<div style=\"font-weight:bold; border-bottom:2px solid #9DBB2F; padding-bottom:6px; margin:30px 0 10px;\">\n    CARACT\u00c9RISTIQUES\n  <\/div>\n<table width=\"100%\" cellpadding=\"0\" cellspacing=\"0\" style=\"border-collapse:collapse; width:100%; max-width:100%;\">\n<tr>\n<th align=\"left\" style=\"background:#7A7A7A; color:#fff; padding:8px 12px; border:1px solid #BDBDBD;\">\n        Caract\u00e9ristiques\n      <\/th>\n<th align=\"left\" style=\"background:#7A7A7A; color:#fff; padding:8px 12px; border:1px solid #BDBDBD;\">\n        Valeurs\n      <\/th>\n<\/tr>\n<tr>\n<td style=\"padding:8px 12px; border:1px solid #BDBDBD;\">Tension de surface \u00e0 1%<\/td>\n<td style=\"padding:8px 12px; border:1px solid #BDBDBD;\">29 Dynes\/cm\u00b2<\/td>\n<\/tr>\n<tr style=\"background:#E6E6E6;\">\n<td style=\"padding:8px 12px; border:1px solid #BDBDBD;\">Solubilit\u00e9 \u00e0 l\u2019eau<\/td>\n<td style=\"padding:8px 12px; border:1px solid #BDBDBD;\">Totalement soluble<\/td>\n<\/tr>\n<\/table>\n<\/div>\n","protected":false},"excerpt":{"rendered":"<ul>\n<li>\u00c9liminer les r\u00e9sidus de cire, d&rsquo;oxydes l\u00e9gers et de min\u00e9raux<\/li>\n<li>Proc\u00e9d\u00e9 d&rsquo;immersion aqueuse par ultrasons<\/li>\n<li>S\u00e9paration de phase parfaite et durable<\/li>\n<\/ul>\n<p><a href=\"https:\/\/www.inventec.dehon.com\/wp-content\/uploads\/2023\/06\/GW-Score-25.png\"><img decoding=\"async\" class=\"alignnone wp-image-14947\" src=\"https:\/\/www.inventec.dehon.com\/wp-content\/uploads\/2023\/06\/GW-Score-25.png\" alt=\"\" width=\"40\" height=\"34\" \/><\/a><\/p>\n","protected":false},"featured_media":2431,"comment_status":"closed","ping_status":"closed","template":"","meta":{"_acf_changed":false,"inline_featured_image":false},"product_brand":[],"product_cat":[694,2834,953],"product_tag":[4822,4481,2368,2369,4485,4417,4806,4810,4325,4257,4261,496,4253,4353,4401,2003,2366,4469],"class_list":{"0":"post-20358","1":"product","2":"type-product","3":"status-publish","4":"has-post-thumbnail","6":"product_cat-decapage-desoxydation","7":"product_cat-elimination-de-la-cire-apres-polissage","8":"product_cat-nettoyage","9":"product_tag-a-base-deau","10":"product_tag-cire-fr","11":"product_tag-dewax-fr-2","12":"product_tag-dewax-plus-fr","13":"product_tag-elimination-de-la-cire-fr","14":"product_tag-elimination-de-la-pate-a-polir-fr","15":"product_tag-elimination-des-mineraux-fr","16":"product_tag-elimination-des-oxydes-fr","17":"product_tag-greenway","18":"product_tag-immersion-aqueuse","19":"product_tag-immersion-aqueuse-ultrasonique","20":"product_tag-liquide","21":"product_tag-liquides-de-nettoyage-aqueux-fr","22":"product_tag-mineraux-fr","23":"product_tag-oxydes-fr","24":"product_tag-promoclean-fr","25":"product_tag-promoclean-dewax-fr","26":"product_tag-ultrason","27":"pa_application-elimination-de-la-cire","28":"pa_application-elimination-de-la-pate-a-polir","29":"pa_application-elimination-des-oxydes-mineraux","30":"pa_brand-promoclean-fr","31":"pa_features-adapte-aux-bases-aqueuses","32":"pa_features-greenway","33":"pa_processes-immersion-ultrasonique-aqueuse","34":"pa_product-category-liquides-de-nettoyage-aqueux","36":"first","37":"instock","38":"shipping-taxable","39":"product-type-simple"},"acf":[],"_links":{"self":[{"href":"https:\/\/www.inventec.dehon.com\/fr\/wp-json\/wp\/v2\/product\/20358","targetHints":{"allow":["GET"]}}],"collection":[{"href":"https:\/\/www.inventec.dehon.com\/fr\/wp-json\/wp\/v2\/product"}],"about":[{"href":"https:\/\/www.inventec.dehon.com\/fr\/wp-json\/wp\/v2\/types\/product"}],"replies":[{"embeddable":true,"href":"https:\/\/www.inventec.dehon.com\/fr\/wp-json\/wp\/v2\/comments?post=20358"}],"wp:featuredmedia":[{"embeddable":true,"href":"https:\/\/www.inventec.dehon.com\/fr\/wp-json\/wp\/v2\/media\/2431"}],"wp:attachment":[{"href":"https:\/\/www.inventec.dehon.com\/fr\/wp-json\/wp\/v2\/media?parent=20358"}],"wp:term":[{"taxonomy":"product_brand","embeddable":true,"href":"https:\/\/www.inventec.dehon.com\/fr\/wp-json\/wp\/v2\/product_brand?post=20358"},{"taxonomy":"product_cat","embeddable":true,"href":"https:\/\/www.inventec.dehon.com\/fr\/wp-json\/wp\/v2\/product_cat?post=20358"},{"taxonomy":"product_tag","embeddable":true,"href":"https:\/\/www.inventec.dehon.com\/fr\/wp-json\/wp\/v2\/product_tag?post=20358"}],"curies":[{"name":"wp","href":"https:\/\/api.w.org\/{rel}","templated":true}]}}