{"id":20240,"date":"2023-06-22T11:59:49","date_gmt":"2023-06-22T11:59:49","guid":{"rendered":"https:\/\/www.inventec.dehon.com\/?post_type=product&#038;p=20240"},"modified":"2026-01-30T10:46:30","modified_gmt":"2026-01-30T09:46:30","slug":"m-aero","status":"publish","type":"product","link":"https:\/\/www.inventec.dehon.com\/fr\/product\/m-aero\/","title":{"rendered":"M-AERO"},"content":{"rendered":"<p><img decoding=\"async\" src=\"https:\/\/www.inventec.dehon.com\/wp-content\/uploads\/2023\/06\/M-AERO-canister-blue-1-600x600.jpg\" alt=\"M-AERO\" class=\"responsive-img\" align=\"right\" style=\"border-radius:10px; margin-bottom:10px; margin-top:-10px; margin-left:15px; width:300px\" \/><\/p>\n<h2 style=\"color:#9bc947; margin-bottom:15px\">Nettoyant durable<\/h2>\n<ul>\n<li>\u00c9liminer les huiles sur les m\u00e9taux<\/li>\n<li>Proc\u00e9d\u00e9s aspersion, Flush &#038; Jets immerg\u00e9s<\/li>\n<li>Adapt\u00e9 aux op\u00e9rations de ressuage<\/li>\n<\/ul>\n<h5>M-AERO<\/h5>\n<p>Est sp\u00e9cialement con\u00e7u pour l&rsquo;\u00e9limination de tous les types d&rsquo;huiles. Gr\u00e2ce \u00e0 ses excellentes propri\u00e9t\u00e9s anti-mousse, il est d\u00e9di\u00e9 aux proc\u00e9d\u00e9s aspersion aqueuse, flush ou jets immerg\u00e9s. Sa faible alcalinit\u00e9 le rend compatible avec la plupart des m\u00e9taux utilis\u00e9s dans l&rsquo;industrie a\u00e9ronautique. C&rsquo;est un produit concentr\u00e9 qui s&rsquo;utilise dilu\u00e9 avec de l&rsquo;eau du r\u00e9seau ou de l&rsquo;eau DI. <\/p>\n<p><strong>M-AERO<\/strong> est particuli\u00e8rement adapt\u00e9 aux les op\u00e9rations de ressuage.<\/p>\n<p><!-- SP\u00c9CIFICATIONS Section --><\/p>\n<div style=\"font-weight:bold; text-transform:uppercase; border-bottom:2px solid #9DBB2F; padding-bottom:6px; margin-bottom:10px;\">\n  SP\u00c9CIFICATIONS\n<\/div>\n<table width=\"100%\" cellpadding=\"0\" cellspacing=\"0\" style=\"border-collapse:collapse; width:100%; max-width:100%;\">\n<tr>\n<th align=\"left\" style=\"background:#7A7A7A; color:#fff; padding:8px 12px; border:1px solid #BDBDBD;\">SP\u00c9CIFICATIONS<\/th>\n<th align=\"left\" style=\"background:#7A7A7A; color:#fff; padding:8px 12px; border:1px solid #BDBDBD;\">VALEURS<\/th>\n<\/tr>\n<tr>\n<td style=\"padding:8px 12px; border:1px solid #BDBDBD;\">Aspect<\/td>\n<td style=\"padding:8px 12px; border:1px solid #BDBDBD;\">Jaune p\u00e2le<\/td>\n<\/tr>\n<tr style=\"background:#E6E6E6;\">\n<td style=\"padding:8px 12px; border:1px solid #BDBDBD;\">Masse volumique \u00e0 20\u00b0C (g\/ml)<\/td>\n<td style=\"padding:8px 12px; border:1px solid #BDBDBD;\">1,05 \u00b1 0,02<\/td>\n<\/tr>\n<tr>\n<td style=\"padding:8px 12px; border:1px solid #BDBDBD;\">pH du produit pur<\/td>\n<td style=\"padding:8px 12px; border:1px solid #BDBDBD;\">11,75 \u00b1 0,25<\/td>\n<\/tr>\n<\/table>\n<p><!-- CARACT\u00c9RISTIQUES Section --><\/p>\n<div style=\"font-weight:bold; text-transform:uppercase; border-bottom:2px solid #9DBB2F; padding-bottom:6px; margin:30px 0 10px 0;\">\n  CARACT\u00c9RISTIQUES\n<\/div>\n<table width=\"100%\" cellpadding=\"0\" cellspacing=\"0\" style=\"border-collapse:collapse; width:100%; max-width:100%;\">\n<tr>\n<th align=\"left\" style=\"background:#7A7A7A; color:#fff; padding:8px 12px; border:1px solid #BDBDBD;\">CARACT\u00c9RISTIQUES<\/th>\n<th align=\"left\" style=\"background:#7A7A7A; color:#fff; padding:8px 12px; border:1px solid #BDBDBD;\">VALEURS<\/th>\n<\/tr>\n<tr>\n<td style=\"padding:8px 12px; border:1px solid #BDBDBD;\">pH \u00e0 1%<\/td>\n<td style=\"padding:8px 12px; border:1px solid #BDBDBD;\">10,8<\/td>\n<\/tr>\n<tr style=\"background:#E6E6E6;\">\n<td style=\"padding:8px 12px; border:1px solid #BDBDBD;\">Solubilit\u00e9 dans l&rsquo;eau<\/td>\n<td style=\"padding:8px 12px; border:1px solid #BDBDBD;\">Totalement soluble<\/td>\n<\/tr>\n<tr>\n<td style=\"padding:8px 12px; border:1px solid #BDBDBD;\">Indice de r\u00e9fraction 20\u00b0C<\/td>\n<td style=\"padding:8px 12px; border:1px solid #BDBDBD;\">1,38<\/td>\n<\/tr>\n<tr style=\"background:#E6E6E6;\">\n<td style=\"padding:8px 12px; border:1px solid #BDBDBD;\">Tension de surface \u00e0 1% (dynes\/cm)<\/td>\n<td style=\"padding:8px 12px; border:1px solid #BDBDBD;\">27<\/td>\n<\/tr>\n<\/table>\n","protected":false},"excerpt":{"rendered":"<ul>\n<li>\u00c9liminer les huiles sur les m\u00e9taux<\/li>\n<li>Proc\u00e9d\u00e9s aspersion, Flush &#038; Jets immerg\u00e9s<\/li>\n<li>Adapt\u00e9 aux op\u00e9rations de ressuage<\/li>\n<\/ul>\n<p><a href=\"https:\/\/www.inventec.dehon.com\/wp-content\/uploads\/2023\/06\/GW-Score-26.png\"><img decoding=\"async\" class=\"alignnone wp-image-14922\" src=\"https:\/\/www.inventec.dehon.com\/wp-content\/uploads\/2023\/06\/GW-Score-26.png\" alt=\"\" width=\"40\" height=\"34\" \/><\/a><\/p>\n","protected":false},"featured_media":14997,"comment_status":"closed","ping_status":"closed","template":"","meta":{"_acf_changed":false,"inline_featured_image":false},"product_brand":[],"product_cat":[2826,953],"product_tag":[2342,4393,4325,4257,4786,4261,4798,4253,2341,4453,4265,4794,4469],"class_list":{"0":"post-20240","1":"product","2":"type-product","3":"status-publish","4":"has-post-thumbnail","6":"industries-aerospatiale-defense","7":"industries-groupe-motopropulseur","8":"industries-moteurs","9":"industries-systemes-datterrissage","10":"product_cat-deshuilage-de-divers-composants-metalliques","11":"product_cat-nettoyage","12":"product_tag-aero-fr","13":"product_tag-elimination-des-huiles-fr","14":"product_tag-greenway","15":"product_tag-immersion-aqueuse","16":"product_tag-immersion-aqueuse-par-jet","17":"product_tag-immersion-aqueuse-ultrasonique","18":"product_tag-jet-dimmersion","19":"product_tag-liquides-de-nettoyage-aqueux-fr","20":"product_tag-m-aero-fr","21":"product_tag-pulverisation","22":"product_tag-pulverisation-aqueuse","23":"product_tag-rincage","24":"product_tag-ultrason","25":"pa_application-elimination-des-huiles","26":"pa_brand-m-aero-fr-2","27":"pa_features-greenway","28":"pa_processes-chasse-deau","29":"pa_processes-immersion-ultrasonique-aqueuse","30":"pa_processes-jet-par-immersion-aqueuse","31":"pa_processes-spray-a-base-deau","32":"pa_product-category-liquides-de-nettoyage-aqueux","34":"first","35":"instock","36":"shipping-taxable","37":"product-type-simple"},"acf":[],"_links":{"self":[{"href":"https:\/\/www.inventec.dehon.com\/fr\/wp-json\/wp\/v2\/product\/20240","targetHints":{"allow":["GET"]}}],"collection":[{"href":"https:\/\/www.inventec.dehon.com\/fr\/wp-json\/wp\/v2\/product"}],"about":[{"href":"https:\/\/www.inventec.dehon.com\/fr\/wp-json\/wp\/v2\/types\/product"}],"replies":[{"embeddable":true,"href":"https:\/\/www.inventec.dehon.com\/fr\/wp-json\/wp\/v2\/comments?post=20240"}],"wp:featuredmedia":[{"embeddable":true,"href":"https:\/\/www.inventec.dehon.com\/fr\/wp-json\/wp\/v2\/media\/14997"}],"wp:attachment":[{"href":"https:\/\/www.inventec.dehon.com\/fr\/wp-json\/wp\/v2\/media?parent=20240"}],"wp:term":[{"taxonomy":"product_brand","embeddable":true,"href":"https:\/\/www.inventec.dehon.com\/fr\/wp-json\/wp\/v2\/product_brand?post=20240"},{"taxonomy":"product_cat","embeddable":true,"href":"https:\/\/www.inventec.dehon.com\/fr\/wp-json\/wp\/v2\/product_cat?post=20240"},{"taxonomy":"product_tag","embeddable":true,"href":"https:\/\/www.inventec.dehon.com\/fr\/wp-json\/wp\/v2\/product_tag?post=20240"}],"curies":[{"name":"wp","href":"https:\/\/api.w.org\/{rel}","templated":true}]}}